{"id":3,"date":"2024-04-04T08:24:25","date_gmt":"2024-04-04T05:24:25","guid":{"rendered":"https:\/\/sisu.ut.ee\/edujategu21\/avaleht\/"},"modified":"2024-05-07T10:17:04","modified_gmt":"2024-05-07T07:17:04","slug":"avaleht","status":"publish","type":"page","link":"https:\/\/sisu.ut.ee\/edujategu21\/","title":{"rendered":"Avaleht"},"content":{"rendered":"<div class=\"wp-block-columns is-layout-flex wp-container-core-columns-is-layout-9d6595d7 wp-block-columns-is-layout-flex\">\n<div class=\"wp-block-column is-layout-flow wp-block-column-is-layout-flow\" style=\"flex-basis:66.66%\">\n<h2 class=\"wp-block-heading\"><strong>Mis on motivatsioon?<\/strong><\/h2>\n\n\n\n<p>Motivatsioon on vaimne liikumapanev j\u00f5ud. Me liigume meeldivate asjade suunas ning ebameeldivatest eemale. Teinekord j\u00e4\u00e4me aga \u00f5pitud abitusse, tegevusetult paigale. Meeldivate asjade suunas panevad meid liikuma ootus, et juhtub midagi head. Olgu see motivatsioon v\u00e4line, n\u00e4iteks k\u00f5rge t\u00f6\u00f6tasu v\u00f5i sisemine, n\u00e4iteks hea tunne millegi saavutamisest.\u00a0Motivatsiooniga v\u00f5ivad kaasneda ka negatiivsed emotsioonid, n\u00e4iteks kui tegutsetakse selle nimel, et halba v\u00e4ltida. N\u00e4iteks t\u00f6\u00f6l enda n\u00e4o n\u00e4itamine \u00f5igel ajal \u00f5iges kohas \u00f5igetele inimestele vaid selleks, et v\u00e4ltida olukorda, kus need inimesed v\u00f5ivad arvata, et sa ei teegi t\u00f6\u00f6d. See oli n\u00e4ide v\u00e4lisest motivatsioonist.\u00a0J\u00e4rgnevalt keskendume sellele, kuidas hinnang enesele ja tegevusele m\u00f5jutab motivatsiooni, kuidas eesm\u00e4rgi poole liikumisel motivatsioon rolli m\u00e4ngib ning seame enese motivatsiooni anal\u00fc\u00fcsimise p\u00f5hjal karj\u00e4\u00e4rialase eesm\u00e4rgi.<\/p>\n\n\n\n<p><strong>\u00dclevaade \u00f5piobjekti sisust<\/strong><\/p>\n\n\n\n<p><strong>\u00d5ppija:<\/strong><\/p>\n\n\n\n<ol class=\"wp-block-list\">\n<li>m\u00f5istab, kuidas motivatsioon m\u00f5jutab k\u00e4itumist;<\/li>\n\n\n\n<li>anal\u00fc\u00fcsib enda karj\u00e4\u00e4rialaseid oskusi ja tegevusi motivatsiooni kontekstis;<\/li>\n\n\n\n<li>m\u00f5istab motivatsiooni muutumist ajas;<\/li>\n\n\n\n<li>oskab hinnata enda motivatsiooni ajahetkes;<\/li>\n\n\n\n<li>oskab motivatsioonist l\u00e4htudes seada karj\u00e4\u00e4rialaseid eesm\u00e4rke.<\/li>\n<\/ol>\n\n\n\n<p><strong>Teemad<\/strong><\/p>\n\n\n\n<ol class=\"wp-block-list\">\n<li>Kuidas hinnang enda oskustele ja tegevuse keerukusele motivatsiooni m\u00f5jutavad?<\/li>\n\n\n\n<li>Eesm\u00e4rgi poole liikumise motivatsiooni erinevad staadiumid.<\/li>\n\n\n\n<li>Motivatsiooni anal\u00fc\u00fcsil p\u00f5hinev eesm\u00e4rgi seadmine.<\/li>\n<\/ol>\n<\/div>\n\n\n\n<div class=\"wp-block-column is-layout-flow wp-block-column-is-layout-flow\" style=\"flex-basis:33.33%\">\n<figure class=\"wp-block-image size-medium\"><img loading=\"lazy\" decoding=\"async\" width=\"300\" height=\"297\" src=\"https:\/\/sisu.ut.ee\/wp-content\/uploads\/sites\/603\/screenshot_20220930_160223-300x297.jpg\" alt=\"Kadri Treial\" class=\"wp-image-18\" srcset=\"https:\/\/sisu.ut.ee\/wp-content\/uploads\/sites\/603\/screenshot_20220930_160223-300x297.jpg 300w, https:\/\/sisu.ut.ee\/wp-content\/uploads\/sites\/603\/screenshot_20220930_160223-1024x1014.jpg 1024w, https:\/\/sisu.ut.ee\/wp-content\/uploads\/sites\/603\/screenshot_20220930_160223-150x150.jpg 150w, https:\/\/sisu.ut.ee\/wp-content\/uploads\/sites\/603\/screenshot_20220930_160223-768x761.jpg 768w, https:\/\/sisu.ut.ee\/wp-content\/uploads\/sites\/603\/screenshot_20220930_160223.jpg 1048w\" sizes=\"auto, (max-width: 300px) 100vw, 300px\"><figcaption class=\"wp-element-caption\"><strong>Kadri Treial<\/strong><br>Koolips\u00fchholoog, Ps\u00fchhobussi tegevjuht<\/figcaption><\/figure>\n\n\n\n<figure class=\"wp-block-image size-medium is-resized\"><img loading=\"lazy\" decoding=\"async\" width=\"227\" height=\"300\" src=\"https:\/\/sisu.ut.ee\/wp-content\/uploads\/sites\/603\/image-227x300.png\" alt=\"Triin Tiitsmaa\" class=\"wp-image-17\" style=\"width:305px\" srcset=\"https:\/\/sisu.ut.ee\/wp-content\/uploads\/sites\/603\/image-227x300.png 227w, https:\/\/sisu.ut.ee\/wp-content\/uploads\/sites\/603\/image.png 400w\" sizes=\"auto, (max-width: 227px) 100vw, 227px\"><figcaption class=\"wp-element-caption\"><strong>Triin Tiitsmaa<\/strong><br>Loominguline t\u00f6\u00f6taja, Ps\u00fchhobussi esineja, videograaf, monteerija<\/figcaption><\/figure>\n<\/div>\n<\/div>\n","protected":false},"excerpt":{"rendered":"<p>Mis on motivatsioon? Motivatsioon on vaimne liikumapanev j\u00f5ud. Me liigume meeldivate asjade suunas ning ebameeldivatest eemale. Teinekord j\u00e4\u00e4me aga \u00f5pitud abitusse, tegevusetult paigale. Meeldivate asjade suunas panevad meid liikuma ootus, et juhtub midagi head. Olgu see motivatsioon v\u00e4line, n\u00e4iteks k\u00f5rge &#8230;<\/p>\n","protected":false},"author":295,"featured_media":0,"parent":0,"menu_order":0,"comment_status":"closed","ping_status":"closed","template":"","meta":{"_acf_changed":false,"inline_featured_image":false,"footnotes":""},"class_list":["post-3","page","type-page","status-publish","hentry"],"acf":[],"_links":{"self":[{"href":"https:\/\/sisu.ut.ee\/edujategu21\/wp-json\/wp\/v2\/pages\/3","targetHints":{"allow":["GET"]}}],"collection":[{"href":"https:\/\/sisu.ut.ee\/edujategu21\/wp-json\/wp\/v2\/pages"}],"about":[{"href":"https:\/\/sisu.ut.ee\/edujategu21\/wp-json\/wp\/v2\/types\/page"}],"author":[{"embeddable":true,"href":"https:\/\/sisu.ut.ee\/edujategu21\/wp-json\/wp\/v2\/users\/295"}],"replies":[{"embeddable":true,"href":"https:\/\/sisu.ut.ee\/edujategu21\/wp-json\/wp\/v2\/comments?post=3"}],"version-history":[{"count":8,"href":"https:\/\/sisu.ut.ee\/edujategu21\/wp-json\/wp\/v2\/pages\/3\/revisions"}],"predecessor-version":[{"id":48,"href":"https:\/\/sisu.ut.ee\/edujategu21\/wp-json\/wp\/v2\/pages\/3\/revisions\/48"}],"wp:attachment":[{"href":"https:\/\/sisu.ut.ee\/edujategu21\/wp-json\/wp\/v2\/media?parent=3"}],"curies":[{"name":"wp","href":"https:\/\/api.w.org\/{rel}","templated":true}]}}