{"id":9,"date":"2024-04-04T08:21:08","date_gmt":"2024-04-04T05:21:08","guid":{"rendered":"https:\/\/sisu.ut.ee\/edujategu20\/12-naiteid-tooandjate-tookuulutustest\/"},"modified":"2024-04-23T14:47:27","modified_gmt":"2024-04-23T11:47:27","slug":"12-naiteid-tooandjate-tookuulutustest","status":"publish","type":"page","link":"https:\/\/sisu.ut.ee\/edujategu20\/12-naiteid-tooandjate-tookuulutustest\/","title":{"rendered":"1.2. N\u00e4iteid t\u00f6\u00f6andjate t\u00f6\u00f6kuulutustest"},"content":{"rendered":"<h1 class=\"wp-block-heading\"><img loading=\"lazy\" decoding=\"async\" width=\"40\" height=\"40\" class=\"wp-image-185\" style=\"width: 40px;\" src=\"https:\/\/sisu.ut.ee\/wp-content\/uploads\/sites\/598\/sissejuhatus.png\" alt=\"\" srcset=\"https:\/\/sisu.ut.ee\/wp-content\/uploads\/sites\/598\/sissejuhatus.png 1080w, https:\/\/sisu.ut.ee\/wp-content\/uploads\/sites\/598\/sissejuhatus-300x300.png 300w, https:\/\/sisu.ut.ee\/wp-content\/uploads\/sites\/598\/sissejuhatus-1024x1024.png 1024w, https:\/\/sisu.ut.ee\/wp-content\/uploads\/sites\/598\/sissejuhatus-150x150.png 150w, https:\/\/sisu.ut.ee\/wp-content\/uploads\/sites\/598\/sissejuhatus-768x768.png 768w\" sizes=\"auto, (max-width: 40px) 100vw, 40px\"> <span style=\"color: #28aae1;\">1.2. N\u00c4ITEID T\u00d6\u00d6ANDJATE T\u00d6\u00d6KUULUTUSTEST<\/span><\/h1>\n\n\n<p dir=\"ltr\" style=\"text-align: justify; margin-top: 0pt; margin-bottom: 0pt;\"><span style=\"line-height: 1.38;\"><span style=\"vertical-align: baseline;\">Selles osas on v\u00e4lja toodud m\u00f5ned t\u00f6\u00f6pakkumised, mida t\u00f6\u00f6andjad on v\u00e4rbamisprotsessides kasutanud. <\/span><\/span><\/p>\n<p dir=\"ltr\" style=\"text-align: justify; margin-top: 10pt; margin-bottom: 0pt;\"><img loading=\"lazy\" decoding=\"async\" class=\"alignnone wp-image-183\" src=\"https:\/\/sisu.ut.ee\/wp-content\/uploads\/sites\/598\/ulesanne-1024x1024.png\" alt=\"\" width=\"40\" height=\"40\" srcset=\"https:\/\/sisu.ut.ee\/wp-content\/uploads\/sites\/598\/ulesanne-1024x1024.png 1024w, https:\/\/sisu.ut.ee\/wp-content\/uploads\/sites\/598\/ulesanne-300x300.png 300w, https:\/\/sisu.ut.ee\/wp-content\/uploads\/sites\/598\/ulesanne-150x150.png 150w, https:\/\/sisu.ut.ee\/wp-content\/uploads\/sites\/598\/ulesanne-768x768.png 768w, https:\/\/sisu.ut.ee\/wp-content\/uploads\/sites\/598\/ulesanne.png 1080w\" sizes=\"auto, (max-width: 40px) 100vw, 40px\">\u00a0<span style=\"line-height: 1.08;\"><span style=\"vertical-align: baseline;\">HARJUTUS 5 <\/span><\/span><\/p>\n<p dir=\"ltr\" style=\"text-align: justify; margin-top: 10pt; margin-bottom: 0pt;\"><span style=\"line-height: 1.08;\"><span style=\"vertical-align: baseline;\">U<\/span><span style=\"background-color: #ffffff;\"><span style=\"vertical-align: baseline;\">uri l\u00e4hemalt j\u00e4rgnevaid t\u00f6\u00f6kuulutusi. Milliseid tundeid need sinus tekitavad? Milliseid v\u00e4\u00e4rtusi need t\u00f6\u00f6kuulutused endas kannavad? Kas sulle meeldiks selles asutuses t\u00f6\u00f6tada? Miks? Kuidas sulle meeldib motivatsioonipakett, mida organisatsioon on oma uuele meeskonnajuhile pakkumas? V\u00f5rdle kahte esimest t\u00f6\u00f6kuulutust, kas m\u00e4rkad detailides erinevusi? Millised aspektid k\u00f5netavad sind turunduse projektijuhi kuulutuse juures? Kas leiad tasakaalu ametikoha n\u00f5udmiste ja organisatsiooni poolt pakutava motivatsioonipaketi vahel?<\/span><\/span><\/span><\/p>\n<p dir=\"ltr\"><span style=\"line-height: 1.38;\"><span style=\"vertical-align: baseline;\"><div class=\"accordion mb-3\">\n        <div class=\"accordion-item accordion-item--white\">\n        <h2 class=\"accordion-header\" id=\"accordion-69df73850f0aa-heading\">\n            <button class=\"accordion-button collapsed\" type=\"button\" data-bs-toggle=\"collapse\" data-bs-target=\"#accordion-69df73850f0aa-collapse\" aria-expanded=\"true\" aria-controls=\"accordion-69df73850f0aa-collapse\"> <img loading=\"lazy\" decoding=\"async\" class=\"alignnone wp-image-182\" src=\"https:\/\/sisu.ut.ee\/wp-content\/uploads\/sites\/598\/uued_moisted-1024x1024.png\" alt=\"\" width=\"40\" height=\"40\" srcset=\"https:\/\/sisu.ut.ee\/wp-content\/uploads\/sites\/598\/uued_moisted-1024x1024.png 1024w, https:\/\/sisu.ut.ee\/wp-content\/uploads\/sites\/598\/uued_moisted-300x300.png 300w, https:\/\/sisu.ut.ee\/wp-content\/uploads\/sites\/598\/uued_moisted-150x150.png 150w, https:\/\/sisu.ut.ee\/wp-content\/uploads\/sites\/598\/uued_moisted-768x768.png 768w, https:\/\/sisu.ut.ee\/wp-content\/uploads\/sites\/598\/uued_moisted.png 1080w\" sizes=\"auto, (max-width: 40px) 100vw, 40px\"> T\u00f6\u00f6kuulutus 1 <span style=\"line-height: 1.38;\"><span style=\"vertical-align: baseline;\"><\/span><\/span><\/button>\n        <\/h2>\n        <div id=\"accordion-69df73850f0aa-collapse\" class=\"accordion-collapse collapse\" aria-labelledby=\"accordion-69df73850f0aa-heading\">\n            <div class=\"accordion-body\">\n<p dir=\"ltr\"><img loading=\"lazy\" decoding=\"async\" class=\"alignnone wp-image-45 size-large\" src=\"https:\/\/sisu.ut.ee\/wp-content\/uploads\/sites\/598\/308342049_5603928139629629_3726490469313444282_n-818x1024.png\" alt=\"sdg\" width=\"818\" height=\"1024\" srcset=\"https:\/\/sisu.ut.ee\/wp-content\/uploads\/sites\/598\/308342049_5603928139629629_3726490469313444282_n-818x1024.png 818w, https:\/\/sisu.ut.ee\/wp-content\/uploads\/sites\/598\/308342049_5603928139629629_3726490469313444282_n-240x300.png 240w, https:\/\/sisu.ut.ee\/wp-content\/uploads\/sites\/598\/308342049_5603928139629629_3726490469313444282_n-768x961.png 768w, https:\/\/sisu.ut.ee\/wp-content\/uploads\/sites\/598\/308342049_5603928139629629_3726490469313444282_n.png 1019w\" sizes=\"auto, (max-width: 818px) 100vw, 818px\"><\/p><\/div>\n        <\/div>\n        <\/div>\n    <\/div><\/span><\/span><\/p>\n<p dir=\"ltr\" style=\"text-align: justify; margin-top: 10pt; margin-bottom: 0pt;\"><span style=\"line-height: 1.38;\"><span style=\"vertical-align: baseline;\"><div class=\"accordion mb-3\">\n        <div class=\"accordion-item accordion-item--white\">\n        <h2 class=\"accordion-header\" id=\"accordion-69df73850f0df-heading\">\n            <button class=\"accordion-button collapsed\" type=\"button\" data-bs-toggle=\"collapse\" data-bs-target=\"#accordion-69df73850f0df-collapse\" aria-expanded=\"true\" aria-controls=\"accordion-69df73850f0df-collapse\"> <img loading=\"lazy\" decoding=\"async\" class=\"alignnone wp-image-182\" src=\"https:\/\/sisu.ut.ee\/wp-content\/uploads\/sites\/598\/uued_moisted-1024x1024.png\" alt=\"\" width=\"40\" height=\"40\" srcset=\"https:\/\/sisu.ut.ee\/wp-content\/uploads\/sites\/598\/uued_moisted-1024x1024.png 1024w, https:\/\/sisu.ut.ee\/wp-content\/uploads\/sites\/598\/uued_moisted-300x300.png 300w, https:\/\/sisu.ut.ee\/wp-content\/uploads\/sites\/598\/uued_moisted-150x150.png 150w, https:\/\/sisu.ut.ee\/wp-content\/uploads\/sites\/598\/uued_moisted-768x768.png 768w, https:\/\/sisu.ut.ee\/wp-content\/uploads\/sites\/598\/uued_moisted.png 1080w\" sizes=\"auto, (max-width: 40px) 100vw, 40px\"> T\u00f6\u00f6kuulutus 2 <span style=\"line-height: 1.38;\"><span style=\"vertical-align: baseline;\"><\/span><\/span><\/button>\n        <\/h2>\n        <div id=\"accordion-69df73850f0df-collapse\" class=\"accordion-collapse collapse\" aria-labelledby=\"accordion-69df73850f0df-heading\">\n            <div class=\"accordion-body\"><img loading=\"lazy\" decoding=\"async\" class=\"alignnone size-large wp-image-46\" src=\"https:\/\/sisu.ut.ee\/wp-content\/uploads\/sites\/598\/5e3bcf2d917f4-d41d8cd98f00b204e9800998ecf8427e-724x1024.png\" alt=\"sdf'\" width=\"724\" height=\"1024\" srcset=\"https:\/\/sisu.ut.ee\/wp-content\/uploads\/sites\/598\/5e3bcf2d917f4-d41d8cd98f00b204e9800998ecf8427e-724x1024.png 724w, https:\/\/sisu.ut.ee\/wp-content\/uploads\/sites\/598\/5e3bcf2d917f4-d41d8cd98f00b204e9800998ecf8427e-212x300.png 212w, https:\/\/sisu.ut.ee\/wp-content\/uploads\/sites\/598\/5e3bcf2d917f4-d41d8cd98f00b204e9800998ecf8427e-768x1086.png 768w, https:\/\/sisu.ut.ee\/wp-content\/uploads\/sites\/598\/5e3bcf2d917f4-d41d8cd98f00b204e9800998ecf8427e.png 868w\" sizes=\"auto, (max-width: 724px) 100vw, 724px\"><\/div>\n        <\/div>\n        <\/div>\n    <\/div><\/span><\/span><\/p>\n<p dir=\"ltr\"><span style=\"line-height: 1.38;\"><span style=\"vertical-align: baseline;\"><div class=\"accordion mb-3\">\n        <div class=\"accordion-item accordion-item--white\">\n        <h2 class=\"accordion-header\" id=\"accordion-69df73850f0e3-heading\">\n            <button class=\"accordion-button collapsed\" type=\"button\" data-bs-toggle=\"collapse\" data-bs-target=\"#accordion-69df73850f0e3-collapse\" aria-expanded=\"true\" aria-controls=\"accordion-69df73850f0e3-collapse\"> <img loading=\"lazy\" decoding=\"async\" class=\"alignnone wp-image-182\" src=\"https:\/\/sisu.ut.ee\/wp-content\/uploads\/sites\/598\/uued_moisted-1024x1024.png\" alt=\"\" width=\"40\" height=\"40\" srcset=\"https:\/\/sisu.ut.ee\/wp-content\/uploads\/sites\/598\/uued_moisted-1024x1024.png 1024w, https:\/\/sisu.ut.ee\/wp-content\/uploads\/sites\/598\/uued_moisted-300x300.png 300w, https:\/\/sisu.ut.ee\/wp-content\/uploads\/sites\/598\/uued_moisted-150x150.png 150w, https:\/\/sisu.ut.ee\/wp-content\/uploads\/sites\/598\/uued_moisted-768x768.png 768w, https:\/\/sisu.ut.ee\/wp-content\/uploads\/sites\/598\/uued_moisted.png 1080w\" sizes=\"auto, (max-width: 40px) 100vw, 40px\"> T\u00f6\u00f6kuulutus 3 <span style=\"line-height: 1.38;\"><span style=\"vertical-align: baseline;\"><\/span><\/span><\/button>\n        <\/h2>\n        <div id=\"accordion-69df73850f0e3-collapse\" class=\"accordion-collapse collapse\" aria-labelledby=\"accordion-69df73850f0e3-heading\">\n            <div class=\"accordion-body\"><img loading=\"lazy\" decoding=\"async\" class=\"alignnone size-large wp-image-48\" src=\"https:\/\/sisu.ut.ee\/wp-content\/uploads\/sites\/598\/56efc89fb7478-d41d8cd98f00b204e9800998ecf8427e-724x1024.png\" alt=\"pilt\" width=\"724\" height=\"1024\" srcset=\"https:\/\/sisu.ut.ee\/wp-content\/uploads\/sites\/598\/56efc89fb7478-d41d8cd98f00b204e9800998ecf8427e-724x1024.png 724w, https:\/\/sisu.ut.ee\/wp-content\/uploads\/sites\/598\/56efc89fb7478-d41d8cd98f00b204e9800998ecf8427e-212x300.png 212w, https:\/\/sisu.ut.ee\/wp-content\/uploads\/sites\/598\/56efc89fb7478-d41d8cd98f00b204e9800998ecf8427e-768x1086.png 768w, https:\/\/sisu.ut.ee\/wp-content\/uploads\/sites\/598\/56efc89fb7478-d41d8cd98f00b204e9800998ecf8427e-1086x1536.png 1086w, https:\/\/sisu.ut.ee\/wp-content\/uploads\/sites\/598\/56efc89fb7478-d41d8cd98f00b204e9800998ecf8427e.png 1200w\" sizes=\"auto, (max-width: 724px) 100vw, 724px\"><\/div>\n        <\/div>\n        <\/div>\n    <\/div><\/span><\/span><\/p>\n<p dir=\"ltr\"><span style=\"line-height: 1.38;\"><span style=\"vertical-align: baseline;\"><div class=\"accordion mb-3\">\n        <div class=\"accordion-item accordion-item--white\">\n        <h2 class=\"accordion-header\" id=\"accordion-69df73850f0e7-heading\">\n            <button class=\"accordion-button collapsed\" type=\"button\" data-bs-toggle=\"collapse\" data-bs-target=\"#accordion-69df73850f0e7-collapse\" aria-expanded=\"true\" aria-controls=\"accordion-69df73850f0e7-collapse\"> <img loading=\"lazy\" decoding=\"async\" class=\"alignnone wp-image-182\" src=\"https:\/\/sisu.ut.ee\/wp-content\/uploads\/sites\/598\/uued_moisted-1024x1024.png\" alt=\"\" width=\"40\" height=\"40\" srcset=\"https:\/\/sisu.ut.ee\/wp-content\/uploads\/sites\/598\/uued_moisted-1024x1024.png 1024w, https:\/\/sisu.ut.ee\/wp-content\/uploads\/sites\/598\/uued_moisted-300x300.png 300w, https:\/\/sisu.ut.ee\/wp-content\/uploads\/sites\/598\/uued_moisted-150x150.png 150w, https:\/\/sisu.ut.ee\/wp-content\/uploads\/sites\/598\/uued_moisted-768x768.png 768w, https:\/\/sisu.ut.ee\/wp-content\/uploads\/sites\/598\/uued_moisted.png 1080w\" sizes=\"auto, (max-width: 40px) 100vw, 40px\"> T\u00f6\u00f6kuulutus 4 <span style=\"line-height: 1.38;\"><span style=\"vertical-align: baseline;\"><\/span><\/span><\/button>\n        <\/h2>\n        <div id=\"accordion-69df73850f0e7-collapse\" class=\"accordion-collapse collapse\" aria-labelledby=\"accordion-69df73850f0e7-heading\">\n            <div class=\"accordion-body\"><img loading=\"lazy\" decoding=\"async\" class=\"alignnone size-full wp-image-47\" src=\"https:\/\/sisu.ut.ee\/wp-content\/uploads\/sites\/598\/rr_tookuulutus.png\" alt=\"SF\" width=\"690\" height=\"976\" srcset=\"https:\/\/sisu.ut.ee\/wp-content\/uploads\/sites\/598\/rr_tookuulutus.png 690w, https:\/\/sisu.ut.ee\/wp-content\/uploads\/sites\/598\/rr_tookuulutus-212x300.png 212w\" sizes=\"auto, (max-width: 690px) 100vw, 690px\"><\/div>\n        <\/div>\n        <\/div>\n    <\/div><\/span><\/span><\/p>\n<div>\u00a0<\/div>\n<div>\u00a0<\/div>\n<div>\u00a0<\/div>","protected":false},"excerpt":{"rendered":"<p>1.2. N\u00c4ITEID T\u00d6\u00d6ANDJATE T\u00d6\u00d6KUULUTUSTEST Selles osas on v\u00e4lja toodud m\u00f5ned t\u00f6\u00f6pakkumised, mida t\u00f6\u00f6andjad on v\u00e4rbamisprotsessides kasutanud. \u00a0HARJUTUS 5 Uuri l\u00e4hemalt j\u00e4rgnevaid t\u00f6\u00f6kuulutusi. Milliseid tundeid need sinus tekitavad? Milliseid v\u00e4\u00e4rtusi need t\u00f6\u00f6kuulutused endas kannavad? Kas sulle meeldiks selles asutuses t\u00f6\u00f6tada? Miks? &#8230;<\/p>\n","protected":false},"author":263,"featured_media":0,"parent":0,"menu_order":0,"comment_status":"closed","ping_status":"closed","template":"","meta":{"_acf_changed":false,"inline_featured_image":false,"footnotes":""},"class_list":["post-9","page","type-page","status-publish","hentry"],"acf":[],"_links":{"self":[{"href":"https:\/\/sisu.ut.ee\/edujategu20\/wp-json\/wp\/v2\/pages\/9","targetHints":{"allow":["GET"]}}],"collection":[{"href":"https:\/\/sisu.ut.ee\/edujategu20\/wp-json\/wp\/v2\/pages"}],"about":[{"href":"https:\/\/sisu.ut.ee\/edujategu20\/wp-json\/wp\/v2\/types\/page"}],"author":[{"embeddable":true,"href":"https:\/\/sisu.ut.ee\/edujategu20\/wp-json\/wp\/v2\/users\/263"}],"replies":[{"embeddable":true,"href":"https:\/\/sisu.ut.ee\/edujategu20\/wp-json\/wp\/v2\/comments?post=9"}],"version-history":[{"count":15,"href":"https:\/\/sisu.ut.ee\/edujategu20\/wp-json\/wp\/v2\/pages\/9\/revisions"}],"predecessor-version":[{"id":259,"href":"https:\/\/sisu.ut.ee\/edujategu20\/wp-json\/wp\/v2\/pages\/9\/revisions\/259"}],"wp:attachment":[{"href":"https:\/\/sisu.ut.ee\/edujategu20\/wp-json\/wp\/v2\/media?parent=9"}],"curies":[{"name":"wp","href":"https:\/\/api.w.org\/{rel}","templated":true}]}}