{"id":8,"date":"2024-04-04T08:21:08","date_gmt":"2024-04-04T05:21:08","guid":{"rendered":"https:\/\/sisu.ut.ee\/edujategu20\/114-kandideerimiseks-vajalikud-dokumendid-ja-esitusviisid-kandideerimistahtaeg\/"},"modified":"2024-04-23T09:18:39","modified_gmt":"2024-04-23T06:18:39","slug":"114-kandideerimiseks-vajalikud-dokumendid-ja-esitusviisid-kandideerimistahtaeg","status":"publish","type":"page","link":"https:\/\/sisu.ut.ee\/edujategu20\/114-kandideerimiseks-vajalikud-dokumendid-ja-esitusviisid-kandideerimistahtaeg\/","title":{"rendered":"1.1.4. Kandideerimiseks vajalikud dokumendid ja esitusviisid. Kandideerimist\u00e4htaeg"},"content":{"rendered":"<h1 class=\"wp-block-heading\"><img loading=\"lazy\" decoding=\"async\" width=\"40\" height=\"40\" class=\"wp-image-185\" style=\"width: 40px;\" src=\"https:\/\/sisu.ut.ee\/wp-content\/uploads\/sites\/598\/sissejuhatus.png\" alt=\"\" srcset=\"https:\/\/sisu.ut.ee\/wp-content\/uploads\/sites\/598\/sissejuhatus.png 1080w, https:\/\/sisu.ut.ee\/wp-content\/uploads\/sites\/598\/sissejuhatus-300x300.png 300w, https:\/\/sisu.ut.ee\/wp-content\/uploads\/sites\/598\/sissejuhatus-1024x1024.png 1024w, https:\/\/sisu.ut.ee\/wp-content\/uploads\/sites\/598\/sissejuhatus-150x150.png 150w, https:\/\/sisu.ut.ee\/wp-content\/uploads\/sites\/598\/sissejuhatus-768x768.png 768w\" sizes=\"auto, (max-width: 40px) 100vw, 40px\"> <span style=\"color: #28aae1;\">1.1. KUIDAS LUGEDA T\u00d6\u00d6PAKKUMIST?<\/span><\/h1>\n\n\n<p dir=\"ltr\" style=\"text-align: justify; margin-top: 0pt; margin-bottom: 0pt;\"><span style=\"line-height: 1.38;\"><span style=\"vertical-align: baseline;\">T\u00f6\u00f6pakkumise k\u00f5ige viimane osa annab tavaliselt juhise, milliseid dokumente, mis viisil ja mis ajaks t\u00f6\u00f6andja ootab. M\u00f5ned t\u00f6\u00f6andjad soovivad, et kandideeritaks vaid l\u00e4bi m\u00f5ne v\u00e4rbamiskeskkonna, kuid \u00fcldiselt on olemas ka v\u00f5imalus saata oma CV otse organisatsiooni poolt m\u00e4\u00e4ratud e-posti aadressile.<\/span><\/span><\/p>\n<p>\u00a0<\/p>\n<p dir=\"ltr\" style=\"text-align: justify; margin-top: 0pt; margin-bottom: 0pt;\"><img loading=\"lazy\" decoding=\"async\" class=\"alignnone wp-image-185\" src=\"https:\/\/sisu.ut.ee\/wp-content\/uploads\/sites\/598\/sissejuhatus-1024x1024.png\" alt=\"\" width=\"40\" height=\"40\" srcset=\"https:\/\/sisu.ut.ee\/wp-content\/uploads\/sites\/598\/sissejuhatus-1024x1024.png 1024w, https:\/\/sisu.ut.ee\/wp-content\/uploads\/sites\/598\/sissejuhatus-300x300.png 300w, https:\/\/sisu.ut.ee\/wp-content\/uploads\/sites\/598\/sissejuhatus-150x150.png 150w, https:\/\/sisu.ut.ee\/wp-content\/uploads\/sites\/598\/sissejuhatus-768x768.png 768w, https:\/\/sisu.ut.ee\/wp-content\/uploads\/sites\/598\/sissejuhatus.png 1080w\" sizes=\"auto, (max-width: 40px) 100vw, 40px\">\u00a0<span style=\"line-height: 1.38;\"><span style=\"vertical-align: baseline;\">Milliseid dokumente t\u00f6\u00f6andjad kandideerijatelt ootavad? Loomulikult on k\u00f5ige populaarsem kandideerimisdokument <\/span><span style=\"font-weight: bold;\"><span style=\"vertical-align: baseline;\">CV<\/span><\/span><span style=\"vertical-align: baseline;\">. M\u00f5ni t\u00f6\u00f6andja on paindlik ja CV asemel v\u00f5ib saata ka n\u00e4iteks <\/span><span style=\"font-weight: bold;\"><span style=\"vertical-align: baseline;\">LinkedIn-i profiili.<\/span><\/span><span style=\"vertical-align: baseline;\"> Spetsiaalset haridust v\u00f5i haridustaset eeldava t\u00f6\u00f6pakkumise juurde oodatakse tavaliselt juba kandideerimisel <\/span><span style=\"font-weight: bold;\"><span style=\"vertical-align: baseline;\">haridust<\/span><\/span><span style=\"vertical-align: baseline;\"> v\u00f5i <\/span><span style=\"font-weight: bold;\"><span style=\"vertical-align: baseline;\">kvalifikatsiooni t\u00f5endavate dokumentide koopiat. <\/span><\/span><\/span><\/p>\n<p>\u00a0<\/p>\n<p dir=\"ltr\" style=\"text-align: justify; margin-top: 0pt; margin-bottom: 0pt;\"><img loading=\"lazy\" decoding=\"async\" class=\"alignnone wp-image-185\" src=\"https:\/\/sisu.ut.ee\/wp-content\/uploads\/sites\/598\/sissejuhatus-1024x1024.png\" alt=\"\" width=\"40\" height=\"40\" srcset=\"https:\/\/sisu.ut.ee\/wp-content\/uploads\/sites\/598\/sissejuhatus-1024x1024.png 1024w, https:\/\/sisu.ut.ee\/wp-content\/uploads\/sites\/598\/sissejuhatus-300x300.png 300w, https:\/\/sisu.ut.ee\/wp-content\/uploads\/sites\/598\/sissejuhatus-150x150.png 150w, https:\/\/sisu.ut.ee\/wp-content\/uploads\/sites\/598\/sissejuhatus-768x768.png 768w, https:\/\/sisu.ut.ee\/wp-content\/uploads\/sites\/598\/sissejuhatus.png 1080w\" sizes=\"auto, (max-width: 40px) 100vw, 40px\">\u00a0<span style=\"line-height: 1.38;\"><span style=\"vertical-align: baseline;\">Avaliku sektori asutustes oodatakse lisaks CV-le tihti ka muid dokumente, nagu n\u00e4iteks <\/span><span style=\"font-weight: bold;\"><span style=\"vertical-align: baseline;\">kandideerimisavaldus, <\/span><\/span><span style=\"vertical-align: baseline;\">mida v\u00f5ib tinglikult ka kaaskirjaks nimetada. Tihti palutakse kandideerimisavalduses v\u00e4lja tuua kinnitus, et kandidaat vastab avalikku teenistusse astumiseks vastavatele n\u00f5uetele. Vahel soovitakse kinnitust ka digitaalselt allkirjastatuna. M\u00f5nel juhul palutakse kandideerijal anda teada oma palgasoov. Avaliku sektori asutuste t\u00f6\u00f6pakkumistes v\u00f5ib kohata ka m\u00e4rget \u201c<\/span><span style=\"font-weight: bold;\"><span style=\"vertical-align: baseline;\">muud dokumendid, mida kandidaat peab vajalikuks esitada<\/span><\/span><span style=\"vertical-align: baseline;\">\u201d. Nende alla v\u00f5ivad k\u00e4ia erinevad <\/span><span style=\"font-weight: bold;\"><span style=\"vertical-align: baseline;\">tunnistused, sertifikaadid<\/span><\/span><span style=\"vertical-align: baseline;\"> jms. <\/span><\/span><\/p>\n<p>\u00a0<\/p>\n<p dir=\"ltr\" style=\"text-align: justify; margin-top: 0pt; margin-bottom: 0pt;\"><img loading=\"lazy\" decoding=\"async\" class=\"alignnone wp-image-185\" src=\"https:\/\/sisu.ut.ee\/wp-content\/uploads\/sites\/598\/sissejuhatus-1024x1024.png\" alt=\"\" width=\"40\" height=\"40\" srcset=\"https:\/\/sisu.ut.ee\/wp-content\/uploads\/sites\/598\/sissejuhatus-1024x1024.png 1024w, https:\/\/sisu.ut.ee\/wp-content\/uploads\/sites\/598\/sissejuhatus-300x300.png 300w, https:\/\/sisu.ut.ee\/wp-content\/uploads\/sites\/598\/sissejuhatus-150x150.png 150w, https:\/\/sisu.ut.ee\/wp-content\/uploads\/sites\/598\/sissejuhatus-768x768.png 768w, https:\/\/sisu.ut.ee\/wp-content\/uploads\/sites\/598\/sissejuhatus.png 1080w\" sizes=\"auto, (max-width: 40px) 100vw, 40px\">\u00a0<span style=\"line-height: 1.38;\"><span style=\"vertical-align: baseline;\">\u00dcsna tihti leiab t\u00f6\u00f6pakkumistes ka palve esitada <\/span><span style=\"font-weight: bold;\"><span style=\"vertical-align: baseline;\">kirjalikus vormis n\u00e4gemus tulevasest t\u00f6\u00f6st,<\/span><\/span><span style=\"vertical-align: baseline;\"> juhtide puhul ka laiemat pilti valdkonna v\u00f5i asutuse arengust. M\u00f5ned v\u00e4ljav\u00f5tted t\u00f6\u00f6pakkumistest: \u201cPuude raskusastme tuvastamise kitsaskohad ja tulevik Eestis\u201d (maht 1 A4), \u201cMuuseumihariduse v\u00e4ljakutsed ja lahendused\u201d, \u201cSuurimad v\u00e4ljakutsed kinnisvarahalduri t\u00f6\u00f6s\u201d. <\/span><\/span><\/p>\n<p>\u00a0<\/p>\n<p dir=\"ltr\" style=\"text-align: justify; margin-top: 0pt; margin-bottom: 0pt;\"><span style=\"line-height: 1.38;\"><span style=\"vertical-align: baseline;\">T\u00f6\u00f6pakkumises v\u00f5ib olla kirjas ka muid n\u00f5udeid, n\u00e4iteks:<\/span><\/span><\/p>\n<ul style=\"margin-top: 0; margin-bottom: 0; padding-inline-start: 48px;\">\n<li dir=\"ltr\" style=\"list-style-type: disc; vertical-align: baseline;\">\n<p dir=\"ltr\" style=\"text-align: justify; margin-top: 0pt; margin-bottom: 0pt;\" role=\"presentation\"><span style=\"line-height: 1.38;\"><span style=\"vertical-align: baseline;\">kandidaadilt oodatakse minitunni (15 minutit) pidamist;<\/span><\/span><\/p>\n<\/li>\n<li dir=\"ltr\" style=\"list-style-type: disc; vertical-align: baseline;\">\n<p dir=\"ltr\" style=\"text-align: justify; margin-top: 0pt; margin-bottom: 0pt;\" role=\"presentation\"><span style=\"line-height: 1.38;\"><span style=\"vertical-align: baseline;\">postitage meile 3-minutiline video, kuidas Sa rahvusvaheliselt turundaksid meie toodet\/\u00f5ppekava;<\/span><\/span><\/p>\n<\/li>\n<li dir=\"ltr\" style=\"list-style-type: disc; vertical-align: baseline;\">\n<p dir=\"ltr\" style=\"text-align: justify; margin-top: 0pt; margin-bottom: 0pt;\" role=\"presentation\"><span style=\"line-height: 1.38;\"><span style=\"vertical-align: baseline;\">pane kokku portfoolio, kus on n\u00e4ha sinu filmimise ja videot\u00f6\u00f6tluse oskused;<\/span><\/span><\/p>\n<\/li>\n<li dir=\"ltr\" style=\"list-style-type: disc; vertical-align: baseline;\">\n<p dir=\"ltr\" style=\"text-align: justify; margin-top: 0pt; margin-bottom: 0pt;\" role=\"presentation\"><span style=\"line-height: 1.38;\"><span style=\"vertical-align: baseline;\">kui su tehtud t\u00f6\u00f6d (portfoolio) ja CV on sobilik, siis saadame sulle juhised ja saad kokku panna lihtsa ja l\u00fchikese tootevideo meie tootega. <\/span><\/span><\/p>\n<\/li>\n<\/ul>\n<p>\u00a0<\/p>\n<p dir=\"ltr\" style=\"text-align: justify; margin-top: 0pt; margin-bottom: 0pt;\"><span style=\"line-height: 1.38;\"><span style=\"vertical-align: baseline;\">Ka kandideerimisel akadeemilistele ametikohtadele, n\u00e4iteks \u00f5ppej\u00f5uks, n\u00f5utakse kandideerimisdokumente, mis on pisut erinevad tavap\u00e4rastest kandideerimisdokumentidest, n\u00e4iteks akadeemilise tegevuse portfoolio koos motiveeritud enesehinnanguga soovitava ametikoha n\u00f5uete t\u00e4itmise kohta, publikatsioonide loetelu jms. <\/span><\/span><\/p>\n<p dir=\"ltr\" style=\"text-align: justify; margin-top: 0pt; margin-bottom: 0pt;\"><span style=\"line-height: 1.38;\"><span style=\"vertical-align: baseline;\">Osad v\u00e4rbajad hakkavad kandidaatidega \u00fchendust v\u00f5tma juba enne kandideerimist\u00e4htaja saabumist, ole selleks valmis! M\u00f5nikord on t\u00f6\u00f6pakkumises kirjas, et konkurss kestab kuni sobiva kandidaadi leidmiseni. Sel juhul, kui t\u00f6\u00f6pakkumine k\u00f5netab, ei tasu j\u00e4\u00e4da pikalt ootama ja vaagima, vaid on m\u00f5istlik tegutseda kiiresti.<\/span><\/span><\/p>\n<p dir=\"ltr\">\u00a0<\/p>\n<p dir=\"ltr\" style=\"text-align: justify; margin-top: 0pt; margin-bottom: 0pt;\"><span style=\"line-height: 1.38;\"><span style=\"vertical-align: baseline;\">Ka on \u00fcsna tihti t\u00f6\u00f6pakkumises kirjas isik, kelle poole lisak\u00fcsimuste puhul p\u00f6\u00f6rduda. M\u00f5nikord on see personaliosakonna t\u00f6\u00f6taja, teinekord j\u00e4llegi pakutava ametikoha otsene juht. <\/span><\/span><\/p>\n<p dir=\"ltr\">\u00a0<\/p>\n<p dir=\"ltr\" style=\"text-align: justify; margin-top: 0pt; margin-bottom: 0pt;\"><img loading=\"lazy\" decoding=\"async\" class=\"alignnone wp-image-185\" src=\"https:\/\/sisu.ut.ee\/wp-content\/uploads\/sites\/598\/sissejuhatus-1024x1024.png\" alt=\"\" width=\"40\" height=\"40\" srcset=\"https:\/\/sisu.ut.ee\/wp-content\/uploads\/sites\/598\/sissejuhatus-1024x1024.png 1024w, https:\/\/sisu.ut.ee\/wp-content\/uploads\/sites\/598\/sissejuhatus-300x300.png 300w, https:\/\/sisu.ut.ee\/wp-content\/uploads\/sites\/598\/sissejuhatus-150x150.png 150w, https:\/\/sisu.ut.ee\/wp-content\/uploads\/sites\/598\/sissejuhatus-768x768.png 768w, https:\/\/sisu.ut.ee\/wp-content\/uploads\/sites\/598\/sissejuhatus.png 1080w\" sizes=\"auto, (max-width: 40px) 100vw, 40px\">\u00a0<span style=\"line-height: 1.38;\"><span style=\"vertical-align: baseline;\">Kuna andmekaitset puudutavad \u00f5igusaktid karmistunud, siis osad t\u00f6\u00f6andjad lisavad juba t\u00f6\u00f6pakkumistesse, et nad teevad taustakontrolli, sh internetist. N\u00e4iteks avaliku sektori organisatsioonide puhul v\u00f5ib kohata t\u00f6\u00f6pakkumistes ka j\u00e4rgmisi s\u00e4tteid: \u201cKandideerimiseks on vajalik n\u00f5usolek andmete kogumiseks (taustauuringu tegemiseks karistusregistrist, varasemate t\u00f6\u00f6andjate juurest, Google jms). Teil on \u00f5igus saadud teabega tutvuda ja esitada omapoolsed selgitused-vastuv\u00e4ited\u201d. M\u00f5ni avaliku sektori organisatsioon on pidanud lausa vajalikuks lisada t\u00f6\u00f6pakkumisse m\u00e4rke \u201cTeie poolt esitatud andmed on juurdep\u00e4\u00e4supiiranguga info, millele on v\u00e4rbamisprotsessis juurdep\u00e4\u00e4su\u00f5igus vaid personalispetsialistil, kes edastab Teie kandideerimise info kandideeritava ametikoha struktuuri\u00fcksuse juhile.\u201d<\/span><\/span><\/p>\n<p>\u00a0<\/p>\n<p dir=\"ltr\" style=\"text-align: justify; margin-top: 0pt; margin-bottom: 0pt;\"><span style=\"line-height: 1.38;\"><span style=\"vertical-align: baseline;\">Koroonapuhang on toonud ka v\u00e4rbamismaastikule uued n\u00f5uded. N\u00e4iteks v\u00f5ib t\u00f6\u00f6pakkumistes kohata lisainformatsioonina tingimust \u201cT\u00f6\u00f6andja eeldab konkursi v\u00f5itjalt valmisolekut end COVID-19 vastu vaktsineerida.\u201d Elu on pidevas muutuses ja seega on tasub sellised n\u00f5uded t\u00f6\u00f6andjaga vajadusel \u00fcle t\u00e4psustada. <\/span><\/span><\/p>\n<div>\u00a0<\/div>","protected":false},"excerpt":{"rendered":"<p>1.1. KUIDAS LUGEDA T\u00d6\u00d6PAKKUMIST? T\u00f6\u00f6pakkumise k\u00f5ige viimane osa annab tavaliselt juhise, milliseid dokumente, mis viisil ja mis ajaks t\u00f6\u00f6andja ootab. M\u00f5ned t\u00f6\u00f6andjad soovivad, et kandideeritaks vaid l\u00e4bi m\u00f5ne v\u00e4rbamiskeskkonna, kuid \u00fcldiselt on olemas ka v\u00f5imalus saata oma CV otse organisatsiooni &#8230;<\/p>\n","protected":false},"author":263,"featured_media":0,"parent":0,"menu_order":0,"comment_status":"closed","ping_status":"closed","template":"","meta":{"_acf_changed":false,"inline_featured_image":false,"footnotes":""},"class_list":["post-8","page","type-page","status-publish","hentry"],"acf":[],"_links":{"self":[{"href":"https:\/\/sisu.ut.ee\/edujategu20\/wp-json\/wp\/v2\/pages\/8","targetHints":{"allow":["GET"]}}],"collection":[{"href":"https:\/\/sisu.ut.ee\/edujategu20\/wp-json\/wp\/v2\/pages"}],"about":[{"href":"https:\/\/sisu.ut.ee\/edujategu20\/wp-json\/wp\/v2\/types\/page"}],"author":[{"embeddable":true,"href":"https:\/\/sisu.ut.ee\/edujategu20\/wp-json\/wp\/v2\/users\/263"}],"replies":[{"embeddable":true,"href":"https:\/\/sisu.ut.ee\/edujategu20\/wp-json\/wp\/v2\/comments?post=8"}],"version-history":[{"count":4,"href":"https:\/\/sisu.ut.ee\/edujategu20\/wp-json\/wp\/v2\/pages\/8\/revisions"}],"predecessor-version":[{"id":207,"href":"https:\/\/sisu.ut.ee\/edujategu20\/wp-json\/wp\/v2\/pages\/8\/revisions\/207"}],"wp:attachment":[{"href":"https:\/\/sisu.ut.ee\/edujategu20\/wp-json\/wp\/v2\/media?parent=8"}],"curies":[{"name":"wp","href":"https:\/\/api.w.org\/{rel}","templated":true}]}}