{"id":7,"date":"2024-04-04T08:21:08","date_gmt":"2024-04-04T05:21:08","guid":{"rendered":"https:\/\/sisu.ut.ee\/edujategu20\/113-noudmised-ja-ootused-kandidaatidele\/"},"modified":"2024-04-23T09:15:20","modified_gmt":"2024-04-23T06:15:20","slug":"113-noudmised-ja-ootused-kandidaatidele","status":"publish","type":"page","link":"https:\/\/sisu.ut.ee\/edujategu20\/113-noudmised-ja-ootused-kandidaatidele\/","title":{"rendered":"1.1.3. N\u00f5udmised ja ootused kandidaatidele"},"content":{"rendered":"<h1 class=\"wp-block-heading\"><img loading=\"lazy\" decoding=\"async\" width=\"40\" height=\"40\" class=\"wp-image-185\" style=\"width: 40px;\" src=\"https:\/\/sisu.ut.ee\/wp-content\/uploads\/sites\/598\/sissejuhatus.png\" alt=\"\" srcset=\"https:\/\/sisu.ut.ee\/wp-content\/uploads\/sites\/598\/sissejuhatus.png 1080w, https:\/\/sisu.ut.ee\/wp-content\/uploads\/sites\/598\/sissejuhatus-300x300.png 300w, https:\/\/sisu.ut.ee\/wp-content\/uploads\/sites\/598\/sissejuhatus-1024x1024.png 1024w, https:\/\/sisu.ut.ee\/wp-content\/uploads\/sites\/598\/sissejuhatus-150x150.png 150w, https:\/\/sisu.ut.ee\/wp-content\/uploads\/sites\/598\/sissejuhatus-768x768.png 768w\" sizes=\"auto, (max-width: 40px) 100vw, 40px\"> <span style=\"color: #28aae1;\">1.1.3. N\u00d5UDMISED JA OOTUSED KANDIDAATIDELE<\/span><\/h1>\n\n\n<p dir=\"ltr\" style=\"text-align: justify; margin-top: 0pt; margin-bottom: 0pt;\"><span style=\"line-height: 1.38;\"><span style=\"vertical-align: baseline;\">Kui kandideerija vaates on v\u00f5i v\u00f5iks olla t\u00f6\u00f6 sisu k\u00f5ige olulisem komponent uue t\u00f6\u00f6koha valikul, siis t\u00f6\u00f6andja vaates on k\u00f5ige t\u00e4htsamaid osasid n\u00f5udmised ja ootused kandidaadile \u2013 kas t\u00f6\u00f6le kandideerijal on olemas k\u00f5ik v\u00f5i v\u00e4hemalt peaaegu k\u00f5ik vajalik, et pakutavat t\u00f6\u00f6d h\u00e4sti teha. See osa on t\u00f6\u00f6pakkumistes alati \u00fcsna p\u00f5hjalik ja mahukas, muidugi on ka t\u00f6\u00f6pakkumisi, kus on mindud n\u00f5udmistega ka liiale. T\u00e4nap\u00e4eval vaatavad kandideerijad ka seda, kas n\u00f5udmiste ja pakkumiste suhtes valitseb tasakaal \u2013 paraku on veel t\u00f6\u00f6andjaid, kelle t\u00f6\u00f6kuulutustes on domineerivam n\u00f5udmiste osa. <\/span><\/span><\/p>\n<p>\u00a0<\/p>\n<p dir=\"ltr\" style=\"text-align: justify; margin-top: 0pt; margin-bottom: 0pt;\"><span style=\"line-height: 1.38;\"><span style=\"vertical-align: baseline;\"><img loading=\"lazy\" decoding=\"async\" class=\"alignnone wp-image-182\" src=\"https:\/\/sisu.ut.ee\/wp-content\/uploads\/sites\/598\/uued_moisted-1024x1024.png\" alt=\"\" width=\"40\" height=\"40\" srcset=\"https:\/\/sisu.ut.ee\/wp-content\/uploads\/sites\/598\/uued_moisted-1024x1024.png 1024w, https:\/\/sisu.ut.ee\/wp-content\/uploads\/sites\/598\/uued_moisted-300x300.png 300w, https:\/\/sisu.ut.ee\/wp-content\/uploads\/sites\/598\/uued_moisted-150x150.png 150w, https:\/\/sisu.ut.ee\/wp-content\/uploads\/sites\/598\/uued_moisted-768x768.png 768w, https:\/\/sisu.ut.ee\/wp-content\/uploads\/sites\/598\/uued_moisted.png 1080w\" sizes=\"auto, (max-width: 40px) 100vw, 40px\">\u00a0N\u00c4IDE 2 <\/span><\/span><\/p>\n<p dir=\"ltr\" style=\"text-align: justify; margin-top: 0pt; margin-bottom: 0pt;\"><span style=\"line-height: 1.38;\"><span style=\"vertical-align: baseline;\">Vaata j\u00e4rgmistes t\u00f6\u00f6pakkumistes kandidaadile ootuste ja n\u00f5udmiste kirjeldusi \u2013 neid ootusi on p\u00fc\u00fctud ka lahti seletada. Kandidaadile teeb selliselt sisu avamine dokumentide koostamise kergemaks, tal on parem enda oskusi ja v\u00f5imeid v\u00f5rrelda ning j\u00e4llegi leida sisendit motivatsioonikirja jaoks. <\/span><\/span><\/p>\n<p dir=\"ltr\" style=\"text-align: justify; margin-top: 0pt; margin-bottom: 0pt;\"><span style=\"line-height: 1.38;\"><span style=\"vertical-align: baseline;\"><div class=\"accordion mb-3\">\n        <div class=\"accordion-item accordion-item--white\">\n        <h2 class=\"accordion-header\" id=\"accordion-69e26d0b0311c-heading\">\n            <button class=\"accordion-button collapsed\" type=\"button\" data-bs-toggle=\"collapse\" data-bs-target=\"#accordion-69e26d0b0311c-collapse\" aria-expanded=\"true\" aria-controls=\"accordion-69e26d0b0311c-collapse\">N\u00e4ide A<\/button>\n        <\/h2>\n        <div id=\"accordion-69e26d0b0311c-collapse\" class=\"accordion-collapse collapse\" aria-labelledby=\"accordion-69e26d0b0311c-heading\">\n            <div class=\"accordion-body\"> <img loading=\"lazy\" decoding=\"async\" width=\"902\" height=\"698\" class=\"alignnone wp-image-40\" title=\"n2.png\" src=\"https:\/\/sisu.ut.ee\/wp-content\/uploads\/sites\/598\/n2.png\" alt=\"n2\" srcset=\"https:\/\/sisu.ut.ee\/wp-content\/uploads\/sites\/598\/n2.png 902w, https:\/\/sisu.ut.ee\/wp-content\/uploads\/sites\/598\/n2-300x232.png 300w, https:\/\/sisu.ut.ee\/wp-content\/uploads\/sites\/598\/n2-768x594.png 768w\" sizes=\"auto, (max-width: 902px) 100vw, 902px\"><span style=\"line-height: 1.38;\"><span style=\"vertical-align: baseline;\">\u00a0 <\/span><\/span><\/div>\n        <\/div>\n        <\/div>\n    <\/div><\/span><\/span><\/p>\n<p dir=\"ltr\" style=\"text-align: justify; margin-top: 0pt; margin-bottom: 0pt;\"><span style=\"line-height: 1.38;\"><span style=\"vertical-align: baseline;\"><div class=\"accordion mb-3\">\n        <div class=\"accordion-item accordion-item--white\">\n        <h2 class=\"accordion-header\" id=\"accordion-69e26d0b03133-heading\">\n            <button class=\"accordion-button collapsed\" type=\"button\" data-bs-toggle=\"collapse\" data-bs-target=\"#accordion-69e26d0b03133-collapse\" aria-expanded=\"true\" aria-controls=\"accordion-69e26d0b03133-collapse\">N\u00e4ide B<\/button>\n        <\/h2>\n        <div id=\"accordion-69e26d0b03133-collapse\" class=\"accordion-collapse collapse\" aria-labelledby=\"accordion-69e26d0b03133-heading\">\n            <div class=\"accordion-body\"> <img loading=\"lazy\" decoding=\"async\" width=\"494\" height=\"1063\" class=\"alignnone wp-image-41\" title=\"n3.png\" src=\"https:\/\/sisu.ut.ee\/wp-content\/uploads\/sites\/598\/n3.png\" alt=\"n3\" srcset=\"https:\/\/sisu.ut.ee\/wp-content\/uploads\/sites\/598\/n3.png 494w, https:\/\/sisu.ut.ee\/wp-content\/uploads\/sites\/598\/n3-139x300.png 139w, https:\/\/sisu.ut.ee\/wp-content\/uploads\/sites\/598\/n3-476x1024.png 476w\" sizes=\"auto, (max-width: 494px) 100vw, 494px\"><span style=\"line-height: 1.38;\"><span style=\"vertical-align: baseline;\">\u00a0 <\/span><\/span><\/div>\n        <\/div>\n        <\/div>\n    <\/div><\/span><\/span><\/p>\n<div>\u00a0<\/div>\n<div>\u00a0<\/div>\n<div>\n<p dir=\"ltr\" style=\"text-align: justify; margin-top: 0pt; margin-bottom: 0pt;\"><img loading=\"lazy\" decoding=\"async\" class=\"alignnone wp-image-185\" src=\"https:\/\/sisu.ut.ee\/wp-content\/uploads\/sites\/598\/sissejuhatus-1024x1024.png\" alt=\"\" width=\"40\" height=\"40\" srcset=\"https:\/\/sisu.ut.ee\/wp-content\/uploads\/sites\/598\/sissejuhatus-1024x1024.png 1024w, https:\/\/sisu.ut.ee\/wp-content\/uploads\/sites\/598\/sissejuhatus-300x300.png 300w, https:\/\/sisu.ut.ee\/wp-content\/uploads\/sites\/598\/sissejuhatus-150x150.png 150w, https:\/\/sisu.ut.ee\/wp-content\/uploads\/sites\/598\/sissejuhatus-768x768.png 768w, https:\/\/sisu.ut.ee\/wp-content\/uploads\/sites\/598\/sissejuhatus.png 1080w\" sizes=\"auto, (max-width: 40px) 100vw, 40px\">\u00a0<span style=\"line-height: 1.38;\"><span style=\"vertical-align: baseline;\">Kui t\u00f6\u00f6pakkumine sind k\u00f5netab, aga m\u00f5ni t\u00f6\u00f6andja poolt oodatav n\u00f5udmine v\u00f5i eeldus on puudu, siis tasub vaagida selle olulisust. Kui t\u00f6\u00f6 n\u00f5uab autoga s\u00f5itmist, aga sul ei ole autojuhilube, siis on ilmselge, et sellele pakkumisele ei ole m\u00f5tet panustada. V\u00f5i kui otsitakse hea soome keele oskusega t\u00f6\u00f6tajat, sina aga oskad soome keelt algtasemel, siis on suur t\u00f5en\u00e4osus, et see kandideerimine sinu kasuks ei l\u00f5pe. Samuti ei ole m\u00f5tet kandideerida juristiks, kui ei ole \u00f5igusalast haridust, v\u00f5i arstiks, kui vastav v\u00e4lja\u00f5pe puudub. <\/span><\/span><\/p>\n<p>\u00a0<\/p>\n<p dir=\"ltr\" style=\"text-align: justify; margin-top: 0pt; margin-bottom: 0pt;\"><img loading=\"lazy\" decoding=\"async\" class=\"alignnone wp-image-185\" src=\"https:\/\/sisu.ut.ee\/wp-content\/uploads\/sites\/598\/sissejuhatus-1024x1024.png\" alt=\"\" width=\"40\" height=\"40\" srcset=\"https:\/\/sisu.ut.ee\/wp-content\/uploads\/sites\/598\/sissejuhatus-1024x1024.png 1024w, https:\/\/sisu.ut.ee\/wp-content\/uploads\/sites\/598\/sissejuhatus-300x300.png 300w, https:\/\/sisu.ut.ee\/wp-content\/uploads\/sites\/598\/sissejuhatus-150x150.png 150w, https:\/\/sisu.ut.ee\/wp-content\/uploads\/sites\/598\/sissejuhatus-768x768.png 768w, https:\/\/sisu.ut.ee\/wp-content\/uploads\/sites\/598\/sissejuhatus.png 1080w\" sizes=\"auto, (max-width: 40px) 100vw, 40px\">\u00a0<span style=\"line-height: 1.38;\"><span style=\"vertical-align: baseline;\">Kuid on n\u00f5udmisi ja ootusi, mille osas on t\u00f6\u00f6andjatel vahel kalduvus panna t\u00f6\u00f6pakkumisse \u201cpigem rohkem, kui v\u00e4hem\u201d. N\u00e4iteks tasub vaagida t\u00f6\u00f6pakkumisi, kus t\u00f6\u00f6andja eeldab t\u00f6\u00f6kogemust sarnasel alal 3 aastat, sinul on aga kogemust 1 aasta. V\u00f5i kui eeldatakse esinemiskogemust, kuid seda sul veel ei ole, aga samas oled julge suhtleja ja inimestega kontakti v\u00f5tta ei karda. V\u00f5i kui t\u00f6\u00f6pakkumises on kirjas, et \u201ckasuks tuleb vene keele oskus\u201d, aga sina vene keelt ei oska, siis ei tasu selle oskuse puudumise p\u00e4rast kandideerimata j\u00e4tta, sest ka t\u00f6\u00f6andja on m\u00f6\u00f6nduse \u201ctuleb kasuks\u201d juba t\u00f6\u00f6pakkumisse sisse kirjutanud. K\u00f5iki 100% mittevastavaid oskusi ja kogemusi on v\u00f5imalik p\u00f5hjendada oma motivatsioonikirjas. <\/span><\/span><\/p>\n<div>\u00a0<\/div>\n<\/div>","protected":false},"excerpt":{"rendered":"<p>1.1.3. N\u00d5UDMISED JA OOTUSED KANDIDAATIDELE Kui kandideerija vaates on v\u00f5i v\u00f5iks olla t\u00f6\u00f6 sisu k\u00f5ige olulisem komponent uue t\u00f6\u00f6koha valikul, siis t\u00f6\u00f6andja vaates on k\u00f5ige t\u00e4htsamaid osasid n\u00f5udmised ja ootused kandidaadile \u2013 kas t\u00f6\u00f6le kandideerijal on olemas k\u00f5ik v\u00f5i v\u00e4hemalt &#8230;<\/p>\n","protected":false},"author":263,"featured_media":0,"parent":0,"menu_order":0,"comment_status":"closed","ping_status":"closed","template":"","meta":{"_acf_changed":false,"inline_featured_image":false,"footnotes":""},"class_list":["post-7","page","type-page","status-publish","hentry"],"acf":[],"_links":{"self":[{"href":"https:\/\/sisu.ut.ee\/edujategu20\/wp-json\/wp\/v2\/pages\/7","targetHints":{"allow":["GET"]}}],"collection":[{"href":"https:\/\/sisu.ut.ee\/edujategu20\/wp-json\/wp\/v2\/pages"}],"about":[{"href":"https:\/\/sisu.ut.ee\/edujategu20\/wp-json\/wp\/v2\/types\/page"}],"author":[{"embeddable":true,"href":"https:\/\/sisu.ut.ee\/edujategu20\/wp-json\/wp\/v2\/users\/263"}],"replies":[{"embeddable":true,"href":"https:\/\/sisu.ut.ee\/edujategu20\/wp-json\/wp\/v2\/comments?post=7"}],"version-history":[{"count":3,"href":"https:\/\/sisu.ut.ee\/edujategu20\/wp-json\/wp\/v2\/pages\/7\/revisions"}],"predecessor-version":[{"id":203,"href":"https:\/\/sisu.ut.ee\/edujategu20\/wp-json\/wp\/v2\/pages\/7\/revisions\/203"}],"wp:attachment":[{"href":"https:\/\/sisu.ut.ee\/edujategu20\/wp-json\/wp\/v2\/media?parent=7"}],"curies":[{"name":"wp","href":"https:\/\/api.w.org\/{rel}","templated":true}]}}