{"id":6,"date":"2024-04-04T08:21:07","date_gmt":"2024-04-04T05:21:07","guid":{"rendered":"https:\/\/sisu.ut.ee\/edujategu20\/112-pakutava-ametikoha-tutvustus-ja-tooulesanded\/"},"modified":"2024-04-23T09:10:09","modified_gmt":"2024-04-23T06:10:09","slug":"112-pakutava-ametikoha-tutvustus-ja-tooulesanded","status":"publish","type":"page","link":"https:\/\/sisu.ut.ee\/edujategu20\/112-pakutava-ametikoha-tutvustus-ja-tooulesanded\/","title":{"rendered":"1.1.2. Pakutava ametikoha tutvustus ja t\u00f6\u00f6\u00fclesanded"},"content":{"rendered":"<h1 class=\"wp-block-heading\"><img loading=\"lazy\" decoding=\"async\" width=\"40\" height=\"40\" class=\"wp-image-185\" style=\"width: 40px;\" src=\"https:\/\/sisu.ut.ee\/wp-content\/uploads\/sites\/598\/sissejuhatus.png\" alt=\"\" srcset=\"https:\/\/sisu.ut.ee\/wp-content\/uploads\/sites\/598\/sissejuhatus.png 1080w, https:\/\/sisu.ut.ee\/wp-content\/uploads\/sites\/598\/sissejuhatus-300x300.png 300w, https:\/\/sisu.ut.ee\/wp-content\/uploads\/sites\/598\/sissejuhatus-1024x1024.png 1024w, https:\/\/sisu.ut.ee\/wp-content\/uploads\/sites\/598\/sissejuhatus-150x150.png 150w, https:\/\/sisu.ut.ee\/wp-content\/uploads\/sites\/598\/sissejuhatus-768x768.png 768w\" sizes=\"auto, (max-width: 40px) 100vw, 40px\"> <span style=\"color: #28aae1;\">1.1.2. PAKUTAVA AMETIKOHA TUTVUSTUS JA T\u00d6\u00d6\u00dcLESANDED<\/span><\/h1>\n\n\n<p dir=\"ltr\" style=\"text-align: justify; margin-top: 0pt; margin-bottom: 0pt;\"><span style=\"line-height: 1.38;\"><span style=\"vertical-align: baseline;\">K\u00f5ige olulisem asi, mis t\u00f6\u00f6pakkumises silma j\u00e4\u00e4b, on tavaliselt pakutav t\u00f6\u00f6 ja sellega kaasnev ametikoht. Olgu organisatsioon nii ahvatlev ja t\u00f6\u00f6tajas\u00f5bralik kui tahes, ei kandideeri me tavaliselt organisatsiooni p\u00e4rast, vaid ikka t\u00f6\u00f6 sisu v\u00f5i teatud \u00fclesannete p\u00e4rast. Jah, vahel ollakse valmis jala ukse vahele saamiseks kandideerima ka organisatsiooni, mida peetakse enda unelmate t\u00f6\u00f6kohaks, et alustada madalamalt astmelt v\u00f5i m\u00f5nelt muult positsioonilt, et l\u00f5puks saavutada oma t\u00f6ine eesm\u00e4rk selles organisatsioonis. Samas \u00fclesandep\u00f5hiselt l\u00e4henedes ollakse vahel isegi valmis silm kinni pigistama t\u00f6\u00f6 sisu kasuks selle ees, kui organisatsioon ei ole p\u00e4ris see, kus p\u00e4riselt t\u00f6\u00f6tada sooviks. <\/span><\/span><\/p>\n<p>\u00a0<\/p>\n<p dir=\"ltr\" style=\"text-align: justify; margin-top: 0pt; margin-bottom: 0pt;\"><img loading=\"lazy\" decoding=\"async\" class=\"alignnone wp-image-185\" src=\"https:\/\/sisu.ut.ee\/wp-content\/uploads\/sites\/598\/sissejuhatus-1024x1024.png\" alt=\"\" width=\"40\" height=\"40\" srcset=\"https:\/\/sisu.ut.ee\/wp-content\/uploads\/sites\/598\/sissejuhatus-1024x1024.png 1024w, https:\/\/sisu.ut.ee\/wp-content\/uploads\/sites\/598\/sissejuhatus-300x300.png 300w, https:\/\/sisu.ut.ee\/wp-content\/uploads\/sites\/598\/sissejuhatus-150x150.png 150w, https:\/\/sisu.ut.ee\/wp-content\/uploads\/sites\/598\/sissejuhatus-768x768.png 768w, https:\/\/sisu.ut.ee\/wp-content\/uploads\/sites\/598\/sissejuhatus.png 1080w\" sizes=\"auto, (max-width: 40px) 100vw, 40px\">\u00a0<span style=\"line-height: 1.38;\"><span style=\"vertical-align: baseline;\">Kuigi t\u00f6\u00f6andjad on t\u00f6\u00f6pakkumistes hakanud pakutava t\u00f6\u00f6 sisu kirjeldama \u00fcsna p\u00f5hjalikult ja organisatsioonile omaselt n\u00fcanssidega, ei pruugi see tagada seda, et k\u00f5ik, mida kirjalikult pakutakse, ka seda tegelikult on. Esiteks on organisatsioonid niiv\u00f5rd erinevad, n\u00e4iteks raamatupidaja t\u00f6\u00f6 keskmise suurusega ettev\u00f5ttes v\u00f5ib olla hoopis mitmekesisem kui raamatupidaja t\u00f6\u00f6 suures korporatsioonis, kus on \u00fchele inimesele usaldatud vaid \u00fcks raamatupidamise l\u00f5ik. Samuti v\u00f5ib \u00fche ametipositsiooni otsustusvabadus erinevates organisatsioonides olla v\u00e4ga erinev \u2013 n\u00e4iteks v\u00f5ib \u00fches asutuses turundusspetsialist koostada ise kogu turundusprojekti koos eelarvega ja selle ellu viia, kuid teisel juhul on vajalik pikk koosk\u00f5lastusring. Kui sellised n\u00fcansid on sulle t\u00f6\u00f6s olulised, siis tuleb piltlikult \u00f6eldes vaadata ka \u00fclesannete taha ning vajadusel t\u00f6\u00f6andja k\u00e4est ka \u00fcle t\u00e4psustada. <\/span><\/span><\/p>\n<p>\u00a0<\/p>\n<p dir=\"ltr\" style=\"text-align: justify; margin-top: 0pt; margin-bottom: 0pt;\"><img loading=\"lazy\" decoding=\"async\" class=\"alignnone wp-image-185\" src=\"https:\/\/sisu.ut.ee\/wp-content\/uploads\/sites\/598\/sissejuhatus-1024x1024.png\" alt=\"\" width=\"40\" height=\"40\" srcset=\"https:\/\/sisu.ut.ee\/wp-content\/uploads\/sites\/598\/sissejuhatus-1024x1024.png 1024w, https:\/\/sisu.ut.ee\/wp-content\/uploads\/sites\/598\/sissejuhatus-300x300.png 300w, https:\/\/sisu.ut.ee\/wp-content\/uploads\/sites\/598\/sissejuhatus-150x150.png 150w, https:\/\/sisu.ut.ee\/wp-content\/uploads\/sites\/598\/sissejuhatus-768x768.png 768w, https:\/\/sisu.ut.ee\/wp-content\/uploads\/sites\/598\/sissejuhatus.png 1080w\" sizes=\"auto, (max-width: 40px) 100vw, 40px\">\u00a0<span style=\"line-height: 1.38;\"><span style=\"vertical-align: baseline;\">Tuleb ette ka t\u00f6\u00f6pakkumisi, kus enamik \u00fclesandeid sulle sobivad, aga n\u00e4iteks \u00fcks v\u00f5i kaks t\u00f6\u00f6l\u00f5iku ei ole v\u00e4ga meeltm\u00f6\u00f6da. Sellisel juhul tuleb endas otsida kompromissi v\u00f5i oodata j\u00e4rgmist sarnast t\u00f6\u00f6pakkumist, mis aga ei pruugi j\u00e4llegi t\u00e4pselt meele j\u00e4rgi olla. Kolmanda variandina v\u00f5ib t\u00f6\u00f6andjaga l\u00e4bi r\u00e4\u00e4kida, milline on v\u00f5imalus t\u00f6\u00f6\u00fclesannete \u00fcmberm\u00e4ngimiseks.<\/span><\/span><\/p>\n<p>\u00a0<\/p>\n<p dir=\"ltr\" style=\"text-align: justify; margin-top: 0pt; margin-bottom: 0pt;\"><img loading=\"lazy\" decoding=\"async\" class=\"alignnone wp-image-185\" src=\"https:\/\/sisu.ut.ee\/wp-content\/uploads\/sites\/598\/sissejuhatus-1024x1024.png\" alt=\"\" width=\"40\" height=\"40\" srcset=\"https:\/\/sisu.ut.ee\/wp-content\/uploads\/sites\/598\/sissejuhatus-1024x1024.png 1024w, https:\/\/sisu.ut.ee\/wp-content\/uploads\/sites\/598\/sissejuhatus-300x300.png 300w, https:\/\/sisu.ut.ee\/wp-content\/uploads\/sites\/598\/sissejuhatus-150x150.png 150w, https:\/\/sisu.ut.ee\/wp-content\/uploads\/sites\/598\/sissejuhatus-768x768.png 768w, https:\/\/sisu.ut.ee\/wp-content\/uploads\/sites\/598\/sissejuhatus.png 1080w\" sizes=\"auto, (max-width: 40px) 100vw, 40px\">\u00a0<span style=\"line-height: 1.38;\"><span style=\"vertical-align: baseline;\">T\u00f6\u00f6 sisu ja \u00fclesanded on heaks indikaatoriks ka motivatsioonikirja koostamisel \u2013 seep\u00e4rast tasub oma oskusi ja kogemusi v\u00f5rdluses pakutava t\u00f6\u00f6ga ka motivatsioonikirjas \u00e4ra m\u00e4rkida. N\u00e4iteks kui veebidisaineri t\u00f6\u00f6pakkumises on kirjas \u00fclesanne \u201cturundusmeeskonna toetamine kujundust\u00f6\u00f6dega\u201d, siis motivatsioonikirjas v\u00f5iks olla \u00e4ratoodud, milliseid kujundust\u00f6id on tehtud (ideaalis v\u00f5iks m\u00f5ned disainin\u00e4idised ka lisatud olla). V\u00f5i kui antud kogemus kandideerija pagasis veel puudub, siis kuidas v\u00f5imalik tulevane veebidisainer seda puudust olemasolevate oskuste baasilt kompenseerib \u2013 n\u00e4iteks kas on valmis \u00f5ppima juurde v\u00f5i on kursis kujunduslahendusi v\u00f5imaldavate tehnoloogiatega. Kui huvi pakutava t\u00f6\u00f6 vastu on aga suur ja tegutsemistahet on, siis v\u00f5iks katsetada enne kandideerimist oma v\u00f5imekust ja proovida midagi kujundada. Esiteks annab see aimu, kui kerge v\u00f5i raske kujundamine kandidaadi jaoks on ja teiseks annab t\u00f6\u00f6pakkujale kindlasti aimu kandideerija \u00f5ppimishuvist ja initsiatiivikusest. <\/span><\/span><\/p>\n<hr>\n<p>\u00a0<\/p>\n<p dir=\"ltr\" style=\"text-align: justify; margin-top: 0pt; margin-bottom: 0pt;\"><img loading=\"lazy\" decoding=\"async\" class=\"alignnone wp-image-183\" src=\"https:\/\/sisu.ut.ee\/wp-content\/uploads\/sites\/598\/ulesanne-1024x1024.png\" alt=\"\" width=\"40\" height=\"40\" srcset=\"https:\/\/sisu.ut.ee\/wp-content\/uploads\/sites\/598\/ulesanne-1024x1024.png 1024w, https:\/\/sisu.ut.ee\/wp-content\/uploads\/sites\/598\/ulesanne-300x300.png 300w, https:\/\/sisu.ut.ee\/wp-content\/uploads\/sites\/598\/ulesanne-150x150.png 150w, https:\/\/sisu.ut.ee\/wp-content\/uploads\/sites\/598\/ulesanne-768x768.png 768w, https:\/\/sisu.ut.ee\/wp-content\/uploads\/sites\/598\/ulesanne.png 1080w\" sizes=\"auto, (max-width: 40px) 100vw, 40px\">\u00a0<span style=\"line-height: 1.38;\"><span style=\"vertical-align: baseline;\">HARJUTUS 4 <\/span><\/span>\u00a0<\/p>\n<p dir=\"ltr\" style=\"text-align: justify; margin-top: 0pt; margin-bottom: 0pt;\"><span style=\"line-height: 1.38;\"><span style=\"vertical-align: baseline;\">Kaks firmat, kaks raamatupidaja t\u00f6\u00f6pakkumist. Kas ja millised erinevused on sinu meelest pakutavate t\u00f6\u00f6de sisus? Kui vaatad laiemalt, siis milliseid v\u00f5imalusi \u00fches v\u00f5i teises t\u00f6\u00f6pakkumises veel n\u00e4ed?<\/span><\/span><\/p>\n<p dir=\"ltr\" style=\"text-align: justify; margin-top: 0pt; margin-bottom: 0pt;\">\u00a0<\/p>\n<p dir=\"ltr\" style=\"text-align: justify; margin-top: 0pt; margin-bottom: 0pt;\">\u00a0<\/p>\n<div><div class=\"accordion mb-3\">\n        <div class=\"accordion-item accordion-item--white\">\n        <h2 class=\"accordion-header\" id=\"accordion-69e202d1c33a8-heading\">\n            <button class=\"accordion-button collapsed\" type=\"button\" data-bs-toggle=\"collapse\" data-bs-target=\"#accordion-69e202d1c33a8-collapse\" aria-expanded=\"true\" aria-controls=\"accordion-69e202d1c33a8-collapse\">Ettev\u00f5te 1<\/button>\n        <\/h2>\n        <div id=\"accordion-69e202d1c33a8-collapse\" class=\"accordion-collapse collapse\" aria-labelledby=\"accordion-69e202d1c33a8-heading\">\n            <div class=\"accordion-body\"> <img loading=\"lazy\" decoding=\"async\" width=\"392\" height=\"1002\" class=\"alignnone wp-image-38\" title=\"harjutus3.1.png\" src=\"https:\/\/sisu.ut.ee\/wp-content\/uploads\/sites\/598\/harjutus3.1.png\" alt=\"31\" srcset=\"https:\/\/sisu.ut.ee\/wp-content\/uploads\/sites\/598\/harjutus3.1.png 392w, https:\/\/sisu.ut.ee\/wp-content\/uploads\/sites\/598\/harjutus3.1-117x300.png 117w\" sizes=\"auto, (max-width: 392px) 100vw, 392px\">\u00a0 <\/div>\n        <\/div>\n        <\/div>\n    <\/div><\/div>\n<div>\u00a0<\/div>\n<div><div class=\"accordion mb-3\">\n        <div class=\"accordion-item accordion-item--white\">\n        <h2 class=\"accordion-header\" id=\"accordion-69e202d1c33ad-heading\">\n            <button class=\"accordion-button collapsed\" type=\"button\" data-bs-toggle=\"collapse\" data-bs-target=\"#accordion-69e202d1c33ad-collapse\" aria-expanded=\"true\" aria-controls=\"accordion-69e202d1c33ad-collapse\">Ettev\u00f5te 2<\/button>\n        <\/h2>\n        <div id=\"accordion-69e202d1c33ad-collapse\" class=\"accordion-collapse collapse\" aria-labelledby=\"accordion-69e202d1c33ad-heading\">\n            <div class=\"accordion-body\"> <img loading=\"lazy\" decoding=\"async\" width=\"542\" height=\"851\" class=\"alignnone wp-image-39\" title=\"harjutus3.2.png\" src=\"https:\/\/sisu.ut.ee\/wp-content\/uploads\/sites\/598\/harjutus3.2.png\" alt=\"32\" srcset=\"https:\/\/sisu.ut.ee\/wp-content\/uploads\/sites\/598\/harjutus3.2.png 542w, https:\/\/sisu.ut.ee\/wp-content\/uploads\/sites\/598\/harjutus3.2-191x300.png 191w\" sizes=\"auto, (max-width: 542px) 100vw, 542px\">\u00a0 <\/div>\n        <\/div>\n        <\/div>\n    <\/div><\/div>","protected":false},"excerpt":{"rendered":"<p>1.1.2. PAKUTAVA AMETIKOHA TUTVUSTUS JA T\u00d6\u00d6\u00dcLESANDED K\u00f5ige olulisem asi, mis t\u00f6\u00f6pakkumises silma j\u00e4\u00e4b, on tavaliselt pakutav t\u00f6\u00f6 ja sellega kaasnev ametikoht. Olgu organisatsioon nii ahvatlev ja t\u00f6\u00f6tajas\u00f5bralik kui tahes, ei kandideeri me tavaliselt organisatsiooni p\u00e4rast, vaid ikka t\u00f6\u00f6 sisu v\u00f5i &#8230;<\/p>\n","protected":false},"author":263,"featured_media":0,"parent":0,"menu_order":0,"comment_status":"closed","ping_status":"closed","template":"","meta":{"_acf_changed":false,"inline_featured_image":false,"footnotes":""},"class_list":["post-6","page","type-page","status-publish","hentry"],"acf":[],"_links":{"self":[{"href":"https:\/\/sisu.ut.ee\/edujategu20\/wp-json\/wp\/v2\/pages\/6","targetHints":{"allow":["GET"]}}],"collection":[{"href":"https:\/\/sisu.ut.ee\/edujategu20\/wp-json\/wp\/v2\/pages"}],"about":[{"href":"https:\/\/sisu.ut.ee\/edujategu20\/wp-json\/wp\/v2\/types\/page"}],"author":[{"embeddable":true,"href":"https:\/\/sisu.ut.ee\/edujategu20\/wp-json\/wp\/v2\/users\/263"}],"replies":[{"embeddable":true,"href":"https:\/\/sisu.ut.ee\/edujategu20\/wp-json\/wp\/v2\/comments?post=6"}],"version-history":[{"count":4,"href":"https:\/\/sisu.ut.ee\/edujategu20\/wp-json\/wp\/v2\/pages\/6\/revisions"}],"predecessor-version":[{"id":200,"href":"https:\/\/sisu.ut.ee\/edujategu20\/wp-json\/wp\/v2\/pages\/6\/revisions\/200"}],"wp:attachment":[{"href":"https:\/\/sisu.ut.ee\/edujategu20\/wp-json\/wp\/v2\/media?parent=6"}],"curies":[{"name":"wp","href":"https:\/\/api.w.org\/{rel}","templated":true}]}}