{"id":4,"date":"2024-04-04T08:21:07","date_gmt":"2024-04-04T05:21:07","guid":{"rendered":"https:\/\/sisu.ut.ee\/edujategu20\/organisatsiooni-tutvustus\/"},"modified":"2024-04-23T09:46:41","modified_gmt":"2024-04-23T06:46:41","slug":"organisatsiooni-tutvustus","status":"publish","type":"page","link":"https:\/\/sisu.ut.ee\/edujategu20\/organisatsiooni-tutvustus\/","title":{"rendered":"1.1.1. Organisatsiooni tutvustus"},"content":{"rendered":"<h1 class=\"wp-block-heading\"><img loading=\"lazy\" decoding=\"async\" width=\"40\" height=\"40\" class=\"wp-image-185\" style=\"width: 40px;\" src=\"https:\/\/sisu.ut.ee\/wp-content\/uploads\/sites\/598\/sissejuhatus.png\" alt=\"\" srcset=\"https:\/\/sisu.ut.ee\/wp-content\/uploads\/sites\/598\/sissejuhatus.png 1080w, https:\/\/sisu.ut.ee\/wp-content\/uploads\/sites\/598\/sissejuhatus-300x300.png 300w, https:\/\/sisu.ut.ee\/wp-content\/uploads\/sites\/598\/sissejuhatus-1024x1024.png 1024w, https:\/\/sisu.ut.ee\/wp-content\/uploads\/sites\/598\/sissejuhatus-150x150.png 150w, https:\/\/sisu.ut.ee\/wp-content\/uploads\/sites\/598\/sissejuhatus-768x768.png 768w\" sizes=\"auto, (max-width: 40px) 100vw, 40px\"> <span style=\"color: #28aae1;\">1.1.1. ORGANISATSIOONI TUTVUSTUS<\/span><\/h1>\n\n\n<p dir=\"ltr\" style=\"text-align: justify; margin-top: 0pt; margin-bottom: 0pt;\">Organisatsioonid n\u00e4evad tihti vaeva oma tutvustuse koostamisega, et k\u00f5netada neid inimesi, keda t\u00f6\u00f6turult leida soovitakse. Mida l\u00e4bim\u00f5eldum organisatsiooni tutvustus on, seda enam informatsiooni annab see ka v\u00f5imaliku tulevase t\u00f6\u00f6koha kohta.<\/p>\n<p dir=\"ltr\">Kui vaadata organisatsiooni tutvustust kandideerimisdokumentide koostamise h\u00fcvanguks, siis k\u00f5ige olulisem on aru saada, kas organisatsiooni v\u00e4\u00e4rtused ja muu v\u00e4lja\u00f6eldud informatsioon sind k\u00f5netavad.<\/p>\n<p dir=\"ltr\"><\/p><div class=\"accordion mb-3\">\n        <div class=\"accordion-item accordion-item--white\">\n        <h2 class=\"accordion-header\" id=\"accordion-69df732399ef9-heading\">\n            <button class=\"accordion-button collapsed\" type=\"button\" data-bs-toggle=\"collapse\" data-bs-target=\"#accordion-69df732399ef9-collapse\" aria-expanded=\"true\" aria-controls=\"accordion-69df732399ef9-collapse\"><img loading=\"lazy\" decoding=\"async\" class=\"alignnone wp-image-183\" src=\"https:\/\/sisu.ut.ee\/wp-content\/uploads\/sites\/598\/ulesanne-1024x1024.png\" alt=\"\" width=\"40\" height=\"40\" srcset=\"https:\/\/sisu.ut.ee\/wp-content\/uploads\/sites\/598\/ulesanne-1024x1024.png 1024w, https:\/\/sisu.ut.ee\/wp-content\/uploads\/sites\/598\/ulesanne-300x300.png 300w, https:\/\/sisu.ut.ee\/wp-content\/uploads\/sites\/598\/ulesanne-150x150.png 150w, https:\/\/sisu.ut.ee\/wp-content\/uploads\/sites\/598\/ulesanne-768x768.png 768w, https:\/\/sisu.ut.ee\/wp-content\/uploads\/sites\/598\/ulesanne.png 1080w\" sizes=\"auto, (max-width: 40px) 100vw, 40px\">\u00a0HARJUTUS 2<\/button>\n        <\/h2>\n        <div id=\"accordion-69df732399ef9-collapse\" class=\"accordion-collapse collapse\" aria-labelledby=\"accordion-69df732399ef9-heading\">\n            <div class=\"accordion-body\">\n<p dir=\"ltr\" role=\"presentation\">Vaata \u00fcheksa Eestis tegutseva organisatsiooni v\u00e4idet, mida nad oma kodulehtedel v\u00e4lja toovad. Millised v\u00e4\u00e4rtused sind k\u00f5netavad? Millistele organisatsioonidele need laused kuuluda v\u00f5ivad? \u00d5ige vastuse n\u00e4gemiseks kl\u00f5psa v\u00e4idete taga olevale numbrile.<\/p>\n<table class=\"table table-hover\" style=\"width: 800px;\" border=\"1\" cellspacing=\"1\" cellpadding=\"1\">\n<tbody>\n<tr>\n<td>\n<p style=\"margin-bottom: 0cm;\"><span style=\"line-height: normal;\"><span lang=\"ET\">Oma kolleegides hindame julgust, usaldusv\u00e4\u00e4rsust ja v\u00f5imet inspireerida. Peame oluliseks huvitavat ja arendavat t\u00f6\u00f6d ning ettev\u00f5tte head sisekliimat. V\u00e4\u00e4rtustame koost\u00f6\u00f6d ja elukestvat \u00f5pet, koheldes t\u00f6\u00f6tajaid alati v\u00f5rdselt ja ausalt. <a href=\"#\" data-bs-toggle=\"modal\" data-bs-target=\"#popup-modal\" data-title=\"1\" data-content=\"Orkla Eesti AS\">1<\/a> <\/span><\/span><\/p>\n<\/td>\n<\/tr>\n<tr>\n<td>\n<p style=\"margin-bottom: 0cm;\"><span style=\"line-height: normal;\"><span lang=\"ET\">Viimase kahek\u00fcmne aastaga oleme \u00fcle andnud rohkem kui 215 erineva suuruse ja funktsionaalsusega t\u00f6\u00f6laeva. Majasisene disainiosakond ja k\u00f5rge kvaliteediga ehitusstandard on toonud meie klientideks valitsus-, teadus-, ja uurimisasutused ning rahvusvahelised ettev\u00f5tted rohkem kui 25 riigist \u00fcle maailma. <a href=\"#\" data-bs-toggle=\"modal\" data-bs-target=\"#popup-modal\" data-title=\"2\" data-content=\"Baltic WorkBoats AS\">2<\/a> <\/span><\/span><\/p>\n<\/td>\n<\/tr>\n<tr>\n<td>\n<p style=\"margin-bottom: 0cm;\"><span style=\"line-height: normal;\"><span lang=\"ET\">L\u00fchidalt kokku v\u00f5ttes on meie missioon \u201choolimine\u201d ja \u201choolimise \u00f5petamine\u201d Teisis\u00f5nu \u2013 elurikkusest hooliva ja keskkonna tervikut m\u00f5istva looduskultuuri j\u00e4rjekindel edendamine lastest eakateni. <a href=\"#\" data-bs-toggle=\"modal\" data-bs-target=\"#popup-modal\" data-title=\"3\" data-content=\"Tallinna Loomaaed\">3<\/a> <\/span><\/span><\/p>\n<\/td>\n<\/tr>\n<tr>\n<td>\n<p style=\"margin-bottom: 0cm;\"><span style=\"line-height: normal;\"><span lang=\"ET\">Oleme uhked oma ajaloo ja traditsioonide \u00fcle, mis annavad meie otsustele julguse eristuda ja olla ainulaadsed. Unikaalsuse loovad meie t\u00f6\u00f6tajad, kliendid ja koost\u00f6\u00f6partnerid, kes on iga\u00fcks oluline osa meie loodavast ostuelamusest. <a href=\"#\" data-bs-toggle=\"modal\" data-bs-target=\"#popup-modal\" data-title=\"4\" data-content=\"Tallinna Kaubamaja Grupp AS\">4<\/a> <\/span><\/span><\/p>\n<\/td>\n<\/tr>\n<tr>\n<td>\n<p style=\"margin-bottom: 0cm;\"><span style=\"line-height: normal;\"><span lang=\"ET\">Meie visioon on olla tuntud ja tunnustatud spaa-traditsioonide kandja ja edasiarendaja L\u00e4\u00e4nemere regioonis ning eelistatuim tervisliku puhkuse veetmise asukoht Eestis. <a href=\"#\" data-bs-toggle=\"modal\" data-bs-target=\"#popup-modal\" data-title=\"5\" data-content=\"Tervise Paradiis O\u00dc\">5<\/a> <\/span><\/span><\/p>\n<\/td>\n<\/tr>\n<tr>\n<td>\n<p style=\"margin-bottom: 0cm;\"><span style=\"line-height: normal;\"><span lang=\"ET\">Oma teenuste ja panusega aitame arendada \u00fchiskonda ja kasvatada organisatsioonide konkurentsiv\u00f5imet. Rangelt paika pandud s\u00fcsteemi j\u00e4rgimise asemel peame oluliseks, et meie inimesed naudiksid oma t\u00f6\u00f6d ning vabadust seda ise korraldada ja vastutada. <a href=\"#\" data-bs-toggle=\"modal\" data-bs-target=\"#popup-modal\" data-title=\"6\" data-content=\"SRINI O\u00dc\">6<\/a> <\/span><\/span><\/p>\n<\/td>\n<\/tr>\n<tr>\n<td>\n<p style=\"margin-bottom: 0cm;\"><span style=\"line-height: normal;\"><span lang=\"ET\">Eesti ainukese \u00f5ppehaiglane on Tartu \u00dclikooli Kliinikum meditsiiniv\u00e4lja\u00f5ppel peamiseks praktikabaasiks erinevatele tervishoiuspetsialistidele. Meie t\u00f6\u00f6tajad on parimad eriala eksperdid, kes toetavad oma kolleege oskuste t\u00e4iendamisel. Kliinikum on meditsiinitudengite hinnangul k\u00f5ige atraktiivsem t\u00f6\u00f6andja 2017-2022. <a href=\"#\" data-bs-toggle=\"modal\" data-bs-target=\"#popup-modal\" data-title=\"7\" data-content=\"Tartu \u00dclikooli Kliinikum\">7<\/a> <\/span><\/span><\/p>\n<\/td>\n<\/tr>\n<tr>\n<td>\n<p style=\"margin-bottom: 0cm;\"><span style=\"line-height: normal;\"><span lang=\"ET\">\u00dcheskoos loome tulevikku vaatavaid energialahendusi ja inspireerime inimesi meie \u00fcmber liikuma rohelisema maailma suunas. <a href=\"#\" data-bs-toggle=\"modal\" data-bs-target=\"#popup-modal\" data-title=\"8\" data-content=\"Eesti Energia AS\">8<\/a> <\/span><\/span><\/p>\n<\/td>\n<\/tr>\n<tr>\n<td><span lang=\"ET\"><span style=\"line-height: 107%;\">Oskus m\u00e4rgata ja muuta midagi \u00fchiskonna paremaks on ka ettev\u00f5tlikkuse ja ettev\u00f5tlusp\u00e4devuse aluseks. Individuaalne areng ja kohalikku kogukonda panustamine peab olema alati kantud m\u00f5ttest muuta elukeskkonda Maal paremaks. Mitte ainult inimeste jaoks, vaid ka k\u00f5igile teistele eluvormidele, kellega me \u00fchist eluruumi jagame. <a href=\"#\" data-bs-toggle=\"modal\" data-bs-target=\"#popup-modal\" data-title=\"9\" data-content=\"Rakvere Riigig\u00fcmnaasium\">9<\/a> <\/span><\/span><\/td>\n<\/tr>\n<\/tbody>\n<\/table>\n<p dir=\"ltr\" role=\"presentation\"><\/p><\/div>\n        <\/div>\n        <\/div>\n    <\/div>\n<p dir=\"ltr\" role=\"presentation\"><\/p><div class=\"accordion mb-3\">\n        <div class=\"accordion-item accordion-item--white\">\n        <h2 class=\"accordion-header\" id=\"accordion-69df732399f31-heading\">\n            <button class=\"accordion-button collapsed\" type=\"button\" data-bs-toggle=\"collapse\" data-bs-target=\"#accordion-69df732399f31-collapse\" aria-expanded=\"true\" aria-controls=\"accordion-69df732399f31-collapse\"><img loading=\"lazy\" decoding=\"async\" class=\"alignnone wp-image-183\" src=\"https:\/\/sisu.ut.ee\/wp-content\/uploads\/sites\/598\/ulesanne-1024x1024.png\" alt=\"\" width=\"40\" height=\"40\" srcset=\"https:\/\/sisu.ut.ee\/wp-content\/uploads\/sites\/598\/ulesanne-1024x1024.png 1024w, https:\/\/sisu.ut.ee\/wp-content\/uploads\/sites\/598\/ulesanne-300x300.png 300w, https:\/\/sisu.ut.ee\/wp-content\/uploads\/sites\/598\/ulesanne-150x150.png 150w, https:\/\/sisu.ut.ee\/wp-content\/uploads\/sites\/598\/ulesanne-768x768.png 768w, https:\/\/sisu.ut.ee\/wp-content\/uploads\/sites\/598\/ulesanne.png 1080w\" sizes=\"auto, (max-width: 40px) 100vw, 40px\">\u00a0HARJUTUS 3<\/button>\n        <\/h2>\n        <div id=\"accordion-69df732399f31-collapse\" class=\"accordion-collapse collapse\" aria-labelledby=\"accordion-69df732399f31-heading\">\n            <div class=\"accordion-body\">\n<p dir=\"ltr\">Otsi veebilehtedelt <a href=\"https:\/\/www.tooelu.ee\/et\/126\/peresobraliku-tooandja-margis\" target=\"_blank\" rel=\"noopener\">https:\/\/www.tooelu.ee\/et\/126\/peresobraliku-tooandja-margis<\/a> v\u00f5i <a href=\"https:\/\/top101.ee\/\" target=\"_blank\" rel=\"noopener\">https:\/\/top101.ee\/<\/a> organisatsioone, keda n\u00e4ed enda potentsiaalse t\u00f6\u00f6andjana ja uuri nende kodulehtedelt, millised on nende organisatsioonide v\u00e4\u00e4rtused, missioon ja visioon. Kas need haakuvad sinu n\u00e4gemusega?<\/p><\/div>\n        <\/div>\n        <\/div>\n    <\/div>\n<hr>\n<p dir=\"ltr\"><img loading=\"lazy\" decoding=\"async\" title=\"\" src=\"https:\/\/sisu.ut.ee\/wp-content\/uploads\/sites\/598\/lisalugemine.png\" alt=\"juurde\" width=\"32\" height=\"32\" data-file_info=\"%7B%22fid%22:%2274975%22,%22view_mode%22:%22default%22,%22type%22:%22media%22%7D\">\u00a0LOE LISAKS 2\u00a0Monika Larini raamatust \u201cMis v\u00e4rvi on t\u00f6\u00f6?\u201d peat\u00fckki \u201cV\u00e4\u00e4rtused, meie otsuste selgroog\u201d.<\/p>\n<p dir=\"ltr\"><span style=\"vertical-align: baseline;\">Selleks, et teiste t\u00f6\u00f6andjate hulgas silma paista ja avaldada kandidaatidele muljet, on t\u00f6\u00f6andjad aasta aastalt \u00fcha rohkem p\u00f6\u00f6ranud t\u00e4helepanu ka oma motivatsioonipaketile. Kui m\u00f5ni aeg tagasi pakuti peamiselt vaid \u201ckonkurentsiv\u00f5imelist t\u00f6\u00f6tasu ja arenguv\u00f5imalusi\u201d, siis n\u00fc\u00fcd on pakutakse \u201carendusprojekte, millega m\u00f5jutad igap\u00e4evaselt tuhandete eestimaalaste elu\u201d, kaugt\u00f6\u00f6 v\u00f5imalusi, puuvilju, tervisekindlustust, tervisekompensatsiooni, m\u00f5ni pakub isegi \u0160veitsi \u0161okolaadi ja Kalamaja su\u0161it. \u00dcha rohkem pannakse v\u00e4lja ka palgapakkumine, et hoida kokku nii t\u00f6\u00f6andja kui ka t\u00f6\u00f6otsija t\u00f6\u00f6aega. Kui sulle on oluline t\u00f6\u00f6keskkonnaga seotud tegurid ja motivatsioonipakett, siis tasub sellesse t\u00f6\u00f6pakkumise l\u00f5iku s\u00fcveneda \u2013 kui v\u00f5rrelda organisatsioonide t\u00f6\u00f6pakkumisi, siis pikema motivatsioonipaketiga organisatsioonides viljeletakse eelduslikult ka organisatsioonikultuuri, mis t\u00f6\u00f6tajaid hindab ja v\u00e4\u00e4rtustab. <\/span><\/p>\n<hr>\n<div>\u00a0<\/div>\n<div>\u00a0<\/div>\n<div>\u00a0<\/div>\n<p dir=\"ltr\" style=\"text-align: justify; margin-top: 0pt; margin-bottom: 0pt;\" role=\"presentation\">\u00a0<\/p>","protected":false},"excerpt":{"rendered":"<p>1.1.1. ORGANISATSIOONI TUTVUSTUS Organisatsioonid n\u00e4evad tihti vaeva oma tutvustuse koostamisega, et k\u00f5netada neid inimesi, keda t\u00f6\u00f6turult leida soovitakse. Mida l\u00e4bim\u00f5eldum organisatsiooni tutvustus on, seda enam informatsiooni annab see ka v\u00f5imaliku tulevase t\u00f6\u00f6koha kohta. Kui vaadata organisatsiooni tutvustust kandideerimisdokumentide koostamise h\u00fcvanguks, &#8230;<\/p>\n","protected":false},"author":263,"featured_media":0,"parent":0,"menu_order":0,"comment_status":"closed","ping_status":"closed","template":"","meta":{"_acf_changed":false,"inline_featured_image":false,"footnotes":""},"class_list":["post-4","page","type-page","status-publish","hentry"],"acf":[],"_links":{"self":[{"href":"https:\/\/sisu.ut.ee\/edujategu20\/wp-json\/wp\/v2\/pages\/4","targetHints":{"allow":["GET"]}}],"collection":[{"href":"https:\/\/sisu.ut.ee\/edujategu20\/wp-json\/wp\/v2\/pages"}],"about":[{"href":"https:\/\/sisu.ut.ee\/edujategu20\/wp-json\/wp\/v2\/types\/page"}],"author":[{"embeddable":true,"href":"https:\/\/sisu.ut.ee\/edujategu20\/wp-json\/wp\/v2\/users\/263"}],"replies":[{"embeddable":true,"href":"https:\/\/sisu.ut.ee\/edujategu20\/wp-json\/wp\/v2\/comments?post=4"}],"version-history":[{"count":16,"href":"https:\/\/sisu.ut.ee\/edujategu20\/wp-json\/wp\/v2\/pages\/4\/revisions"}],"predecessor-version":[{"id":229,"href":"https:\/\/sisu.ut.ee\/edujategu20\/wp-json\/wp\/v2\/pages\/4\/revisions\/229"}],"wp:attachment":[{"href":"https:\/\/sisu.ut.ee\/edujategu20\/wp-json\/wp\/v2\/media?parent=4"}],"curies":[{"name":"wp","href":"https:\/\/api.w.org\/{rel}","templated":true}]}}