{"id":34,"date":"2024-04-04T08:21:11","date_gmt":"2024-04-04T05:21:11","guid":{"rendered":"https:\/\/sisu.ut.ee\/edujategu20\/kokkuvotteks\/"},"modified":"2024-04-23T15:55:45","modified_gmt":"2024-04-23T12:55:45","slug":"kokkuvotteks","status":"publish","type":"page","link":"https:\/\/sisu.ut.ee\/edujategu20\/kokkuvotteks\/","title":{"rendered":"Kokkuv\u00f5tteks"},"content":{"rendered":"<h1 class=\"wp-block-heading\"><img loading=\"lazy\" decoding=\"async\" width=\"40\" height=\"40\" class=\"wp-image-185\" style=\"width: 40px;\" src=\"https:\/\/sisu.ut.ee\/wp-content\/uploads\/sites\/598\/sissejuhatus.png\" alt=\"\" srcset=\"https:\/\/sisu.ut.ee\/wp-content\/uploads\/sites\/598\/sissejuhatus.png 1080w, https:\/\/sisu.ut.ee\/wp-content\/uploads\/sites\/598\/sissejuhatus-300x300.png 300w, https:\/\/sisu.ut.ee\/wp-content\/uploads\/sites\/598\/sissejuhatus-1024x1024.png 1024w, https:\/\/sisu.ut.ee\/wp-content\/uploads\/sites\/598\/sissejuhatus-150x150.png 150w, https:\/\/sisu.ut.ee\/wp-content\/uploads\/sites\/598\/sissejuhatus-768x768.png 768w\" sizes=\"auto, (max-width: 40px) 100vw, 40px\"> <span style=\"color: #28aae1;\">KOKKUV\u00d5TTEKS<\/span><\/h1>\n\n\n<p>N\u00fc\u00fcd kui oled samm-sammult l\u00e4binud \u00f5ppematerjali, oled varustatud teadmiste ja oskuste pagasiga ning tunned end antud teemal tegutsedes kindlamana. Tead, ka mida personalijuhid-v\u00e4rbajad arvavad ja oskad vastavalt t\u00f6\u00f6andjate ootustele enda dokumente t\u00e4psemaks muuta.<\/p>\n<p>\u00a0<\/p>\n<p dir=\"ltr\" style=\"text-align: justify; margin-top: 0pt; margin-bottom: 0pt;\"><img loading=\"lazy\" decoding=\"async\" class=\"alignnone wp-image-185\" src=\"https:\/\/sisu.ut.ee\/wp-content\/uploads\/sites\/598\/sissejuhatus-1024x1024.png\" alt=\"\" width=\"40\" height=\"40\" srcset=\"https:\/\/sisu.ut.ee\/wp-content\/uploads\/sites\/598\/sissejuhatus-1024x1024.png 1024w, https:\/\/sisu.ut.ee\/wp-content\/uploads\/sites\/598\/sissejuhatus-300x300.png 300w, https:\/\/sisu.ut.ee\/wp-content\/uploads\/sites\/598\/sissejuhatus-150x150.png 150w, https:\/\/sisu.ut.ee\/wp-content\/uploads\/sites\/598\/sissejuhatus-768x768.png 768w, https:\/\/sisu.ut.ee\/wp-content\/uploads\/sites\/598\/sissejuhatus.png 1080w\" sizes=\"auto, (max-width: 40px) 100vw, 40px\">\u00a0<span style=\"line-height: 1.38;\"><span style=\"vertical-align: baseline;\">L\u00e4bitud \u00f5ppematerjalist saadud teadmised ja praktilised harjutused aitavad sul kaasajastada oma kandideerimisdokumente. Oled n\u00fc\u00fcd rohkem teadlik oma tugevustest ning v\u00f5imalustest koostada erineva sisu ja vormiga kandideerimiseks vajaminevaid dokumente. Oled ka ennast l\u00e4bi harjutuste p\u00f5hjalikult anal\u00fc\u00fcsinud, siis seel\u00e4bi omad terviklikumat pilti iseendast, oma oskustest ja v\u00f5imalustest. <\/span><\/span><\/p>\n<p>\u00a0<\/p>\n<p dir=\"ltr\" style=\"text-align: justify; margin-top: 0pt; margin-bottom: 0pt;\"><span style=\"line-height: 1.38;\"><span style=\"vertical-align: baseline;\">Edukaid kandideerimisi!<\/span><\/span><\/p>\n<div>\u00a0<\/div>","protected":false},"excerpt":{"rendered":"<p>KOKKUV\u00d5TTEKS N\u00fc\u00fcd kui oled samm-sammult l\u00e4binud \u00f5ppematerjali, oled varustatud teadmiste ja oskuste pagasiga ning tunned end antud teemal tegutsedes kindlamana. Tead, ka mida personalijuhid-v\u00e4rbajad arvavad ja oskad vastavalt t\u00f6\u00f6andjate ootustele enda dokumente t\u00e4psemaks muuta. \u00a0 \u00a0L\u00e4bitud \u00f5ppematerjalist saadud teadmised ja &#8230;<\/p>\n","protected":false},"author":263,"featured_media":0,"parent":0,"menu_order":0,"comment_status":"closed","ping_status":"closed","template":"","meta":{"_acf_changed":false,"inline_featured_image":false,"footnotes":""},"class_list":["post-34","page","type-page","status-publish","hentry"],"acf":[],"_links":{"self":[{"href":"https:\/\/sisu.ut.ee\/edujategu20\/wp-json\/wp\/v2\/pages\/34","targetHints":{"allow":["GET"]}}],"collection":[{"href":"https:\/\/sisu.ut.ee\/edujategu20\/wp-json\/wp\/v2\/pages"}],"about":[{"href":"https:\/\/sisu.ut.ee\/edujategu20\/wp-json\/wp\/v2\/types\/page"}],"author":[{"embeddable":true,"href":"https:\/\/sisu.ut.ee\/edujategu20\/wp-json\/wp\/v2\/users\/263"}],"replies":[{"embeddable":true,"href":"https:\/\/sisu.ut.ee\/edujategu20\/wp-json\/wp\/v2\/comments?post=34"}],"version-history":[{"count":4,"href":"https:\/\/sisu.ut.ee\/edujategu20\/wp-json\/wp\/v2\/pages\/34\/revisions"}],"predecessor-version":[{"id":303,"href":"https:\/\/sisu.ut.ee\/edujategu20\/wp-json\/wp\/v2\/pages\/34\/revisions\/303"}],"wp:attachment":[{"href":"https:\/\/sisu.ut.ee\/edujategu20\/wp-json\/wp\/v2\/media?parent=34"}],"curies":[{"name":"wp","href":"https:\/\/api.w.org\/{rel}","templated":true}]}}