{"id":33,"date":"2024-04-04T08:21:10","date_gmt":"2024-04-04T05:21:10","guid":{"rendered":"https:\/\/sisu.ut.ee\/edujategu20\/loe-lisaks-ja-uuri-lahemalt\/"},"modified":"2024-04-23T15:41:27","modified_gmt":"2024-04-23T12:41:27","slug":"loe-lisaks-ja-uuri-lahemalt","status":"publish","type":"page","link":"https:\/\/sisu.ut.ee\/edujategu20\/loe-lisaks-ja-uuri-lahemalt\/","title":{"rendered":"Loe lisaks ja uuri l\u00e4hemalt"},"content":{"rendered":"<h1 class=\"wp-block-heading\"><img loading=\"lazy\" decoding=\"async\" width=\"40\" height=\"40\" class=\"wp-image-185\" style=\"width: 40px;\" src=\"https:\/\/sisu.ut.ee\/wp-content\/uploads\/sites\/598\/sissejuhatus.png\" alt=\"\" srcset=\"https:\/\/sisu.ut.ee\/wp-content\/uploads\/sites\/598\/sissejuhatus.png 1080w, https:\/\/sisu.ut.ee\/wp-content\/uploads\/sites\/598\/sissejuhatus-300x300.png 300w, https:\/\/sisu.ut.ee\/wp-content\/uploads\/sites\/598\/sissejuhatus-1024x1024.png 1024w, https:\/\/sisu.ut.ee\/wp-content\/uploads\/sites\/598\/sissejuhatus-150x150.png 150w, https:\/\/sisu.ut.ee\/wp-content\/uploads\/sites\/598\/sissejuhatus-768x768.png 768w\" sizes=\"auto, (max-width: 40px) 100vw, 40px\"> <span style=\"color: #28aae1;\">LOE LISAKS JA UURI L\u00c4HEMALT<\/span><\/h1>\n\n<ul>\n \t<li dir=\"ltr\" style=\"list-style-type: disc; color: #3f3f3f; vertical-align: baseline;\">\n<p dir=\"ltr\" style=\"text-align: justify; margin-top: 0pt; margin-bottom: 0pt;\" role=\"presentation\"><span style=\"line-height: 1.38;\"><a style=\"text-decoration: none;\" href=\"http:\/\/www.cvkeskus.ee\" target=\"_blank\" rel=\"noopener\"><span style=\"color: #1155cc;\"><span style=\"text-decoration: underline;\"><span style=\"vertical-align: baseline;\">www.cvkeskus.ee<\/span><\/span><\/span><\/a><\/span><\/p>\n<\/li>\n \t<li dir=\"ltr\" style=\"list-style-type: disc; color: #3f3f3f; vertical-align: baseline;\">\n<p dir=\"ltr\" style=\"text-align: justify; margin-top: 0pt; margin-bottom: 0pt;\" role=\"presentation\"><span style=\"line-height: 1.38;\"><a style=\"text-decoration: none;\" href=\"http:\/\/www.cv.ee\" target=\"_blank\" rel=\"noopener\"><span style=\"color: #1155cc;\"><span style=\"text-decoration: underline;\"><span style=\"vertical-align: baseline;\">w<\/span><\/span><\/span><span style=\"color: #1155cc;\"><span style=\"text-decoration: underline;\"><span style=\"vertical-align: baseline;\">w<\/span><\/span><\/span><span style=\"color: #1155cc;\"><span style=\"text-decoration: underline;\"><span style=\"vertical-align: baseline;\">w.cv.ee<\/span><\/span><\/span><\/a> <\/span><\/p>\n<\/li>\n \t<li dir=\"ltr\" style=\"list-style-type: disc; color: #3f3f3f; vertical-align: baseline;\">\n<p dir=\"ltr\" style=\"text-align: justify; margin-top: 0pt; margin-bottom: 0pt;\" role=\"presentation\"><span style=\"line-height: 1.38;\"><a style=\"text-decoration: none;\" href=\"https:\/\/www.tootukassa.ee\/et\/karjaarikujundajale\/karjaarikujundamine\" target=\"_blank\" rel=\"noopener\"><span style=\"color: #1155cc;\"><span style=\"text-decoration: underline;\"><span style=\"vertical-align: baseline;\">https:\/\/www.tootukassa.ee\/et\/karjaarikujundajale\/karjaarikujundamine<\/span><\/span><\/span><\/a> <\/span><\/p>\n<\/li>\n \t<li dir=\"ltr\" style=\"list-style-type: disc; color: #3f3f3f; vertical-align: baseline;\">\n<p dir=\"ltr\" style=\"text-align: justify; margin-top: 0pt; margin-bottom: 0pt;\" role=\"presentation\"><span style=\"line-height: 1.38;\"><a style=\"text-decoration: none;\" href=\"http:\/\/www.teeviit.ee\" target=\"_blank\" rel=\"noopener\"><span style=\"color: #1155cc;\"><span style=\"text-decoration: underline;\"><span style=\"vertical-align: baseline;\">www.teeviit.ee<\/span><\/span><\/span><\/a> \u2013 <\/span>t\u00f6\u00f6 ja karj\u00e4\u00e4ri alarubriik<\/p>\n<\/li>\n \t<li dir=\"ltr\" style=\"list-style-type: disc; color: #3f3f3f; vertical-align: baseline;\">\n<p dir=\"ltr\" style=\"text-align: justify; margin-top: 0pt; margin-bottom: 0pt;\" role=\"presentation\"><span style=\"line-height: 1.38;\"><span style=\"vertical-align: baseline;\">Raamat \u2013 Tiina Saar-Veelmaa \u201cT\u00f6\u00f6ga \u00f5nnelikuks\u201d (2022)<\/span><\/span><\/p>\n<\/li>\n \t<li dir=\"ltr\" style=\"list-style-type: disc; color: #3f3f3f; vertical-align: baseline;\">\n<p dir=\"ltr\" style=\"text-align: justify; margin-top: 0pt; margin-bottom: 0pt;\" role=\"presentation\"><span style=\"line-height: 1.38;\"><span style=\"vertical-align: baseline;\">Raamat \u2013 Monika Larini \u201cMis v\u00e4rvi on t\u00f6\u00f6?\u201d (2022)<\/span><\/span><\/p>\n<\/li>\n \t<li dir=\"ltr\" style=\"list-style-type: disc; color: #3f3f3f; vertical-align: baseline;\">\n<p dir=\"ltr\" style=\"text-align: justify; margin-top: 0pt; margin-bottom: 0pt;\" role=\"presentation\"><span style=\"line-height: 1.38;\"><span style=\"vertical-align: baseline;\">Raamat \u2013 Irene Annus \u201cPalgateadlik l\u00e4bi elu\u201d (2023)<\/span><\/span><\/p>\n<\/li>\n \t<li dir=\"ltr\" style=\"list-style-type: disc; color: #3f3f3f; vertical-align: baseline;\">\n<p dir=\"ltr\" style=\"margin-top: 0pt; margin-bottom: 0pt; text-align: left;\" role=\"presentation\"><span style=\"line-height: 1.38;\"><span style=\"vertical-align: baseline;\">Videosalvestus vestlusest v\u00e4rbajatega Tallinna karj\u00e4\u00e4rikeskuses \u2013 <\/span><a style=\"text-decoration: none;\" href=\"https:\/\/www.facebook.com\/MinukarjaarTallinnasjaHarjumaal\/videos\/739382726768213\" target=\"_blank\" rel=\"noopener\"><span style=\"color: #1155cc;\"><span style=\"text-decoration: underline;\"><span style=\"vertical-align: baseline;\">https:\/\/www.facebook.com\/MinukarjaarTallinnasjaHarjumaal\/videos\/739382726768213<\/span><\/span><\/span><\/a> <\/span><\/p>\n<\/li>\n \t<li><span style=\"color: #3f3f3f;\"><span style=\"vertical-align: baseline;\">Tallinna karj\u00e4\u00e4rikeskuse podcast \u201cKarj\u00e4\u00e4riminutid\u201d \u201cT\u00f6\u00f6le kandideerimine ja \u00e4ra\u00fctlevad vastused\u201d <\/span><\/span><a style=\"text-decoration: none;\" href=\"https:\/\/www.facebook.com\/MinukarjaarTallinnasjaHarjumaal\/videos\/1047526979503010\/\" target=\"_blank\" rel=\"noopener\"><span style=\"color: #1155cc;\"><span style=\"text-decoration: underline;\"><span style=\"vertical-align: baseline;\">https:\/\/www.facebook.com\/MinukarjaarTallinnasjaHarjumaal\/videos\/1047526979503010\/<\/span><\/span><\/span><\/a><\/li>\n<\/ul>","protected":false},"excerpt":{"rendered":"<p>LOE LISAKS JA UURI L\u00c4HEMALT www.cvkeskus.ee www.cv.ee https:\/\/www.tootukassa.ee\/et\/karjaarikujundajale\/karjaarikujundamine www.teeviit.ee \u2013 t\u00f6\u00f6 ja karj\u00e4\u00e4ri alarubriik Raamat \u2013 Tiina Saar-Veelmaa \u201cT\u00f6\u00f6ga \u00f5nnelikuks\u201d (2022) Raamat \u2013 Monika Larini \u201cMis v\u00e4rvi on t\u00f6\u00f6?\u201d (2022) Raamat \u2013 Irene Annus \u201cPalgateadlik l\u00e4bi elu\u201d (2023) Videosalvestus vestlusest &#8230;<\/p>\n","protected":false},"author":263,"featured_media":0,"parent":0,"menu_order":0,"comment_status":"closed","ping_status":"closed","template":"","meta":{"_acf_changed":false,"inline_featured_image":false,"footnotes":""},"class_list":["post-33","page","type-page","status-publish","hentry"],"acf":[],"_links":{"self":[{"href":"https:\/\/sisu.ut.ee\/edujategu20\/wp-json\/wp\/v2\/pages\/33","targetHints":{"allow":["GET"]}}],"collection":[{"href":"https:\/\/sisu.ut.ee\/edujategu20\/wp-json\/wp\/v2\/pages"}],"about":[{"href":"https:\/\/sisu.ut.ee\/edujategu20\/wp-json\/wp\/v2\/types\/page"}],"author":[{"embeddable":true,"href":"https:\/\/sisu.ut.ee\/edujategu20\/wp-json\/wp\/v2\/users\/263"}],"replies":[{"embeddable":true,"href":"https:\/\/sisu.ut.ee\/edujategu20\/wp-json\/wp\/v2\/comments?post=33"}],"version-history":[{"count":5,"href":"https:\/\/sisu.ut.ee\/edujategu20\/wp-json\/wp\/v2\/pages\/33\/revisions"}],"predecessor-version":[{"id":306,"href":"https:\/\/sisu.ut.ee\/edujategu20\/wp-json\/wp\/v2\/pages\/33\/revisions\/306"}],"wp:attachment":[{"href":"https:\/\/sisu.ut.ee\/edujategu20\/wp-json\/wp\/v2\/media?parent=33"}],"curies":[{"name":"wp","href":"https:\/\/api.w.org\/{rel}","templated":true}]}}