{"id":32,"date":"2024-04-04T08:21:10","date_gmt":"2024-04-04T05:21:10","guid":{"rendered":"https:\/\/sisu.ut.ee\/edujategu20\/kasutatud-allikad-ja-kusitletud-praktikud\/"},"modified":"2024-04-23T15:43:11","modified_gmt":"2024-04-23T12:43:11","slug":"kasutatud-allikad-ja-kusitletud-praktikud","status":"publish","type":"page","link":"https:\/\/sisu.ut.ee\/edujategu20\/kasutatud-allikad-ja-kusitletud-praktikud\/","title":{"rendered":"Kasutatud allikad ja k\u00fcsitletud praktikud"},"content":{"rendered":"<h1 class=\"wp-block-heading\"><img loading=\"lazy\" decoding=\"async\" width=\"40\" height=\"40\" class=\"wp-image-185\" style=\"width: 40px;\" src=\"https:\/\/sisu.ut.ee\/wp-content\/uploads\/sites\/598\/sissejuhatus.png\" alt=\"\" srcset=\"https:\/\/sisu.ut.ee\/wp-content\/uploads\/sites\/598\/sissejuhatus.png 1080w, https:\/\/sisu.ut.ee\/wp-content\/uploads\/sites\/598\/sissejuhatus-300x300.png 300w, https:\/\/sisu.ut.ee\/wp-content\/uploads\/sites\/598\/sissejuhatus-1024x1024.png 1024w, https:\/\/sisu.ut.ee\/wp-content\/uploads\/sites\/598\/sissejuhatus-150x150.png 150w, https:\/\/sisu.ut.ee\/wp-content\/uploads\/sites\/598\/sissejuhatus-768x768.png 768w\" sizes=\"auto, (max-width: 40px) 100vw, 40px\"> <span style=\"color: #28aae1;\">KASUTATUD ALLIKAD JA K\u00dcSITLETUD PRAKTIKUD<\/span><\/h1>\n\n\n<p dir=\"ltr\" style=\"text-align: justify; margin-top: 0pt; margin-bottom: 0pt;\"><span style=\"line-height: 1.38;\"><span style=\"vertical-align: baseline;\">Lisaks \u00f5ppematerjalis viidatud allikatele kasutati \u00f5ppematerjali koostamisel veel j\u00e4rgmisi allikaid: <\/span><\/span><\/p>\n<ul>\n<li dir=\"ltr\"><span style=\"line-height: 1.38;\"><a style=\"text-decoration: none;\" href=\"https:\/\/www.tootukassa.ee\/et\/teenused\/toootsingud\/abiks-kandideerijale\" target=\"_blank\" rel=\"noopener\"><span style=\"color: #1155cc;\"><span style=\"text-decoration: underline;\"><span style=\"vertical-align: baseline;\">https:\/\/www.tootukassa.ee\/et\/teenused\/toootsingud\/abiks-kandideerijale<\/span><\/span><\/span><\/a> <\/span><\/li>\n<li dir=\"ltr\"><span style=\"line-height: 1.38;\"><a style=\"text-decoration: none;\" href=\"https:\/\/www.tootukassa.ee\/web\/sites\/default\/files\/2022-07\/CV%20ja%20Motivatsioonikirja%20n%C3%A4idis%20infograafiline_lillepoe%20m%C3%BC%C3%BCja_Mari%20Murakas.pdf\" target=\"_blank\" rel=\"noopener\"><span style=\"color: #1155cc;\"><span style=\"text-decoration: underline;\"><span style=\"vertical-align: baseline;\">https:\/\/www.tootukassa.ee\/web\/sites\/default\/files\/2022-07\/CV%20ja%20Motivatsioonikirja%20n%C3%A4idis%20infograafiline_lillepoe%20m%C3%BC%C3%BCja_Mari%20Murakas.pdf<\/span><\/span><\/span><\/a><\/span><\/li>\n<li dir=\"ltr\"><span style=\"line-height: 1.38;\"><a style=\"text-decoration: none;\" href=\"https:\/\/www.instar.ee\/varbamisturundus-ja-tooandja-branding-mida-teevad-parimad\/\"><span style=\"color: #1155cc;\"><span style=\"text-decoration: underline;\"><span style=\"vertical-align: baseline;\">https:\/\/www.instar.ee\/varbamisturundus-ja-tooandja-branding-mida-teevad-parimad\/<\/span><\/span><\/span><\/a> <\/span><\/li>\n<li dir=\"ltr\"><span style=\"line-height: 1.38;\"><a style=\"text-decoration: none;\" href=\"https:\/\/mashable.com\/archive\/history-of-the-resume#aGlpSLoQGkqq\" target=\"_blank\" rel=\"noopener\"><span style=\"color: #1155cc;\"><span style=\"text-decoration: underline;\"><span style=\"vertical-align: baseline;\">https:\/\/mashable.com\/archive\/history-of-the-resume#aGlpSLoQGkqq<\/span><\/span><\/span><\/a><\/span><\/li>\n<li dir=\"ltr\"><span style=\"line-height: 1.38;\"><a style=\"text-decoration: none;\" href=\"https:\/\/resources.workable.com\/stories-and-insights\/history-of-the-resume\" target=\"_blank\" rel=\"noopener\"><span style=\"color: #1155cc;\"><span style=\"text-decoration: underline;\"><span style=\"vertical-align: baseline;\">https:\/\/resources.workable.com\/stories-and-insights\/history-of-the-resume<\/span><\/span><\/span><\/a><\/span><\/li>\n<li dir=\"ltr\"><span style=\"line-height: 1.38;\"><a style=\"text-decoration: none;\" href=\"https:\/\/theundercoverrecruiter.com\/infographic-the-history-applying-jobs\/\" target=\"_blank\" rel=\"noopener\"><span style=\"color: #1155cc;\"><span style=\"text-decoration: underline;\"><span style=\"vertical-align: baseline;\">https:\/\/theundercoverrecruiter.com\/infographic-the-history-applying-jobs\/<\/span><\/span><\/span><\/a><\/span><\/li>\n<li dir=\"ltr\"><span style=\"line-height: 1.38;\"><a style=\"text-decoration: none;\" href=\"https:\/\/theundercoverrecruiter.com\/history-resume-info\/\" target=\"_blank\" rel=\"noopener\"><span style=\"color: #1155cc;\"><span style=\"text-decoration: underline;\"><span style=\"vertical-align: baseline;\">https:\/\/theundercoverrecruiter.com\/history-resume-info\/<\/span><\/span><\/span><\/a><\/span><\/li>\n<li dir=\"ltr\" style=\"text-align: justify;\"><span style=\"line-height: 1.38;\"><span style=\"vertical-align: baseline;\">Kadri Vilba. Kaasaegsete v\u00e4rbamiskanalite ja -p\u00f5him\u00f5tete rakendamine Eesti avaliku teenistuse asutuste n\u00e4itel. Magistrit\u00f6\u00f6.<\/span><\/span><\/li>\n<li dir=\"ltr\" style=\"text-align: justify;\"><span style=\"line-height: 1.38;\"><span style=\"background-color: #fbfafb;\"><span style=\"vertical-align: baseline;\">K\u00e4ty Sipelgas. Tehnoloogia kasutamine v\u00e4rbamisprotsessides Eesti jaekaubandusettev\u00f5tete n\u00e4itel. Bakalaureuset\u00f6\u00f6. <\/span><\/span><\/span><\/li>\n<li dir=\"ltr\" style=\"text-align: justify;\"><span style=\"line-height: 1.38;\"><span style=\"vertical-align: baseline;\">Maarja N\u00e4rska. M\u00e4ngustamine v\u00e4rbamisturunduses: noorte hoiak ja roll vakantse positisiooni ja organisatsiooni atraktiivsusele. Bakalaureuset\u00f6\u00f6.<\/span><\/span><\/li>\n<\/ul>\n<p dir=\"ltr\" style=\"margin-top: 0pt; margin-bottom: 0pt;\"><span style=\"line-height: 1.38;\"><span style=\"font-weight: bold;\"><span style=\"vertical-align: baseline;\">Suur t\u00e4nu praktikutele, personalijuhtidele ja v\u00e4rbajatele k\u00fcsimustele vastamise eest!<\/span><\/span><\/span><\/p>\n<ul>\n<li dir=\"ltr\"><span style=\"line-height: 1.38;\"><span style=\"vertical-align: baseline;\">Jane Ilm, personalijuht Fairown Holding O\u00dc ja omanik asutuses Peoplefy O\u00dc<\/span><\/span><\/li>\n<li dir=\"ltr\"><span style=\"line-height: 1.38;\"><span style=\"vertical-align: baseline;\">Madis Roodla, juhtivpartner, ISG Eesti<\/span><\/span><\/li>\n<li dir=\"ltr\"><span style=\"line-height: 1.38;\"><span style=\"vertical-align: baseline;\">Riina Padar-Leppiman, personalijuht, Nordecon AS<\/span><\/span><\/li>\n<li dir=\"ltr\"><span style=\"line-height: 1.38;\"><span style=\"vertical-align: baseline;\">Signe Ploom, personalispetsialist, Barrus AS<\/span><\/span><\/li>\n<\/ul>\n<div>\u00a0<\/div>\n<div>\u00a0<\/div>","protected":false},"excerpt":{"rendered":"<p>KASUTATUD ALLIKAD JA K\u00dcSITLETUD PRAKTIKUD Lisaks \u00f5ppematerjalis viidatud allikatele kasutati \u00f5ppematerjali koostamisel veel j\u00e4rgmisi allikaid: https:\/\/www.tootukassa.ee\/et\/teenused\/toootsingud\/abiks-kandideerijale https:\/\/www.tootukassa.ee\/web\/sites\/default\/files\/2022-07\/CV%20ja%20Motivatsioonikirja%20n%C3%A4idis%20infograafiline_lillepoe%20m%C3%BC%C3%BCja_Mari%20Murakas.pdf https:\/\/www.instar.ee\/varbamisturundus-ja-tooandja-branding-mida-teevad-parimad\/ https:\/\/mashable.com\/archive\/history-of-the-resume#aGlpSLoQGkqq https:\/\/resources.workable.com\/stories-and-insights\/history-of-the-resume https:\/\/theundercoverrecruiter.com\/infographic-the-history-applying-jobs\/ https:\/\/theundercoverrecruiter.com\/history-resume-info\/ Kadri Vilba. Kaasaegsete v\u00e4rbamiskanalite ja -p\u00f5him\u00f5tete rakendamine Eesti avaliku teenistuse asutuste n\u00e4itel. Magistrit\u00f6\u00f6. K\u00e4ty Sipelgas. Tehnoloogia kasutamine v\u00e4rbamisprotsessides &#8230;<\/p>\n","protected":false},"author":263,"featured_media":0,"parent":0,"menu_order":0,"comment_status":"closed","ping_status":"closed","template":"","meta":{"_acf_changed":false,"inline_featured_image":false,"footnotes":""},"class_list":["post-32","page","type-page","status-publish","hentry"],"acf":[],"_links":{"self":[{"href":"https:\/\/sisu.ut.ee\/edujategu20\/wp-json\/wp\/v2\/pages\/32","targetHints":{"allow":["GET"]}}],"collection":[{"href":"https:\/\/sisu.ut.ee\/edujategu20\/wp-json\/wp\/v2\/pages"}],"about":[{"href":"https:\/\/sisu.ut.ee\/edujategu20\/wp-json\/wp\/v2\/types\/page"}],"author":[{"embeddable":true,"href":"https:\/\/sisu.ut.ee\/edujategu20\/wp-json\/wp\/v2\/users\/263"}],"replies":[{"embeddable":true,"href":"https:\/\/sisu.ut.ee\/edujategu20\/wp-json\/wp\/v2\/comments?post=32"}],"version-history":[{"count":4,"href":"https:\/\/sisu.ut.ee\/edujategu20\/wp-json\/wp\/v2\/pages\/32\/revisions"}],"predecessor-version":[{"id":309,"href":"https:\/\/sisu.ut.ee\/edujategu20\/wp-json\/wp\/v2\/pages\/32\/revisions\/309"}],"wp:attachment":[{"href":"https:\/\/sisu.ut.ee\/edujategu20\/wp-json\/wp\/v2\/media?parent=32"}],"curies":[{"name":"wp","href":"https:\/\/api.w.org\/{rel}","templated":true}]}}