{"id":3,"date":"2024-04-04T08:21:07","date_gmt":"2024-04-04T05:21:07","guid":{"rendered":"https:\/\/sisu.ut.ee\/edujategu20\/kkk\/"},"modified":"2024-04-23T15:54:37","modified_gmt":"2024-04-23T12:54:37","slug":"kkk","status":"publish","type":"page","link":"https:\/\/sisu.ut.ee\/edujategu20\/kkk\/","title":{"rendered":"2.1.11. Korduma kippuvad k\u00fcsimused (KKK)"},"content":{"rendered":"<h1 class=\"wp-block-heading\"><img loading=\"lazy\" decoding=\"async\" width=\"40\" height=\"40\" class=\"wp-image-185\" style=\"width: 40px;\" src=\"https:\/\/sisu.ut.ee\/wp-content\/uploads\/sites\/598\/sissejuhatus.png\" alt=\"\" srcset=\"https:\/\/sisu.ut.ee\/wp-content\/uploads\/sites\/598\/sissejuhatus.png 1080w, https:\/\/sisu.ut.ee\/wp-content\/uploads\/sites\/598\/sissejuhatus-300x300.png 300w, https:\/\/sisu.ut.ee\/wp-content\/uploads\/sites\/598\/sissejuhatus-1024x1024.png 1024w, https:\/\/sisu.ut.ee\/wp-content\/uploads\/sites\/598\/sissejuhatus-150x150.png 150w, https:\/\/sisu.ut.ee\/wp-content\/uploads\/sites\/598\/sissejuhatus-768x768.png 768w\" sizes=\"auto, (max-width: 40px) 100vw, 40px\"> <span style=\"color: #28aae1;\">2.1.11. KORDUMA KIPPUVAD K\u00dcSIMUSED (KKK)<\/span><\/h1>\n\n\n<p><\/p><div class=\"accordion mb-3\">\n        <div class=\"accordion-item accordion-item--white\">\n        <h2 class=\"accordion-header\" id=\"accordion-69df5623b5f72-heading\">\n            <button class=\"accordion-button collapsed\" type=\"button\" data-bs-toggle=\"collapse\" data-bs-target=\"#accordion-69df5623b5f72-collapse\" aria-expanded=\"true\" aria-controls=\"accordion-69df5623b5f72-collapse\">\u00a0<a id=\"22\" name=\"22\"><\/a>\u00a01. Kas CV-le peab kindlasti lisama oma foto? Milline see foto peaks olema?<\/button>\n        <\/h2>\n        <div id=\"accordion-69df5623b5f72-collapse\" class=\"accordion-collapse collapse\" aria-labelledby=\"accordion-69df5623b5f72-heading\">\n            <div class=\"accordion-body\">Foto lisamine CV-le annab kandideerijale v\u00f5imaluse paremini silma j\u00e4\u00e4da ja aitab t\u00f6\u00f6andjal hiljem peale vestlusvooru toimumist isikut ja CV-d kokku viia.\n<p>Milline siis on \u00fcks hea foto, mida tasub CV-le lisada?<\/p>\n<p>Fotol peaksid domineerima sina, mitte taust v\u00f5i k\u00f5rvaltegelased.<\/p>\n<p>Fotol peaksid olema \u00fcksi, mitte koos s\u00f5prade, lemmiklooma v\u00f5i perega.<\/p>\n<p>Vali fotole \u00f5ige taust, j\u00e4lgi, et seal poleks palju \u201cm\u00fcra\u201d.<\/p>\n<p>Liigselt photoshopitud, liigse meigiga v\u00f5i uhke soenguga pilt ei ole vajalik, sest v\u00f5ib juhtuda, et intervjuule ilmudes ei tunne t\u00f6\u00f6andja sind \u00e4ra ja see tekitab asjatut segadust.<\/p>\n<p>Ole loomulik! Ole fotol professionaalne, s\u00f5bralik ja usaldusv\u00e4\u00e4rne.<\/p>\n<p>Foto olgu tehtud hiljuti, \u00e4ra kasuta oma noorp\u00f5lvefotot. Foto v\u00f5ib olla ka ise tehtud, kuid v\u00f5iksid kaaluda professionaalse fotograafi teenuseid.<\/p><\/div>\n        <\/div>\n        <\/div>\n    <\/div>\n\n\n<p><\/p><div class=\"accordion mb-3\">\n        <div class=\"accordion-item accordion-item--white\">\n        <h2 class=\"accordion-header\" id=\"accordion-69df5623b5f95-heading\">\n            <button class=\"accordion-button collapsed\" type=\"button\" data-bs-toggle=\"collapse\" data-bs-target=\"#accordion-69df5623b5f95-collapse\" aria-expanded=\"true\" aria-controls=\"accordion-69df5623b5f95-collapse\"><a id=\"23\" name=\"23\"><\/a>2. Kas pean CV-s \u00fcles loetlema k\u00f5ik oma t\u00f6\u00f6kohad ja haridusasutused, kus olen kunagi \u00f5ppinud?<\/button>\n        <\/h2>\n        <div id=\"accordion-69df5623b5f95-collapse\" class=\"accordion-collapse collapse\" aria-labelledby=\"accordion-69df5623b5f95-heading\">\n            <div class=\"accordion-body\">CV-sse tuleks lisada k\u00f5ige asjakohasemad t\u00f6\u00f6kogemused, sest t\u00f6\u00f6andja soovib n\u00e4ha sinu teekonda ja kogemusi. Kui t\u00f6\u00f6kohal on k\u00f5rgharidusn\u00f5ue, siis pole m\u00f5tet esile tuua algkooli ja p\u00f5hikooli, kus \u00f5ppisid; g\u00fcmnaasium on aga alati asjakohane v\u00e4lja tuua.<br>\nV\u00e4heste t\u00f6\u00f6kogemuste korral pigem too esile k\u00f5ik oma t\u00f6\u00f6kohad ja tegevused, sh tegevus vabatahtlikuna, aktiivsus organisatsioonides, malevas jne.<\/div>\n        <\/div>\n        <\/div>\n    <\/div>\n\n\n<p><\/p><div class=\"accordion mb-3\">\n        <div class=\"accordion-item accordion-item--white\">\n        <h2 class=\"accordion-header\" id=\"accordion-69df5623b5f9a-heading\">\n            <button class=\"accordion-button collapsed\" type=\"button\" data-bs-toggle=\"collapse\" data-bs-target=\"#accordion-69df5623b5f9a-collapse\" aria-expanded=\"true\" aria-controls=\"accordion-69df5623b5f9a-collapse\"><a id=\"23\" name=\"23\"><\/a>3. Kuidas t\u00e4ita l\u00fcnki oma CV-s? N\u00e4iteks kui olen viibinud vanemapuhkusel, olnud t\u00f6\u00f6tu v\u00f5i pikemalt haige?<\/button>\n        <\/h2>\n        <div id=\"accordion-69df5623b5f9a-collapse\" class=\"accordion-collapse collapse\" aria-labelledby=\"accordion-69df5623b5f9a-heading\">\n            <div class=\"accordion-body\">Ole aus! Kui j\u00e4tad oma CV-sse l\u00fcngad, siis ole valmis neid kohti t\u00f6\u00f6andjale intervjuu k\u00e4igus avama ning selgitama. CV-sse v\u00f5ib panna kirja, et viibisid vanemapuhkusel v\u00f5i hooldasid haigusperioodil l\u00e4hedast pereliiget. T\u00f6\u00f6tusperioodi kohta saad m\u00e4rkida, millistel koolitustel ja kursustel sel perioodil osalesid ja aktiivsena p\u00fcsisid (sh e-koolitused, kursused jms eneset\u00e4iendamine, eneseareng, t\u00f6\u00f6ampsud, vabatahtlik t\u00f6\u00f6 jne).<\/div>\n        <\/div>\n        <\/div>\n    <\/div>\n\n\n<p><\/p><div class=\"accordion mb-3\">\n        <div class=\"accordion-item accordion-item--white\">\n        <h2 class=\"accordion-header\" id=\"accordion-69df5623b5f9e-heading\">\n            <button class=\"accordion-button collapsed\" type=\"button\" data-bs-toggle=\"collapse\" data-bs-target=\"#accordion-69df5623b5f9e-collapse\" aria-expanded=\"true\" aria-controls=\"accordion-69df5623b5f9e-collapse\"><a id=\"24\" name=\"24\"><\/a>4. Miks on vaja mainida oma hobisid ja organisatsioonilist kuuluvust?<\/button>\n        <\/h2>\n        <div id=\"accordion-69df5623b5f9e-collapse\" class=\"accordion-collapse collapse\" aria-labelledby=\"accordion-69df5623b5f9e-heading\">\n            <div class=\"accordion-body\">Nende aspektide esiletoomine ja mainimine annab aimu sinu isikust, hobid-huvid on heaks \u00fclevaateks sinu tegevustest v\u00e4ljaspool t\u00f6\u00f6elu, millega saaksid ehk rikastada ka t\u00f6\u00f6elu ja panustada organisatsiooni \u00fchistegevusse. N\u00e4iteks kui oled pallim\u00e4ngu v\u00f5i laulus\u00f5ber, siis too see kindlasti esile, sest asutuses, kuhu kandideerimas oled, v\u00f5ivad olla just need \u00fchistegevused au sees (saad seda uurida n\u00f6 taustauuringu faasis, kui organisatsiooni kohta infot otsid)<\/div>\n        <\/div>\n        <\/div>\n    <\/div>\n\n\n<p><\/p><div class=\"accordion mb-3\">\n        <div class=\"accordion-item accordion-item--white\">\n        <h2 class=\"accordion-header\" id=\"accordion-69df5623b5fa2-heading\">\n            <button class=\"accordion-button collapsed\" type=\"button\" data-bs-toggle=\"collapse\" data-bs-target=\"#accordion-69df5623b5fa2-collapse\" aria-expanded=\"true\" aria-controls=\"accordion-69df5623b5fa2-collapse\"><a id=\"25\" name=\"25\"><\/a>5. Kui t\u00f6\u00f6kuulutuses on n\u00f5utud autojuhilubade olemasolu v\u00f5i vene keele oskust, aga need oskused mul puuduvad, siis mida teha?<\/button>\n        <\/h2>\n        <div id=\"accordion-69df5623b5fa2-collapse\" class=\"accordion-collapse collapse\" aria-labelledby=\"accordion-69df5623b5fa2-heading\">\n            <div class=\"accordion-body\">Ka siinkohal ole aus! N\u00e4ita oma valmisolekut enesearenguks ja eneset\u00e4iendamiseks, kursustel k\u00e4imine ja uute oskuste omandamine kuulub t\u00f6\u00f6elu juurde ja k\u00f5ik oma eriala spetsialistid ei saa olla valmis koos k\u00f5ikide h\u00fcvedega t\u00f6\u00f6andja jaoks. Aga ole ka valmis, et t\u00f6\u00f6andja praagib su CV v\u00e4lja, sest kui t\u00f6\u00f6ks on vaja autojuhilube, siis ilma nendeta ei saa. <\/div>\n        <\/div>\n        <\/div>\n    <\/div>\n\n\n<p><\/p><div class=\"accordion mb-3\">\n        <div class=\"accordion-item accordion-item--white\">\n        <h2 class=\"accordion-header\" id=\"accordion-69df5623b5fb5-heading\">\n            <button class=\"accordion-button collapsed\" type=\"button\" data-bs-toggle=\"collapse\" data-bs-target=\"#accordion-69df5623b5fb5-collapse\" aria-expanded=\"true\" aria-controls=\"accordion-69df5623b5fb5-collapse\"><a id=\"26\" name=\"26\"><\/a>6. Mida annab soovitajate lisamine CV-sse?<\/button>\n        <\/h2>\n        <div id=\"accordion-69df5623b5fb5-collapse\" class=\"accordion-collapse collapse\" aria-labelledby=\"accordion-69df5623b5fb5-heading\">\n            <div class=\"accordion-body\">V\u00f5imaluse korral lisa oma CVsse ka soovitajad. Soovitajate lisamine n\u00e4itab kandideerija usaldusv\u00e4\u00e4rsust. Kui sinu t\u00f6\u00f6teel on olnud inimesi, kes sinu eest kostavad ja sinu \u00f6eldut CVs kinnitavad, toob see ainult plusspunkte t\u00f6\u00f6andja silmis.<br>\nT\u00e4iesti piisav on kuni kolm soovitajat ning kindlasti tuleks nendega eelnevalt kokku leppida ja l\u00e4bi r\u00e4\u00e4kida, et oled kandideerimas v\u00f5i uute v\u00e4ljakutsete otsingutel ja lisada neile sobiv p\u00f6\u00f6rdumisviis, kas siis telefoni v\u00f5i e-kirja n\u00e4ol.<br>\nSoovitajateks ei sobi pereliikmed.<br>\nHea oleks, kui soovitajad teavad sind iseloomustada kui t\u00f6\u00f6tajat, kolleegi ning oleksid inimesed, kellega oled t\u00f6\u00f6alaselt rohkem kokku puutunud. Koolil\u00f5petajate puhul sobivad soovitajateks ka \u00f5petajad, huvijuhid, noorsoot\u00f6\u00f6tajad, treenerid jne.<br>\nKontrolli kindlasti \u00fcle ka soovitajate kontaktandmed!<\/div>\n        <\/div>\n        <\/div>\n    <\/div>\n\n\n<p><\/p><div class=\"accordion mb-3\">\n        <div class=\"accordion-item accordion-item--white\">\n        <h2 class=\"accordion-header\" id=\"accordion-69df5623b5fb9-heading\">\n            <button class=\"accordion-button collapsed\" type=\"button\" data-bs-toggle=\"collapse\" data-bs-target=\"#accordion-69df5623b5fb9-collapse\" aria-expanded=\"true\" aria-controls=\"accordion-69df5623b5fb9-collapse\"><a id=\"27\" name=\"27\"><\/a>7. Milline peaks olema minu e-posti aadress?<\/button>\n        <\/h2>\n        <div id=\"accordion-69df5623b5fb9-collapse\" class=\"accordion-collapse collapse\" aria-labelledby=\"accordion-69df5623b5fb9-heading\">\n            <div class=\"accordion-body\">Kontaktide osa on oluline, sest ainult l\u00e4bi nende on v\u00f5imalik sinu kui potentsiaalse t\u00f6\u00f6tajaga \u00fchendust v\u00f5tta! Sageli on seal hooletusvead n\u00e4iteks telefoninumbri m\u00e4rkimisel vms.<br>\nLevinud veaks on ka aegunud e-posti aadresside lisamine v\u00f5i h\u00fc\u00fcdnimedega loodud e-posti aadresside kasutamine. Ei ole t\u00f5siseltv\u00f5etav, kui kandideerid t\u00f6\u00f6le panka v\u00f5i turvat\u00f6\u00f6tajaks n\u00e4iteks e-posti aadressiga roosapanter123@mail.ee v\u00f5i tigekala@gmail.com. E-posti aadress v\u00f5iks v\u00e4lja n\u00e4ha eesnimi.perekonnanimi@gmail.com<\/div>\n        <\/div>\n        <\/div>\n    <\/div>\n\n\n<p><\/p><div class=\"accordion mb-3\">\n        <div class=\"accordion-item accordion-item--white\">\n        <h2 class=\"accordion-header\" id=\"accordion-69df5623b5fbf-heading\">\n            <button class=\"accordion-button collapsed\" type=\"button\" data-bs-toggle=\"collapse\" data-bs-target=\"#accordion-69df5623b5fbf-collapse\" aria-expanded=\"true\" aria-controls=\"accordion-69df5623b5fbf-collapse\"><a id=\"28\" name=\"28\"><\/a>8. Kuidas m\u00e4rkida CV-sse oma keeleoskust?<\/button>\n        <\/h2>\n        <div id=\"accordion-69df5623b5fbf-collapse\" class=\"accordion-collapse collapse\" aria-labelledby=\"accordion-69df5623b5fbf-heading\">\n            <div class=\"accordion-body\">K\u00f5ige parem on tutvuda vastavasisulise Europassi keeletasemete enesehindamise tabeliga ning saada sealt teavet ja inspiratsiooni. Uuri l\u00e4hemalt siit: <a title=\"\" href=\"https:\/\/europa.eu\/europass\/system\/files\/2020-05\/CEFR%20self-assessment%20grid%20ET.pdf\" target=\"_blank\" rel=\"noopener\" data-url=\"https:\/\/europa.eu\/europass\/system\/files\/2020-05\/CEFR%20self-assessment%20grid%20ET.pdf\">Europass<\/a>.\u00a0Loe ka teemakohast artiklit: <a title=\"\" href=\"https:\/\/www.cvkeskus.ee\/karjaarikeskus\/toootsing\/toootsing\/levinud-viga-cv-s-mis-voib-jatta-sind-toointervjuust-ilma\" target=\"_blank\" rel=\"noopener\" data-url=\"https:\/\/www.cvkeskus.ee\/karjaarikeskus\/toootsing\/toootsing\/levinud-viga-cv-s-mis-voib-jatta-sind-toointervjuust-ilma\">https:\/\/www.cvkeskus.ee\/karjaarikeskus\/toootsing\/toootsing\/levinud-viga-cv-s-mis-voib-jatta-sind-toointervjuust-ilma<\/a><\/div>\n        <\/div>\n        <\/div>\n    <\/div>\n\n\n<p><\/p><div class=\"accordion mb-3\">\n        <div class=\"accordion-item accordion-item--white\">\n        <h2 class=\"accordion-header\" id=\"accordion-69df5623b5fc2-heading\">\n            <button class=\"accordion-button collapsed\" type=\"button\" data-bs-toggle=\"collapse\" data-bs-target=\"#accordion-69df5623b5fc2-collapse\" aria-expanded=\"true\" aria-controls=\"accordion-69df5623b5fc2-collapse\"><a id=\"29\" name=\"29\"><\/a>9. Kas lisada CV-le ka l\u00fchike enesetutvustus ja ootused, millist t\u00f6\u00f6d olen otsimas?<\/button>\n        <\/h2>\n        <div id=\"accordion-69df5623b5fc2-collapse\" class=\"accordion-collapse collapse\" aria-labelledby=\"accordion-69df5623b5fc2-heading\">\n            <div class=\"accordion-body\">Selline l\u00f5ik v\u00f5iks asetseda kohe kontaktandmete all. Selles alal\u00f5igus saad ennast l\u00fchidalt tutvustada ja s\u00f5nastada oma eesm\u00e4rgi \u2013 millist t\u00f6\u00f6d otsimas oled. See l\u00f5ik tuleks hoolega l\u00e4bi m\u00f5elda, et tulevast t\u00f6\u00f6andjat k\u00f6ita ja panna teda oma CV-ga edasi tutvuma.\n<p>Siin l\u00f5igus v\u00f5iksid esile tuua, miks just sina saaksid olla kasulik konkreetsele organisatsioonile, \u00e4ratada t\u00f6\u00f6andja huvi, et tekiks v\u00f5imalus l\u00e4hemalt tutvuda t\u00f6\u00f6vestluse k\u00e4igus. Too v\u00e4lja oma trumbid nii isiksuse kui ka spetsialistina ning too esile, millist lisav\u00e4\u00e4rtust saad sa ettev\u00f5ttele pakkuda. Kindlasti lisa ka ootused ja eelised, mis sind huvitava t\u00f6\u00f6kohaga seostuvad (t\u00f6\u00f6aeg, piirkond, paindlikkus, arenguv\u00f5imalused, organisatsiooni missioon).<\/p><\/div>\n        <\/div>\n        <\/div>\n    <\/div>\n\n\n<p><\/p><div class=\"accordion mb-3\">\n        <div class=\"accordion-item accordion-item--white\">\n        <h2 class=\"accordion-header\" id=\"accordion-69df5623b5fc6-heading\">\n            <button class=\"accordion-button collapsed\" type=\"button\" data-bs-toggle=\"collapse\" data-bs-target=\"#accordion-69df5623b5fc6-collapse\" aria-expanded=\"true\" aria-controls=\"accordion-69df5623b5fc6-collapse\"><a id=\"210\" name=\"210\"><\/a>10. Kui k\u00fcsitakse kandideerija palgaootust, siis milline number sellesse lahtrisse kirjutada?<\/button>\n        <\/h2>\n        <div id=\"accordion-69df5623b5fc6-collapse\" class=\"accordion-collapse collapse\" aria-labelledby=\"accordion-69df5623b5fc6-heading\">\n            <div class=\"accordion-body\">Siinkohal on oluline taustauuring. Paljudel ettev\u00f5tetel on olemas palgaskaalad, millest nad t\u00f6\u00f6tasu maksmisel l\u00e4htuvad. K\u00fcsi tuttavatelt, kes samas valdkonnas, samadel ametipositsioonidel t\u00f6\u00f6tavad ning uuri kindlasti ka www.palgad.ee ja https:\/\/palgad.stat.ee\/. Kokk koolis\u00f6\u00f6klas v\u00f5i tipprestoranis ei teeni kindlasti sama palka.<\/div>\n        <\/div>\n        <\/div>\n    <\/div>\n\n\n<p><\/p><div class=\"accordion mb-3\">\n        <div class=\"accordion-item accordion-item--white\">\n        <h2 class=\"accordion-header\" id=\"accordion-69df5623b5fca-heading\">\n            <button class=\"accordion-button collapsed\" type=\"button\" data-bs-toggle=\"collapse\" data-bs-target=\"#accordion-69df5623b5fca-collapse\" aria-expanded=\"true\" aria-controls=\"accordion-69df5623b5fca-collapse\"><a id=\"211\" name=\"211\"><\/a>11. Kui pikk peab mu CV olema?<\/button>\n        <\/h2>\n        <div id=\"accordion-69df5623b5fca-collapse\" class=\"accordion-collapse collapse\" aria-labelledby=\"accordion-69df5623b5fca-heading\">\n            <div class=\"accordion-body\">CV pikkuse kohta kindlat reeglit ei ole ning pole olemas ka ideaalset CV pikkust, kuid kindlasti ei ole t\u00f6\u00f6andjal aega lugeda 10-lehek\u00fcljelisi elulookirjeldusi, mis sisaldavad palju infom\u00fcra. Ka t\u00f6\u00f6andja aeg on kallis; pole m\u00f5tet seda asjatu infom\u00fcraga koormata, kui v\u00e4rbajal on vaja lugeda mitmek\u00fcmneid konkursile laekunud CV-d.\n<p>CV soovitatakse mahutada kahele lehek\u00fcljele; noorel kandideerijal, kel v\u00e4he t\u00f6\u00f6kogemusi, piisab kindlasti \u00fchest lehek\u00fcljest.<br>\nCV peab olema sihitud kindlale t\u00f6\u00f6pakkumisele ja sisaldama ainult asjakohast infot ilma liigse infom\u00fcrata.<\/p><\/div>\n        <\/div>\n        <\/div>\n    <\/div>\n\n\n<p><\/p><div class=\"accordion mb-3\">\n        <div class=\"accordion-item accordion-item--white\">\n        <h2 class=\"accordion-header\" id=\"accordion-69df5623b5fce-heading\">\n            <button class=\"accordion-button collapsed\" type=\"button\" data-bs-toggle=\"collapse\" data-bs-target=\"#accordion-69df5623b5fce-collapse\" aria-expanded=\"true\" aria-controls=\"accordion-69df5623b5fce-collapse\"><a id=\"212\" name=\"212\"><\/a>12. Kuidas oma CVga teistest kandidaatidest eristuda?<\/button>\n        <\/h2>\n        <div id=\"accordion-69df5623b5fce-collapse\" class=\"accordion-collapse collapse\" aria-labelledby=\"accordion-69df5623b5fce-heading\">\n            <div class=\"accordion-body\">Siinkohal on kandideerijal palju v\u00f5imalusi, mis olenevad kandidaadi julgusest, tehnilistest oskustest. Samuti tuleks silmas pidada ka ametikohta\/positsiooni, kuhu kandideeritakse. Kindlasti v\u00f5iksid loomingulisust n\u00f5udvatele ametikohtadele kandideerivad inimesed olla ka CV koostamisel julgemad ja v\u00e4rvikamad, v\u00e4ga traditsioonilistesse ja konstervatiivsetele ametipositsioonidele (advokaadib\u00fcroo, pank, kindlustusselts) kandideerides tuleks\/v\u00f5iks j\u00e4\u00e4da klassikaliste vormide juurde. Kindlasti tuleks veelkord uurida organsiatsiooni tausta ja tavasid.\n<p>Tagasihoidlikkus ei ole alati voorus, aga usalda oma sisetunnet! CV peaks olema stiilne ja sobima kandideerijaga, olema tema visiitkaart; liigselt v\u00e4rviline ja detailiderohke CV on samuti liigne m\u00fcraallikas, mis v\u00f5ib hoopis kandideerijale karuteene osutada.<\/p><\/div>\n        <\/div>\n        <\/div>\n    <\/div>\n\n\n<p><\/p><div class=\"accordion mb-3\">\n        <div class=\"accordion-item accordion-item--white\">\n        <h2 class=\"accordion-header\" id=\"accordion-69df5623b5fd3-heading\">\n            <button class=\"accordion-button collapsed\" type=\"button\" data-bs-toggle=\"collapse\" data-bs-target=\"#accordion-69df5623b5fd3-collapse\" aria-expanded=\"true\" aria-controls=\"accordion-69df5623b5fd3-collapse\"><a id=\"213\" name=\"213\"><\/a>13. Kas tuleks lisada CVle ka soovituskiri? Kui pikk see peaks olema?<\/button>\n        <\/h2>\n        <div id=\"accordion-69df5623b5fd3-collapse\" class=\"accordion-collapse collapse\" aria-labelledby=\"accordion-69df5623b5fd3-heading\">\n            <div class=\"accordion-body\">Kui kandideerimisdokumentide nimekirjas on n\u00f5utud soovituskiri, siis tuleks see kindlasti esitada. Sageli soovitakse soovituskirja n\u00e4iteks koduabilise v\u00f5i lapsehoidja ametisse kandideerides, sest otsitakse v\u00e4ga usaldusv\u00e4\u00e4rset inimest oma koju ja perre.\n<p>T\u00f6\u00f6kogemuse puudumisel saavad soovituskirja anda ka noorele t\u00f6\u00f6otsijale ka \u00f5petaja, \u00fclikooli \u00f5ppej\u00f5ud, treener, huviringijuhendaja, noortekeskuse t\u00f6\u00f6taja. Oluline on, et soovituskirja koostaja tunneb inimest,keda ta soovitab.<br>\nSoovituskirjas peaks olema esile toodud kandideerija professionaalsed oskused, kogemused,,v\u00f5imed, isikuomadused, tugevad k\u00fcljed, mis toetavad tema kandideerimist just antud t\u00f6\u00f6kohale. Soovituskiri kirjutatakse positiivses vormis.<\/p>\n<p>Soovituskiri ei tohiks olla pikem kui \u00fcks lehek\u00fclg.<\/p><\/div>\n        <\/div>\n        <\/div>\n    <\/div>\n\n\n<p><\/p><div class=\"accordion mb-3\">\n        <div class=\"accordion-item accordion-item--white\">\n        <h2 class=\"accordion-header\" id=\"accordion-69df5623b5fd7-heading\">\n            <button class=\"accordion-button collapsed\" type=\"button\" data-bs-toggle=\"collapse\" data-bs-target=\"#accordion-69df5623b5fd7-collapse\" aria-expanded=\"true\" aria-controls=\"accordion-69df5623b5fd7-collapse\"><a id=\"214\" name=\"214\"><\/a>14. Olen k\u00e4inud v\u00e4ga erinevatel t\u00e4iendkoolitustel, tegelenud enesearenguga, kuidas k\u00f5ik need teemad mahutada CVsse, siis l\u00e4heks mu CV liiga pikaks? Kursused alates keraamikast ja joogast kuni ettev\u00f5tluse alustamise ABCni.<\/button>\n        <\/h2>\n        <div id=\"accordion-69df5623b5fd7-collapse\" class=\"accordion-collapse collapse\" aria-labelledby=\"accordion-69df5623b5fd7-heading\">\n            <div class=\"accordion-body\">T\u00e4iendkoolituste puhul tuleks silmas pidada nende asja- ja ajakohasust. N\u00e4iteks 10 aasta tagune esmaabikoolitus ei ole enam eriti adekvaatne, selle ajaga ununeb \u00f5pitust palju, eriti siis, kui neid oskusi iga p\u00e4ev ei kasutata.<br>\nSamuti tuleks eelistada t\u00e4iendkoolituste puhul nende koolituste CVsse m\u00e4rkimist, mis on seotud v\u00f5i toetavad uued ametisse asumist. Kindlasti on perre oodatud lapsehoidja, kes on v\u00e4rskelt l\u00e4binud esmaabi koolituse v\u00f5i t\u00e4iendanud ennast pedagoogika valdkonnas v\u00f5i osalenud m\u00e4ngujuhtide koolitusel.<\/div>\n        <\/div>\n        <\/div>\n    <\/div>\n","protected":false},"excerpt":{"rendered":"<p>2.1.11. KORDUMA KIPPUVAD K\u00dcSIMUSED (KKK)<\/p>\n","protected":false},"author":263,"featured_media":0,"parent":0,"menu_order":0,"comment_status":"closed","ping_status":"closed","template":"","meta":{"_acf_changed":false,"inline_featured_image":false,"footnotes":""},"class_list":["post-3","page","type-page","status-publish","hentry"],"acf":[],"_links":{"self":[{"href":"https:\/\/sisu.ut.ee\/edujategu20\/wp-json\/wp\/v2\/pages\/3","targetHints":{"allow":["GET"]}}],"collection":[{"href":"https:\/\/sisu.ut.ee\/edujategu20\/wp-json\/wp\/v2\/pages"}],"about":[{"href":"https:\/\/sisu.ut.ee\/edujategu20\/wp-json\/wp\/v2\/types\/page"}],"author":[{"embeddable":true,"href":"https:\/\/sisu.ut.ee\/edujategu20\/wp-json\/wp\/v2\/users\/263"}],"replies":[{"embeddable":true,"href":"https:\/\/sisu.ut.ee\/edujategu20\/wp-json\/wp\/v2\/comments?post=3"}],"version-history":[{"count":7,"href":"https:\/\/sisu.ut.ee\/edujategu20\/wp-json\/wp\/v2\/pages\/3\/revisions"}],"predecessor-version":[{"id":319,"href":"https:\/\/sisu.ut.ee\/edujategu20\/wp-json\/wp\/v2\/pages\/3\/revisions\/319"}],"wp:attachment":[{"href":"https:\/\/sisu.ut.ee\/edujategu20\/wp-json\/wp\/v2\/media?parent=3"}],"curies":[{"name":"wp","href":"https:\/\/api.w.org\/{rel}","templated":true}]}}