{"id":29,"date":"2024-04-04T08:21:10","date_gmt":"2024-04-04T05:21:10","guid":{"rendered":"https:\/\/sisu.ut.ee\/edujategu20\/sissejuhatus\/"},"modified":"2024-04-23T08:47:42","modified_gmt":"2024-04-23T05:47:42","slug":"sissejuhatus","status":"publish","type":"page","link":"https:\/\/sisu.ut.ee\/edujategu20\/sissejuhatus\/","title":{"rendered":"Sissejuhatus"},"content":{"rendered":"<h1 class=\"wp-block-heading\"><img loading=\"lazy\" decoding=\"async\" title=\"sissejuhatus_01.png\" width=\"40\" height=\"40\" class=\"alignnone wp-image-21\" src=\"https:\/\/sisu.ut.ee\/wp-content\/uploads\/sites\/507\/sissejuhatus_01.png\" alt=\"sissejuhatus\"> <span style=\"color: #28aae1;\">SISSEJUHATUS<\/span><\/h1>\n\n\n<p dir=\"ltr\" style=\"text-align: justify; margin-top: 0pt; margin-bottom: 0pt;\"><span style=\"line-height: 1.38;\"><span style=\"vertical-align: baseline;\">Igal inimesel, kes kasv\u00f5i kordki on kandideerinud t\u00f6\u00f6le, on reeglina olemas mingisugunegi kandideerimisdokument \u2013 olgu see siis CV, motivatsioonikiri, kaaskiri, portfoolio v\u00f5i m\u00f5ni muu inimest, tema oskusi, v\u00f5imeid ja teadmisi tutvustav kirjalik v\u00f5i ka visuaalne dokument. <\/span><\/span><\/p>\n<p>\u00a0<\/p>\n<p dir=\"ltr\" style=\"text-align: justify; margin-top: 0pt; margin-bottom: 0pt;\"><span style=\"line-height: 1.38;\"><span style=\"vertical-align: baseline;\">Selles \u00f5ppematerjalis:<\/span><\/span><\/p>\n<ul style=\"margin-top: 0; margin-bottom: 0; padding-inline-start: 48px;\">\n<li dir=\"ltr\" style=\"list-style-type: disc; vertical-align: baseline;\">\n<p dir=\"ltr\" style=\"text-align: justify; margin-top: 0pt; margin-bottom: 0pt;\" role=\"presentation\"><span style=\"line-height: 1.38;\"><span style=\"vertical-align: baseline;\">antakse \u00fclevaade, mida panna t\u00e4hele t\u00f6\u00f6pakkumistes ja kuidas sealt leida enda jaoks info, mida kasutada kandideerimisdokumentide koostamisel; <\/span><\/span><\/p>\n<\/li>\n<li dir=\"ltr\" style=\"list-style-type: disc; vertical-align: baseline;\">\n<p dir=\"ltr\" style=\"text-align: justify; margin-top: 0pt; margin-bottom: 0pt;\" role=\"presentation\"><span style=\"line-height: 1.38;\"><span style=\"vertical-align: baseline;\">antakse \u00fclevaade ja tuuakse n\u00e4iteid levinumatest kandideerimisdokumentidest;<\/span><\/span><\/p>\n<\/li>\n<li dir=\"ltr\" style=\"list-style-type: disc; vertical-align: baseline;\">\n<p dir=\"ltr\" style=\"text-align: justify; margin-top: 0pt; margin-bottom: 0pt;\" role=\"presentation\"><span style=\"line-height: 1.38;\"><span style=\"vertical-align: baseline;\">saab juhiseid, kuidas kandideerimisdokumente paremini koostada ja millele t\u00e4helepanu p\u00f6\u00f6rata;<\/span><\/span><\/p>\n<\/li>\n<li dir=\"ltr\" style=\"list-style-type: disc; vertical-align: baseline;\">\n<p dir=\"ltr\" style=\"text-align: justify; margin-top: 0pt; margin-bottom: 0pt;\" role=\"presentation\"><span style=\"line-height: 1.38;\"><span style=\"vertical-align: baseline;\">saab l\u00e4bi erinevate harjutuste leida enda jaoks sobivamad kandideerimiss\u00f5numid ning seel\u00e4bi koostada ka sisukamaid kandideerimisdokumente; <\/span><\/span><\/p>\n<\/li>\n<li dir=\"ltr\" style=\"list-style-type: disc; vertical-align: baseline;\">\n<p dir=\"ltr\" style=\"text-align: justify; margin-top: 0pt; margin-bottom: 0pt;\" role=\"presentation\"><span style=\"line-height: 1.38;\"><span style=\"vertical-align: baseline;\">saab teada, millised on tavalisemad vead, millele kandideerija ei pruugi t\u00e4helepanu p\u00f6\u00f6rata, kuid mida v\u00e4rbajad ja personalit\u00f6\u00f6tajad igap\u00e4evaselt n\u00e4evad ning millel v\u00f5ib kandideerimise edukusele olla oma m\u00f5ju;<\/span><\/span><\/p>\n<\/li>\n<li dir=\"ltr\" style=\"list-style-type: disc; vertical-align: baseline;\">\n<p dir=\"ltr\" style=\"text-align: justify; margin-top: 0pt; margin-bottom: 0pt;\" role=\"presentation\"><span style=\"line-height: 1.38;\"><span style=\"vertical-align: baseline;\">antakse \u00fclevaade alternatiivsetest v\u00f5imalustest, mida klassikalistele kandideerimisdokumentidele lisaks v\u00f5ib kasutada. <\/span><\/span><\/p>\n<\/li>\n<\/ul>\n<p>\u00a0<\/p>\n<p dir=\"ltr\" style=\"text-align: justify; margin-top: 0pt; margin-bottom: 0pt;\"><span style=\"line-height: 1.38;\"><span style=\"vertical-align: baseline;\">\u00d5ppematerjalis ei kajastata, kuidas koostada ja korrastada oma CV-d erinevates t\u00f6\u00f6vahendusportaalides, sh LinkedIn-is, kuna iga portaal on tehniliselt \u00fclesehituselt erinev. \u00d5ppematerjalis keskendutakse kandideerimisele Eestis. <\/span><\/span><\/p>\n<p>\u00a0<\/p>\n<p dir=\"ltr\" style=\"text-align: justify; margin-top: 0pt; margin-bottom: 0pt;\"><span style=\"line-height: 1.38;\"><span style=\"vertical-align: baseline;\">Alustuseks m\u00f5ned k\u00fcsimused sulle m\u00f5tisklemiseks.<\/span><\/span><\/p>\n<p>\u00a0<\/p>\n<p dir=\"ltr\" style=\"text-align: justify; margin-top: 0pt; margin-bottom: 0pt;\"><span style=\"line-height: 1.38;\"><span style=\"vertical-align: baseline;\"><img loading=\"lazy\" decoding=\"async\" class=\"alignnone wp-image-49\" src=\"https:\/\/sisu.ut.ee\/wp-content\/uploads\/sites\/598\/motlemiseks-1024x1024.png\" alt=\"fhg\" width=\"40\" height=\"40\" srcset=\"https:\/\/sisu.ut.ee\/wp-content\/uploads\/sites\/598\/motlemiseks-1024x1024.png 1024w, https:\/\/sisu.ut.ee\/wp-content\/uploads\/sites\/598\/motlemiseks-300x300.png 300w, https:\/\/sisu.ut.ee\/wp-content\/uploads\/sites\/598\/motlemiseks-150x150.png 150w, https:\/\/sisu.ut.ee\/wp-content\/uploads\/sites\/598\/motlemiseks-768x768.png 768w, https:\/\/sisu.ut.ee\/wp-content\/uploads\/sites\/598\/motlemiseks.png 1080w\" sizes=\"auto, (max-width: 40px) 100vw, 40px\"> <strong>HARJUTUS 1 <\/strong><\/span><\/span><\/p>\n<p dir=\"ltr\" style=\"text-align: justify; margin-top: 0pt; margin-bottom: 0pt;\">\u00a0<\/p>\n\n<div class=\"h5p-iframe-wrapper\"><div class=\"video-placeholder-wrapper video-placeholder-wrapper--fixed\" style=\"height: 366px;\">\n\t\t\t    <div class=\"video-placeholder d-flex justify-content-center align-items-center\">\n\t\t\t        <div class=\"overlay text-white p-2 w-100 text-center d-block justify-content-center align-items-center\">\n\t\t\t            <div>Kolmandate osapoolte sisu n\u00e4gemiseks palun n\u00f5ustu k\u00fcpsistega.<\/div>\n\t\t\t            <button class=\"btn btn-secondary btn-sm mt-1 consent-change\">Muuda n\u00f5usolekut<\/button>\n\t\t\t        <\/div>\n\t\t\t    <\/div>\n\t\t\t<\/div>\n<\/div>\n\n\n\n<p><\/p>\n\n\n<p dir=\"ltr\" style=\"text-align: justify; margin-top: 0pt; margin-bottom: 0pt;\">\u00a0<\/p>\n<p dir=\"ltr\" style=\"text-align: justify; margin-top: 0pt; margin-bottom: 0pt;\">\u00a0<\/p>\n<div>\u00a0<\/div>","protected":false},"excerpt":{"rendered":"<p>SISSEJUHATUS Igal inimesel, kes kasv\u00f5i kordki on kandideerinud t\u00f6\u00f6le, on reeglina olemas mingisugunegi kandideerimisdokument \u2013 olgu see siis CV, motivatsioonikiri, kaaskiri, portfoolio v\u00f5i m\u00f5ni muu inimest, tema oskusi, v\u00f5imeid ja teadmisi tutvustav kirjalik v\u00f5i ka visuaalne dokument. \u00a0 Selles \u00f5ppematerjalis: &#8230;<\/p>\n","protected":false},"author":263,"featured_media":0,"parent":0,"menu_order":0,"comment_status":"closed","ping_status":"closed","template":"","meta":{"_acf_changed":false,"inline_featured_image":false,"footnotes":""},"class_list":["post-29","page","type-page","status-publish","hentry"],"acf":[],"_links":{"self":[{"href":"https:\/\/sisu.ut.ee\/edujategu20\/wp-json\/wp\/v2\/pages\/29","targetHints":{"allow":["GET"]}}],"collection":[{"href":"https:\/\/sisu.ut.ee\/edujategu20\/wp-json\/wp\/v2\/pages"}],"about":[{"href":"https:\/\/sisu.ut.ee\/edujategu20\/wp-json\/wp\/v2\/types\/page"}],"author":[{"embeddable":true,"href":"https:\/\/sisu.ut.ee\/edujategu20\/wp-json\/wp\/v2\/users\/263"}],"replies":[{"embeddable":true,"href":"https:\/\/sisu.ut.ee\/edujategu20\/wp-json\/wp\/v2\/comments?post=29"}],"version-history":[{"count":12,"href":"https:\/\/sisu.ut.ee\/edujategu20\/wp-json\/wp\/v2\/pages\/29\/revisions"}],"predecessor-version":[{"id":181,"href":"https:\/\/sisu.ut.ee\/edujategu20\/wp-json\/wp\/v2\/pages\/29\/revisions\/181"}],"wp:attachment":[{"href":"https:\/\/sisu.ut.ee\/edujategu20\/wp-json\/wp\/v2\/media?parent=29"}],"curies":[{"name":"wp","href":"https:\/\/api.w.org\/{rel}","templated":true}]}}