{"id":26,"date":"2024-04-04T08:21:10","date_gmt":"2024-04-04T05:21:10","guid":{"rendered":"https:\/\/sisu.ut.ee\/edujategu20\/23-video-cv\/"},"modified":"2024-04-23T15:39:01","modified_gmt":"2024-04-23T12:39:01","slug":"23-video-cv","status":"publish","type":"page","link":"https:\/\/sisu.ut.ee\/edujategu20\/23-video-cv\/","title":{"rendered":"2.3. Video-CV"},"content":{"rendered":"<h1 class=\"wp-block-heading\"><img loading=\"lazy\" decoding=\"async\" width=\"40\" height=\"40\" class=\"wp-image-185\" style=\"width: 40px;\" src=\"https:\/\/sisu.ut.ee\/wp-content\/uploads\/sites\/598\/sissejuhatus.png\" alt=\"\" srcset=\"https:\/\/sisu.ut.ee\/wp-content\/uploads\/sites\/598\/sissejuhatus.png 1080w, https:\/\/sisu.ut.ee\/wp-content\/uploads\/sites\/598\/sissejuhatus-300x300.png 300w, https:\/\/sisu.ut.ee\/wp-content\/uploads\/sites\/598\/sissejuhatus-1024x1024.png 1024w, https:\/\/sisu.ut.ee\/wp-content\/uploads\/sites\/598\/sissejuhatus-150x150.png 150w, https:\/\/sisu.ut.ee\/wp-content\/uploads\/sites\/598\/sissejuhatus-768x768.png 768w\" sizes=\"auto, (max-width: 40px) 100vw, 40px\"> <span style=\"color: #28aae1;\">2.3. VIDEO-CV<\/span><\/h1>\n\n\n<p dir=\"ltr\" style=\"text-align: justify; margin-top: 10pt; margin-bottom: 0pt;\"><span style=\"line-height: 1.2;\"><a style=\"text-decoration: none;\" href=\"https:\/\/www.youtube.com\/watch?v=SHY3Etcag4w\"><span style=\"color: #000000;\"><span style=\"vertical-align: baseline;\">M\u00f5nikord v\u00f5idakse kandideerijalt paluda ka video-CV esitamist. See v\u00f5ib tekitada k\u00f5hklusi ja hirmu, kuidas sellega toime tulla. Kui tehnilised oskused ei ole v\u00e4ga tugevad, tasub appi kutsuda m\u00f5ni hea s\u00f5ber v\u00f5i tuttav. Video-CV puhul on t\u00e4htis proovida ja harjutada ja uuesti proovida ning harjutada!<\/span><\/span><\/a><\/span><\/p>\n<p dir=\"ltr\" style=\"margin-top: 10pt; margin-bottom: 0pt;\"><span style=\"line-height: 1.2;\"><span style=\"vertical-align: baseline;\">Enne kui alustad oma video-CV loomist, tutvu j\u00e4rgmiste n\u00f5uannetega.<\/span><\/span><\/p>\n<ul style=\"margin-top: 0; margin-bottom: 0; padding-inline-start: 48px;\">\n<li dir=\"ltr\" style=\"list-style-type: disc; vertical-align: baseline;\">\n<p dir=\"ltr\" style=\"text-align: justify; margin-top: 10pt; margin-bottom: 0pt;\" role=\"presentation\"><span style=\"line-height: 1.2;\"><span style=\"vertical-align: baseline;\">Video-CV puhul on oluline osa stsenaariumil ehk tuleks l\u00e4bi m\u00f5elda, mida t\u00e4psemalt enda kohta \u00f6elda ja kuidas juhtida vaataja t\u00e4helepanu piiratud aja jooksul.<\/span><\/span><\/p>\n<\/li>\n<li dir=\"ltr\" style=\"list-style-type: disc; vertical-align: baseline;\">\n<p dir=\"ltr\" style=\"text-align: justify; margin-top: 0pt; margin-bottom: 0pt;\" role=\"presentation\"><span style=\"line-height: 1.2;\"><a style=\"text-decoration: none;\" href=\"https:\/\/www.youtube.com\/watch?v=SHY3Etcag4w\"><span style=\"color: #000000;\"><span style=\"vertical-align: baseline;\">Video-CV v\u00f5iks vastata k\u00fcsimusele: miks mina sobin sellele ametikohale? \u00c4ra kopeeri tavalist CVd, vaid too esile oma tugevused ja kogemused.<\/span><\/span><\/a><\/span><\/p>\n<\/li>\n<li dir=\"ltr\" style=\"list-style-type: disc; vertical-align: baseline;\">\n<p dir=\"ltr\" style=\"text-align: justify; margin-top: 0pt; margin-bottom: 0pt;\" role=\"presentation\"><span style=\"line-height: 1.2;\"><span style=\"vertical-align: baseline;\">Pane ennast video vaataja rolli!<\/span><\/span><\/p>\n<\/li>\n<li dir=\"ltr\" style=\"list-style-type: disc; vertical-align: baseline;\">\n<p dir=\"ltr\" style=\"text-align: justify; margin-top: 0pt; margin-bottom: 0pt;\" role=\"presentation\"><span style=\"line-height: 1.2;\"><span style=\"vertical-align: baseline;\">Konkreetsele t\u00f6\u00f6andjale sihitud video-CV korral on o<\/span><a style=\"text-decoration: none;\" href=\"https:\/\/www.youtube.com\/watch?v=SHY3Etcag4w\"><span style=\"color: #000000;\"><span style=\"vertical-align: baseline;\">luline uurida konkreetse t\u00f6\u00f6andja kohta infot\/tausta ning k\u00f5netada l\u00e4bi selle info oma tulevast t\u00f6\u00f6andjat. Otsi seoseid ja kokkupuuteid organisatsiooniga.<\/span><\/span><\/a><\/span><\/p>\n<\/li>\n<li dir=\"ltr\" style=\"list-style-type: disc; vertical-align: baseline;\">\n<p dir=\"ltr\" style=\"text-align: justify; margin-top: 0pt; margin-bottom: 0pt;\" role=\"presentation\"><span style=\"line-height: 1.2;\"><a style=\"text-decoration: none;\" href=\"https:\/\/www.youtube.com\/watch?v=SHY3Etcag4w\"><span style=\"color: #000000;\"><span style=\"vertical-align: baseline;\">Video-CV n\u00f5uab tehnilisi oskusi ja loomingulisust, see ei ole kindlasti \u201ck\u00f5nelev pea\u201d, kes monotoonselt oma elulugu soravalt ette vuristab. <\/span><\/span><\/a><\/span><\/p>\n<\/li>\n<\/ul>\n<p dir=\"ltr\" style=\"margin-top: 10pt; margin-bottom: 0pt;\"><img loading=\"lazy\" decoding=\"async\" class=\"alignnone wp-image-183\" src=\"https:\/\/sisu.ut.ee\/wp-content\/uploads\/sites\/598\/ulesanne-1024x1024.png\" alt=\"\" width=\"40\" height=\"40\" srcset=\"https:\/\/sisu.ut.ee\/wp-content\/uploads\/sites\/598\/ulesanne-1024x1024.png 1024w, https:\/\/sisu.ut.ee\/wp-content\/uploads\/sites\/598\/ulesanne-300x300.png 300w, https:\/\/sisu.ut.ee\/wp-content\/uploads\/sites\/598\/ulesanne-150x150.png 150w, https:\/\/sisu.ut.ee\/wp-content\/uploads\/sites\/598\/ulesanne-768x768.png 768w, https:\/\/sisu.ut.ee\/wp-content\/uploads\/sites\/598\/ulesanne.png 1080w\" sizes=\"auto, (max-width: 40px) 100vw, 40px\">\u00a0<span style=\"line-height: 1.2;\"><span style=\"vertical-align: baseline;\">HARJUTUS 16 <\/span><\/span><\/p>\n<p dir=\"ltr\" style=\"margin-top: 10pt; margin-bottom: 0pt;\"><span style=\"line-height: 1.2;\"><span style=\"vertical-align: baseline;\">Tutvu j\u00e4rgneva kahe video-CVga. M\u00f5tle, milline v\u00f5iks olla sinu video-CV. <\/span><\/span><\/p>\n<p dir=\"ltr\" style=\"margin-top: 10pt; margin-bottom: 0pt;\"><span style=\"line-height: 1.2;\"><span style=\"vertical-align: baseline;\">Cristina video-CV<\/span><\/span><\/p>\n<p dir=\"ltr\" style=\"margin-top: 10pt; margin-bottom: 0pt;\"><\/p><div class=\"ratio ratio-16x9 mb-3\"><div class=\"video-placeholder-wrapper video-placeholder-wrapper--16x9\">\n\t\t\t    <div class=\"video-placeholder d-flex justify-content-center align-items-center\">\n\t\t\t        <div class=\"overlay text-white p-2 w-100 text-center d-block justify-content-center align-items-center\">\n\t\t\t            <div>Kolmandate osapoolte sisu n\u00e4gemiseks palun n\u00f5ustu k\u00fcpsistega.<\/div>\n\t\t\t            <button class=\"btn btn-secondary btn-sm mt-1 consent-change\">Muuda n\u00f5usolekut<\/button>\n\t\t\t        <\/div>\n\t\t\t    <\/div>\n\t\t\t<\/div>\n<\/div>\n<hr>\n<p dir=\"ltr\" style=\"margin-top: 10pt; margin-bottom: 0pt;\"><span style=\"line-height: 1.2;\"><span style=\"vertical-align: baseline;\">Artjomi video-CV<\/span>\u00a0<\/span><\/p>\n<p dir=\"ltr\" style=\"margin-top: 10pt; margin-bottom: 0pt;\"><\/p><div class=\"ratio ratio-16x9 mb-3\"><div class=\"video-placeholder-wrapper video-placeholder-wrapper--16x9\">\n\t\t\t    <div class=\"video-placeholder d-flex justify-content-center align-items-center\">\n\t\t\t        <div class=\"overlay text-white p-2 w-100 text-center d-block justify-content-center align-items-center\">\n\t\t\t            <div>Kolmandate osapoolte sisu n\u00e4gemiseks palun n\u00f5ustu k\u00fcpsistega.<\/div>\n\t\t\t            <button class=\"btn btn-secondary btn-sm mt-1 consent-change\">Muuda n\u00f5usolekut<\/button>\n\t\t\t        <\/div>\n\t\t\t    <\/div>\n\t\t\t<\/div>\n<\/div>\n<hr>\n<p dir=\"ltr\" style=\"margin-top: 10pt; margin-bottom: 0pt;\"><span style=\"line-height: 1.2;\"><span style=\"background-color: #ffffff;\"><span style=\"vertical-align: baseline;\">Mida said teada Cristina kohta?<\/span><\/span><\/span><\/p>\n<p dir=\"ltr\" style=\"margin-top: 10pt; margin-bottom: 0pt;\"><span style=\"line-height: 1.2;\"><span style=\"background-color: #ffffff;\"><span style=\"vertical-align: baseline;\">Mida said teada Artjomi kohta?<\/span><\/span><\/span><\/p>\n<ul style=\"margin-top: 0; margin-bottom: 0; padding-inline-start: 48px;\">\n<li dir=\"ltr\" style=\"list-style-type: disc; vertical-align: baseline;\">\n<p dir=\"ltr\" style=\"margin-top: 10pt; margin-bottom: 0pt;\" role=\"presentation\"><span style=\"line-height: 1.2;\"><span style=\"background-color: #ffffff;\"><span style=\"vertical-align: baseline;\">Kuhu ta selle video-CVga kandideerib?<\/span><\/span><\/span><\/p>\n<\/li>\n<li dir=\"ltr\" style=\"list-style-type: disc; vertical-align: baseline;\">\n<p dir=\"ltr\" style=\"text-align: justify; margin-top: 0pt; margin-bottom: 0pt;\" role=\"presentation\"><span style=\"line-height: 1.2;\"><span style=\"background-color: #ffffff;\"><span style=\"vertical-align: baseline;\">Kas sinu jaoks oli selles piisavalt infot tema oskuste ja t\u00f6\u00f6kogemuste kohta, et teda v\u00e4rvata?<\/span><\/span><\/span><\/p>\n<\/li>\n<li dir=\"ltr\" style=\"list-style-type: disc; vertical-align: baseline;\">\n<p dir=\"ltr\" style=\"margin-top: 0pt; margin-bottom: 0pt;\" role=\"presentation\"><span style=\"line-height: 1.2;\"><span style=\"background-color: #ffffff;\"><span style=\"vertical-align: baseline;\">Mida oleksid ise teisiti teinud v\u00f5i lisanud?<\/span><\/span><\/span><\/p>\n<\/li>\n<\/ul>\n<p dir=\"ltr\" style=\"text-align: justify; margin-top: 10pt; margin-bottom: 0pt;\"><span style=\"line-height: 1.2;\"><span style=\"vertical-align: baseline;\">Alati ei pea oma n\u00e4oga video-CVs osalema, v\u00f5id kasutada ka erinevaid videokeskkondi, n\u00e4iteks videokeskkonda biteable.com ja seal juba eelnevatest detailidest kokku monteerida enda kohta isikup\u00e4rase videotutvustuse. J\u00e4rgmine video-CV N\u00c4IDE (13) on tehtud animoto.com keskkonnas <\/span><a style=\"text-decoration: none;\" href=\"https:\/\/animoto.com\/play\/OYPj0YcukBW0Z20DhEXl1A?fbclid=IwAR05p-OB5yzN1bOGPvKURXOod-_8r3923Hd6slAc4DgSufg59MbX4ciLelQ\" target=\"_blank\" rel=\"noopener\"><span style=\"color: #1155cc;\"><span style=\"text-decoration: underline;\"><span style=\"vertical-align: baseline;\">https:\/\/animoto.com\/play\/OYPj0YcukBW0Z20DhEXl1A?fbclid=IwAR05p-OB5yzN1bOGPvKURXOod-_8r3923Hd6slAc4DgSufg59MbX4ciLelQ<\/span><\/span><\/span><\/a><\/span><\/p>\n<hr>\n<p dir=\"ltr\" style=\"text-align: justify; margin-top: 0pt; margin-bottom: 12pt;\"><img loading=\"lazy\" decoding=\"async\" title=\"\" src=\"https:\/\/sisu.ut.ee\/wp-content\/uploads\/sites\/598\/motlemiseks.png\" alt=\"fhg\" width=\"32\" height=\"32\" data-file_info=\"%7B%22fid%22:%2274976%22,%22view_mode%22:%22default%22,%22type%22:%22media%22%7D\">\u00a0<span style=\"line-height: 1.38;\"><span style=\"vertical-align: baseline;\">K\u00fcsimus praktikutele (11): <\/span><span style=\"font-weight: bold;\"><span style=\"vertical-align: baseline;\">Kas Teil on kokkupuuteid ka kandidaatide video-CV\/video-tutvustustega? Kui jah, siis millised on Teie t\u00e4helepanekud, soovitused selle tegemiseks?<\/span><\/span><\/span><\/p>\n<ul style=\"margin-top: 0; margin-bottom: 0; padding-inline-start: 48px;\">\n<li dir=\"ltr\" style=\"list-style-type: disc; font-style: italic; vertical-align: baseline;\">\n<p dir=\"ltr\" style=\"text-align: justify; margin-top: 12pt; margin-bottom: 0pt;\" role=\"presentation\"><span style=\"line-height: 1.38;\"><span style=\"vertical-align: baseline;\">\u201cIkka on, kui roll n\u00f5uab avalikku esinemist, siis on see v\u00e4ga positiivne v\u00f5i nt m\u00fc\u00fcgit\u00f6\u00f6d. Samas kui eelnevat ei n\u00f5uta, siis tean, et inimene on v\u00e4hemalt digip\u00e4dev v\u00f5i peab endast hea mulje j\u00e4tmist oluliseks.\u201d<\/span><\/span><\/p>\n<\/li>\n<li dir=\"ltr\" style=\"list-style-type: disc; font-style: italic; vertical-align: baseline;\">\n<p dir=\"ltr\" style=\"text-align: justify; margin-top: 0pt; margin-bottom: 0pt;\" role=\"presentation\"><span style=\"line-height: 1.38;\"><span style=\"vertical-align: baseline;\">\u201cOtseselt ise v\u00e4rbamiste raames seda teha palunud ei ole, meie ettev\u00f5te asub lihtsalt geograafiliselt sellises asukohas, et siinkandis on toimivad teistsugused v\u00e4rbamiskanalid ja -meetodid kui n\u00e4iteks pealinnas.\u201d <\/span><\/span><\/p>\n<\/li>\n<li dir=\"ltr\" style=\"list-style-type: disc; font-style: italic; vertical-align: baseline;\">\n<p dir=\"ltr\" style=\"text-align: justify; margin-top: 0pt; margin-bottom: 12pt;\" role=\"presentation\"><span style=\"line-height: 1.38;\"><span style=\"vertical-align: baseline;\">\u201cSiiski annaksin soovitusi enesetutvustuse jaoks \u2013 olgu see siis videotutvustuse, <\/span><\/span><span style=\"line-height: 1.38;\"><span style=\"font-style: italic;\"><span style=\"vertical-align: baseline;\">motivatsioonikirja, CV kaudu v\u00f5i t\u00f6\u00f6vestlusel \u2013 m\u00f5elge, milline te t\u00f5esti olete, anal\u00fc\u00fcige ennast p\u00f5hjalikult, v\u00e4rbajana on mulle p\u00e4he kulunud laused, mida internetist leiab. Aga kes Sa p\u00e4riselt oled? Mida Sa p\u00e4riselt soovid teha? Miks Sa seda t\u00f6\u00f6d sooviksid teha? Millega Sa saaksid panustada? Millised on Sinus need k\u00fcljed, teadmised, oskused, mis vajaksid veel arendamist, et antud positsioonil t\u00e4ielikult \u00f5nnestuda? Olles kohtunud sadade ja sadade kandidaatidega, siis j\u00e4\u00e4vad just meelde need inimesed, kes on enne vestlusele tulekut selleks p\u00f5hjalikult ette valmistanud ja ennast anal\u00fc\u00fcsinud.\u201d<\/span><\/span><\/span><\/p>\n<\/li>\n<\/ul>\n<hr>\n<div>\u00a0<\/div>","protected":false},"excerpt":{"rendered":"<p>2.3. VIDEO-CV M\u00f5nikord v\u00f5idakse kandideerijalt paluda ka video-CV esitamist. See v\u00f5ib tekitada k\u00f5hklusi ja hirmu, kuidas sellega toime tulla. Kui tehnilised oskused ei ole v\u00e4ga tugevad, tasub appi kutsuda m\u00f5ni hea s\u00f5ber v\u00f5i tuttav. Video-CV puhul on t\u00e4htis proovida ja &#8230;<\/p>\n","protected":false},"author":263,"featured_media":0,"parent":0,"menu_order":0,"comment_status":"closed","ping_status":"closed","template":"","meta":{"_acf_changed":false,"inline_featured_image":false,"footnotes":""},"class_list":["post-26","page","type-page","status-publish","hentry"],"acf":[],"_links":{"self":[{"href":"https:\/\/sisu.ut.ee\/edujategu20\/wp-json\/wp\/v2\/pages\/26","targetHints":{"allow":["GET"]}}],"collection":[{"href":"https:\/\/sisu.ut.ee\/edujategu20\/wp-json\/wp\/v2\/pages"}],"about":[{"href":"https:\/\/sisu.ut.ee\/edujategu20\/wp-json\/wp\/v2\/types\/page"}],"author":[{"embeddable":true,"href":"https:\/\/sisu.ut.ee\/edujategu20\/wp-json\/wp\/v2\/users\/263"}],"replies":[{"embeddable":true,"href":"https:\/\/sisu.ut.ee\/edujategu20\/wp-json\/wp\/v2\/comments?post=26"}],"version-history":[{"count":5,"href":"https:\/\/sisu.ut.ee\/edujategu20\/wp-json\/wp\/v2\/pages\/26\/revisions"}],"predecessor-version":[{"id":300,"href":"https:\/\/sisu.ut.ee\/edujategu20\/wp-json\/wp\/v2\/pages\/26\/revisions\/300"}],"wp:attachment":[{"href":"https:\/\/sisu.ut.ee\/edujategu20\/wp-json\/wp\/v2\/media?parent=26"}],"curies":[{"name":"wp","href":"https:\/\/api.w.org\/{rel}","templated":true}]}}