{"id":25,"date":"2024-04-04T08:21:10","date_gmt":"2024-04-04T05:21:10","guid":{"rendered":"https:\/\/sisu.ut.ee\/edujategu20\/222-motivatsioonikiri\/"},"modified":"2024-04-23T15:35:19","modified_gmt":"2024-04-23T12:35:19","slug":"222-motivatsioonikiri","status":"publish","type":"page","link":"https:\/\/sisu.ut.ee\/edujategu20\/222-motivatsioonikiri\/","title":{"rendered":"2.2.2. Motivatsioonikiri"},"content":{"rendered":"<h1 class=\"wp-block-heading\"><img loading=\"lazy\" decoding=\"async\" width=\"40\" height=\"40\" class=\"wp-image-185\" style=\"width: 40px;\" src=\"https:\/\/sisu.ut.ee\/wp-content\/uploads\/sites\/598\/sissejuhatus.png\" alt=\"\" srcset=\"https:\/\/sisu.ut.ee\/wp-content\/uploads\/sites\/598\/sissejuhatus.png 1080w, https:\/\/sisu.ut.ee\/wp-content\/uploads\/sites\/598\/sissejuhatus-300x300.png 300w, https:\/\/sisu.ut.ee\/wp-content\/uploads\/sites\/598\/sissejuhatus-1024x1024.png 1024w, https:\/\/sisu.ut.ee\/wp-content\/uploads\/sites\/598\/sissejuhatus-150x150.png 150w, https:\/\/sisu.ut.ee\/wp-content\/uploads\/sites\/598\/sissejuhatus-768x768.png 768w\" sizes=\"auto, (max-width: 40px) 100vw, 40px\"> <span style=\"color: #28aae1;\">2.2.2. MOTIVATSIOONIKIRI<\/span><\/h1>\n\n\n<p dir=\"ltr\" style=\"text-align: justify; margin-top: 0pt; margin-bottom: 0pt;\"><span style=\"line-height: 1.38;\"><span style=\"vertical-align: baseline;\">Motivatsioonikiri on kaaskirjast p\u00f5hjalikum ja pikem (pikkus kuni A4 kui pole n\u00f5utud teisiti) ning annab v\u00f5imaluse oma oskusi ja saavutusi veelgi rohkem esile tuua ja anal\u00fc\u00fcsida ning selgitada t\u00f6\u00f6andjale, et just sina oled parim kandidaat antud ametikohale.<\/span><\/span><\/p>\n<p>\u00a0<\/p>\n<p dir=\"ltr\" style=\"text-align: justify; margin-top: 0pt; margin-bottom: 0pt;\"><span style=\"line-height: 1.38;\"><span style=\"vertical-align: baseline;\">Tihti on motivatsioonikirjad lugejale liiga \u00fchetaolised, igavad ja formaalsed. Kuidas ennast siiski k\u00f5ige paremast k\u00fcljest avada ja tekitada t\u00f6\u00f6andjas huvi, et peale motivatsioonikirja lugemist tekiks m\u00f5te ja soov sinuga l\u00e4hemalt tuttavaks saada ja sind t\u00f6\u00f6intervjuule kutsuda?<\/span><\/span><\/p>\n<p>\u00a0<\/p>\n<p dir=\"ltr\" style=\"text-align: justify; margin-top: 0pt; margin-bottom: 0pt;\"><span style=\"line-height: 1.38;\"><span style=\"vertical-align: baseline;\">Ka siin tuleks p\u00fc\u00fcda teistest kandideerijatest eristuda, r\u00f5huda oma tugevustele ja neid esile tuua ning p\u00f5hjendada t\u00f6\u00f6andjale, miks just sina oleksid parim valik antud t\u00f6\u00f6kohale. Ehteestlaslik tagasihoidlikkus siin kasuks ei tule.<\/span><\/span><\/p>\n<p>\u00a0<\/p>\n<p dir=\"ltr\" style=\"text-align: justify; margin-top: 0pt; margin-bottom: 0pt;\"><span style=\"line-height: 1.38;\"><span style=\"vertical-align: baseline;\">Tihti kopeeritakse oma motivatsioonikirjadesse l\u00f5ike otse t\u00f6\u00f6vahendusportaalidest v\u00f5i internetiavarustest leitud n\u00e4idismotivatsioonikirjadest. Sageli koostatakse \u00fcks motivatsioonikiri ja saadetakse sama motivatsioonikiri k\u00fcmnetesse asutustesse. Paljud kandideerijad saadavad ainult oma CV, lootes sellele, et k\u00fcll neid kutsutakse vestlusele ja kohapeal saab ja silmast silma oma tugevustest ja motivatsioonist r\u00e4\u00e4kida.<\/span><\/span><\/p>\n<p>\u00a0<\/p>\n<p dir=\"ltr\" style=\"text-align: justify; margin-top: 0pt; margin-bottom: 0pt;\"><span style=\"line-height: 1.38;\"><span style=\"vertical-align: baseline;\">Hea motivatsioonikiri on sisukas, selle lugejale on selge, miks kandideeritakse just nende organisatsiooni antud positsioonile ning millised on kandideerija motivatsioon ja oskused ning kogemused t\u00f6\u00f6ks just sellel ametikohal antud ettev\u00f5ttes. H\u00e4sti ja sisukalt koostatud motivatsioonikiri on kindlasti v\u00f5tmeks t\u00f6\u00f6vestluse ukse avamisel.<\/span><\/span><\/p>\n<p dir=\"ltr\" style=\"text-align: justify; margin-top: 10pt; margin-bottom: 0pt;\"><span style=\"line-height: 1.2;\"><span style=\"font-weight: bold;\"><span style=\"vertical-align: baseline;\">Oluline on vaadata konkreetse organisatsiooni profiili <\/span><\/span><span style=\"vertical-align: baseline;\">ning m\u00f5elda, millega sa v\u00f5iksid panustada v\u00f5i silma paista <\/span><span style=\"background-color: #ffffff;\"><span style=\"vertical-align: baseline;\">organisatsiooni v\u00e4\u00e4rtustest ja huvidest l\u00e4htuvalt. Tee kindlasti organisatsiooni kohta taustauuringut. Seda taustainfot l\u00e4heb vaja ka t\u00f6\u00f6intervjuuks valmistumisel.<\/span><\/span><\/span><\/p>\n<p dir=\"ltr\" style=\"margin-top: 10pt; margin-bottom: 0pt; text-align: left;\"><span style=\"line-height: 1.2;\"><span style=\"background-color: #ffffff;\"><span style=\"vertical-align: baseline;\"><div class=\"accordion mb-3\">\n        <div class=\"accordion-item accordion-item--white\">\n        <h2 class=\"accordion-header\" id=\"accordion-69e27287b8dc9-heading\">\n            <button class=\"accordion-button collapsed\" type=\"button\" data-bs-toggle=\"collapse\" data-bs-target=\"#accordion-69e27287b8dc9-collapse\" aria-expanded=\"true\" aria-controls=\"accordion-69e27287b8dc9-collapse\"><img loading=\"lazy\" decoding=\"async\" class=\"alignnone wp-image-182\" src=\"https:\/\/sisu.ut.ee\/wp-content\/uploads\/sites\/598\/uued_moisted-1024x1024.png\" alt=\"\" width=\"40\" height=\"40\" srcset=\"https:\/\/sisu.ut.ee\/wp-content\/uploads\/sites\/598\/uued_moisted-1024x1024.png 1024w, https:\/\/sisu.ut.ee\/wp-content\/uploads\/sites\/598\/uued_moisted-300x300.png 300w, https:\/\/sisu.ut.ee\/wp-content\/uploads\/sites\/598\/uued_moisted-150x150.png 150w, https:\/\/sisu.ut.ee\/wp-content\/uploads\/sites\/598\/uued_moisted-768x768.png 768w, https:\/\/sisu.ut.ee\/wp-content\/uploads\/sites\/598\/uued_moisted.png 1080w\" sizes=\"auto, (max-width: 40px) 100vw, 40px\">\u00a0<span style=\"line-height: 1.2;\"><span style=\"background-color: #ffffff;\"><span style=\"vertical-align: baseline;\">N\u00c4IDE 11. Motivatsioonikiri (allikas T\u00f6\u00f6tukassa)<\/span><\/span><\/span><\/button>\n        <\/h2>\n        <div id=\"accordion-69e27287b8dc9-collapse\" class=\"accordion-collapse collapse\" aria-labelledby=\"accordion-69e27287b8dc9-heading\">\n            <div class=\"accordion-body\"> <img loading=\"lazy\" decoding=\"async\" width=\"663\" height=\"946\" class=\"alignnone wp-image-64\" title=\"motkiri.png\" src=\"https:\/\/sisu.ut.ee\/wp-content\/uploads\/sites\/598\/motkiri.png\" alt=\"fg\" srcset=\"https:\/\/sisu.ut.ee\/wp-content\/uploads\/sites\/598\/motkiri.png 663w, https:\/\/sisu.ut.ee\/wp-content\/uploads\/sites\/598\/motkiri-210x300.png 210w\" sizes=\"auto, (max-width: 663px) 100vw, 663px\"><span style=\"line-height: 1.2;\"><span style=\"background-color: #ffffff;\"><span style=\"vertical-align: baseline;\">\u00a0 <\/span><\/span><\/span><\/div>\n        <\/div>\n        <\/div>\n    <\/div><\/span><\/span><\/span><\/p>\n<hr>\n<div>\n<p dir=\"ltr\" style=\"margin-top: 0pt; margin-bottom: 0pt;\"><img loading=\"lazy\" decoding=\"async\" class=\"alignnone wp-image-183\" src=\"https:\/\/sisu.ut.ee\/wp-content\/uploads\/sites\/598\/ulesanne-1024x1024.png\" alt=\"\" width=\"40\" height=\"40\" srcset=\"https:\/\/sisu.ut.ee\/wp-content\/uploads\/sites\/598\/ulesanne-1024x1024.png 1024w, https:\/\/sisu.ut.ee\/wp-content\/uploads\/sites\/598\/ulesanne-300x300.png 300w, https:\/\/sisu.ut.ee\/wp-content\/uploads\/sites\/598\/ulesanne-150x150.png 150w, https:\/\/sisu.ut.ee\/wp-content\/uploads\/sites\/598\/ulesanne-768x768.png 768w, https:\/\/sisu.ut.ee\/wp-content\/uploads\/sites\/598\/ulesanne.png 1080w\" sizes=\"auto, (max-width: 40px) 100vw, 40px\">\u00a0<span style=\"line-height: 1.38;\"><span style=\"vertical-align: baseline;\">HARJUTUS 12 <\/span><\/span><\/p>\n<p dir=\"ltr\" style=\"margin-top: 0pt; margin-bottom: 0pt;\">\u00a0<\/p>\n<\/div>\n\n\n<div class=\"h5p-iframe-wrapper\"><div class=\"video-placeholder-wrapper video-placeholder-wrapper--fixed\" style=\"height: 366px;\">\n\t\t\t    <div class=\"video-placeholder d-flex justify-content-center align-items-center\">\n\t\t\t        <div class=\"overlay text-white p-2 w-100 text-center d-block justify-content-center align-items-center\">\n\t\t\t            <div>Kolmandate osapoolte sisu n\u00e4gemiseks palun n\u00f5ustu k\u00fcpsistega.<\/div>\n\t\t\t            <button class=\"btn btn-secondary btn-sm mt-1 consent-change\">Muuda n\u00f5usolekut<\/button>\n\t\t\t        <\/div>\n\t\t\t    <\/div>\n\t\t\t<\/div>\n<\/div>\n\n\n<hr>\n<div>\n<p dir=\"ltr\" style=\"line-height: 1.08; text-align: justify; margin-top: 10pt; margin-bottom: 4pt;\"><img loading=\"lazy\" decoding=\"async\" class=\"alignnone wp-image-183\" src=\"https:\/\/sisu.ut.ee\/wp-content\/uploads\/sites\/598\/ulesanne-1024x1024.png\" alt=\"\" width=\"40\" height=\"40\" srcset=\"https:\/\/sisu.ut.ee\/wp-content\/uploads\/sites\/598\/ulesanne-1024x1024.png 1024w, https:\/\/sisu.ut.ee\/wp-content\/uploads\/sites\/598\/ulesanne-300x300.png 300w, https:\/\/sisu.ut.ee\/wp-content\/uploads\/sites\/598\/ulesanne-150x150.png 150w, https:\/\/sisu.ut.ee\/wp-content\/uploads\/sites\/598\/ulesanne-768x768.png 768w, https:\/\/sisu.ut.ee\/wp-content\/uploads\/sites\/598\/ulesanne.png 1080w\" sizes=\"auto, (max-width: 40px) 100vw, 40px\">\u00a0<span style=\"font-weight: 400;\"><span style=\"vertical-align: baseline;\">HARJUTUS 13 <\/span><\/span><\/p>\n<p dir=\"ltr\" style=\"line-height: 1.08; text-align: justify; margin-top: 10pt; margin-bottom: 4pt;\"><span style=\"background-color: #ffffff;\"><span style=\"font-weight: 400;\"><span style=\"vertical-align: baseline;\">Organisatsiooni tutvustuse, v\u00e4\u00e4rtusi ja muud v\u00e4ljatoodud p\u00f5him\u00f5tteid saab \u00e4ra kasutada motivatsiooni- v\u00f5i kaaskirja koostamisel. Leia organisatsioonide kodulehtedelt nende v\u00e4\u00e4rtused ja harjuta v\u00e4\u00e4rtuste sidumist kaas- v\u00f5i motivatsioonikirja. <\/span><\/span><\/span><\/p>\n<p dir=\"ltr\" style=\"text-align: justify; margin-top: 10pt; margin-bottom: 0pt;\"><span style=\"line-height: 1.08;\"><span style=\"background-color: #ffffff;\"><span style=\"vertical-align: baseline;\">N\u00e4ide. <\/span><\/span><\/span><\/p>\n<p dir=\"ltr\" style=\"text-align: justify; margin-top: 10pt; margin-bottom: 0pt;\"><span style=\"line-height: 1.08;\"><span style=\"background-color: #ffffff;\"><span style=\"vertical-align: baseline;\">Organisatsiooni (Salvest AS) v\u00e4\u00e4rtus \u2013<\/span><\/span> <span style=\"background-color: #ffffff;\"><span style=\"font-weight: bold;\"><span style=\"vertical-align: baseline;\">P\u00dcHENDUMUS.<\/span><\/span><\/span> <span style=\"background-color: #ffffff;\"><span style=\"vertical-align: baseline;\">Teeme oma t\u00f6\u00f6d innustunult. Meie peale v\u00f5ib alati kindel olla, peame t\u00e4htaegadest kinni ja austame \u00fcksteise aega ja lubadusi. V\u00e4\u00e4rtuse sidumine motivatsioonikirjas v\u00f5iks v\u00e4lja n\u00e4ha nii: <\/span><\/span><\/span><\/p>\n<p dir=\"ltr\" style=\"text-align: justify; margin-top: 10pt; margin-bottom: 0pt;\"><span style=\"line-height: 1.08;\"><span style=\"color: #4a86e8;\"><span style=\"background-color: #ffffff;\"><span style=\"font-style: italic;\"><span style=\"vertical-align: baseline;\">Mind k\u00f5netas v\u00e4ga p\u00fchendumus teie organisatsiooni v\u00e4\u00e4rtustest. Olen oma loomult t\u00e4pne ning hindan seda ka k\u00f5rgelt nii enda kui ka teiste suhtes. Kui ma midagi ette v\u00f5tan, siis ei kujuta ette, et v\u00f5iksin teha seda ilma p\u00fchendumiseta, n\u00e4iteks olen olnud vabatahtlikuna loomade varjupaigas abiks juba aastaid.<\/span><\/span><\/span><\/span><\/span><\/p>\n<p dir=\"ltr\" style=\"text-align: justify; margin-top: 10pt; margin-bottom: 0pt;\"><span style=\"line-height: 1.08;\"><span style=\"color: #4a86e8;\"><span style=\"background-color: #ffffff;\"><span style=\"vertical-align: baseline;\">HARJUTA!<\/span><\/span><\/span><\/span><\/p>\n<p dir=\"ltr\" style=\"text-align: justify; margin-top: 10pt; margin-bottom: 0pt;\"><span style=\"line-height: 1.08;\"><span style=\"color: #4a86e8;\"><span style=\"background-color: #ffffff;\"><span style=\"vertical-align: baseline;\">V\u00e4\u00e4rtus\u2026<\/span><\/span><\/span><\/span><\/p>\n<p dir=\"ltr\" style=\"text-align: justify; margin-top: 10pt; margin-bottom: 0pt;\"><span style=\"line-height: 1.08;\"><span style=\"color: #4a86e8;\"><span style=\"background-color: #ffffff;\"><span style=\"vertical-align: baseline;\">Sinu lause:<\/span><\/span><\/span><\/span><\/p>\n<p dir=\"ltr\" style=\"text-align: justify; margin-top: 10pt; margin-bottom: 0pt;\"><span style=\"line-height: 1.08;\"><span style=\"color: #4a86e8;\"><span style=\"background-color: #ffffff;\"><span style=\"vertical-align: baseline;\">V\u00e4\u00e4rtus\u2026<\/span><\/span><\/span><\/span><\/p>\n<p dir=\"ltr\" style=\"text-align: justify; margin-top: 10pt; margin-bottom: 0pt;\"><span style=\"line-height: 1.08;\"><span style=\"color: #4a86e8;\"><span style=\"background-color: #ffffff;\"><span style=\"vertical-align: baseline;\">Sinu lause:<\/span><\/span><\/span><\/span><\/p>\n<p dir=\"ltr\" style=\"text-align: justify; margin-top: 10pt; margin-bottom: 0pt;\"><span style=\"line-height: 1.08;\"><span style=\"color: #4a86e8;\"><span style=\"background-color: #ffffff;\"><span style=\"vertical-align: baseline;\">V\u00e4\u00e4rtus\u2026<\/span><\/span><\/span><\/span><\/p>\n<p dir=\"ltr\" style=\"text-align: justify; margin-top: 10pt; margin-bottom: 0pt;\"><span style=\"line-height: 1.08;\"><span style=\"color: #4a86e8;\"><span style=\"background-color: #ffffff;\"><span style=\"vertical-align: baseline;\">Sinu lause:<\/span><\/span><\/span><\/span><\/p>\n<hr>\n<p><img loading=\"lazy\" decoding=\"async\" class=\"alignnone wp-image-183\" src=\"https:\/\/sisu.ut.ee\/wp-content\/uploads\/sites\/598\/ulesanne-1024x1024.png\" alt=\"\" width=\"40\" height=\"40\" srcset=\"https:\/\/sisu.ut.ee\/wp-content\/uploads\/sites\/598\/ulesanne-1024x1024.png 1024w, https:\/\/sisu.ut.ee\/wp-content\/uploads\/sites\/598\/ulesanne-300x300.png 300w, https:\/\/sisu.ut.ee\/wp-content\/uploads\/sites\/598\/ulesanne-150x150.png 150w, https:\/\/sisu.ut.ee\/wp-content\/uploads\/sites\/598\/ulesanne-768x768.png 768w, https:\/\/sisu.ut.ee\/wp-content\/uploads\/sites\/598\/ulesanne.png 1080w\" sizes=\"auto, (max-width: 40px) 100vw, 40px\">\u00a0HARJUTUS 14<\/p>\n<p>Paiguta iga ameti juurde seda ametit k\u00f5ige t\u00e4psemini iseloomustavad omaduss\u00f5nad. Omaduss\u00f5nad jagunevad kolme alagruppi, lohista omaduss\u00f5na \u00f5ige v\u00e4rviga alasse:<\/p>\n<p><span style=\"background-color: #00ff00;\">roheline\u00a0 <\/span>\u2013 igal juhul kasutaks seda omadust seoses selle ametiga<\/p>\n<p dir=\"ltr\"><span style=\"background-color: #ffff00;\">kollane<\/span>\u00a0 \u2013 v\u00f5ib olla kasutaks, tundub selle ameti puhul neutraalne<\/p>\n<p dir=\"ltr\"><span style=\"background-color: #ffa07a;\">punane <\/span>\u2013 pigem ei kasutaks seda omadust seoses selle ametiga<\/p>\n<p dir=\"ltr\">\u00a0<\/p>\n<p dir=\"ltr\">HAMBAARSTI ASSISTENT<\/p>\n<\/div>\n\n\n<div class=\"h5p-iframe-wrapper\"><div class=\"video-placeholder-wrapper video-placeholder-wrapper--fixed\" style=\"height: 366px;\">\n\t\t\t    <div class=\"video-placeholder d-flex justify-content-center align-items-center\">\n\t\t\t        <div class=\"overlay text-white p-2 w-100 text-center d-block justify-content-center align-items-center\">\n\t\t\t            <div>Kolmandate osapoolte sisu n\u00e4gemiseks palun n\u00f5ustu k\u00fcpsistega.<\/div>\n\t\t\t            <button class=\"btn btn-secondary btn-sm mt-1 consent-change\">Muuda n\u00f5usolekut<\/button>\n\t\t\t        <\/div>\n\t\t\t    <\/div>\n\t\t\t<\/div>\n<\/div>\n\n\n<p>\u00a0<\/p>\n<p dir=\"ltr\">KINNISVARAMAAKLER<\/p>\n\n\n<div class=\"h5p-iframe-wrapper\"><div class=\"video-placeholder-wrapper video-placeholder-wrapper--fixed\" style=\"height: 366px;\">\n\t\t\t    <div class=\"video-placeholder d-flex justify-content-center align-items-center\">\n\t\t\t        <div class=\"overlay text-white p-2 w-100 text-center d-block justify-content-center align-items-center\">\n\t\t\t            <div>Kolmandate osapoolte sisu n\u00e4gemiseks palun n\u00f5ustu k\u00fcpsistega.<\/div>\n\t\t\t            <button class=\"btn btn-secondary btn-sm mt-1 consent-change\">Muuda n\u00f5usolekut<\/button>\n\t\t\t        <\/div>\n\t\t\t    <\/div>\n\t\t\t<\/div>\n<\/div>\n\n\n<p>\u00a0<\/p>\n<p>BUSSIJUHT<\/p>\n\n\n<div class=\"h5p-iframe-wrapper\"><div class=\"video-placeholder-wrapper video-placeholder-wrapper--fixed\" style=\"height: 366px;\">\n\t\t\t    <div class=\"video-placeholder d-flex justify-content-center align-items-center\">\n\t\t\t        <div class=\"overlay text-white p-2 w-100 text-center d-block justify-content-center align-items-center\">\n\t\t\t            <div>Kolmandate osapoolte sisu n\u00e4gemiseks palun n\u00f5ustu k\u00fcpsistega.<\/div>\n\t\t\t            <button class=\"btn btn-secondary btn-sm mt-1 consent-change\">Muuda n\u00f5usolekut<\/button>\n\t\t\t        <\/div>\n\t\t\t    <\/div>\n\t\t\t<\/div>\n<\/div>\n\n\n<p>\u00a0<\/p>\n<p>LASTEAIA\u00d5PETAJA ABI<\/p>\n\n\n<div class=\"h5p-iframe-wrapper\"><div class=\"video-placeholder-wrapper video-placeholder-wrapper--fixed\" style=\"height: 366px;\">\n\t\t\t    <div class=\"video-placeholder d-flex justify-content-center align-items-center\">\n\t\t\t        <div class=\"overlay text-white p-2 w-100 text-center d-block justify-content-center align-items-center\">\n\t\t\t            <div>Kolmandate osapoolte sisu n\u00e4gemiseks palun n\u00f5ustu k\u00fcpsistega.<\/div>\n\t\t\t            <button class=\"btn btn-secondary btn-sm mt-1 consent-change\">Muuda n\u00f5usolekut<\/button>\n\t\t\t        <\/div>\n\t\t\t    <\/div>\n\t\t\t<\/div>\n<\/div>\n\n\n<p>\u00a0<\/p>\n<hr>\n<p><img loading=\"lazy\" decoding=\"async\" class=\"alignnone wp-image-183\" src=\"https:\/\/sisu.ut.ee\/wp-content\/uploads\/sites\/598\/ulesanne-1024x1024.png\" alt=\"\" width=\"40\" height=\"40\" srcset=\"https:\/\/sisu.ut.ee\/wp-content\/uploads\/sites\/598\/ulesanne-1024x1024.png 1024w, https:\/\/sisu.ut.ee\/wp-content\/uploads\/sites\/598\/ulesanne-300x300.png 300w, https:\/\/sisu.ut.ee\/wp-content\/uploads\/sites\/598\/ulesanne-150x150.png 150w, https:\/\/sisu.ut.ee\/wp-content\/uploads\/sites\/598\/ulesanne-768x768.png 768w, https:\/\/sisu.ut.ee\/wp-content\/uploads\/sites\/598\/ulesanne.png 1080w\" sizes=\"auto, (max-width: 40px) 100vw, 40px\">\u00a0<span style=\"line-height: 1.38;\"><span style=\"vertical-align: baseline;\"><span style=\"background-color: #ffffff;\">HARJUTUS 15 <\/span><\/span><\/span><\/p>\n<p dir=\"ltr\" style=\"text-align: justify; margin-top: 0pt; margin-bottom: 0pt;\"><span style=\"line-height: 1.38;\"><span style=\"vertical-align: baseline;\"><span style=\"background-color: #ffffff;\">Vaata erinevaid ameteid tutvustavaid videosid Karj\u00e4\u00e4ristuudio kodulehelt:<\/span><\/span><\/span><\/p>\n<p dir=\"ltr\" style=\"text-align: justify; margin-top: 0pt; margin-bottom: 0pt;\"><span style=\"line-height: 1.38;\"><a style=\"text-decoration: none;\" href=\"https:\/\/karjaaristuudio.ee\/teema\/tutvu-ametiga\/\" target=\"_blank\" rel=\"noopener\"><span style=\"color: #1155cc;\"><span style=\"background-color: #ffffff;\"><span style=\"text-decoration: underline;\"><span style=\"vertical-align: baseline;\">https:\/\/karjaaristuudio.ee\/teema\/tutvu-ametiga\/<\/span><\/span><\/span><\/span><\/a><span style=\"background-color: #ffffff;\"><span style=\"vertical-align: baseline;\">. Nopi sulle huvipakkuva ameti videoklipist v\u00e4lja just neid omadusi ja oskusi, mida selle ameti juures vaja l\u00e4heb! Kui oled huvitatud sarnasest ametist, saad m\u00f5elda, kas sinul on need oskused ja omadused olemas v\u00f5i pead midagi juurde \u00f5ppima, ennast t\u00e4iendama ja arendama neis valdkondades.<\/span><\/span><\/span><\/p>\n<p dir=\"ltr\" style=\"text-align: justify; margin-top: 0pt; margin-bottom: 0pt;\">VIDEO: OPTOMETRIST<\/p>\n<p dir=\"ltr\" style=\"margin-top: 0pt; margin-bottom: 0pt;\"><span style=\"line-height: 1.38;\"><span style=\"vertical-align: baseline;\">(allikas <\/span><\/span><a title=\"\" href=\"https:\/\/karjaaristuudio.ee\/optometristi-amet-talendisona\/\" target=\"_blank\" rel=\"noopener\" data-url=\" https:\/\/karjaaristuudio.ee\/optometristi-amet-talendisona\/\">https:\/\/karjaaristuudio.ee\/optometristi-amet-talendisona\/<\/a><span style=\"line-height: 1.38;\"><span style=\"vertical-align: baseline;\">)<\/span><\/span><\/p>\n<p dir=\"ltr\" style=\"margin-top: 0pt; margin-bottom: 0pt;\"><\/p><div class=\"ratio ratio-16x9 mb-3\"><div class=\"video-placeholder-wrapper video-placeholder-wrapper--16x9\">\n\t\t\t    <div class=\"video-placeholder d-flex justify-content-center align-items-center\">\n\t\t\t        <div class=\"overlay text-white p-2 w-100 text-center d-block justify-content-center align-items-center\">\n\t\t\t            <div>Kolmandate osapoolte sisu n\u00e4gemiseks palun n\u00f5ustu k\u00fcpsistega.<\/div>\n\t\t\t            <button class=\"btn btn-secondary btn-sm mt-1 consent-change\">Muuda n\u00f5usolekut<\/button>\n\t\t\t        <\/div>\n\t\t\t    <\/div>\n\t\t\t<\/div>\n<\/div>\n<p dir=\"ltr\" style=\"margin-top: 0pt; margin-bottom: 0pt;\"><span style=\"line-height: 1.38;\"><span style=\"vertical-align: baseline;\">Oskuste ja omaduste loetelu, mida toovad esile sel alal t\u00f6\u00f6tavad spetsialistid:<\/span><\/span><\/p>\n<p dir=\"ltr\" style=\"margin-top: 0pt; margin-bottom: 0pt;\"><img loading=\"lazy\" decoding=\"async\" width=\"738\" height=\"474\" class=\"alignnone wp-image-65\" title=\"video1.png\" src=\"https:\/\/sisu.ut.ee\/wp-content\/uploads\/sites\/598\/video1.png\" alt=\"df\" srcset=\"https:\/\/sisu.ut.ee\/wp-content\/uploads\/sites\/598\/video1.png 738w, https:\/\/sisu.ut.ee\/wp-content\/uploads\/sites\/598\/video1-300x193.png 300w\" sizes=\"auto, (max-width: 738px) 100vw, 738px\"><\/p>\n<div><hr>\n<p>VIDEO: T\u00d6\u00d6 KAUPLUSES<\/p>\n<p dir=\"ltr\" style=\"text-align: justify; margin-top: 0pt; margin-bottom: 0pt;\"><span style=\"line-height: 1.38;\"><span style=\"vertical-align: baseline;\">(Biomarketi kaupluse n\u00e4ide, videol\u00f5igus r\u00e4\u00e4givad juhataja ja kaubapaigutajate juht, <\/span><a style=\"text-decoration: none;\" href=\"https:\/\/karjaaristuudio.ee\/too-biomarketi-kaupluses-talendisona\/\" target=\"_blank\" rel=\"noopener\"><span style=\"color: #1155cc;\"><span style=\"text-decoration: underline;\"><span style=\"vertical-align: baseline;\">https:\/\/karjaaristuudio.ee\/too-biomarketi-kaupluses-talendisona\/<\/span><\/span><\/span><\/a><span style=\"vertical-align: baseline;\">)<\/span><\/span><\/p>\n<p dir=\"ltr\" style=\"text-align: justify; margin-top: 0pt; margin-bottom: 0pt;\"><\/p><div class=\"ratio ratio-16x9 mb-3\"><div class=\"video-placeholder-wrapper video-placeholder-wrapper--16x9\">\n\t\t\t    <div class=\"video-placeholder d-flex justify-content-center align-items-center\">\n\t\t\t        <div class=\"overlay text-white p-2 w-100 text-center d-block justify-content-center align-items-center\">\n\t\t\t            <div>Kolmandate osapoolte sisu n\u00e4gemiseks palun n\u00f5ustu k\u00fcpsistega.<\/div>\n\t\t\t            <button class=\"btn btn-secondary btn-sm mt-1 consent-change\">Muuda n\u00f5usolekut<\/button>\n\t\t\t        <\/div>\n\t\t\t    <\/div>\n\t\t\t<\/div>\n<\/div>\n<p dir=\"ltr\" style=\"margin-top: 0pt; margin-bottom: 0pt;\"><span style=\"line-height: 1.38;\"><span style=\"vertical-align: baseline;\">Oskuste ja omaduste loetelu, mida toovad esile sel alal t\u00f6\u00f6tavad spetsialistid:<\/span><\/span><\/p>\n<div><img loading=\"lazy\" decoding=\"async\" width=\"737\" height=\"516\" class=\"alignnone wp-image-66\" title=\"video2.png\" src=\"https:\/\/sisu.ut.ee\/wp-content\/uploads\/sites\/598\/video2.png\" alt=\"fg\" srcset=\"https:\/\/sisu.ut.ee\/wp-content\/uploads\/sites\/598\/video2.png 737w, https:\/\/sisu.ut.ee\/wp-content\/uploads\/sites\/598\/video2-300x210.png 300w\" sizes=\"auto, (max-width: 737px) 100vw, 737px\"><hr>\n<p>VIDEO: T\u00d6\u00d6 AUTOPESULAS:<\/p>\n<p dir=\"ltr\" style=\"margin-top: 0pt; margin-bottom: 0pt;\"><span style=\"line-height: 1.38;\"><a style=\"text-decoration: none;\" href=\"https:\/\/karjaaristuudio.ee\/too-autopesulas-talendisona\/\" target=\"_blank\" rel=\"noopener\"><span style=\"color: #1155cc;\"><span style=\"text-decoration: underline;\"><span style=\"vertical-align: baseline;\">https:\/\/karjaaristuudio.ee\/too-autopesulas-talendisona\/<\/span><\/span><\/span><\/a><\/span><\/p>\n<div><div class=\"ratio ratio-16x9 mb-3\"><div class=\"video-placeholder-wrapper video-placeholder-wrapper--16x9\">\n\t\t\t    <div class=\"video-placeholder d-flex justify-content-center align-items-center\">\n\t\t\t        <div class=\"overlay text-white p-2 w-100 text-center d-block justify-content-center align-items-center\">\n\t\t\t            <div>Kolmandate osapoolte sisu n\u00e4gemiseks palun n\u00f5ustu k\u00fcpsistega.<\/div>\n\t\t\t            <button class=\"btn btn-secondary btn-sm mt-1 consent-change\">Muuda n\u00f5usolekut<\/button>\n\t\t\t        <\/div>\n\t\t\t    <\/div>\n\t\t\t<\/div>\n<\/div><\/div>\n<\/div>\n<p><img loading=\"lazy\" decoding=\"async\" width=\"779\" height=\"509\" class=\"alignnone wp-image-67\" title=\"video3.png\" src=\"https:\/\/sisu.ut.ee\/wp-content\/uploads\/sites\/598\/video3.png\" alt=\"dg\" srcset=\"https:\/\/sisu.ut.ee\/wp-content\/uploads\/sites\/598\/video3.png 779w, https:\/\/sisu.ut.ee\/wp-content\/uploads\/sites\/598\/video3-300x196.png 300w, https:\/\/sisu.ut.ee\/wp-content\/uploads\/sites\/598\/video3-768x502.png 768w\" sizes=\"auto, (max-width: 779px) 100vw, 779px\"><\/p>\n<\/div>\n<div><hr><\/div>","protected":false},"excerpt":{"rendered":"<p>2.2.2. MOTIVATSIOONIKIRI Motivatsioonikiri on kaaskirjast p\u00f5hjalikum ja pikem (pikkus kuni A4 kui pole n\u00f5utud teisiti) ning annab v\u00f5imaluse oma oskusi ja saavutusi veelgi rohkem esile tuua ja anal\u00fc\u00fcsida ning selgitada t\u00f6\u00f6andjale, et just sina oled parim kandidaat antud ametikohale. \u00a0 &#8230;<\/p>\n","protected":false},"author":263,"featured_media":0,"parent":0,"menu_order":0,"comment_status":"closed","ping_status":"closed","template":"","meta":{"_acf_changed":false,"inline_featured_image":false,"footnotes":""},"class_list":["post-25","page","type-page","status-publish","hentry"],"acf":[],"_links":{"self":[{"href":"https:\/\/sisu.ut.ee\/edujategu20\/wp-json\/wp\/v2\/pages\/25","targetHints":{"allow":["GET"]}}],"collection":[{"href":"https:\/\/sisu.ut.ee\/edujategu20\/wp-json\/wp\/v2\/pages"}],"about":[{"href":"https:\/\/sisu.ut.ee\/edujategu20\/wp-json\/wp\/v2\/types\/page"}],"author":[{"embeddable":true,"href":"https:\/\/sisu.ut.ee\/edujategu20\/wp-json\/wp\/v2\/users\/263"}],"replies":[{"embeddable":true,"href":"https:\/\/sisu.ut.ee\/edujategu20\/wp-json\/wp\/v2\/comments?post=25"}],"version-history":[{"count":12,"href":"https:\/\/sisu.ut.ee\/edujategu20\/wp-json\/wp\/v2\/pages\/25\/revisions"}],"predecessor-version":[{"id":293,"href":"https:\/\/sisu.ut.ee\/edujategu20\/wp-json\/wp\/v2\/pages\/25\/revisions\/293"}],"wp:attachment":[{"href":"https:\/\/sisu.ut.ee\/edujategu20\/wp-json\/wp\/v2\/media?parent=25"}],"curies":[{"name":"wp","href":"https:\/\/api.w.org\/{rel}","templated":true}]}}