{"id":23,"date":"2024-04-04T08:21:09","date_gmt":"2024-04-04T05:21:09","guid":{"rendered":"https:\/\/sisu.ut.ee\/edujategu20\/22-kaaskiri-ja-motivatsioonikiri\/"},"modified":"2024-04-23T15:22:59","modified_gmt":"2024-04-23T12:22:59","slug":"22-kaaskiri-ja-motivatsioonikiri","status":"publish","type":"page","link":"https:\/\/sisu.ut.ee\/edujategu20\/22-kaaskiri-ja-motivatsioonikiri\/","title":{"rendered":"2.2. Kaaskiri ja motivatsioonikiri"},"content":{"rendered":"<h1 class=\"wp-block-heading\"><img loading=\"lazy\" decoding=\"async\" width=\"40\" height=\"40\" class=\"wp-image-185\" style=\"width: 40px;\" src=\"https:\/\/sisu.ut.ee\/wp-content\/uploads\/sites\/598\/sissejuhatus.png\" alt=\"\" srcset=\"https:\/\/sisu.ut.ee\/wp-content\/uploads\/sites\/598\/sissejuhatus.png 1080w, https:\/\/sisu.ut.ee\/wp-content\/uploads\/sites\/598\/sissejuhatus-300x300.png 300w, https:\/\/sisu.ut.ee\/wp-content\/uploads\/sites\/598\/sissejuhatus-1024x1024.png 1024w, https:\/\/sisu.ut.ee\/wp-content\/uploads\/sites\/598\/sissejuhatus-150x150.png 150w, https:\/\/sisu.ut.ee\/wp-content\/uploads\/sites\/598\/sissejuhatus-768x768.png 768w\" sizes=\"auto, (max-width: 40px) 100vw, 40px\"> <span style=\"color: #28aae1;\">2.2. KAASKIRI JA MOTIVATSIOONIKIRI<\/span><\/h1>\n\n\n<p dir=\"ltr\" style=\"text-align: justify; margin-top: 0pt; margin-bottom: 0pt;\"><span style=\"line-height: 1.38;\"><span style=\"vertical-align: baseline;\">Kaaskirjad ja motivatsioonikirjad on dokumendid, mida lisatakse CV juurde, et enda oskusi, kogemusi ja omadusi esile t\u00f5sta ning tuua v\u00e4lja seosed ja v\u00f5imalik sobivus kandidaadi ja kandideeritava ametikoha vahel. <\/span><\/span><\/p>\n<p>\u00a0<\/p>\n<p dir=\"ltr\" style=\"text-align: justify; margin-top: 0pt; margin-bottom: 0pt;\"><img loading=\"lazy\" decoding=\"async\" class=\"alignnone wp-image-185\" src=\"https:\/\/sisu.ut.ee\/wp-content\/uploads\/sites\/598\/sissejuhatus-1024x1024.png\" alt=\"\" width=\"40\" height=\"40\" srcset=\"https:\/\/sisu.ut.ee\/wp-content\/uploads\/sites\/598\/sissejuhatus-1024x1024.png 1024w, https:\/\/sisu.ut.ee\/wp-content\/uploads\/sites\/598\/sissejuhatus-300x300.png 300w, https:\/\/sisu.ut.ee\/wp-content\/uploads\/sites\/598\/sissejuhatus-150x150.png 150w, https:\/\/sisu.ut.ee\/wp-content\/uploads\/sites\/598\/sissejuhatus-768x768.png 768w, https:\/\/sisu.ut.ee\/wp-content\/uploads\/sites\/598\/sissejuhatus.png 1080w\" sizes=\"auto, (max-width: 40px) 100vw, 40px\">\u00a0<span style=\"line-height: 1.38;\"><span style=\"vertical-align: baseline;\">Mis vahe on kaaskirjal ja motivatsioonikirjal? Kaaskirja peetakse l\u00fchikeseks argumentidega kirjat\u00fckiks, motivatsioonikirja aga p\u00f5hjalikumaks eneseanal\u00fc\u00fcsiks, mille k\u00e4igus kandidaat toob v\u00e4lja oma tugevusi ja oskusi, mis peaksid kinnitama tema sobivust kandideeritavale t\u00f6\u00f6le.<\/span><\/span><\/p>\n<p dir=\"ltr\">\u00a0<\/p>\n<p dir=\"ltr\" style=\"text-align: justify; margin-top: 0pt; margin-bottom: 0pt;\"><span style=\"line-height: 1.38;\"><span style=\"vertical-align: baseline;\">Samas ei ole kaas- ja motivatsioonikirjade vahel ka \u00fchtset erisust ning neid k\u00e4sitletakse tihti \u00fchena. Isegi personalispetsialistidega vesteldes tuleb v\u00e4lja, et terminoloogias ei valitse \u00fchtsus. <\/span><\/span><\/p>\n<p>\u00a0<\/p>\n<p dir=\"ltr\" style=\"text-align: justify; margin-top: 0pt; margin-bottom: 0pt;\"><img loading=\"lazy\" decoding=\"async\" title=\"\" src=\"https:\/\/sisu.ut.ee\/wp-content\/uploads\/sites\/598\/motlemiseks.png\" alt=\"fhg\" width=\"32\" height=\"32\" data-file_info=\"%7B%22fid%22:%2274976%22,%22view_mode%22:%22default%22,%22type%22:%22media%22%7D\">\u00a0<span style=\"line-height: 1.38;\"><span style=\"vertical-align: baseline;\">K\u00dcSIMUS PRAKTIKUTELE (8) Millise kaaluga on Teie hinnangul CV ja millise kaaluga motivatsioonikiri? Kas \u00fcks on olulisem kui teine? Kui palju j\u00e4etakse motivatsioonikirju saatmata? Kui palutakse esitada lisaks CVle motivatsioonikiri, aga kandidaat j\u00e4tab selle esitamata, kas panete kandidaadi k\u00f5rvale v\u00f5i k\u00fcsite motivatsioonikirja lisaks? <\/span><\/span><\/p>\n<ul style=\"margin-top: 0; margin-bottom: 0; padding-inline-start: 48px;\">\n<li dir=\"ltr\" style=\"list-style-type: disc; font-style: italic; vertical-align: baseline;\">\n<p dir=\"ltr\" style=\"text-align: justify; margin-top: 0pt; margin-bottom: 0pt;\" role=\"presentation\"><span style=\"line-height: 1.38;\"><span style=\"vertical-align: baseline;\">\u201cOlenevalt ametikohast olen palunud kandideerijatel saata ka motivatsioonikiri. Motivatsioonikirjast annab v\u00e4lja lugeda palju \u2013 kandidaadi kirjalikku enesev\u00e4ljenduse ja eneseanal\u00fc\u00fcsi oskust ning kuidas ja l\u00e4bi millise prisma ta m\u00f5testab lahti enda sobivuse ja motiveerituse kandideeritavale ametikohale. Motivatsioonikirjast annab \u00fcht-teist v\u00e4lja lugeda ka kandidaadi kui isiksuse kohta ja motivatsioonikiri eelk\u00f5ige t\u00e4iendab CVd.\u201d\u201cKuna toimetan IT valdkonnas, siis kaaskiri ei oma t\u00e4htsust ning mulle tundub, et see on pigem ajast ja arust. Portfoolio aga annab parema \u00fclevaate.\u201d<\/span><\/span><\/p>\n<\/li>\n<li dir=\"ltr\" style=\"list-style-type: disc; font-style: italic; vertical-align: baseline;\">\n<p dir=\"ltr\" style=\"text-align: justify; margin-top: 0pt; margin-bottom: 0pt;\" role=\"presentation\"><span style=\"line-height: 1.38;\"><span style=\"vertical-align: baseline;\">\u201cJuhtub ka seda, et kuigi on palutud lisaks CVle esitada ka motivatsioonikiri, siis on j\u00e4\u00e4nud kandidaadil see esitamata. P\u00f5hjuseid, miks kandidaat seda ei teinud, v\u00f5ib olla mitmeid \u2013 ei pannud kuulutuses seda n\u00f5uet t\u00e4hele, unustas \u00e4ra, ei osanud koostada v\u00f5i ei pidanud oluliseks. Minu jaoks on see kindlasti ikkagi mingi m\u00e4rk. Pelgalt ainu\u00fcksi sellep\u00e4rast, et kandidaat ei saatnud palutud motivatsioonikirja, ma CVd k\u00f5rvale ei pane. Kui CV on tugev ja j\u00f5uame kandidaadiga vestlusvooruni, siis kindlasti juhin sellele t\u00e4helepanu.\u201d <\/span><\/span><\/p>\n<\/li>\n<li dir=\"ltr\" style=\"list-style-type: disc; font-style: italic; vertical-align: baseline;\">\n<p dir=\"ltr\" style=\"text-align: justify; margin-top: 0pt; margin-bottom: 0pt;\" role=\"presentation\"><span style=\"line-height: 1.38;\"><span style=\"vertical-align: baseline;\">\u201cKindlasti on CV esimene, mille personalijuhina avan ning vastavalt selle sisule hindan, kas on vaja selguse saamiseks lugeda kaaskirja v\u00f5i pigem j\u00e4\u00e4b kogemuse puudumise v\u00f5i selle v\u00e4hesuse t\u00f5ttu k\u00f5rvale.\u201d<\/span><\/span><\/p>\n<\/li>\n<li dir=\"ltr\" style=\"list-style-type: disc; font-style: italic; vertical-align: baseline;\">\n<p dir=\"ltr\" style=\"text-align: justify; margin-top: 0pt; margin-bottom: 0pt;\" role=\"presentation\"><span style=\"line-height: 1.38;\"><span style=\"vertical-align: baseline;\">\u201cMa ei k\u00fcsi juurde kaaskirja, kui seda ei ole lisatud; kandidaati k\u00f5rvale ei j\u00e4ta, kui tugeva CVga saan vajaminevatele k\u00fcsimustele vastuse.\u201c<\/span><\/span><\/p>\n<hr>\n<p>\u00a0<\/p>\n<\/li>\n<\/ul>","protected":false},"excerpt":{"rendered":"<p>2.2. KAASKIRI JA MOTIVATSIOONIKIRI Kaaskirjad ja motivatsioonikirjad on dokumendid, mida lisatakse CV juurde, et enda oskusi, kogemusi ja omadusi esile t\u00f5sta ning tuua v\u00e4lja seosed ja v\u00f5imalik sobivus kandidaadi ja kandideeritava ametikoha vahel. \u00a0 \u00a0Mis vahe on kaaskirjal ja motivatsioonikirjal? &#8230;<\/p>\n","protected":false},"author":263,"featured_media":0,"parent":0,"menu_order":0,"comment_status":"closed","ping_status":"closed","template":"","meta":{"_acf_changed":false,"inline_featured_image":false,"footnotes":""},"class_list":["post-23","page","type-page","status-publish","hentry"],"acf":[],"_links":{"self":[{"href":"https:\/\/sisu.ut.ee\/edujategu20\/wp-json\/wp\/v2\/pages\/23","targetHints":{"allow":["GET"]}}],"collection":[{"href":"https:\/\/sisu.ut.ee\/edujategu20\/wp-json\/wp\/v2\/pages"}],"about":[{"href":"https:\/\/sisu.ut.ee\/edujategu20\/wp-json\/wp\/v2\/types\/page"}],"author":[{"embeddable":true,"href":"https:\/\/sisu.ut.ee\/edujategu20\/wp-json\/wp\/v2\/users\/263"}],"replies":[{"embeddable":true,"href":"https:\/\/sisu.ut.ee\/edujategu20\/wp-json\/wp\/v2\/comments?post=23"}],"version-history":[{"count":3,"href":"https:\/\/sisu.ut.ee\/edujategu20\/wp-json\/wp\/v2\/pages\/23\/revisions"}],"predecessor-version":[{"id":285,"href":"https:\/\/sisu.ut.ee\/edujategu20\/wp-json\/wp\/v2\/pages\/23\/revisions\/285"}],"wp:attachment":[{"href":"https:\/\/sisu.ut.ee\/edujategu20\/wp-json\/wp\/v2\/media?parent=23"}],"curies":[{"name":"wp","href":"https:\/\/api.w.org\/{rel}","templated":true}]}}