{"id":22,"date":"2024-04-04T08:21:09","date_gmt":"2024-04-04T05:21:09","guid":{"rendered":"https:\/\/sisu.ut.ee\/edujategu20\/2110-erinevad-voimalused-ja-keskkonnad-cv-koostamiseks\/"},"modified":"2024-04-23T16:24:48","modified_gmt":"2024-04-23T13:24:48","slug":"2110-erinevad-voimalused-ja-keskkonnad-cv-koostamiseks","status":"publish","type":"page","link":"https:\/\/sisu.ut.ee\/edujategu20\/2110-erinevad-voimalused-ja-keskkonnad-cv-koostamiseks\/","title":{"rendered":"2.1.10. Erinevad v\u00f5imalused ja keskkonnad CV koostamiseks"},"content":{"rendered":"<h1 class=\"wp-block-heading\"><img loading=\"lazy\" decoding=\"async\" width=\"40\" height=\"40\" class=\"wp-image-185\" style=\"width: 40px;\" src=\"https:\/\/sisu.ut.ee\/wp-content\/uploads\/sites\/598\/sissejuhatus.png\" alt=\"\" srcset=\"https:\/\/sisu.ut.ee\/wp-content\/uploads\/sites\/598\/sissejuhatus.png 1080w, https:\/\/sisu.ut.ee\/wp-content\/uploads\/sites\/598\/sissejuhatus-300x300.png 300w, https:\/\/sisu.ut.ee\/wp-content\/uploads\/sites\/598\/sissejuhatus-1024x1024.png 1024w, https:\/\/sisu.ut.ee\/wp-content\/uploads\/sites\/598\/sissejuhatus-150x150.png 150w, https:\/\/sisu.ut.ee\/wp-content\/uploads\/sites\/598\/sissejuhatus-768x768.png 768w\" sizes=\"auto, (max-width: 40px) 100vw, 40px\"> <span style=\"color: #28aae1;\">2.1.10. ERINEVAD V\u00d5IMALUSED JA KESKKONNAD CV KOOSTAMISEKS<\/span><\/h1>\n\n<p dir=\"ltr\" style=\"text-align: justify; margin-top: 0pt; margin-bottom: 0pt;\"><span style=\"line-height: 1.38;\"><span style=\"vertical-align: baseline;\">Traditsioonilist CVd on k\u00f5ige lihtsam koostada tekstit\u00f6\u00f6tlusprogrammis, kuid MS Word pakub ka eelkujundatud CV vorme. Lisaks on ka teisi huvitavaid lahendusi ja v\u00f5imalusi, kus saab oma CV atraktiivseks teha, nagu n\u00e4iteks:<\/span><\/span><\/p>\n\n<ul style=\"margin-top: 0; margin-bottom: 0; padding-inline-start: 48px;\">\n \t<li dir=\"ltr\" style=\"list-style-type: disc; vertical-align: baseline;\">\n<p dir=\"ltr\" style=\"text-align: justify; margin-top: 0pt; margin-bottom: 0pt;\" role=\"presentation\"><a title=\"\" href=\"https:\/\/www.canva.com\/\" target=\"_blank\" rel=\"noopener\" data-url=\"https:\/\/www.canva.com\/\">canva.com<\/a><\/p>\n<\/li>\n \t<li dir=\"ltr\" style=\"list-style-type: disc; vertical-align: baseline;\">\n<p dir=\"ltr\" style=\"text-align: justify; margin-top: 0pt; margin-bottom: 0pt;\" role=\"presentation\"><a title=\"\" href=\"https:\/\/novoresume.com\/\" target=\"_blank\" rel=\"noopener\" data-url=\"https:\/\/novoresume.com\/\">novoresume.com<\/a><\/p>\n<\/li>\n \t<li dir=\"ltr\" style=\"list-style-type: disc; vertical-align: baseline;\">\n<p dir=\"ltr\" style=\"text-align: justify; margin-top: 0pt; margin-bottom: 0pt;\" role=\"presentation\"><a title=\"\" href=\"https:\/\/enhancv.com\/\" target=\"_blank\" rel=\"noopener\" data-url=\"https:\/\/enhancv.com\/\">enhancv.com<\/a><\/p>\n<\/li>\n \t<li dir=\"ltr\" style=\"list-style-type: disc; vertical-align: baseline;\">\n<p dir=\"ltr\" style=\"text-align: justify; margin-top: 0pt; margin-bottom: 0pt;\" role=\"presentation\"><a title=\"\" href=\"https:\/\/piktochart.com\/\" target=\"_blank\" rel=\"noopener\" data-url=\"https:\/\/piktochart.com\/\">piktochart.com<\/a><\/p>\n<\/li>\n<\/ul>\n<p dir=\"ltr\" style=\"text-align: justify; margin-top: 0pt; margin-bottom: 0pt;\"><span style=\"line-height: 1.38;\"><span style=\"vertical-align: baseline;\">Ka MS PowerPoint v\u00f5ib olla uudseks lahenduseks CV koostamisel. <\/span><\/span><\/p>\n\n\n<hr>\n<p dir=\"ltr\" style=\"text-align: justify; margin-top: 0pt; margin-bottom: 0pt;\"><img loading=\"lazy\" decoding=\"async\" title=\"\" src=\"https:\/\/sisu.ut.ee\/wp-content\/uploads\/sites\/598\/lisalugemine.png\" alt=\"juurde\" width=\"32\" height=\"32\" data-file_info=\"%7B%22fid%22:%2274975%22,%22view_mode%22:%22default%22,%22type%22:%22media%22%7D\">\u00a0<span style=\"line-height: 1.38;\"><span style=\"vertical-align: baseline;\">M\u00f5ned asutused pakuvad kandideerijatele CV loomiseks juba etteantud struktuuriga keskkonda oma asutuse kodulehel. LOE LISAKS (5) <\/span><a style=\"text-decoration: none;\" href=\"https:\/\/hr.cv.ee\/cv\/naidis\" target=\"_blank\" rel=\"noopener\"><span style=\"color: #1155cc;\"><span style=\"text-decoration: underline;\"><span style=\"vertical-align: baseline;\">https:\/\/hr.cv.ee\/cv\/naidis<\/span><\/span><\/span><\/a><\/span><\/p>\n\n\n<hr>\n<p dir=\"ltr\" style=\"text-align: justify; margin-top: 0pt; margin-bottom: 0pt;\"><\/p>\n\n<div><\/div>","protected":false},"excerpt":{"rendered":"<p>2.1.10. ERINEVAD V\u00d5IMALUSED JA KESKKONNAD CV KOOSTAMISEKS Traditsioonilist CVd on k\u00f5ige lihtsam koostada tekstit\u00f6\u00f6tlusprogrammis, kuid MS Word pakub ka eelkujundatud CV vorme. Lisaks on ka teisi huvitavaid lahendusi ja v\u00f5imalusi, kus saab oma CV atraktiivseks teha, nagu n\u00e4iteks: canva.com novoresume.com &#8230;<\/p>\n","protected":false},"author":263,"featured_media":0,"parent":0,"menu_order":0,"comment_status":"closed","ping_status":"closed","template":"","meta":{"_acf_changed":false,"inline_featured_image":false,"footnotes":""},"class_list":["post-22","page","type-page","status-publish","hentry"],"acf":[],"_links":{"self":[{"href":"https:\/\/sisu.ut.ee\/edujategu20\/wp-json\/wp\/v2\/pages\/22","targetHints":{"allow":["GET"]}}],"collection":[{"href":"https:\/\/sisu.ut.ee\/edujategu20\/wp-json\/wp\/v2\/pages"}],"about":[{"href":"https:\/\/sisu.ut.ee\/edujategu20\/wp-json\/wp\/v2\/types\/page"}],"author":[{"embeddable":true,"href":"https:\/\/sisu.ut.ee\/edujategu20\/wp-json\/wp\/v2\/users\/263"}],"replies":[{"embeddable":true,"href":"https:\/\/sisu.ut.ee\/edujategu20\/wp-json\/wp\/v2\/comments?post=22"}],"version-history":[{"count":3,"href":"https:\/\/sisu.ut.ee\/edujategu20\/wp-json\/wp\/v2\/pages\/22\/revisions"}],"predecessor-version":[{"id":344,"href":"https:\/\/sisu.ut.ee\/edujategu20\/wp-json\/wp\/v2\/pages\/22\/revisions\/344"}],"wp:attachment":[{"href":"https:\/\/sisu.ut.ee\/edujategu20\/wp-json\/wp\/v2\/media?parent=22"}],"curies":[{"name":"wp","href":"https:\/\/api.w.org\/{rel}","templated":true}]}}