{"id":21,"date":"2024-04-04T08:21:09","date_gmt":"2024-04-04T05:21:09","guid":{"rendered":"https:\/\/sisu.ut.ee\/edujategu20\/219-personalijuhtide-soovitused-ja-markamised-cv-koostamiseks\/"},"modified":"2024-04-23T16:24:05","modified_gmt":"2024-04-23T13:24:05","slug":"219-personalijuhtide-soovitused-ja-markamised-cv-koostamiseks","status":"publish","type":"page","link":"https:\/\/sisu.ut.ee\/edujategu20\/219-personalijuhtide-soovitused-ja-markamised-cv-koostamiseks\/","title":{"rendered":"2.1.9. Personalijuhtide soovitused ja m\u00e4rkamised CV koostamiseks"},"content":{"rendered":"<h1 class=\"wp-block-heading\"><img loading=\"lazy\" decoding=\"async\" width=\"40\" height=\"40\" class=\"wp-image-185\" style=\"width: 40px;\" src=\"https:\/\/sisu.ut.ee\/wp-content\/uploads\/sites\/598\/sissejuhatus.png\" alt=\"\" srcset=\"https:\/\/sisu.ut.ee\/wp-content\/uploads\/sites\/598\/sissejuhatus.png 1080w, https:\/\/sisu.ut.ee\/wp-content\/uploads\/sites\/598\/sissejuhatus-300x300.png 300w, https:\/\/sisu.ut.ee\/wp-content\/uploads\/sites\/598\/sissejuhatus-1024x1024.png 1024w, https:\/\/sisu.ut.ee\/wp-content\/uploads\/sites\/598\/sissejuhatus-150x150.png 150w, https:\/\/sisu.ut.ee\/wp-content\/uploads\/sites\/598\/sissejuhatus-768x768.png 768w\" sizes=\"auto, (max-width: 40px) 100vw, 40px\"> <span style=\"color: #28aae1;\">2.1.9. PERSONALIJUHTIDE SOOVITUSED JA M\u00c4RKAMISED CV KOOSTAMISEKS<\/span><\/h1>\n\n<p dir=\"ltr\" style=\"text-align: justify; margin-top: 0pt; margin-bottom: 0pt;\"><img loading=\"lazy\" decoding=\"async\" title=\"\" src=\"https:\/\/sisu.ut.ee\/wp-content\/uploads\/sites\/598\/motlemiseks.png\" alt=\"fhg\" width=\"32\" height=\"32\" data-file_info=\"%7B%22fid%22:%2274976%22,%22view_mode%22:%22default%22,%22type%22:%22media%22%7D\">\u00a0<span style=\"line-height: 1.38;\"><span style=\"vertical-align: baseline;\">K\u00dcSIMUS PRAKTIKUTELE (7)<\/span> <span style=\"font-weight: bold;\"><span style=\"vertical-align: baseline;\">Millised on kandideerimisdokumentides levinumad vead, mida n\u00e4ete? Tooge palun v\u00e4lja m\u00f5ned nn ootamatud \u201evead\u201c, mida olete kohanud CVdes. Millised aspektid\/n\u00fcansid vms kandidaadi CV-s teevad Teid ettevaatlikuks? <\/span><\/span><\/span><\/p>\n\n<ul style=\"margin-top: 0; margin-bottom: 0; padding-inline-start: 48px;\">\n \t<li dir=\"ltr\" style=\"list-style-type: disc; font-style: italic; vertical-align: baseline;\">\n<p dir=\"ltr\" style=\"text-align: justify; margin-top: 12pt; margin-bottom: 0pt;\" role=\"presentation\"><span style=\"line-height: 1.38;\"><span style=\"vertical-align: baseline;\">\u201cCV on koostatud kiirustades, pooliku infoga ja ei ole \u00fcheselt arusaadav.\u201d <\/span><\/span><\/p>\n<\/li>\n \t<li dir=\"ltr\" style=\"list-style-type: disc; font-style: italic; vertical-align: baseline;\">\n<p dir=\"ltr\" style=\"text-align: justify; margin-top: 0pt; margin-bottom: 0pt;\" role=\"presentation\"><span style=\"line-height: 1.38;\"><span style=\"vertical-align: baseline;\">\u201cCV \u00fclesehitus on raskesti haaratav.\u201d<\/span><\/span><\/p>\n<\/li>\n \t<li dir=\"ltr\" style=\"list-style-type: disc; font-style: italic; vertical-align: baseline;\">\n<p dir=\"ltr\" style=\"text-align: justify; margin-top: 0pt; margin-bottom: 0pt;\" role=\"presentation\"><span style=\"line-height: 1.38;\"><span style=\"vertical-align: baseline;\">\u201dKirjavead.\u201d <\/span><\/span><\/p>\n<\/li>\n \t<li dir=\"ltr\" style=\"list-style-type: disc; font-style: italic; vertical-align: baseline;\">\n<p dir=\"ltr\" style=\"text-align: justify; margin-top: 0pt; margin-bottom: 0pt;\" role=\"presentation\"><span style=\"line-height: 1.38;\"><span style=\"vertical-align: baseline;\">\u201dLiiga lakooniline CV (esimene valik langetatakse tihti CV p\u00f5hjal)\u201d<\/span><\/span><\/p>\n<\/li>\n \t<li dir=\"ltr\" style=\"list-style-type: disc; font-style: italic; vertical-align: baseline;\">\n<p dir=\"ltr\" style=\"text-align: justify; margin-top: 0pt; margin-bottom: 0pt;\" role=\"presentation\"><span style=\"line-height: 1.38;\"><span style=\"vertical-align: baseline;\">\u201c\u00dcks markantne n\u00e4ide, mida soliidsesse ettev\u00f5ttesse kandideerimisel kindlasti teha ei tohiks: meeskandidaat oli lisanud CVle endast palja \u00fclakehaga foto ja kirjutanud juurde perekonnaseis: available.\u201d<\/span><\/span><\/p>\n<\/li>\n \t<li dir=\"ltr\" style=\"list-style-type: disc; font-style: italic; vertical-align: baseline;\">\n<p dir=\"ltr\" style=\"text-align: justify; margin-top: 0pt; margin-bottom: 0pt;\" role=\"presentation\"><span style=\"line-height: 1.38;\"><span style=\"vertical-align: baseline;\">\u201cHeasoovlik n\u00f5uanne oleks, eriti neile, kes aktiivselt ei kandideeri ja ei oma seet\u00f5ttu ka liiga suurt kandideerimisdokumentide koostamise kogemust, paluda m\u00f5nel oma tuttaval lugeda CV, motivatsioonikiri jt kandideerimisdokumendid l\u00e4bi lugeda ja k\u00fcsida ausat tagasisidet.\u201d<\/span><\/span><\/p>\n<\/li>\n \t<li dir=\"ltr\" style=\"list-style-type: disc; font-style: italic; vertical-align: baseline;\">\n<p dir=\"ltr\" style=\"text-align: justify; margin-top: 0pt; margin-bottom: 0pt;\" role=\"presentation\"><span style=\"line-height: 1.38;\"><span style=\"vertical-align: baseline;\">\u201cVeel \u00fcks n\u00f5uanne, mida Eestis teinekord liiga v\u00e4he kasutatakse, on paluda eelmise t\u00f6\u00f6andja k\u00e4est v\u00f5i \u00f5ppeasutusest soovituskiri. Kui see pole v\u00f5imalik, siis v\u00e4hemalt tuua CVdes soovitajad v\u00e4lja.\u201d<\/span><\/span><\/p>\n<\/li>\n \t<li dir=\"ltr\" style=\"list-style-type: disc; font-style: italic; vertical-align: baseline;\">\n<p dir=\"ltr\" style=\"text-align: justify; margin-top: 0pt; margin-bottom: 0pt;\" role=\"presentation\"><span style=\"line-height: 1.38;\"><span style=\"vertical-align: baseline;\">\u201cVale ettev\u00f5tte nimi p\u00e4ises, kuhu CV on saadetud; hoopis kolmas nimi, kuigi kiri on saadetud minule.\u201d<\/span><\/span><\/p>\n<\/li>\n \t<li dir=\"ltr\" style=\"list-style-type: disc; font-style: italic; vertical-align: baseline;\">\n<p dir=\"ltr\" style=\"text-align: justify; margin-top: 0pt; margin-bottom: 0pt;\" role=\"presentation\"><span style=\"line-height: 1.38;\"><span style=\"vertical-align: baseline;\">\u201cCVsse on j\u00e4etud kirjutamata telefoninumber.\u201d<\/span><\/span><\/p>\n<\/li>\n \t<li dir=\"ltr\" style=\"list-style-type: disc; font-style: italic; vertical-align: baseline;\">\n<p dir=\"ltr\" style=\"text-align: justify; margin-top: 0pt; margin-bottom: 0pt;\" role=\"presentation\"><span style=\"line-height: 1.38;\"><span style=\"vertical-align: baseline;\">\u201cLiiga palju erinevaid t\u00f6\u00f6suhteid.\u201d<\/span><\/span><\/p>\n<\/li>\n \t<li dir=\"ltr\" style=\"list-style-type: disc; font-style: italic; vertical-align: baseline;\">\n<p dir=\"ltr\" style=\"text-align: justify; margin-top: 0pt; margin-bottom: 0pt;\" role=\"presentation\"><span style=\"line-height: 1.38;\"><span style=\"vertical-align: baseline;\">\u201cHariduse puudumine (nt on omandanud ainult p\u00f5hiharidus ja ei ole kesk-, kutse- v\u00f5i k\u00f5rgharidust).\u201d<\/span><\/span><\/p>\n<\/li>\n \t<li dir=\"ltr\" style=\"list-style-type: disc; font-style: italic; vertical-align: baseline;\">\n<p dir=\"ltr\" style=\"text-align: justify; margin-top: 0pt; margin-bottom: 0pt;\" role=\"presentation\"><span style=\"line-height: 1.38;\"><span style=\"vertical-align: baseline;\">\u201cPoolik CV ehk andmed on osaliselt puudu (n\u00e4iteks ei ole v\u00e4lja toodud, mis koolid on l\u00f5petanud).\u201d<\/span><\/span><\/p>\n<\/li>\n \t<li dir=\"ltr\" style=\"list-style-type: disc; font-style: italic; vertical-align: baseline;\">\n<p dir=\"ltr\" style=\"text-align: justify; margin-top: 0pt; margin-bottom: 12pt;\" role=\"presentation\"><span style=\"line-height: 1.38;\"><span style=\"vertical-align: baseline;\">\u201cKui inimene on liiga tihti vahetanud t\u00f6\u00f6kohti, haridustee katkendlikkus, kirjavead. Kui inimene ei ole vaevunud oma t\u00f6\u00f6\u00fclesandeid selgitama ega ole toonud v\u00e4lja saavutusi, mida ta on reaalselt \u00e4ra teinud.\u201d<\/span><\/span><\/p>\n\n\n<hr>\n\n<\/li>\n<\/ul>\n<p dir=\"ltr\"><img loading=\"lazy\" decoding=\"async\" title=\"\" src=\"https:\/\/sisu.ut.ee\/wp-content\/uploads\/sites\/598\/lisalugemine.png\" alt=\"juurde\" width=\"32\" height=\"32\" data-file_info=\"%7B%22fid%22:%2274975%22,%22view_mode%22:%22default%22,%22type%22:%22media%22%7D\">\u00a0LOE LISAKS (4) Kuidas koostada CV-d? <a href=\"https:\/\/ee.tallink.com\/blogi\/-\/blogs\/kuidas-koostada-cv-d-?gclid=CjwKCAjw-rOaBhA9EiwAUkLV4rMVWCryeynWfC1fSy2KD2i2PTARaR-dtAve_eO3U-GbkS0qRLngNBoCevkQAvD_BwE\" target=\"_blank\" rel=\"noopener\">https:\/\/ee.tallink.com\/blogi\/-\/blogs\/kuidas-koostada-cv-d-?gclid=CjwKCAjw-rOaBhA9EiwAUkLV4rMVWCryeynWfC1fSy2KD2i2PTARaR-dtAve_eO3U-GbkS0qRLngNBoCevkQAvD_BwE<\/a><\/p>\n\n\n<hr>\n<p dir=\"ltr\"><\/p>","protected":false},"excerpt":{"rendered":"<p>2.1.9. PERSONALIJUHTIDE SOOVITUSED JA M\u00c4RKAMISED CV KOOSTAMISEKS \u00a0K\u00dcSIMUS PRAKTIKUTELE (7) Millised on kandideerimisdokumentides levinumad vead, mida n\u00e4ete? Tooge palun v\u00e4lja m\u00f5ned nn ootamatud \u201evead\u201c, mida olete kohanud CVdes. Millised aspektid\/n\u00fcansid vms kandidaadi CV-s teevad Teid ettevaatlikuks? \u201cCV on koostatud kiirustades, &#8230;<\/p>\n","protected":false},"author":263,"featured_media":0,"parent":0,"menu_order":0,"comment_status":"closed","ping_status":"closed","template":"","meta":{"_acf_changed":false,"inline_featured_image":false,"footnotes":""},"class_list":["post-21","page","type-page","status-publish","hentry"],"acf":[],"_links":{"self":[{"href":"https:\/\/sisu.ut.ee\/edujategu20\/wp-json\/wp\/v2\/pages\/21","targetHints":{"allow":["GET"]}}],"collection":[{"href":"https:\/\/sisu.ut.ee\/edujategu20\/wp-json\/wp\/v2\/pages"}],"about":[{"href":"https:\/\/sisu.ut.ee\/edujategu20\/wp-json\/wp\/v2\/types\/page"}],"author":[{"embeddable":true,"href":"https:\/\/sisu.ut.ee\/edujategu20\/wp-json\/wp\/v2\/users\/263"}],"replies":[{"embeddable":true,"href":"https:\/\/sisu.ut.ee\/edujategu20\/wp-json\/wp\/v2\/comments?post=21"}],"version-history":[{"count":4,"href":"https:\/\/sisu.ut.ee\/edujategu20\/wp-json\/wp\/v2\/pages\/21\/revisions"}],"predecessor-version":[{"id":343,"href":"https:\/\/sisu.ut.ee\/edujategu20\/wp-json\/wp\/v2\/pages\/21\/revisions\/343"}],"wp:attachment":[{"href":"https:\/\/sisu.ut.ee\/edujategu20\/wp-json\/wp\/v2\/media?parent=21"}],"curies":[{"name":"wp","href":"https:\/\/api.w.org\/{rel}","templated":true}]}}