{"id":20,"date":"2024-04-04T08:21:09","date_gmt":"2024-04-04T05:21:09","guid":{"rendered":"https:\/\/sisu.ut.ee\/edujategu20\/218-soovitajad\/"},"modified":"2024-04-23T16:22:11","modified_gmt":"2024-04-23T13:22:11","slug":"218-soovitajad","status":"publish","type":"page","link":"https:\/\/sisu.ut.ee\/edujategu20\/218-soovitajad\/","title":{"rendered":"2.1.8. Soovitajad"},"content":{"rendered":"<h1 class=\"wp-block-heading\"><img loading=\"lazy\" decoding=\"async\" width=\"40\" height=\"40\" class=\"wp-image-185\" style=\"width: 40px;\" src=\"https:\/\/sisu.ut.ee\/wp-content\/uploads\/sites\/598\/sissejuhatus.png\" alt=\"\" srcset=\"https:\/\/sisu.ut.ee\/wp-content\/uploads\/sites\/598\/sissejuhatus.png 1080w, https:\/\/sisu.ut.ee\/wp-content\/uploads\/sites\/598\/sissejuhatus-300x300.png 300w, https:\/\/sisu.ut.ee\/wp-content\/uploads\/sites\/598\/sissejuhatus-1024x1024.png 1024w, https:\/\/sisu.ut.ee\/wp-content\/uploads\/sites\/598\/sissejuhatus-150x150.png 150w, https:\/\/sisu.ut.ee\/wp-content\/uploads\/sites\/598\/sissejuhatus-768x768.png 768w\" sizes=\"auto, (max-width: 40px) 100vw, 40px\"> <span style=\"color: #28aae1;\">2.1.8. SOOVITAJAD<\/span><\/h1>\n\n<p dir=\"ltr\" style=\"text-align:justify;margin-top:0pt;margin-bottom:12pt\">\n\t<span style=\"line-height:1.38\"><span><span><span><span><span style=\"vertical-align:baseline\"><span>Soovitajateks v\u00f5ivad olla endised kolleegid, juhid, kooli\u00f5pilaste\/koolil\u00f5petajate puhul ka \u00f5petajad, huviringi juhid, loovt\u00f6\u00f6juhendaja, treenerid. Oma vanemaid soovitajateks panna ei ole hea m\u00f5te. Soovitajaid v\u00f5iks olla kuni kolm, lisa ka nende kontaktandmed ning kindlasti k\u00fcsige eelnevalt nende n\u00f5usolekut, et k\u00f5ne v\u00f5i e-kiri v\u00f5imalikult t\u00f6\u00f6andjalt ei tuleks neile \u00fcllatusena ja nad oleksid valmis k\u00fcsimustele vastama.<\/span><\/span><\/span><\/span><\/span><\/span><\/span>\n<\/p>\n\n<p dir=\"ltr\" style=\"margin-top:0pt;margin-bottom:0pt\">\n\t<span style=\"line-height:1.38\"><span><span><span><span><span style=\"vertical-align:baseline\"><span>M\u00f5ni t\u00f6\u00f6andja kirjutab juba t\u00f6\u00f6pakkumisse, et ootab soovitajate nimesid. <\/span><\/span><\/span><\/span><\/span><\/span><\/span>\n<\/p>\n\u00a0\n\n<p dir=\"ltr\" style=\"text-align:justify;margin-top:0pt;margin-bottom:0pt\">\n\t<span style=\"line-height:1.38\"><span><span><span><span><span style=\"vertical-align:baseline\"><span>Soovitajatelt k\u00fcsitakse tavaliselt seda, kuidas oma \u00fclesannetega varasemalt on hakkama saadud, mis on tugevad k\u00fcljed ja mis vajavad arendamist, samuti v\u00f5idakse k\u00fcsida m\u00f5ne olulise kompetentsi osas, mida antud t\u00f6\u00f6s vaja l\u00e4heb. Kontrollk\u00fcsimusena k\u00fcsitakse \u00fcsna tihti, et kas eelmine t\u00f6\u00f6andja v\u00f5taks v\u00f5imaluse korral inimese tagasi t\u00f6\u00f6le (kui kandidaat on juba lahkunud t\u00f6\u00f6lt) v\u00f5i kas oleks kahju, kui t\u00f6\u00f6taja lahkub (kui t\u00f6\u00f6taja veel t\u00f6\u00f6tab). <\/span><\/span><\/span><\/span><\/span><\/span><\/span>\n<\/p>\n\n<hr>\n\u00a0\n<p dir=\"ltr\" style=\"margin-top:0pt;margin-bottom:0pt\">\n\t<img loading=\"lazy\" decoding=\"async\" alt=\"dg\" data-file_info=\"%7B%22fid%22:%2274978%22,%22view_mode%22:%22default%22,%22type%22:%22media%22%7D\" height=\"32\" src=\"https:\/\/sisu.ut.ee\/wp-content\/uploads\/sites\/598\/opetaja_automaatne_tagasiside.png\" title=\"\" width=\"32\">\u00a0<a data-url=\"https:\/\/sisu.ut.ee\/edujategu20\/kkk#26\" href=\"https:\/\/sisu.ut.ee\/edujategu20\/kkk#26\" target=\"_blank\" title=\"\" rel=\"noopener\">Mida annab soovitajate lisamine CV-sse? <\/a>\n<\/p>\n\n<p dir=\"ltr\" style=\"margin-top:0pt;margin-bottom:0pt\">\n\t\u00a0\n<\/p>\n<img loading=\"lazy\" decoding=\"async\" alt=\"dg\" data-file_info=\"%7B%22fid%22:%2274978%22,%22view_mode%22:%22default%22,%22type%22:%22media%22%7D\" height=\"32\" src=\"https:\/\/sisu.ut.ee\/wp-content\/uploads\/sites\/598\/opetaja_automaatne_tagasiside.png\" title=\"\" width=\"32\">\u00a0<a data-url=\"https:\/\/sisu.ut.ee\/edujategu20\/kkk#213\" href=\"https:\/\/sisu.ut.ee\/edujategu20\/kkk#213\" target=\"_blank\" title=\"\" rel=\"noopener\">Kas tuleks lisada CVle ka soovituskiri? Kui pikk see peaks olema?<\/a>\n\n<hr>\n<div>\n\t\u00a0\n<\/div>\n","protected":false},"excerpt":{"rendered":"<p>2.1.8. SOOVITAJAD Soovitajateks v\u00f5ivad olla endised kolleegid, juhid, kooli\u00f5pilaste\/koolil\u00f5petajate puhul ka \u00f5petajad, huviringi juhid, loovt\u00f6\u00f6juhendaja, treenerid. Oma vanemaid soovitajateks panna ei ole hea m\u00f5te. Soovitajaid v\u00f5iks olla kuni kolm, lisa ka nende kontaktandmed ning kindlasti k\u00fcsige eelnevalt nende n\u00f5usolekut, et &#8230;<\/p>\n","protected":false},"author":263,"featured_media":0,"parent":0,"menu_order":0,"comment_status":"closed","ping_status":"closed","template":"","meta":{"_acf_changed":false,"inline_featured_image":false,"footnotes":""},"class_list":["post-20","page","type-page","status-publish","hentry"],"acf":[],"_links":{"self":[{"href":"https:\/\/sisu.ut.ee\/edujategu20\/wp-json\/wp\/v2\/pages\/20","targetHints":{"allow":["GET"]}}],"collection":[{"href":"https:\/\/sisu.ut.ee\/edujategu20\/wp-json\/wp\/v2\/pages"}],"about":[{"href":"https:\/\/sisu.ut.ee\/edujategu20\/wp-json\/wp\/v2\/types\/page"}],"author":[{"embeddable":true,"href":"https:\/\/sisu.ut.ee\/edujategu20\/wp-json\/wp\/v2\/users\/263"}],"replies":[{"embeddable":true,"href":"https:\/\/sisu.ut.ee\/edujategu20\/wp-json\/wp\/v2\/comments?post=20"}],"version-history":[{"count":3,"href":"https:\/\/sisu.ut.ee\/edujategu20\/wp-json\/wp\/v2\/pages\/20\/revisions"}],"predecessor-version":[{"id":341,"href":"https:\/\/sisu.ut.ee\/edujategu20\/wp-json\/wp\/v2\/pages\/20\/revisions\/341"}],"wp:attachment":[{"href":"https:\/\/sisu.ut.ee\/edujategu20\/wp-json\/wp\/v2\/media?parent=20"}],"curies":[{"name":"wp","href":"https:\/\/api.w.org\/{rel}","templated":true}]}}