{"id":19,"date":"2024-04-04T08:21:09","date_gmt":"2024-04-04T05:21:09","guid":{"rendered":"https:\/\/sisu.ut.ee\/edujategu20\/217-muu-vajalik-informatsioon\/"},"modified":"2024-04-23T16:21:18","modified_gmt":"2024-04-23T13:21:18","slug":"217-muu-vajalik-informatsioon","status":"publish","type":"page","link":"https:\/\/sisu.ut.ee\/edujategu20\/217-muu-vajalik-informatsioon\/","title":{"rendered":"2.1.7. Muu vajalik informatsioon"},"content":{"rendered":"<h1 class=\"wp-block-heading\"><img loading=\"lazy\" decoding=\"async\" width=\"40\" height=\"40\" class=\"wp-image-185\" style=\"width: 40px;\" src=\"https:\/\/sisu.ut.ee\/wp-content\/uploads\/sites\/598\/sissejuhatus.png\" alt=\"\" srcset=\"https:\/\/sisu.ut.ee\/wp-content\/uploads\/sites\/598\/sissejuhatus.png 1080w, https:\/\/sisu.ut.ee\/wp-content\/uploads\/sites\/598\/sissejuhatus-300x300.png 300w, https:\/\/sisu.ut.ee\/wp-content\/uploads\/sites\/598\/sissejuhatus-1024x1024.png 1024w, https:\/\/sisu.ut.ee\/wp-content\/uploads\/sites\/598\/sissejuhatus-150x150.png 150w, https:\/\/sisu.ut.ee\/wp-content\/uploads\/sites\/598\/sissejuhatus-768x768.png 768w\" sizes=\"auto, (max-width: 40px) 100vw, 40px\"> <span style=\"color: #28aae1;\">2.1.7. MUU VAJALIK INFORMATSIOON<\/span><\/h1>\n\n<p dir=\"ltr\" style=\"text-align:justify;margin-top:0pt;margin-bottom:12pt\">\n\t<span style=\"line-height:1.38\"><span><span><span><span><span style=\"vertical-align:baseline\"><span>Selle l\u00f5igu all v\u00f5iks CVs olla esile toodud n\u00e4iteks saavutused, kuulumine \u00fchingutesse ja organisatsioonidesse, vabatahtlik tegevus, valmisolek v\u00e4lisl\u00e4hetusteks, ootused t\u00f6\u00f6kohale. <\/span><\/span><\/span><\/span><\/span><\/span><\/span>\n<\/p>\n\n<p dir=\"ltr\" style=\"text-align:justify;margin-top:0pt;margin-bottom:12pt\">\n\t<span style=\"line-height:1.38\"><span><span><span><span><span style=\"vertical-align:baseline\"><span>Tasub ka \u00e4ra m\u00e4rkida, kui on soov kaugt\u00f6\u00f6ks v\u00f5i tahetakse t\u00f6\u00f6tada osalise t\u00f6\u00f6ajaga. Sellise info lisamine hoiab kokku m\u00f5lema osapoole aega. Kui t\u00f6\u00f6andja ei ole valmis pakkuma osalist t\u00f6\u00f6aega v\u00f5i kaugt\u00f6\u00f6d, siis ei tekigi kahepoolset diskussiooni edasise kandideerimise protsessi osas.<\/span><\/span><\/span><\/span><\/span><\/span><\/span>\n<\/p>\n\n<p dir=\"ltr\" style=\"text-align:justify;margin-top:0pt;margin-bottom:12pt\">\n\t<span style=\"line-height:1.38\"><span><span><span><span><span style=\"vertical-align:baseline\"><span>Kui t\u00f6\u00f6andja ei ole otseselt palgasoovi k\u00fcsinud, siis v\u00f5ib siia l\u00f5iku panna ka oma palgasoovi, kui sinu jaoks on kindel palganumber, millest allapoole ei ole sa valmis t\u00f6\u00f6le asuma. <\/span><\/span><\/span><\/span><\/span><\/span><\/span>\n<\/p>\n\n<hr>\n<p dir=\"ltr\" style=\"text-align:justify;margin-top:0pt;margin-bottom:0pt\">\n\t<img loading=\"lazy\" decoding=\"async\" alt=\"dg\" data-file_info=\"%7B%22fid%22:%2274978%22,%22view_mode%22:%22default%22,%22type%22:%22media%22%7D\" height=\"32\" src=\"https:\/\/sisu.ut.ee\/wp-content\/uploads\/sites\/598\/opetaja_automaatne_tagasiside.png\" title=\"\" width=\"32\">\u00a0<a data-url=\"https:\/\/sisu.ut.ee\/edujategu20\/kkk#210\" href=\"https:\/\/sisu.ut.ee\/edujategu20\/kkk#210\" target=\"_blank\" title=\"\" rel=\"noopener\">Kui k\u00fcsitakse kandideerija palgaootust, siis milline number sellesse lahtrisse kirjutada?<\/a>\n<\/p>\n\n<hr>\n<p dir=\"ltr\" style=\"text-align:justify;margin-top:0pt;margin-bottom:0pt\">\n\t<img loading=\"lazy\" decoding=\"async\" alt=\"fhg\" data-file_info=\"%7B%22fid%22:%2274976%22,%22view_mode%22:%22default%22,%22type%22:%22media%22%7D\" height=\"32\" src=\"https:\/\/sisu.ut.ee\/wp-content\/uploads\/sites\/598\/motlemiseks.png\" title=\"\" width=\"32\">\u00a0<span style=\"line-height:1.38\"><span><span><span><span><span style=\"vertical-align:baseline\"><span>K\u00dcSIMUS PRAKTIKUTELE (6) <\/span><\/span><\/span><\/span><\/span><\/span><span><span><span style=\"font-weight:700\"><span><span><span style=\"vertical-align:baseline\"><span>Kuidas palgasooviga lood on CV-s\/motivatsioonikirjas? Kas selle v\u00f5iks panna kirja ka n\u00e4iteks juhul, kui k\u00fcsitud ei ole? <\/span><\/span><\/span><\/span><\/span><\/span><\/span><\/span>\n<\/p>\n\u00a0\n\n<ul style=\"margin-top:0;margin-bottom:0;padding-inline-start:48px\">\n\t<li dir=\"ltr\" style=\"list-style-type:disc;font-style:italic;vertical-align:baseline\">\n\t\t<p dir=\"ltr\" role=\"presentation\" style=\"text-align:justify;margin-top:12pt;margin-bottom:0pt\">\n\t\t\t<span style=\"line-height:1.38\"><span><span><span><span style=\"vertical-align:baseline\"><span>\u201cMina isiklikult ei n\u00e4e vajadust palgasoovi v\u00e4ljatoomiseks CVs v\u00f5i motivatsioonikirjas. T\u00f6\u00f6tan puidut\u00f6\u00f6stuses, kus peamiselt tegeleme tootmist\u00f6\u00f6tajate v\u00e4rbamisega, siis nende t\u00f6\u00f6tasu ootus on enamjaolt samasse kanti nagu meie pakume.\u201d <\/span><\/span><\/span><\/span><\/span><\/span>\n\t\t<\/p>\n\t<\/li>\n\t<li dir=\"ltr\" style=\"list-style-type:disc;font-style:italic;vertical-align:baseline\">\n\t\t<p dir=\"ltr\" role=\"presentation\" style=\"margin-top:0pt;margin-bottom:0pt\">\n\t\t\t<span style=\"line-height:1.38\"><span><span><span><span style=\"vertical-align:baseline\"><span>\u201cJaa, palgasoov v\u00f5iks olla kohe l\u00e4bipaistev, siis me ei raiska \u00fcksteise aega.\u201d<\/span><\/span><\/span><\/span><\/span><\/span>\n\t\t<\/p>\n\n\t\t<hr>\n\t\t<p>\n\t\t\t\u00a0\n\t\t<\/p>\n\t<\/li>\n<\/ul>\n","protected":false},"excerpt":{"rendered":"<p>2.1.7. MUU VAJALIK INFORMATSIOON Selle l\u00f5igu all v\u00f5iks CVs olla esile toodud n\u00e4iteks saavutused, kuulumine \u00fchingutesse ja organisatsioonidesse, vabatahtlik tegevus, valmisolek v\u00e4lisl\u00e4hetusteks, ootused t\u00f6\u00f6kohale. Tasub ka \u00e4ra m\u00e4rkida, kui on soov kaugt\u00f6\u00f6ks v\u00f5i tahetakse t\u00f6\u00f6tada osalise t\u00f6\u00f6ajaga. Sellise info lisamine &#8230;<\/p>\n","protected":false},"author":263,"featured_media":0,"parent":0,"menu_order":0,"comment_status":"closed","ping_status":"closed","template":"","meta":{"_acf_changed":false,"inline_featured_image":false,"footnotes":""},"class_list":["post-19","page","type-page","status-publish","hentry"],"acf":[],"_links":{"self":[{"href":"https:\/\/sisu.ut.ee\/edujategu20\/wp-json\/wp\/v2\/pages\/19","targetHints":{"allow":["GET"]}}],"collection":[{"href":"https:\/\/sisu.ut.ee\/edujategu20\/wp-json\/wp\/v2\/pages"}],"about":[{"href":"https:\/\/sisu.ut.ee\/edujategu20\/wp-json\/wp\/v2\/types\/page"}],"author":[{"embeddable":true,"href":"https:\/\/sisu.ut.ee\/edujategu20\/wp-json\/wp\/v2\/users\/263"}],"replies":[{"embeddable":true,"href":"https:\/\/sisu.ut.ee\/edujategu20\/wp-json\/wp\/v2\/comments?post=19"}],"version-history":[{"count":3,"href":"https:\/\/sisu.ut.ee\/edujategu20\/wp-json\/wp\/v2\/pages\/19\/revisions"}],"predecessor-version":[{"id":339,"href":"https:\/\/sisu.ut.ee\/edujategu20\/wp-json\/wp\/v2\/pages\/19\/revisions\/339"}],"wp:attachment":[{"href":"https:\/\/sisu.ut.ee\/edujategu20\/wp-json\/wp\/v2\/media?parent=19"}],"curies":[{"name":"wp","href":"https:\/\/api.w.org\/{rel}","templated":true}]}}