{"id":18,"date":"2024-04-04T08:21:09","date_gmt":"2024-04-04T05:21:09","guid":{"rendered":"https:\/\/sisu.ut.ee\/edujategu20\/216-isikuomadused-ja-tugevused\/"},"modified":"2024-04-23T16:23:05","modified_gmt":"2024-04-23T13:23:05","slug":"216-isikuomadused-ja-tugevused","status":"publish","type":"page","link":"https:\/\/sisu.ut.ee\/edujategu20\/216-isikuomadused-ja-tugevused\/","title":{"rendered":"2.1.6. Isikuomadused ja tugevused"},"content":{"rendered":"<h1 class=\"wp-block-heading\"><img loading=\"lazy\" decoding=\"async\" width=\"40\" height=\"40\" class=\"wp-image-185\" style=\"width: 40px;\" src=\"https:\/\/sisu.ut.ee\/wp-content\/uploads\/sites\/598\/sissejuhatus.png\" alt=\"\" srcset=\"https:\/\/sisu.ut.ee\/wp-content\/uploads\/sites\/598\/sissejuhatus.png 1080w, https:\/\/sisu.ut.ee\/wp-content\/uploads\/sites\/598\/sissejuhatus-300x300.png 300w, https:\/\/sisu.ut.ee\/wp-content\/uploads\/sites\/598\/sissejuhatus-1024x1024.png 1024w, https:\/\/sisu.ut.ee\/wp-content\/uploads\/sites\/598\/sissejuhatus-150x150.png 150w, https:\/\/sisu.ut.ee\/wp-content\/uploads\/sites\/598\/sissejuhatus-768x768.png 768w\" sizes=\"auto, (max-width: 40px) 100vw, 40px\"> <span style=\"color: #28aae1;\">2.1.6. ISIKUOMADUSED JA TUGEVUSED<\/span><\/h1>\n\n\n<p dir=\"ltr\" style=\"text-align: justify; margin-top: 0pt; margin-bottom: 12pt;\"><span style=\"line-height: 1.38;\"><span style=\"vertical-align: baseline;\">Siia alal\u00f5iku pane kirja just need isikuomadused, mis tulevad kasuks antud ametikohale kandideerides, lisaks too kindlasti n\u00e4iteid.<\/span><\/span><\/p>\n<p dir=\"ltr\" style=\"text-align: justify; margin-top: 0pt; margin-bottom: 12pt;\"><span style=\"line-height: 1.38;\"><span style=\"vertical-align: baseline;\">Olen hea suhtleja ja j\u00e4\u00e4n igas olukorras rahulikuks. Leian kontakti erinevas vanuses inimestega ja suudan hea huumori abil lahendada pingelisi olukordi.<\/span><\/span><\/p>\n<p dir=\"ltr\" style=\"margin-top: 0pt; margin-bottom: 12pt;\"><img loading=\"lazy\" decoding=\"async\" class=\"alignnone wp-image-183\" src=\"https:\/\/sisu.ut.ee\/wp-content\/uploads\/sites\/598\/ulesanne-1024x1024.png\" alt=\"\" width=\"40\" height=\"40\" srcset=\"https:\/\/sisu.ut.ee\/wp-content\/uploads\/sites\/598\/ulesanne-1024x1024.png 1024w, https:\/\/sisu.ut.ee\/wp-content\/uploads\/sites\/598\/ulesanne-300x300.png 300w, https:\/\/sisu.ut.ee\/wp-content\/uploads\/sites\/598\/ulesanne-150x150.png 150w, https:\/\/sisu.ut.ee\/wp-content\/uploads\/sites\/598\/ulesanne-768x768.png 768w, https:\/\/sisu.ut.ee\/wp-content\/uploads\/sites\/598\/ulesanne.png 1080w\" sizes=\"auto, (max-width: 40px) 100vw, 40px\">\u00a0<span style=\"line-height: 1.38;\"><span style=\"vertical-align: baseline;\">HARJUTUS 8 <\/span><\/span><\/p>\n<p dir=\"ltr\" style=\"margin-top: 0pt; margin-bottom: 12pt;\"><span style=\"line-height: 1.38;\"><span style=\"vertical-align: baseline;\">Vaata j\u00e4rgnevat omaduss\u00f5nade nimekirja:<\/span><\/span><img loading=\"lazy\" decoding=\"async\" width=\"1212\" height=\"654\" class=\"alignnone wp-image-61\" title=\"screenshot_2023-08-24_at_17.22.50.png\" src=\"https:\/\/sisu.ut.ee\/wp-content\/uploads\/sites\/598\/screenshot_2023-08-24_at_17.22.50.png\" alt=\"df\" srcset=\"https:\/\/sisu.ut.ee\/wp-content\/uploads\/sites\/598\/screenshot_2023-08-24_at_17.22.50.png 1212w, https:\/\/sisu.ut.ee\/wp-content\/uploads\/sites\/598\/screenshot_2023-08-24_at_17.22.50-300x162.png 300w, https:\/\/sisu.ut.ee\/wp-content\/uploads\/sites\/598\/screenshot_2023-08-24_at_17.22.50-1024x553.png 1024w, https:\/\/sisu.ut.ee\/wp-content\/uploads\/sites\/598\/screenshot_2023-08-24_at_17.22.50-768x414.png 768w\" sizes=\"auto, (max-width: 1212px) 100vw, 1212px\"><\/p>\n<p dir=\"ltr\" style=\"margin-top: 0pt; margin-bottom: 12pt;\"><span style=\"line-height: 1.38;\"><span style=\"vertical-align: baseline;\">v\u00f5id ka ise juurde lisada, kui tundub, et m\u00f5ni omadus on sealt puudu. Vali v\u00e4lja 10 sinule omast omadust, soovi korral v\u00f5id kitsendada p\u00e4rast valikut n\u00e4iteks viie v\u00f5i kolme omaduseni. Miks valisid just need omadused? Kuidas need omadused sind iseloomustavad? Leia enda elust n\u00e4iteid, mis t\u00f5endavad nende omaduste avaldumist. <\/span><\/span><\/p>\n<p dir=\"ltr\" style=\"text-align: justify; margin-top: 0pt; margin-bottom: 12pt;\"><span style=\"line-height: 1.38;\"><span style=\"vertical-align: baseline;\"><div class=\"accordion mb-3\">\n        <div class=\"accordion-item accordion-item--white\">\n        <h2 class=\"accordion-header\" id=\"accordion-69df7397dbc40-heading\">\n            <button class=\"accordion-button collapsed\" type=\"button\" data-bs-toggle=\"collapse\" data-bs-target=\"#accordion-69df7397dbc40-collapse\" aria-expanded=\"true\" aria-controls=\"accordion-69df7397dbc40-collapse\">VIHJE:<\/button>\n        <\/h2>\n        <div id=\"accordion-69df7397dbc40-collapse\" class=\"accordion-collapse collapse\" aria-labelledby=\"accordion-69df7397dbc40-heading\">\n            <div class=\"accordion-body\">T\u00f6\u00f6vestlustel k\u00fcsivad t\u00f6\u00f6andjad peaaegu alati n\u00e4iteid ja kui oled eelnevalt need n\u00e4ited enda jaoks l\u00e4bi m\u00f5elnud, on see kindlasti kandideerimisel plussiks. <\/div>\n        <\/div>\n        <\/div>\n    <\/div> T\u00f6\u00f6vestlustel k\u00fcsivad t\u00f6\u00f6andjad peaaegu alati n\u00e4iteid ja kui oled eelnevalt need n\u00e4ited enda jaoks l\u00e4bi m\u00f5elnud, on see kindlasti kandideerimisel plussiks. <\/span><\/span><\/p>\n<hr>\n<div>\n<p dir=\"ltr\" style=\"text-align: justify; margin-top: 0pt; margin-bottom: 12pt;\"><img loading=\"lazy\" decoding=\"async\" class=\"alignnone wp-image-183\" src=\"https:\/\/sisu.ut.ee\/wp-content\/uploads\/sites\/598\/ulesanne-1024x1024.png\" alt=\"\" width=\"40\" height=\"40\" srcset=\"https:\/\/sisu.ut.ee\/wp-content\/uploads\/sites\/598\/ulesanne-1024x1024.png 1024w, https:\/\/sisu.ut.ee\/wp-content\/uploads\/sites\/598\/ulesanne-300x300.png 300w, https:\/\/sisu.ut.ee\/wp-content\/uploads\/sites\/598\/ulesanne-150x150.png 150w, https:\/\/sisu.ut.ee\/wp-content\/uploads\/sites\/598\/ulesanne-768x768.png 768w, https:\/\/sisu.ut.ee\/wp-content\/uploads\/sites\/598\/ulesanne.png 1080w\" sizes=\"auto, (max-width: 40px) 100vw, 40px\">\u00a0<span style=\"line-height: 1.38;\"><span style=\"vertical-align: baseline;\">HARJUTUS 9 <\/span><\/span><\/p>\n<p dir=\"ltr\" style=\"text-align: justify; margin-top: 0pt; margin-bottom: 12pt;\"><span style=\"line-height: 1.38;\"><span style=\"vertical-align: baseline;\">Loo oma tugevustest s\u00f5napilv. V\u00f5id kasutada ka eelmisest harjutusest v\u00e4ljavalitud omadusi, k\u00fcsida lisa s\u00f5pradelt, kolleegidelt, \u00f5pingukaaslastelt, \u00f5petajatelt. Keskkonnad, kus saad s\u00f5napilvi koostada, on:<\/span><\/span><\/p>\n<p dir=\"ltr\" style=\"margin-top: 0pt; margin-bottom: 0pt;\"><a title=\"\" href=\"https:\/\/www.freewordcloudgenerator.com\/\" target=\"_blank\" rel=\"noopener\" data-url=\"\/edujategu20\/freewordcloudgenerator.com \">freewordcloudgenerator.com<\/a><\/p>\n<p dir=\"ltr\" style=\"margin-top: 0pt; margin-bottom: 0pt;\"><a title=\"\" href=\"https:\/\/wordart.com\/\" target=\"_blank\" rel=\"noopener\" data-url=\"\/edujategu20\/wordart.com \">wordart.com<\/a><\/p>\n<p dir=\"ltr\" style=\"margin-top: 0pt; margin-bottom: 0pt;\"><a title=\"\" href=\"http:\/\/wordout.com\/\" target=\"_blank\" rel=\"noopener\" data-url=\"\/edujategu20\/wordart.com \">worditout.com<\/a><\/p>\n<p dir=\"ltr\" style=\"text-align: justify; margin-top: 0pt; margin-bottom: 12pt;\"><a title=\"\" href=\"https:\/\/www.wordclouds.com\/\" target=\"_blank\" rel=\"noopener\" data-url=\"\/edujategu20\/Wordclouds.com \">Wordclouds.com<\/a><\/p>\n<p dir=\"ltr\" style=\"text-align: justify; margin-top: 0pt; margin-bottom: 0pt;\"><span style=\"line-height: 1.38;\"><span style=\"vertical-align: baseline;\">S\u00f5napilv on pisut teistmoodi iseloomustus Sinu kohta, mille saad samuti CVga koos t\u00f6\u00f6andjale soovi korral edastada. See n\u00e4itab t\u00f6\u00f6andjale sinu loomingulisust ja digioskusi. N\u00e4iteks palud t\u00f6\u00f6kaaslastel \u00f6elda enda kohta iseloomustavaid s\u00f5nu ja koostad nendest s\u00f5napilve ning pealkirjaks paned \u201cMinu kolleegid minust\u201d vms.<\/span><\/span><\/p>\n<p dir=\"ltr\" style=\"margin-top: 0pt; margin-bottom: 0pt;\"><img loading=\"lazy\" decoding=\"async\" class=\"alignnone wp-image-182\" src=\"https:\/\/sisu.ut.ee\/wp-content\/uploads\/sites\/598\/uued_moisted-1024x1024.png\" alt=\"\" width=\"40\" height=\"40\" srcset=\"https:\/\/sisu.ut.ee\/wp-content\/uploads\/sites\/598\/uued_moisted-1024x1024.png 1024w, https:\/\/sisu.ut.ee\/wp-content\/uploads\/sites\/598\/uued_moisted-300x300.png 300w, https:\/\/sisu.ut.ee\/wp-content\/uploads\/sites\/598\/uued_moisted-150x150.png 150w, https:\/\/sisu.ut.ee\/wp-content\/uploads\/sites\/598\/uued_moisted-768x768.png 768w, https:\/\/sisu.ut.ee\/wp-content\/uploads\/sites\/598\/uued_moisted.png 1080w\" sizes=\"auto, (max-width: 40px) 100vw, 40px\">\u00a0<span style=\"line-height: 1.38;\"><span style=\"vertical-align: baseline;\">N\u00c4IDE 8 <\/span><\/span><\/p>\n<p dir=\"ltr\" style=\"margin-top: 0pt; margin-bottom: 0pt;\"><span style=\"line-height: 1.38;\"><span style=\"vertical-align: baseline;\">S\u00f5napilved, mis on koostatud<\/span><span style=\"font-weight: bold;\"><span style=\"vertical-align: baseline;\"> wordart.com <\/span><\/span><span style=\"vertical-align: baseline;\">keskkonnas<\/span><\/span><\/p>\n<div>\n<table class=\"table table-hover\" style=\"width: 500px;\" border=\"1\" cellspacing=\"1\" cellpadding=\"1\">\n<tbody>\n<tr>\n<td><img loading=\"lazy\" decoding=\"async\" width=\"529\" height=\"573\" class=\"alignnone wp-image-57\" title=\"har1.png\" src=\"https:\/\/sisu.ut.ee\/wp-content\/uploads\/sites\/598\/har1.png\" alt=\"1\" srcset=\"https:\/\/sisu.ut.ee\/wp-content\/uploads\/sites\/598\/har1.png 529w, https:\/\/sisu.ut.ee\/wp-content\/uploads\/sites\/598\/har1-277x300.png 277w\" sizes=\"auto, (max-width: 529px) 100vw, 529px\"><\/td>\n<td><img loading=\"lazy\" decoding=\"async\" width=\"452\" height=\"405\" class=\"alignnone wp-image-58\" title=\"syda.png\" src=\"https:\/\/sisu.ut.ee\/wp-content\/uploads\/sites\/598\/syda.png\" alt=\"3\" srcset=\"https:\/\/sisu.ut.ee\/wp-content\/uploads\/sites\/598\/syda.png 452w, https:\/\/sisu.ut.ee\/wp-content\/uploads\/sites\/598\/syda-300x269.png 300w\" sizes=\"auto, (max-width: 452px) 100vw, 452px\"><\/td>\n<\/tr>\n<\/tbody>\n<\/table>\n<hr>\n<p dir=\"ltr\" style=\"text-align: justify; margin-top: 0pt; margin-bottom: 12pt;\"><img loading=\"lazy\" decoding=\"async\" class=\"alignnone wp-image-183\" src=\"https:\/\/sisu.ut.ee\/wp-content\/uploads\/sites\/598\/ulesanne-1024x1024.png\" alt=\"\" width=\"40\" height=\"40\" srcset=\"https:\/\/sisu.ut.ee\/wp-content\/uploads\/sites\/598\/ulesanne-1024x1024.png 1024w, https:\/\/sisu.ut.ee\/wp-content\/uploads\/sites\/598\/ulesanne-300x300.png 300w, https:\/\/sisu.ut.ee\/wp-content\/uploads\/sites\/598\/ulesanne-150x150.png 150w, https:\/\/sisu.ut.ee\/wp-content\/uploads\/sites\/598\/ulesanne-768x768.png 768w, https:\/\/sisu.ut.ee\/wp-content\/uploads\/sites\/598\/ulesanne.png 1080w\" sizes=\"auto, (max-width: 40px) 100vw, 40px\">\u00a0<span style=\"line-height: 1.38;\"><span style=\"vertical-align: baseline;\">HARJUTUS 10 <\/span><\/span><\/p>\n<p dir=\"ltr\" style=\"text-align: justify; margin-top: 0pt; margin-bottom: 12pt;\"><span style=\"line-height: 1.38;\"><span style=\"vertical-align: baseline;\">Loo oma tugevustest m\u00f5ttekaart coggle.it keskkonnas. Selle saad samuti panna kaasa CVle ja see n\u00e4itab sinu digioskusi, anal\u00fc\u00fcsi- ja \u00fcldistamisv\u00f5imet ning loovust.<\/span><\/span><\/p>\n<hr>\n<p dir=\"ltr\" style=\"text-align: justify; margin-top: 0pt; margin-bottom: 12pt;\"><img loading=\"lazy\" decoding=\"async\" class=\"alignnone wp-image-182\" src=\"https:\/\/sisu.ut.ee\/wp-content\/uploads\/sites\/598\/uued_moisted-1024x1024.png\" alt=\"\" width=\"40\" height=\"40\" srcset=\"https:\/\/sisu.ut.ee\/wp-content\/uploads\/sites\/598\/uued_moisted-1024x1024.png 1024w, https:\/\/sisu.ut.ee\/wp-content\/uploads\/sites\/598\/uued_moisted-300x300.png 300w, https:\/\/sisu.ut.ee\/wp-content\/uploads\/sites\/598\/uued_moisted-150x150.png 150w, https:\/\/sisu.ut.ee\/wp-content\/uploads\/sites\/598\/uued_moisted-768x768.png 768w, https:\/\/sisu.ut.ee\/wp-content\/uploads\/sites\/598\/uued_moisted.png 1080w\" sizes=\"auto, (max-width: 40px) 100vw, 40px\">\u00a0<span style=\"line-height: 1.38;\"><span style=\"vertical-align: baseline;\">N\u00c4IDE 9 <\/span><\/span><\/p>\n<p dir=\"ltr\" style=\"text-align: justify; margin-top: 0pt; margin-bottom: 12pt;\"><span style=\"line-height: 1.38;\"><span style=\"vertical-align: baseline;\">Coggle.it keskkonnas loodud m\u00f5ttekaart tugevustest. <\/span><\/span><\/p>\n<p dir=\"ltr\" style=\"text-align: justify; margin-top: 0pt; margin-bottom: 12pt;\"><img loading=\"lazy\" decoding=\"async\" width=\"773\" height=\"514\" class=\"alignnone wp-image-59\" title=\"kirss.png\" src=\"https:\/\/sisu.ut.ee\/wp-content\/uploads\/sites\/598\/kirss.png\" alt=\"kirss\" srcset=\"https:\/\/sisu.ut.ee\/wp-content\/uploads\/sites\/598\/kirss.png 773w, https:\/\/sisu.ut.ee\/wp-content\/uploads\/sites\/598\/kirss-300x199.png 300w, https:\/\/sisu.ut.ee\/wp-content\/uploads\/sites\/598\/kirss-768x511.png 768w\" sizes=\"auto, (max-width: 773px) 100vw, 773px\"><\/p>\n<div><hr><\/div>\n<\/div>\n<\/div>","protected":false},"excerpt":{"rendered":"<p>2.1.6. ISIKUOMADUSED JA TUGEVUSED Siia alal\u00f5iku pane kirja just need isikuomadused, mis tulevad kasuks antud ametikohale kandideerides, lisaks too kindlasti n\u00e4iteid. Olen hea suhtleja ja j\u00e4\u00e4n igas olukorras rahulikuks. Leian kontakti erinevas vanuses inimestega ja suudan hea huumori abil lahendada &#8230;<\/p>\n","protected":false},"author":263,"featured_media":0,"parent":0,"menu_order":0,"comment_status":"closed","ping_status":"closed","template":"","meta":{"_acf_changed":false,"inline_featured_image":false,"footnotes":""},"class_list":["post-18","page","type-page","status-publish","hentry"],"acf":[],"_links":{"self":[{"href":"https:\/\/sisu.ut.ee\/edujategu20\/wp-json\/wp\/v2\/pages\/18","targetHints":{"allow":["GET"]}}],"collection":[{"href":"https:\/\/sisu.ut.ee\/edujategu20\/wp-json\/wp\/v2\/pages"}],"about":[{"href":"https:\/\/sisu.ut.ee\/edujategu20\/wp-json\/wp\/v2\/types\/page"}],"author":[{"embeddable":true,"href":"https:\/\/sisu.ut.ee\/edujategu20\/wp-json\/wp\/v2\/users\/263"}],"replies":[{"embeddable":true,"href":"https:\/\/sisu.ut.ee\/edujategu20\/wp-json\/wp\/v2\/comments?post=18"}],"version-history":[{"count":6,"href":"https:\/\/sisu.ut.ee\/edujategu20\/wp-json\/wp\/v2\/pages\/18\/revisions"}],"predecessor-version":[{"id":336,"href":"https:\/\/sisu.ut.ee\/edujategu20\/wp-json\/wp\/v2\/pages\/18\/revisions\/336"}],"wp:attachment":[{"href":"https:\/\/sisu.ut.ee\/edujategu20\/wp-json\/wp\/v2\/media?parent=18"}],"curies":[{"name":"wp","href":"https:\/\/api.w.org\/{rel}","templated":true}]}}