{"id":17,"date":"2024-04-04T08:21:09","date_gmt":"2024-04-04T05:21:09","guid":{"rendered":"https:\/\/sisu.ut.ee\/edujategu20\/215-huvialad-ja-hobid\/"},"modified":"2024-04-23T16:11:22","modified_gmt":"2024-04-23T13:11:22","slug":"215-huvialad-ja-hobid","status":"publish","type":"page","link":"https:\/\/sisu.ut.ee\/edujategu20\/215-huvialad-ja-hobid\/","title":{"rendered":"2.1.5. Huvialad ja hobid"},"content":{"rendered":"<h1 class=\"wp-block-heading\"><img loading=\"lazy\" decoding=\"async\" width=\"40\" height=\"40\" class=\"wp-image-185\" style=\"width: 40px;\" src=\"https:\/\/sisu.ut.ee\/wp-content\/uploads\/sites\/598\/sissejuhatus.png\" alt=\"\" srcset=\"https:\/\/sisu.ut.ee\/wp-content\/uploads\/sites\/598\/sissejuhatus.png 1080w, https:\/\/sisu.ut.ee\/wp-content\/uploads\/sites\/598\/sissejuhatus-300x300.png 300w, https:\/\/sisu.ut.ee\/wp-content\/uploads\/sites\/598\/sissejuhatus-1024x1024.png 1024w, https:\/\/sisu.ut.ee\/wp-content\/uploads\/sites\/598\/sissejuhatus-150x150.png 150w, https:\/\/sisu.ut.ee\/wp-content\/uploads\/sites\/598\/sissejuhatus-768x768.png 768w\" sizes=\"auto, (max-width: 40px) 100vw, 40px\"> <span style=\"color: #28aae1;\">2.1.5. HUVIALAD JA HOBID<\/span><\/h1>\n\n<p dir=\"ltr\" style=\"text-align:justify;margin-top:0pt;margin-bottom:12pt\">\n\t<span style=\"line-height:1.38\"><span><span><span><span><span style=\"vertical-align:baseline\"><span>Kas hobisid ja huvialasid tasub v\u00e4lja tuua CVs? Jah, sest just see l\u00f5ik n\u00e4itab, milline inimene sa oled lisaks sellele, et oskad oma t\u00f6\u00f6d h\u00e4sti. <\/span><\/span><\/span><\/span><\/span><\/span><\/span>\n<\/p>\n\n<p dir=\"ltr\" style=\"text-align:justify;margin-top:0pt;margin-bottom:12pt\">\n\t<span style=\"line-height:1.38\"><span><span><span><span><span style=\"vertical-align:baseline\"><span>Huvide-hobide lisamine annab teinekord kandideerimisolukorras eelise, n\u00e4iteks kui tegeled korvpalli v\u00f5i koorilauluga ja ettev\u00f5ttes on oma korvpallimeeskond v\u00f5i laulukoor, millega plaanitakse minna j\u00e4rgmisel laulupeole. Ning v\u00f5ib olla on tulevane \u00fclemus just akvaariumihuviline, m\u00e4lum\u00e4ngus\u00f5ber v\u00f5i ekstreemsportlane ning leiate t\u00f6\u00f6vestlusel kiiresti \u00fchise keele!<\/span><\/span><\/span><\/span><\/span><\/span><\/span>\n<\/p>\n\n<hr>\n<p dir=\"ltr\" style=\"margin-top:0pt;margin-bottom:0pt\">\n\t<img loading=\"lazy\" decoding=\"async\" alt=\"dg\" data-file_info=\"%7B%22fid%22:%2274978%22,%22view_mode%22:%22default%22,%22type%22:%22media%22%7D\" height=\"32\" src=\"https:\/\/sisu.ut.ee\/wp-content\/uploads\/sites\/598\/opetaja_automaatne_tagasiside.png\" title=\"\" width=\"32\">\u00a0<a data-url=\"https:\/\/sisu.ut.ee\/edujategu20\/kkk#24\" href=\"https:\/\/sisu.ut.ee\/edujategu20\/kkk#24\" target=\"_blank\" title=\"\" rel=\"noopener\">Miks on vaja mainida oma hobisid ja organisatsioonilist kuuluvust?<\/a>\n<\/p>\n\n<hr>\n<p dir=\"ltr\" style=\"margin-top:0pt;margin-bottom:0pt\">\n\t\u00a0\n<\/p>\n\n<p dir=\"ltr\" style=\"text-align:justify;margin-top:0pt;margin-bottom:12pt\">\n\t<img loading=\"lazy\" decoding=\"async\" alt=\"fhg\" data-file_info=\"%7B%22fid%22:%2274976%22,%22view_mode%22:%22default%22,%22type%22:%22media%22%7D\" height=\"32\" src=\"https:\/\/sisu.ut.ee\/wp-content\/uploads\/sites\/598\/motlemiseks.png\" title=\"\" width=\"32\">\u00a0<span style=\"line-height:1.38\"><span><span><span><span><span style=\"vertical-align:baseline\"><span>K\u00dcSIMUS PRAKTIKUTELE (5) <\/span><\/span><\/span><\/span><\/span><\/span><span><span><span style=\"font-weight:700\"><span><span><span style=\"vertical-align:baseline\"><span>Kuidas suhtute hobide ja huvide kirjeldamisse CVs? Kas on h\u00e4id n\u00e4iteid, kuidas nende v\u00e4ljatoomine on kandideerimisele kaasa aidanud?<\/span><\/span><\/span><\/span><\/span><\/span><\/span><\/span>\n<\/p>\n\n<ul style=\"margin-top:0;margin-bottom:0;padding-inline-start:48px\">\n\t<li dir=\"ltr\" style=\"list-style-type:disc;font-style:italic;vertical-align:baseline\">\n\t\t<p dir=\"ltr\" role=\"presentation\" style=\"text-align:justify;margin-top:12pt;margin-bottom:0pt\">\n\t\t\t<span style=\"line-height:1.38\"><span><span style=\"font-weight:700\"><span><span><span style=\"vertical-align:baseline\"><span>\u201c<\/span><\/span><\/span><\/span><\/span><\/span><span><span><span><span style=\"vertical-align:baseline\"><span>Alati on p\u00f5nev n\u00e4ha\/lugeda\/kuulda, millega inimesed vabal ajal tegelevad (k\u00fcsin seda ka ise alati vestlustel), see \u00fctleb nii m\u00f5ndagi inimese, tema iseloomu, kaudselt t\u00f6\u00f6eetika jms kohta.\u201d<\/span><\/span><\/span><\/span><\/span><\/span>\n\t\t<\/p>\n\t<\/li>\n\t<li dir=\"ltr\" style=\"list-style-type:disc;font-style:italic;vertical-align:baseline\">\n\t\t<p dir=\"ltr\" role=\"presentation\" style=\"text-align:justify;margin-top:0pt;margin-bottom:0pt\">\n\t\t\t<span style=\"line-height:1.38\"><span><span><span><span style=\"vertical-align:baseline\"><span>\u201cMulle meeldib alati kandidaatidelt k\u00fcsida, et kui Sa saaksid valida \u00fcksk\u00f5ik mis ameti maailmas, siis millega sa tegeleksid. Kandidaatide vastused on v\u00e4ga erinevad ja m\u00f5ningatel juhtudel on k\u00fcll v\u00f5tnud pikemalt m\u00f5tlema, et kas ta ikka sobib sellele t\u00f6\u00f6le. N\u00e4iteks otsisime andmesisestajat, kuhu kandidaat kandideeris, aga kui ta saaks valida \u00fcksk\u00f5ik mis ameti, siis tegeleks ta hoopis IT-valdkonnas kaablite vedajana, mis on v\u00e4gagi liikuv t\u00f6\u00f6, erinevalt andmesisestaja t\u00f6\u00f6st.\u201d <\/span><\/span><\/span><\/span><\/span><\/span>\n\t\t<\/p>\n\t<\/li>\n\t<li dir=\"ltr\" style=\"list-style-type:disc;font-style:italic;vertical-align:baseline\">\n\t\t<p dir=\"ltr\" role=\"presentation\" style=\"text-align:justify;margin-top:0pt;margin-bottom:12pt\">\n\t\t\t<span style=\"line-height:1.38\"><span><span><span><span style=\"vertical-align:baseline\"><span>\u201cHead n\u00e4ited on olnud distsipliini toetavad harrastused, nt suusamaratoni v\u00f5i jooksumaratoni l\u00e4bimine. Ehk kui inimene on endale pannud eesm\u00e4rgi, siis tahtej\u00f5uga suudab selle \u00e4ra teha. Minu enda kogemus n\u00e4itab, et need inimesed on ka rohkem p\u00fchendunud t\u00f6\u00f6elus KPI-le (key performance indicator).\u201d <\/span><\/span><\/span><\/span><\/span><\/span>\n\t\t<\/p>\n\n\t\t<hr>\n\t\t<p>\n\t\t\t\u00a0\n\t\t<\/p>\n\t<\/li>\n<\/ul>\n","protected":false},"excerpt":{"rendered":"<p>2.1.5. HUVIALAD JA HOBID Kas hobisid ja huvialasid tasub v\u00e4lja tuua CVs? Jah, sest just see l\u00f5ik n\u00e4itab, milline inimene sa oled lisaks sellele, et oskad oma t\u00f6\u00f6d h\u00e4sti. Huvide-hobide lisamine annab teinekord kandideerimisolukorras eelise, n\u00e4iteks kui tegeled korvpalli v\u00f5i &#8230;<\/p>\n","protected":false},"author":263,"featured_media":0,"parent":0,"menu_order":0,"comment_status":"closed","ping_status":"closed","template":"","meta":{"_acf_changed":false,"inline_featured_image":false,"footnotes":""},"class_list":["post-17","page","type-page","status-publish","hentry"],"acf":[],"_links":{"self":[{"href":"https:\/\/sisu.ut.ee\/edujategu20\/wp-json\/wp\/v2\/pages\/17","targetHints":{"allow":["GET"]}}],"collection":[{"href":"https:\/\/sisu.ut.ee\/edujategu20\/wp-json\/wp\/v2\/pages"}],"about":[{"href":"https:\/\/sisu.ut.ee\/edujategu20\/wp-json\/wp\/v2\/types\/page"}],"author":[{"embeddable":true,"href":"https:\/\/sisu.ut.ee\/edujategu20\/wp-json\/wp\/v2\/users\/263"}],"replies":[{"embeddable":true,"href":"https:\/\/sisu.ut.ee\/edujategu20\/wp-json\/wp\/v2\/comments?post=17"}],"version-history":[{"count":3,"href":"https:\/\/sisu.ut.ee\/edujategu20\/wp-json\/wp\/v2\/pages\/17\/revisions"}],"predecessor-version":[{"id":330,"href":"https:\/\/sisu.ut.ee\/edujategu20\/wp-json\/wp\/v2\/pages\/17\/revisions\/330"}],"wp:attachment":[{"href":"https:\/\/sisu.ut.ee\/edujategu20\/wp-json\/wp\/v2\/media?parent=17"}],"curies":[{"name":"wp","href":"https:\/\/api.w.org\/{rel}","templated":true}]}}