{"id":16,"date":"2024-04-04T08:21:09","date_gmt":"2024-04-04T05:21:09","guid":{"rendered":"https:\/\/sisu.ut.ee\/edujategu20\/214-erinevad-oskused\/"},"modified":"2024-04-23T16:04:28","modified_gmt":"2024-04-23T13:04:28","slug":"214-erinevad-oskused","status":"publish","type":"page","link":"https:\/\/sisu.ut.ee\/edujategu20\/214-erinevad-oskused\/","title":{"rendered":"2.1.4. Erinevad oskused"},"content":{"rendered":"<h1 class=\"wp-block-heading\"><img loading=\"lazy\" decoding=\"async\" width=\"40\" height=\"40\" class=\"wp-image-185\" style=\"width: 40px;\" src=\"https:\/\/sisu.ut.ee\/wp-content\/uploads\/sites\/598\/sissejuhatus.png\" alt=\"\" srcset=\"https:\/\/sisu.ut.ee\/wp-content\/uploads\/sites\/598\/sissejuhatus.png 1080w, https:\/\/sisu.ut.ee\/wp-content\/uploads\/sites\/598\/sissejuhatus-300x300.png 300w, https:\/\/sisu.ut.ee\/wp-content\/uploads\/sites\/598\/sissejuhatus-1024x1024.png 1024w, https:\/\/sisu.ut.ee\/wp-content\/uploads\/sites\/598\/sissejuhatus-150x150.png 150w, https:\/\/sisu.ut.ee\/wp-content\/uploads\/sites\/598\/sissejuhatus-768x768.png 768w\" sizes=\"auto, (max-width: 40px) 100vw, 40px\"> <span style=\"color: #28aae1;\">2.1.4. ERINEVAD OSKUSED<\/span><\/h1>\n\n<p dir=\"ltr\" style=\"text-align: justify; margin-top: 0pt; margin-bottom: 12pt;\"><span style=\"line-height: 1.38;\"><span style=\"vertical-align: baseline;\">Siia CV osasse on traditsiooniliselt lisatud keeleoskus, arvuti kasutamise oskus, autojuhilubade olemasolu, aga ka muid oskusi, mida t\u00f6\u00f6andja t\u00f6\u00f6pakkumises on v\u00e4lja toonud v\u00f5i mida kandidaat ise vajalikuks \u00e4ra m\u00e4rkida peab. <\/span><\/span><\/p>\n<p dir=\"ltr\" style=\"text-align: justify; margin-top: 0pt; margin-bottom: 12pt;\"><span style=\"line-height: 1.38;\"><span style=\"vertical-align: baseline;\">Keelteoskuse rubriiki lisa soovitavalt keeled koos tasemega nii k\u00f5nes kui kirjas. Enamikes t\u00f6\u00f6vahendusportaalides kasutatakse keeleoskuse v\u00e4ljendamiseks Euroopa N\u00f5ukogu <\/span><\/span><a title=\"\" href=\"https:\/\/rm.coe.int\/CoERMPublicCommonSearchServices\/DisplayDCTMContent?documentId=090000168045bb55\" target=\"_blank\" rel=\"noopener\" data-url=\"https:\/\/rm.coe.int\/CoERMPublicCommonSearchServices\/DisplayDCTMContent?documentId=090000168045bb55\">keeletasemeid<\/a><span style=\"line-height: 1.38;\"><span style=\"vertical-align: baseline;\">, mille baasil saate ise oma keeloskust hinnata. Kui olete l\u00e4binud keelekoolituse, siis lisage vastav tase ja info ka tunnistuse olemasolu kohta. Rohkem v\u00f5id keeleoskuse kohta uurida siit: <\/span><\/span><a href=\"https:\/\/harno.ee\/sites\/default\/files\/documents\/2021-06\/euroopa_keele6ppe_raamdokument.pdf\" target=\"_blank\" rel=\"noopener noreferrer\" data-auth=\"NotApplicable\" data-linkindex=\"1\" data-ogsc=\"\">https:\/\/harno.ee\/sites\/default\/files\/documents\/2021-06\/euroopa_keele6ppe_raamdokument.pdf<\/a>\u00a0ja siit\u00a0<a href=\"https:\/\/maailmakeeled.ut.ee\/sites\/default\/files\/inline-files\/CEFR%20self-assessment%20grid%20ET.pdf\" target=\"_blank\" rel=\"noopener noreferrer\" data-auth=\"NotApplicable\" data-linkindex=\"2\" data-ogsc=\"\">https:\/\/maailmakeeled.ut.ee\/sites\/default\/files\/inline-files\/CEFR%20self-assessment%20grid%20ET.pdf<\/a>.<\/p>\n<p dir=\"ltr\" style=\"text-align: justify; margin-top: 0pt; margin-bottom: 12pt;\"><span style=\"line-height: 1.38;\"><span style=\"vertical-align: baseline;\">Arvuti kasutamise oskus on t\u00e4nap\u00e4eval \u00fcsna levinud, nii et osa meist v\u00f5ib pidada juba kummaliseks, miks seda CVsse eraldi vaja v\u00e4lja tuua on. Tegelikult on asjad pisut keerulisemad, sest arvuti kasutamine ei ole vaid internetis surfamine, panga\u00fclekannete tegemine ja sotsiaalmeediasse postituste panemine. Paljudel ametikohtadel on vaja spetsiifilisi arvuti kasutamise oskusi. \u00dcsna palju on ka inimesi, kelle arvuti kasutamise kompetents vajab rohkelt edasiarendamist, sh samuti noorema generatsiooni puhul, kelle puhul on t\u00f6\u00f6andjad \u00fcllatusena avastanud, et tabelite v\u00f5i presentatsioonide tegemine ei ole enesestm\u00f5istetav. Rohkem v\u00f5id digip\u00e4devuse kohta uurida siit: <\/span><a style=\"text-decoration: none;\" href=\"https:\/\/www.europass.ee\/digipadevuse-enesehindamine-cv-s\" target=\"_blank\" rel=\"noopener\"><span style=\"color: #1155cc;\"><span style=\"text-decoration: underline;\"><span style=\"vertical-align: baseline;\">https:\/\/www.europass.ee\/digipadevuse-enesehindamine-cv-s<\/span><\/span><\/span><\/a><span style=\"vertical-align: baseline;\">. <\/span><\/span><\/p>\n<p dir=\"ltr\" style=\"text-align: justify; margin-top: 0pt; margin-bottom: 12pt;\"><span style=\"line-height: 1.38;\"><span style=\"vertical-align: baseline;\">Palju r\u00e4\u00e4gitakse t\u00e4nasel p\u00e4eval ka \u00fcldistest \u00fclekantavatest oskustest. N\u00e4iteks enesejuhtimisoskused, l\u00e4vimisoskused ja m\u00f5tlemisoskused. \u00dcldoskustest on l\u00e4hemalt v\u00f5imalik lugeda siit: <\/span><a style=\"text-decoration: none;\" href=\"https:\/\/oska.kutsekoda.ee\/infographic\/uldoskuste-puu-ehk-jaotused-oskusteks-ja-alaoskusteks\/\" target=\"_blank\" rel=\"noopener\"><span style=\"color: #1155cc;\"><span style=\"text-decoration: underline;\"><span style=\"vertical-align: baseline;\">https:\/\/oska.kutsekoda.ee\/infographic\/uldoskuste-puu-ehk-jaotused-oskusteks-ja-alaoskusteks\/<\/span><\/span><\/span><\/a><span style=\"vertical-align: baseline;\">. <\/span><\/span><\/p>\n\n\n<hr>\n<p dir=\"ltr\" style=\"text-align: justify; margin-top: 0pt; margin-bottom: 0pt;\"><img loading=\"lazy\" decoding=\"async\" title=\"\" src=\"https:\/\/sisu.ut.ee\/wp-content\/uploads\/sites\/598\/opetaja_automaatne_tagasiside.png\" alt=\"dg\" width=\"32\" height=\"32\" data-file_info=\"%7B%22fid%22:%2274978%22,%22view_mode%22:%22default%22,%22type%22:%22media%22%7D\">\u00a0<a title=\"\" href=\"https:\/\/sisu.ut.ee\/edujategu20\/kkk#25\" target=\"_blank\" rel=\"noopener\" data-url=\"https:\/\/sisu.ut.ee\/edujategu20\/kkk#25\">Kui t\u00f6\u00f6kuulutuses on n\u00f5utud autojuhilubade olemasolu v\u00f5i vene keele oskust, aga need oskused mul puuduvad, siis mida teha?\u00a0<\/a><\/p>\n<p dir=\"ltr\" style=\"margin-top: 0pt; margin-bottom: 0pt;\"><img loading=\"lazy\" decoding=\"async\" title=\"\" src=\"https:\/\/sisu.ut.ee\/wp-content\/uploads\/sites\/598\/opetaja_automaatne_tagasiside.png\" alt=\"dg\" width=\"32\" height=\"32\" data-file_info=\"%7B%22fid%22:%2274978%22,%22view_mode%22:%22default%22,%22type%22:%22media%22%7D\">\u00a0<a title=\"\" href=\"https:\/\/sisu.ut.ee\/edujategu20\/kkk#28\" target=\"_blank\" rel=\"noopener\" data-url=\"https:\/\/sisu.ut.ee\/edujategu20\/kkk#28\">Kuidas m\u00e4rkida CVsse oma keeleoskust?<\/a><\/p>\n\n\n<hr>\n<p dir=\"ltr\" style=\"margin-top: 0pt; margin-bottom: 0pt;\"><\/p>\n\n<div><\/div>","protected":false},"excerpt":{"rendered":"<p>2.1.4. ERINEVAD OSKUSED Siia CV osasse on traditsiooniliselt lisatud keeleoskus, arvuti kasutamise oskus, autojuhilubade olemasolu, aga ka muid oskusi, mida t\u00f6\u00f6andja t\u00f6\u00f6pakkumises on v\u00e4lja toonud v\u00f5i mida kandidaat ise vajalikuks \u00e4ra m\u00e4rkida peab. Keelteoskuse rubriiki lisa soovitavalt keeled koos tasemega &#8230;<\/p>\n","protected":false},"author":263,"featured_media":0,"parent":0,"menu_order":0,"comment_status":"closed","ping_status":"closed","template":"","meta":{"_acf_changed":false,"inline_featured_image":false,"footnotes":""},"class_list":["post-16","page","type-page","status-publish","hentry"],"acf":[],"_links":{"self":[{"href":"https:\/\/sisu.ut.ee\/edujategu20\/wp-json\/wp\/v2\/pages\/16","targetHints":{"allow":["GET"]}}],"collection":[{"href":"https:\/\/sisu.ut.ee\/edujategu20\/wp-json\/wp\/v2\/pages"}],"about":[{"href":"https:\/\/sisu.ut.ee\/edujategu20\/wp-json\/wp\/v2\/types\/page"}],"author":[{"embeddable":true,"href":"https:\/\/sisu.ut.ee\/edujategu20\/wp-json\/wp\/v2\/users\/263"}],"replies":[{"embeddable":true,"href":"https:\/\/sisu.ut.ee\/edujategu20\/wp-json\/wp\/v2\/comments?post=16"}],"version-history":[{"count":4,"href":"https:\/\/sisu.ut.ee\/edujategu20\/wp-json\/wp\/v2\/pages\/16\/revisions"}],"predecessor-version":[{"id":328,"href":"https:\/\/sisu.ut.ee\/edujategu20\/wp-json\/wp\/v2\/pages\/16\/revisions\/328"}],"wp:attachment":[{"href":"https:\/\/sisu.ut.ee\/edujategu20\/wp-json\/wp\/v2\/media?parent=16"}],"curies":[{"name":"wp","href":"https:\/\/api.w.org\/{rel}","templated":true}]}}