{"id":15,"date":"2024-04-04T08:21:08","date_gmt":"2024-04-04T05:21:08","guid":{"rendered":"https:\/\/sisu.ut.ee\/edujategu20\/213-tookogemus\/"},"modified":"2024-04-23T16:02:47","modified_gmt":"2024-04-23T13:02:47","slug":"213-tookogemus","status":"publish","type":"page","link":"https:\/\/sisu.ut.ee\/edujategu20\/213-tookogemus\/","title":{"rendered":"2.1.3. T\u00f6\u00f6kogemus"},"content":{"rendered":"<h1 class=\"wp-block-heading\"><img loading=\"lazy\" decoding=\"async\" width=\"40\" height=\"40\" class=\"wp-image-185\" style=\"width: 40px;\" src=\"https:\/\/sisu.ut.ee\/wp-content\/uploads\/sites\/598\/sissejuhatus.png\" alt=\"\" srcset=\"https:\/\/sisu.ut.ee\/wp-content\/uploads\/sites\/598\/sissejuhatus.png 1080w, https:\/\/sisu.ut.ee\/wp-content\/uploads\/sites\/598\/sissejuhatus-300x300.png 300w, https:\/\/sisu.ut.ee\/wp-content\/uploads\/sites\/598\/sissejuhatus-1024x1024.png 1024w, https:\/\/sisu.ut.ee\/wp-content\/uploads\/sites\/598\/sissejuhatus-150x150.png 150w, https:\/\/sisu.ut.ee\/wp-content\/uploads\/sites\/598\/sissejuhatus-768x768.png 768w\" sizes=\"auto, (max-width: 40px) 100vw, 40px\"> <span style=\"color: #28aae1;\">2.1.3. T\u00d6\u00d6KOGEMUS<\/span><\/h1>\n\n<p dir=\"ltr\" style=\"text-align:justify;margin-top:-12pt;margin-bottom:12pt\">\n\t\u00a0\n<\/p>\n\n<p dir=\"ltr\" style=\"text-align:justify;margin-top:-12pt;margin-bottom:12pt\">\n\t<span style=\"line-height:1.38\"><span><span><span><span><span style=\"vertical-align:baseline\"><span>Alusta CVsse t\u00f6\u00f6kohtade kirjeldamist samuti viimasest t\u00f6\u00f6kohast, k\u00f5iki oma t\u00f6\u00f6kohti \u00fcles lugema ei pea, eriti kui t\u00f6\u00f6staa\u017e on pikk ja kestnud mituk\u00fcmmend aastat.<\/span><\/span><\/span><\/span><\/span><\/span><\/span>\n<\/p>\n\n<p dir=\"ltr\" style=\"margin-top:0pt;margin-bottom:0pt\">\n\t<span style=\"line-height:1.38\"><span><span><span><span><span style=\"vertical-align:baseline\"><span>T\u00f6\u00f6kogemuse juures tuleks kirja panna j\u00e4rgmised detailid:<\/span><\/span><\/span><\/span><\/span><\/span><\/span>\n<\/p>\n\n<ul style=\"margin-top:0;margin-bottom:0;padding-inline-start:48px\">\n\t<li dir=\"ltr\" style=\"list-style-type:disc;vertical-align:baseline\">\n\t\t<p dir=\"ltr\" role=\"presentation\" style=\"margin-top:0pt;margin-bottom:0pt\">\n\t\t\t<span style=\"line-height:1.38\"><span><span><span><span style=\"vertical-align:baseline\"><span>t\u00f6\u00f6suhte algus ja l\u00f5pp. Kui t\u00f6\u00f6suhe veel kestab, siis j\u00e4ta l\u00f5ppaeg lahtiseks;<\/span><\/span><\/span><\/span><\/span><\/span>\n\t\t<\/p>\n\t<\/li>\n\t<li dir=\"ltr\" style=\"list-style-type:disc;vertical-align:baseline\">\n\t\t<p dir=\"ltr\" role=\"presentation\" style=\"margin-top:0pt;margin-bottom:0pt\">\n\t\t\t<span style=\"line-height:1.38\"><span><span><span><span style=\"vertical-align:baseline\"><span>ettev\u00f5tte nimetus, v\u00e4hemtuntud ettev\u00f5tte puhul ka tegevusala;<\/span><\/span><\/span><\/span><\/span><\/span>\n\t\t<\/p>\n\t<\/li>\n\t<li dir=\"ltr\" style=\"list-style-type:disc;vertical-align:baseline\">\n\t\t<p dir=\"ltr\" role=\"presentation\" style=\"margin-top:0pt;margin-bottom:0pt\">\n\t\t\t<span style=\"line-height:1.38\"><span><span><span><span style=\"vertical-align:baseline\"><span>ametikoha nimetus;<\/span><\/span><\/span><\/span><\/span><\/span>\n\t\t<\/p>\n\t<\/li>\n\t<li dir=\"ltr\" style=\"list-style-type:disc;vertical-align:baseline\">\n\t\t<p dir=\"ltr\" role=\"presentation\" style=\"margin-top:0pt;margin-bottom:0pt\">\n\t\t\t<span style=\"line-height:1.38\"><span><span><span><span style=\"vertical-align:baseline\"><span>peamised t\u00f6\u00f6\u00fclesanded;<\/span><\/span><\/span><\/span><\/span><\/span>\n\t\t<\/p>\n\t<\/li>\n\t<li dir=\"ltr\" style=\"list-style-type:disc;vertical-align:baseline\">\n\t\t<p dir=\"ltr\" role=\"presentation\" style=\"text-align:justify;margin-top:0pt;margin-bottom:12pt\">\n\t\t\t<span style=\"line-height:1.38\"><span><span><span><span style=\"vertical-align:baseline\"><span>v\u00f5ib r\u00f5hutada ka m\u00f5nda olulist ametialast saavutust, mis toob sind teiste kandidaatide seast esile.<\/span><\/span><\/span><\/span><\/span><\/span>\n\t\t<\/p>\n\n\t\t<hr>\n\t\t<p>\n\t\t\t\u00a0\n\t\t<\/p>\n\t<\/li>\n<\/ul>\n\n<p dir=\"ltr\" style=\"text-align:justify;margin-top:0pt;margin-bottom:0pt\">\n\t<img loading=\"lazy\" decoding=\"async\" alt=\"dg\" data-file_info=\"%7B%22fid%22:%2274978%22,%22view_mode%22:%22default%22,%22type%22:%22media%22%7D\" height=\"32\" src=\"https:\/\/sisu.ut.ee\/wp-content\/uploads\/sites\/598\/opetaja_automaatne_tagasiside.png\" title=\"\" width=\"32\">\u00a0<a data-url=\"https:\/\/sisu.ut.ee\/edujategu20\/kkk#22\" href=\"https:\/\/sisu.ut.ee\/edujategu20\/kkk#22\" target=\"_blank\" title=\"\" rel=\"noopener\">Kas pean CV-s \u00fcles loetlema k\u00f5ik oma t\u00f6\u00f6kohad ja haridusasutused, kus olen kunagi \u00f5ppinud?<\/a>\n<\/p>\n\u00a0\n\n<p dir=\"ltr\" style=\"text-align:justify;margin-top:0pt;margin-bottom:0pt\">\n\t<img loading=\"lazy\" decoding=\"async\" alt=\"dg\" data-file_info=\"%7B%22fid%22:%2274978%22,%22view_mode%22:%22default%22,%22type%22:%22media%22%7D\" height=\"32\" src=\"https:\/\/sisu.ut.ee\/wp-content\/uploads\/sites\/598\/opetaja_automaatne_tagasiside.png\" title=\"\" width=\"32\">\u00a0<a data-url=\"https:\/\/sisu.ut.ee\/edujategu20\/kkk#23\" href=\"https:\/\/sisu.ut.ee\/edujategu20\/kkk#23\" target=\"_blank\" title=\"\" rel=\"noopener\">Kuidas t\u00e4ita l\u00fcnki oma CV-s? N\u00e4iteks kui olen viibinud vanemapuhkusel, olnud t\u00f6\u00f6tu v\u00f5i pikemalt haige?<\/a>\n<\/p>\n\n<hr>\n<p dir=\"ltr\" style=\"text-align:justify;margin-top:0pt;margin-bottom:0pt\">\n\t\u00a0\n<\/p>\n\u00a0\n\n<p dir=\"ltr\" style=\"text-align:justify;margin-top:0pt;margin-bottom:0pt\">\n\t<img loading=\"lazy\" decoding=\"async\" alt=\"fhg\" data-file_info=\"%7B%22fid%22:%2274976%22,%22view_mode%22:%22default%22,%22type%22:%22media%22%7D\" height=\"32\" src=\"https:\/\/sisu.ut.ee\/wp-content\/uploads\/sites\/598\/motlemiseks.png\" title=\"\" width=\"32\">\u00a0<span style=\"line-height:1.38\"><span><span><span><span><span style=\"vertical-align:baseline\"><span>K\u00dcSIMUS PRAKTIKULE (4) <\/span><\/span><\/span><\/span><\/span><\/span><span><span><span style=\"font-weight:700\"><span><span><span style=\"vertical-align:baseline\"><span>Kui CVsse ei ole panna t\u00f6\u00f6kogemusi v\u00f5i CV-s on \u201eaugud\u201c (nt kaua aega t\u00f6\u00f6turult eemal viibimine, koolist t\u00f6\u00f6turule tulnud noor), siis mida soovitate talle, et tema CV ka teiste CVde seast silma paistaks?<\/span><\/span><\/span><\/span><\/span><\/span><\/span><\/span>\n<\/p>\n\u00a0\n\n<ul style=\"margin-top:0;margin-bottom:0;padding-inline-start:48px\">\n\t<li dir=\"ltr\" style=\"list-style-type:disc;font-style:italic;vertical-align:baseline\">\n\t\t<p dir=\"ltr\" role=\"presentation\" style=\"text-align:justify;margin-top:0pt;margin-bottom:0pt\">\n\t\t\t<span style=\"line-height:1.38\"><span><span style=\"background-color:#ffffff\"><span><span><span style=\"vertical-align:baseline\"><span>\u201cSoovitan lisada CVsse projekte \u2013 olgu need siis koolit\u00f6\u00f6 raames tehtud v\u00f5i freelancerina omandatud kogemused. Soovitan kasutada v\u00e4rve ning visuaaliga p\u00fc\u00fcda t\u00e4helepanu \u00e4ratada. Lisaks koolitusi v\u00f5i kursusi pikemalt kirjeldada, kui t\u00f6\u00f6kogemust pigem on v\u00e4he.\u201d<\/span><\/span><\/span><\/span><\/span><\/span><\/span>\n\t\t<\/p>\n\t<\/li>\n\t<li dir=\"ltr\" style=\"list-style-type:disc;font-style:italic;vertical-align:baseline\">\n\t\t<p dir=\"ltr\" role=\"presentation\" style=\"text-align:justify;margin-top:0pt;margin-bottom:0pt\">\n\t\t\t<span style=\"line-height:1.38\"><span><span style=\"background-color:#ffffff\"><span><span><span style=\"vertical-align:baseline\"><span>\u201cKui CVs on sees augud, siis v\u00f5iks kandidaat l\u00fchidalt kirjutada, millest see on tingitud ja ka avada, millega ta sel perioodil h\u00f5ivatud oli vms. On ju v\u00e4ga ok v\u00f5ttagi teatud perioodiks aeg maha ja teha restart, et siis uue energiaga t\u00f6\u00f6turule tulla.\u201d <\/span><\/span><\/span><\/span><\/span><\/span><\/span>\n\t\t<\/p>\n\n\t\t<hr>\n\t\t<p>\n\t\t\t\u00a0\n\t\t<\/p>\n\t<\/li>\n<\/ul>\n","protected":false},"excerpt":{"rendered":"<p>2.1.3. T\u00d6\u00d6KOGEMUS \u00a0 Alusta CVsse t\u00f6\u00f6kohtade kirjeldamist samuti viimasest t\u00f6\u00f6kohast, k\u00f5iki oma t\u00f6\u00f6kohti \u00fcles lugema ei pea, eriti kui t\u00f6\u00f6staa\u017e on pikk ja kestnud mituk\u00fcmmend aastat. T\u00f6\u00f6kogemuse juures tuleks kirja panna j\u00e4rgmised detailid: t\u00f6\u00f6suhte algus ja l\u00f5pp. Kui t\u00f6\u00f6suhe veel &#8230;<\/p>\n","protected":false},"author":263,"featured_media":0,"parent":0,"menu_order":0,"comment_status":"closed","ping_status":"closed","template":"","meta":{"_acf_changed":false,"inline_featured_image":false,"footnotes":""},"class_list":["post-15","page","type-page","status-publish","hentry"],"acf":[],"_links":{"self":[{"href":"https:\/\/sisu.ut.ee\/edujategu20\/wp-json\/wp\/v2\/pages\/15","targetHints":{"allow":["GET"]}}],"collection":[{"href":"https:\/\/sisu.ut.ee\/edujategu20\/wp-json\/wp\/v2\/pages"}],"about":[{"href":"https:\/\/sisu.ut.ee\/edujategu20\/wp-json\/wp\/v2\/types\/page"}],"author":[{"embeddable":true,"href":"https:\/\/sisu.ut.ee\/edujategu20\/wp-json\/wp\/v2\/users\/263"}],"replies":[{"embeddable":true,"href":"https:\/\/sisu.ut.ee\/edujategu20\/wp-json\/wp\/v2\/comments?post=15"}],"version-history":[{"count":4,"href":"https:\/\/sisu.ut.ee\/edujategu20\/wp-json\/wp\/v2\/pages\/15\/revisions"}],"predecessor-version":[{"id":326,"href":"https:\/\/sisu.ut.ee\/edujategu20\/wp-json\/wp\/v2\/pages\/15\/revisions\/326"}],"wp:attachment":[{"href":"https:\/\/sisu.ut.ee\/edujategu20\/wp-json\/wp\/v2\/media?parent=15"}],"curies":[{"name":"wp","href":"https:\/\/api.w.org\/{rel}","templated":true}]}}