{"id":14,"date":"2024-04-04T08:21:08","date_gmt":"2024-04-04T05:21:08","guid":{"rendered":"https:\/\/sisu.ut.ee\/edujategu20\/212-hariduskaik-ja-taiendkoolitused\/"},"modified":"2024-04-23T16:00:39","modified_gmt":"2024-04-23T13:00:39","slug":"212-hariduskaik-ja-taiendkoolitused","status":"publish","type":"page","link":"https:\/\/sisu.ut.ee\/edujategu20\/212-hariduskaik-ja-taiendkoolitused\/","title":{"rendered":"2.1.2. Haridusk\u00e4ik ja t\u00e4iendkoolitused"},"content":{"rendered":"<h1 class=\"wp-block-heading\"><img loading=\"lazy\" decoding=\"async\" width=\"40\" height=\"40\" class=\"wp-image-185\" style=\"width: 40px;\" src=\"https:\/\/sisu.ut.ee\/wp-content\/uploads\/sites\/598\/sissejuhatus.png\" alt=\"\" srcset=\"https:\/\/sisu.ut.ee\/wp-content\/uploads\/sites\/598\/sissejuhatus.png 1080w, https:\/\/sisu.ut.ee\/wp-content\/uploads\/sites\/598\/sissejuhatus-300x300.png 300w, https:\/\/sisu.ut.ee\/wp-content\/uploads\/sites\/598\/sissejuhatus-1024x1024.png 1024w, https:\/\/sisu.ut.ee\/wp-content\/uploads\/sites\/598\/sissejuhatus-150x150.png 150w, https:\/\/sisu.ut.ee\/wp-content\/uploads\/sites\/598\/sissejuhatus-768x768.png 768w\" sizes=\"auto, (max-width: 40px) 100vw, 40px\"> <span style=\"color: #28aae1;\">2.1.2. HARIDUSK\u00c4IK JA T\u00c4IENDKOOLITUSED<\/span><\/h1>\n\n<p dir=\"ltr\" style=\"text-align:justify;margin-top:0pt;margin-bottom:0pt\">\n\t<span style=\"line-height:1.38\"><span><span><span style=\"font-weight:700\"><span><span><span style=\"vertical-align:baseline\"><span>Haridusk\u00e4igu <\/span><\/span><\/span><\/span><\/span><\/span><\/span><span><span><span><span><span style=\"vertical-align:baseline\"><span>puhul tuleks alustada VIIMASEST \u00f5ppeasutusest, kus oled \u00f5ppinud, lisada kindlasti ka kool, mis praegu veel pooleli on, n\u00e4iteks kui viibid akadeemilisel puhkusel. Kui ametikohal on n\u00f5utud k\u00f5rgharidus, siis pole vajalik lisada g\u00fcmnaasiumi ega p\u00f5hikooli andmeid.<\/span><\/span><\/span><\/span><\/span><\/span><\/span>\n<\/p>\n\n<p dir=\"ltr\" style=\"margin-top:0pt;margin-bottom:0pt\">\n\t<span style=\"line-height:1.38\"><span><span><span><span><span style=\"vertical-align:baseline\"><span>Iga taseme \u00f5ppe kohta v\u00f5iks kirjas olla:<\/span><\/span><\/span><\/span><\/span><\/span><\/span>\n<\/p>\n\n<ul style=\"margin-top:0;margin-bottom:0;padding-inline-start:48px\">\n\t<li dir=\"ltr\" style=\"list-style-type:disc;vertical-align:baseline\">\n\t\t<p dir=\"ltr\" role=\"presentation\" style=\"margin-top:0pt;margin-bottom:0pt\">\n\t\t\t<span style=\"line-height:1.38\"><span><span><span><span style=\"vertical-align:baseline\"><span>alustamise ja l\u00f5petamise aasta;<\/span><\/span><\/span><\/span><\/span><\/span>\n\t\t<\/p>\n\t<\/li>\n\t<li dir=\"ltr\" style=\"list-style-type:disc;vertical-align:baseline\">\n\t\t<p dir=\"ltr\" role=\"presentation\" style=\"margin-top:0pt;margin-bottom:0pt\">\n\t\t\t<span style=\"line-height:1.38\"><span><span><span><span style=\"vertical-align:baseline\"><span>kooli nimi;<\/span><\/span><\/span><\/span><\/span><\/span>\n\t\t<\/p>\n\t<\/li>\n\t<li dir=\"ltr\" style=\"list-style-type:disc;vertical-align:baseline\">\n\t\t<p dir=\"ltr\" role=\"presentation\" style=\"margin-top:0pt;margin-bottom:0pt\">\n\t\t\t<span style=\"line-height:1.38\"><span><span><span><span style=\"vertical-align:baseline\"><span>eriala, \u00f5ppesuund v\u00f5i klass (n\u00e4iteks IT-suund);<\/span><\/span><\/span><\/span><\/span><\/span>\n\t\t<\/p>\n\t<\/li>\n\t<li dir=\"ltr\" style=\"list-style-type:disc;vertical-align:baseline\">\n\t\t<p dir=\"ltr\" role=\"presentation\" style=\"margin-top:0pt;margin-bottom:0pt\">\n\t\t\t<span style=\"line-height:1.38\"><span><span><span><span style=\"vertical-align:baseline\"><span>k\u00f5rghariduse puhul lisada omandatud kraad;<\/span><\/span><\/span><\/span><\/span><\/span>\n\t\t<\/p>\n\t<\/li>\n\t<li dir=\"ltr\" style=\"list-style-type:disc;vertical-align:baseline\">\n\t\t<p dir=\"ltr\" role=\"presentation\" style=\"margin-top:0pt;margin-bottom:12pt\">\n\t\t\t<span style=\"line-height:1.38\"><span><span><span><span style=\"vertical-align:baseline\"><span>soovi korral k\u00f5rghariduse puhul l\u00f5put\u00f6\u00f6 teema, kui see on seotud valdkonnaga, kuhu oled kandideerimas.<\/span><\/span><\/span><\/span><\/span><\/span>\n\t\t<\/p>\n\t<\/li>\n<\/ul>\n\n<p dir=\"ltr\" style=\"text-align:justify;margin-top:0pt;margin-bottom:12pt\">\n\t<span style=\"line-height:1.38\"><span><span><span><span><span style=\"vertical-align:baseline\"><span>Kui sa ei ole haridusasutust l\u00f5petanud, aga oled seal \u00f5ppinud arvestatava aja, siis v\u00f5id ka selle \u00e4ra mainida, kuid oluline on, et infona tuleks v\u00e4lja, et kool on l\u00f5petamata. Kui sul on kindel plaan kool \u00e4ra l\u00f5petada, siis maini kindlasti ka see \u00e4ra ning lisa ka eeldatav l\u00f5petamise aasta, kuid j\u00e4llegi nii, et CV lugeja saaks aru, et kool on siiski veel pooleli. <\/span><\/span><\/span><\/span><\/span><\/span><\/span>\n<\/p>\n\n<p dir=\"ltr\" style=\"margin-top:0pt;margin-bottom:12pt\">\n\t<span style=\"line-height:1.38\"><span><span><span style=\"font-weight:700\"><span><span><span style=\"vertical-align:baseline\"><span>T\u00e4ienduskoolituste <\/span><\/span><\/span><\/span><\/span><\/span><\/span><span><span><span><span><span style=\"vertical-align:baseline\"><span>puhul v\u00f5iks alustada ajaliselt viimasest kursusest, koolitusest.<\/span><\/span><\/span><\/span><\/span><\/span><\/span>\n<\/p>\n\n<p dir=\"ltr\" style=\"text-align:justify;margin-top:0pt;margin-bottom:12pt\">\n\t<span style=\"line-height:1.38\"><span><span><span><span><span style=\"vertical-align:baseline\"><span>Too esile need kursused ja t\u00e4iendkoolitused, mis on seotud just selle ametikohaga, kuhu oled kandideerimas. N\u00e4iteks kui kandideerid lapsehoidjaks, siis lisa sinna l\u00e4bitud esmaabikoolitus, aga soome keel kursused ei ole v\u00e4ga olulised, kui peres pole just antud keele r\u00e4\u00e4kijaid.<\/span><\/span><\/span><\/span><\/span><\/span><\/span>\n<\/p>\n\n<p dir=\"ltr\">\n\tT\u00e4ienduskoolituste puhul v\u00f5iks kirjas olla:\n<\/p>\n\n<ul>\n\t<li dir=\"ltr\">\n\t\t<p dir=\"ltr\" role=\"presentation\">\n\t\t\tkursuse toimumise aeg;\n\t\t<\/p>\n\t<\/li>\n\t<li dir=\"ltr\">\n\t\t<p dir=\"ltr\" role=\"presentation\">\n\t\t\tkursuse kestus v\u00f5i kursuse maht tundides;\n\t\t<\/p>\n\t<\/li>\n\t<li dir=\"ltr\">\n\t\t<p dir=\"ltr\" role=\"presentation\">\n\t\t\tkursuse nimetus;\n\t\t<\/p>\n\t<\/li>\n\t<li dir=\"ltr\">\n\t\t<p dir=\"ltr\" role=\"presentation\">\n\t\t\tkursuse l\u00e4biviija.\n\t\t<\/p>\n\t<\/li>\n<\/ul>\n\n<p dir=\"ltr\" style=\"text-align:justify;margin-top:-12pt;margin-bottom:12pt\">\n\t<span style=\"line-height:1.38\"><span><span><span><span><span style=\"vertical-align:baseline\"><span>Kui aga tundub, et t\u00e4iendkoolitusel ei ole k\u00fcll otsest sidet otsitava t\u00f6\u00f6ga, aga see v\u00f5ib olla kasuks sinu kui inimese avamise siis ei ole t\u00e4iendkoolituse lisamine muidugi mitte halb variant, vaid pigem n\u00e4itab kandideerija laiemat huvi koolituste ja enda arendamise vastu. <\/span><\/span><\/span><\/span><\/span><\/span><\/span>\n<\/p>\n\n<hr>\n<div>\n\t<img loading=\"lazy\" decoding=\"async\" alt=\"dg\" data-file_info=\"%7B%22fid%22:%2274978%22,%22view_mode%22:%22default%22,%22type%22:%22media%22%7D\" height=\"32\" src=\"https:\/\/sisu.ut.ee\/wp-content\/uploads\/sites\/598\/opetaja_automaatne_tagasiside.png\" title=\"\" width=\"32\">\u00a0<a data-url=\"https:\/\/sisu.ut.ee\/edujategu20\/kkk#214\" href=\"https:\/\/sisu.ut.ee\/edujategu20\/kkk#214\" target=\"_blank\" title=\"\" rel=\"noopener\">Olen k\u00e4inud v\u00e4ga erinevatel t\u00e4iendkoolitustel, tegelenud enesearenguga, kuidas k\u00f5ik need teemad mahutada CVsse, siis l\u00e4heks CV liiga pikaks! Kursused alates keraamikast ja joogast kuni ettev\u00f5tluse alustamise ABCni.<\/a>\n\n\t<hr>\n<\/div>\n","protected":false},"excerpt":{"rendered":"<p>2.1.2. HARIDUSK\u00c4IK JA T\u00c4IENDKOOLITUSED Haridusk\u00e4igu puhul tuleks alustada VIIMASEST \u00f5ppeasutusest, kus oled \u00f5ppinud, lisada kindlasti ka kool, mis praegu veel pooleli on, n\u00e4iteks kui viibid akadeemilisel puhkusel. Kui ametikohal on n\u00f5utud k\u00f5rgharidus, siis pole vajalik lisada g\u00fcmnaasiumi ega p\u00f5hikooli andmeid. &#8230;<\/p>\n","protected":false},"author":263,"featured_media":0,"parent":0,"menu_order":0,"comment_status":"closed","ping_status":"closed","template":"","meta":{"_acf_changed":false,"inline_featured_image":false,"footnotes":""},"class_list":["post-14","page","type-page","status-publish","hentry"],"acf":[],"_links":{"self":[{"href":"https:\/\/sisu.ut.ee\/edujategu20\/wp-json\/wp\/v2\/pages\/14","targetHints":{"allow":["GET"]}}],"collection":[{"href":"https:\/\/sisu.ut.ee\/edujategu20\/wp-json\/wp\/v2\/pages"}],"about":[{"href":"https:\/\/sisu.ut.ee\/edujategu20\/wp-json\/wp\/v2\/types\/page"}],"author":[{"embeddable":true,"href":"https:\/\/sisu.ut.ee\/edujategu20\/wp-json\/wp\/v2\/users\/263"}],"replies":[{"embeddable":true,"href":"https:\/\/sisu.ut.ee\/edujategu20\/wp-json\/wp\/v2\/comments?post=14"}],"version-history":[{"count":3,"href":"https:\/\/sisu.ut.ee\/edujategu20\/wp-json\/wp\/v2\/pages\/14\/revisions"}],"predecessor-version":[{"id":323,"href":"https:\/\/sisu.ut.ee\/edujategu20\/wp-json\/wp\/v2\/pages\/14\/revisions\/323"}],"wp:attachment":[{"href":"https:\/\/sisu.ut.ee\/edujategu20\/wp-json\/wp\/v2\/media?parent=14"}],"curies":[{"name":"wp","href":"https:\/\/api.w.org\/{rel}","templated":true}]}}