{"id":13,"date":"2024-04-04T08:21:08","date_gmt":"2024-04-04T05:21:08","guid":{"rendered":"https:\/\/sisu.ut.ee\/edujategu20\/211-isikuandmed-ja-foto\/"},"modified":"2024-04-23T15:58:04","modified_gmt":"2024-04-23T12:58:04","slug":"211-isikuandmed-ja-foto","status":"publish","type":"page","link":"https:\/\/sisu.ut.ee\/edujategu20\/211-isikuandmed-ja-foto\/","title":{"rendered":"2.1.1. Isikuandmed ja foto"},"content":{"rendered":"<h1 class=\"wp-block-heading\"><img loading=\"lazy\" decoding=\"async\" width=\"40\" height=\"40\" class=\"wp-image-185\" style=\"width: 40px;\" src=\"https:\/\/sisu.ut.ee\/wp-content\/uploads\/sites\/598\/sissejuhatus.png\" alt=\"\" srcset=\"https:\/\/sisu.ut.ee\/wp-content\/uploads\/sites\/598\/sissejuhatus.png 1080w, https:\/\/sisu.ut.ee\/wp-content\/uploads\/sites\/598\/sissejuhatus-300x300.png 300w, https:\/\/sisu.ut.ee\/wp-content\/uploads\/sites\/598\/sissejuhatus-1024x1024.png 1024w, https:\/\/sisu.ut.ee\/wp-content\/uploads\/sites\/598\/sissejuhatus-150x150.png 150w, https:\/\/sisu.ut.ee\/wp-content\/uploads\/sites\/598\/sissejuhatus-768x768.png 768w\" sizes=\"auto, (max-width: 40px) 100vw, 40px\"> <span style=\"color: #28aae1;\">2.1.1. ISIKUANDMED JA FOTO<\/span><\/h1>\n\n\n<p dir=\"ltr\" style=\"text-align: justify; margin-top: 0pt; margin-bottom: 0pt;\"><span style=\"line-height: 1.38;\"><span style=\"vertical-align: baseline;\">CV tuleks alustada tuleks <\/span><span style=\"font-weight: bold;\"><span style=\"vertical-align: baseline;\">isikuandmetest:<\/span><\/span><span style=\"vertical-align: baseline;\"> ees- ja perekonnanimi, telefoninumber, e-posti aadress. CV-sse ei ole vaja lisada aadressi, perekonnaseisu ega laste arvu, rahvust jne, sest need v\u00f5ivad saada kandideerimisel diskrimineerimise aluseks. Samuti v\u00f5ib foto olla teatud asjaoludel v\u00e4listavaks teguriks <\/span><\/span><\/p>\n<p dir=\"ltr\" style=\"text-align: justify; margin-top: 0pt; margin-bottom: 0pt;\"><img loading=\"lazy\" decoding=\"async\" title=\"\" src=\"https:\/\/sisu.ut.ee\/wp-content\/uploads\/sites\/598\/lisalugemine.png\" alt=\"juurde\" width=\"32\" height=\"32\" data-file_info=\"%7B%22fid%22:%2274975%22,%22view_mode%22:%22default%22,%22type%22:%22media%22%7D\">\u00a0<span style=\"line-height: 1.38;\"><span style=\"vertical-align: baseline;\">LOE LISAKS 3 blogipostitust \u201cSisemise ilu allaj\u00e4\u00e4mine \u2013 karid t\u00f6\u00f6intervjuuni j\u00f5udmisel\u201d<\/span><\/span><\/p>\n<p dir=\"ltr\" style=\"text-align: justify; margin-top: 0pt; margin-bottom: 0pt;\"><span style=\"line-height: 1.38;\"><a style=\"text-decoration: none;\" href=\"https:\/\/eneseteostus.wordpress.com\/2016\/03\/26\/sisemise-ilu-allajaamine-karid-toointervjuuni-joudmisel\/\" target=\"_blank\" rel=\"noopener\"><span style=\"color: #1155cc;\"><span style=\"text-decoration: underline;\"><span style=\"vertical-align: baseline;\">https:\/\/eneseteostus.wordpress.com\/2016\/03\/26\/sisemise-ilu-allajaamine-karid-toointervjuuni-joudmisel\/<\/span><\/span><\/span><\/a><\/span><\/p>\n<hr>\n<p><img loading=\"lazy\" decoding=\"async\" title=\"\" src=\"https:\/\/sisu.ut.ee\/wp-content\/uploads\/sites\/598\/opetaja_automaatne_tagasiside.png\" alt=\"dg\" width=\"32\" height=\"32\" data-file_info=\"%7B%22fid%22:%2274978%22,%22view_mode%22:%22default%22,%22type%22:%22media%22%7D\">\u00a0<a title=\"\" href=\"https:\/\/sisu.ut.ee\/edujategu20\/kkk#21\" target=\"_blank\" rel=\"noopener\" data-url=\"https:\/\/sisu.ut.ee\/edujategu20\/kkk#21\">Kas CV-le peab kindlasti lisama oma foto? Milline see foto peaks olema?<\/a><\/p>\n<hr>\n<p dir=\"ltr\" style=\"text-align: justify; margin-top: 0pt; margin-bottom: 0pt;\"><img loading=\"lazy\" decoding=\"async\" class=\"alignnone wp-image-183\" src=\"https:\/\/sisu.ut.ee\/wp-content\/uploads\/sites\/598\/ulesanne-1024x1024.png\" alt=\"\" width=\"40\" height=\"40\" srcset=\"https:\/\/sisu.ut.ee\/wp-content\/uploads\/sites\/598\/ulesanne-1024x1024.png 1024w, https:\/\/sisu.ut.ee\/wp-content\/uploads\/sites\/598\/ulesanne-300x300.png 300w, https:\/\/sisu.ut.ee\/wp-content\/uploads\/sites\/598\/ulesanne-150x150.png 150w, https:\/\/sisu.ut.ee\/wp-content\/uploads\/sites\/598\/ulesanne-768x768.png 768w, https:\/\/sisu.ut.ee\/wp-content\/uploads\/sites\/598\/ulesanne.png 1080w\" sizes=\"auto, (max-width: 40px) 100vw, 40px\">\u00a0HARJUTUS 7<\/p>\n<p dir=\"ltr\" style=\"margin-top: 0pt; margin-bottom: 0pt;\">Siin on valik portreefotodest, millise grupi fotosid eelistaksid sina oma CV-s kasutada? Miks? (allikas novoresume.com\/career-blog)<\/p>\n<div><div class=\"accordion mb-3\">\n        <div class=\"accordion-item accordion-item--white\">\n        <h2 class=\"accordion-header\" id=\"accordion-69df789460ab5-heading\">\n            <button class=\"accordion-button collapsed\" type=\"button\" data-bs-toggle=\"collapse\" data-bs-target=\"#accordion-69df789460ab5-collapse\" aria-expanded=\"true\" aria-controls=\"accordion-69df789460ab5-collapse\">GRUPP A\u00a0\u00a0\u00a0<\/button>\n        <\/h2>\n        <div id=\"accordion-69df789460ab5-collapse\" class=\"accordion-collapse collapse\" aria-labelledby=\"accordion-69df789460ab5-heading\">\n            <div class=\"accordion-body\"><img loading=\"lazy\" decoding=\"async\" width=\"836\" height=\"780\" class=\"alignnone wp-image-55\" style=\"width: 300px; height: 280px;\" title=\"gruppa.png\" src=\"https:\/\/sisu.ut.ee\/wp-content\/uploads\/sites\/598\/gruppa.png\" alt=\"A\" srcset=\"https:\/\/sisu.ut.ee\/wp-content\/uploads\/sites\/598\/gruppa.png 836w, https:\/\/sisu.ut.ee\/wp-content\/uploads\/sites\/598\/gruppa-300x280.png 300w, https:\/\/sisu.ut.ee\/wp-content\/uploads\/sites\/598\/gruppa-768x717.png 768w\" sizes=\"auto, (max-width: 836px) 100vw, 836px\"><\/div>\n        <\/div>\n        <\/div>\n    <\/div> \u00a0 \u00a0 \u00a0 \u00a0 \u00a0 \u00a0 \u00a0 \u00a0 \u00a0 \u00a0 \u00a0 \u00a0 \u00a0 \u00a0 \u00a0 \u00a0 \u00a0 \u00a0 \u00a0 \u00a0 \u00a0 \u00a0 \u00a0<div class=\"accordion mb-3\">\n        <div class=\"accordion-item accordion-item--white\">\n        <h2 class=\"accordion-header\" id=\"accordion-69df789460abb-heading\">\n            <button class=\"accordion-button collapsed\" type=\"button\" data-bs-toggle=\"collapse\" data-bs-target=\"#accordion-69df789460abb-collapse\" aria-expanded=\"true\" aria-controls=\"accordion-69df789460abb-collapse\">GRUPP B<\/button>\n        <\/h2>\n        <div id=\"accordion-69df789460abb-collapse\" class=\"accordion-collapse collapse\" aria-labelledby=\"accordion-69df789460abb-heading\">\n            <div class=\"accordion-body\"><img loading=\"lazy\" decoding=\"async\" width=\"720\" height=\"656\" class=\"alignnone wp-image-56\" style=\"width: 300px; height: 273px;\" title=\"grupp_b.png\" src=\"https:\/\/sisu.ut.ee\/wp-content\/uploads\/sites\/598\/grupp_b.png\" alt=\"B\" srcset=\"https:\/\/sisu.ut.ee\/wp-content\/uploads\/sites\/598\/grupp_b.png 720w, https:\/\/sisu.ut.ee\/wp-content\/uploads\/sites\/598\/grupp_b-300x273.png 300w\" sizes=\"auto, (max-width: 720px) 100vw, 720px\"><\/div>\n        <\/div>\n        <\/div>\n    <\/div><\/div>\n<p dir=\"ltr\" style=\"margin-top: 0pt; margin-bottom: 0pt;\"><img loading=\"lazy\" decoding=\"async\" title=\"\" src=\"https:\/\/sisu.ut.ee\/wp-content\/uploads\/sites\/598\/motlemiseks.png\" alt=\"fhg\" width=\"32\" height=\"32\" data-file_info=\"%7B%22fid%22:%2274976%22,%22view_mode%22:%22default%22,%22type%22:%22media%22%7D\">\u00a0<span style=\"line-height: 1.38;\"><span style=\"background-color: #ffffff;\"><span style=\"vertical-align: baseline;\">K\u00dcSIMUS PRAKTIKUTELE (3): <\/span><\/span><\/span><\/p>\n<p dir=\"ltr\" style=\"text-align: justify; margin-top: 0pt; margin-bottom: 0pt;\"><span style=\"line-height: 1.38;\"><span style=\"background-color: #ffffff;\"><span style=\"font-weight: bold;\"><span style=\"vertical-align: baseline;\">Palju arutatakse selle, kas panna CV-sse pilt v\u00f5i mitte? Milline on Teie seisukoht? Milliseid \u201evigu\u201c kandidaadid teevad piltide osas CV-s?<\/span><\/span><\/span><\/span><\/p>\n<ul style=\"margin-top: 0; margin-bottom: 0; padding-inline-start: 48px;\">\n<li dir=\"ltr\" style=\"list-style-type: disc; font-style: italic; vertical-align: baseline;\">\n<p dir=\"ltr\" style=\"text-align: justify; margin-top: 0pt; margin-bottom: 0pt;\" role=\"presentation\"><span style=\"line-height: 1.38;\"><span style=\"background-color: #ffffff;\"><span style=\"vertical-align: baseline;\">\u201cMa arvan, et pilt tekitab pigem eelarvamusi; kui on noor ja atraktiivne inimene, siis v\u00f5idakse teda pidada rumalamaks. Pilt peaks andma edasi seda tunnetust, mis on antud positsioonil oodatud ehk siis m\u00fc\u00fcgijuht peaks olema v\u00e4ga v\u00e4ljapeetud, R&amp;D inimene v\u00f5iks olla laboris v\u00f5i konverentsil pildil.\u201d<\/span><\/span><\/span><\/p>\n<\/li>\n<\/ul>\n<ul style=\"margin-top: 0; margin-bottom: 0; padding-inline-start: 48px;\">\n<li dir=\"ltr\" style=\"list-style-type: disc; font-style: italic; vertical-align: baseline;\">\n<p dir=\"ltr\" style=\"text-align: justify; margin-top: 0pt; margin-bottom: 0pt;\" role=\"presentation\"><span style=\"line-height: 1.38;\"><span style=\"background-color: #ffffff;\"><span style=\"vertical-align: baseline;\">\u201cMinu kui v\u00e4rbaja jaoks on pildi lisamine CV-sse v\u00e4ga positiivne, kuna kohtun paljude kandidaatidega, siis see aitab inimesi meeles pidada, et kes oli kes.\u201d<\/span><\/span><\/span><\/p>\n<\/li>\n<li dir=\"ltr\" style=\"list-style-type: disc; vertical-align: baseline;\">\n<p dir=\"ltr\" style=\"text-align: justify; margin-top: 0pt; margin-bottom: 12pt;\" role=\"presentation\"><span style=\"line-height: 1.38;\"><span style=\"background-color: #ffffff;\"><span style=\"font-style: italic;\"><span style=\"vertical-align: baseline;\">\u201cMeeletult \u201evigu\u201c piltide osas ei ole kohanud, \u00fcldjuhul need, kes lisavad pildi, panevad sinna ka k\u00fcllaltki ametliku pildi. K\u00fcll on aga paar korda olnud juhus, kus kandidaadil on CV aastaid tagasi tehtud pilt ja reaalses elus on v\u00e4limus ajaga muutunud.<\/span><\/span><\/span><span style=\"background-color: #ffffff;\"><span style=\"vertical-align: baseline;\">\u201d <\/span><\/span><\/span><\/p>\n<\/li>\n<\/ul>\n<div>\u00a0<\/div>","protected":false},"excerpt":{"rendered":"<p>2.1.1. ISIKUANDMED JA FOTO CV tuleks alustada tuleks isikuandmetest: ees- ja perekonnanimi, telefoninumber, e-posti aadress. CV-sse ei ole vaja lisada aadressi, perekonnaseisu ega laste arvu, rahvust jne, sest need v\u00f5ivad saada kandideerimisel diskrimineerimise aluseks. Samuti v\u00f5ib foto olla teatud asjaoludel &#8230;<\/p>\n","protected":false},"author":263,"featured_media":0,"parent":0,"menu_order":0,"comment_status":"closed","ping_status":"closed","template":"","meta":{"_acf_changed":false,"inline_featured_image":false,"footnotes":""},"class_list":["post-13","page","type-page","status-publish","hentry"],"acf":[],"_links":{"self":[{"href":"https:\/\/sisu.ut.ee\/edujategu20\/wp-json\/wp\/v2\/pages\/13","targetHints":{"allow":["GET"]}}],"collection":[{"href":"https:\/\/sisu.ut.ee\/edujategu20\/wp-json\/wp\/v2\/pages"}],"about":[{"href":"https:\/\/sisu.ut.ee\/edujategu20\/wp-json\/wp\/v2\/types\/page"}],"author":[{"embeddable":true,"href":"https:\/\/sisu.ut.ee\/edujategu20\/wp-json\/wp\/v2\/users\/263"}],"replies":[{"embeddable":true,"href":"https:\/\/sisu.ut.ee\/edujategu20\/wp-json\/wp\/v2\/comments?post=13"}],"version-history":[{"count":6,"href":"https:\/\/sisu.ut.ee\/edujategu20\/wp-json\/wp\/v2\/pages\/13\/revisions"}],"predecessor-version":[{"id":321,"href":"https:\/\/sisu.ut.ee\/edujategu20\/wp-json\/wp\/v2\/pages\/13\/revisions\/321"}],"wp:attachment":[{"href":"https:\/\/sisu.ut.ee\/edujategu20\/wp-json\/wp\/v2\/media?parent=13"}],"curies":[{"name":"wp","href":"https:\/\/api.w.org\/{rel}","templated":true}]}}