{"id":12,"date":"2024-04-04T08:21:08","date_gmt":"2024-04-04T05:21:08","guid":{"rendered":"https:\/\/sisu.ut.ee\/edujategu20\/21-curriculum-vitae-ehk-cv\/"},"modified":"2024-04-23T15:17:42","modified_gmt":"2024-04-23T12:17:42","slug":"21-curriculum-vitae-ehk-cv","status":"publish","type":"page","link":"https:\/\/sisu.ut.ee\/edujategu20\/21-curriculum-vitae-ehk-cv\/","title":{"rendered":"2.1. Curriculum Vitae ehk CV"},"content":{"rendered":"<h1 class=\"wp-block-heading\"><img loading=\"lazy\" decoding=\"async\" width=\"40\" height=\"40\" class=\"wp-image-185\" style=\"width: 40px;\" src=\"https:\/\/sisu.ut.ee\/wp-content\/uploads\/sites\/598\/sissejuhatus.png\" alt=\"\" srcset=\"https:\/\/sisu.ut.ee\/wp-content\/uploads\/sites\/598\/sissejuhatus.png 1080w, https:\/\/sisu.ut.ee\/wp-content\/uploads\/sites\/598\/sissejuhatus-300x300.png 300w, https:\/\/sisu.ut.ee\/wp-content\/uploads\/sites\/598\/sissejuhatus-1024x1024.png 1024w, https:\/\/sisu.ut.ee\/wp-content\/uploads\/sites\/598\/sissejuhatus-150x150.png 150w, https:\/\/sisu.ut.ee\/wp-content\/uploads\/sites\/598\/sissejuhatus-768x768.png 768w\" sizes=\"auto, (max-width: 40px) 100vw, 40px\"> <span style=\"color: #28aae1;\">2.1. CURRICULUM VITAE EHK CV<\/span><\/h1>\n\n\n<p>Leonardo da Vinci on andnud maailmale palju h\u00e4id asju. On alust arvata, et ka esimese CV tegi just tema. T\u00f6\u00f6 otsimise k\u00e4igus koostas ta 1482. aastal enda oskustest nimekirja Milano hertsogile.<\/p>\n<p dir=\"ltr\" style=\"margin-top: 0pt; margin-bottom: 0pt;\"><span style=\"line-height: 1.38;\"><span style=\"vertical-align: baseline;\">Illustratsioon da Vinci CV-st. <\/span><\/span><\/p>\n<div><img loading=\"lazy\" decoding=\"async\" width=\"480\" height=\"629\" class=\"alignnone wp-image-54\" title=\"davinciresume.png\" src=\"https:\/\/sisu.ut.ee\/wp-content\/uploads\/sites\/598\/davinciresume.png\" alt=\"RTY\" srcset=\"https:\/\/sisu.ut.ee\/wp-content\/uploads\/sites\/598\/davinciresume.png 480w, https:\/\/sisu.ut.ee\/wp-content\/uploads\/sites\/598\/davinciresume-229x300.png 229w\" sizes=\"auto, (max-width: 480px) 100vw, 480px\"><\/div>\n<div>\n<p><span style=\"font-style: italic;\"><span style=\"vertical-align: baseline;\">Curriculum vitae<\/span><\/span><span style=\"vertical-align: baseline;\"> on ladinakeelne s\u00f5na, mida ingliskeelsed allikad on t\u00f5lkinud kui \u201ccourse of (ones\u00b4s) life\u201d. Eesti keeles v\u00f5iks see t\u00e4hendada elu kulgu, elu lugu vms)<\/span><\/p>\n<p><img loading=\"lazy\" decoding=\"async\" class=\"alignnone wp-image-185\" src=\"https:\/\/sisu.ut.ee\/wp-content\/uploads\/sites\/598\/sissejuhatus-1024x1024.png\" alt=\"\" width=\"40\" height=\"40\" srcset=\"https:\/\/sisu.ut.ee\/wp-content\/uploads\/sites\/598\/sissejuhatus-1024x1024.png 1024w, https:\/\/sisu.ut.ee\/wp-content\/uploads\/sites\/598\/sissejuhatus-300x300.png 300w, https:\/\/sisu.ut.ee\/wp-content\/uploads\/sites\/598\/sissejuhatus-150x150.png 150w, https:\/\/sisu.ut.ee\/wp-content\/uploads\/sites\/598\/sissejuhatus-768x768.png 768w, https:\/\/sisu.ut.ee\/wp-content\/uploads\/sites\/598\/sissejuhatus.png 1080w\" sizes=\"auto, (max-width: 40px) 100vw, 40px\">1900-ndate aastate alguses hakatakse CV-sid t\u00f6\u00f6otsimiskirjadest eristama. T\u00f6\u00f6otsijatel soovitati panna \u00fchte dokumenti kirja vaid faktid ning isiklikumad kirjeldused j\u00e4tta kaaskirjade jaoks. M\u00f5nda aega olid CVd piltlikult justkui t\u00e4nap\u00e4evased sotsiaalmeedia kontod, kus olid v\u00e4ljatoodud vanus, pikkus, suhtestaatus, usuline eelistus jms.<\/p>\n<p dir=\"ltr\" style=\"text-align: justify; margin-top: 0pt; margin-bottom: 0pt;\"><img loading=\"lazy\" decoding=\"async\" class=\"alignnone wp-image-185\" src=\"https:\/\/sisu.ut.ee\/wp-content\/uploads\/sites\/598\/sissejuhatus-1024x1024.png\" alt=\"\" width=\"40\" height=\"40\" srcset=\"https:\/\/sisu.ut.ee\/wp-content\/uploads\/sites\/598\/sissejuhatus-1024x1024.png 1024w, https:\/\/sisu.ut.ee\/wp-content\/uploads\/sites\/598\/sissejuhatus-300x300.png 300w, https:\/\/sisu.ut.ee\/wp-content\/uploads\/sites\/598\/sissejuhatus-150x150.png 150w, https:\/\/sisu.ut.ee\/wp-content\/uploads\/sites\/598\/sissejuhatus-768x768.png 768w, https:\/\/sisu.ut.ee\/wp-content\/uploads\/sites\/598\/sissejuhatus.png 1080w\" sizes=\"auto, (max-width: 40px) 100vw, 40px\">1960-ndatel hakati CVsse lisama hobisid ja klubilisi kuuluvusi. 1980-ndatel tegid esimesed julged katsetajad enesetutvustusi VHS-kassettidele. 1980-ndatel levisid ka esimesed arvamused, et CVde aeg saab varsti l\u00e4bi. Faksimasinate levimisega hakati CVsid saatma nende teel. 1990-ndate keskelt kasvas h\u00fcppeliselt CVde saatmise hulk e-kirjade teel ja tundub, et see on ka praegu \u00fcks levinumaid CVde saatmise viise. Aastal 2006 hakkasid levima esimesed video-CVd ja 2010 luuakse esimesed infograafilised CVd.<\/p>\n<p><img loading=\"lazy\" decoding=\"async\" class=\"alignnone wp-image-185\" src=\"https:\/\/sisu.ut.ee\/wp-content\/uploads\/sites\/598\/sissejuhatus-1024x1024.png\" alt=\"\" width=\"40\" height=\"40\" srcset=\"https:\/\/sisu.ut.ee\/wp-content\/uploads\/sites\/598\/sissejuhatus-1024x1024.png 1024w, https:\/\/sisu.ut.ee\/wp-content\/uploads\/sites\/598\/sissejuhatus-300x300.png 300w, https:\/\/sisu.ut.ee\/wp-content\/uploads\/sites\/598\/sissejuhatus-150x150.png 150w, https:\/\/sisu.ut.ee\/wp-content\/uploads\/sites\/598\/sissejuhatus-768x768.png 768w, https:\/\/sisu.ut.ee\/wp-content\/uploads\/sites\/598\/sissejuhatus.png 1080w\" sizes=\"auto, (max-width: 40px) 100vw, 40px\">\u00a0Kahtlemata erinesid kandideerimised ja erinevad ka t\u00e4nap\u00e4eval riigiti. N\u00e4iteks N\u00f5ukogude re\u017eiimi ajal saadi Eestis t\u00f6\u00f6d tihti tutvuste kaudu ja CVd ei olnud vaja. V\u00f5i siis toimus t\u00f6\u00f6leminek suunamise kaudu, kui kooli l\u00f5petanud suunati t\u00f6\u00f6le, vahel ka sinna piirkonda, kuhu inimene ise valmisolekut ja soovi ei avaldanud. CV on kui inimese visiitkaart, mis avab uksed t\u00f6\u00f6vestlusele, see peab \u00e4ratama huvi sinu kui spetsialisti ja isiku vastu.<\/p>\n<p><img loading=\"lazy\" decoding=\"async\" class=\"alignnone wp-image-185\" src=\"https:\/\/sisu.ut.ee\/wp-content\/uploads\/sites\/598\/sissejuhatus-1024x1024.png\" alt=\"\" width=\"40\" height=\"40\" srcset=\"https:\/\/sisu.ut.ee\/wp-content\/uploads\/sites\/598\/sissejuhatus-1024x1024.png 1024w, https:\/\/sisu.ut.ee\/wp-content\/uploads\/sites\/598\/sissejuhatus-300x300.png 300w, https:\/\/sisu.ut.ee\/wp-content\/uploads\/sites\/598\/sissejuhatus-150x150.png 150w, https:\/\/sisu.ut.ee\/wp-content\/uploads\/sites\/598\/sissejuhatus-768x768.png 768w, https:\/\/sisu.ut.ee\/wp-content\/uploads\/sites\/598\/sissejuhatus.png 1080w\" sizes=\"auto, (max-width: 40px) 100vw, 40px\">\u00a0CV annab hea \u00fclevaate inimese oskustest ja kogemustest, aitab hinnata, kas kandideerija v\u00f5iks saada hakkama tulevaste t\u00f6\u00f6\u00fclesannetega ning eesm\u00e4rk on tekitada huvi kandideerija vastu, et kutsuda ta t\u00f6\u00f6vestlusele. K\u00f5ige levinum on kronoloogiline CV, kus inimese t\u00f6ist elu puudutanud faktid on kirjas ajalises j\u00e4rjekorras.<\/p>\n<p><img loading=\"lazy\" decoding=\"async\" class=\"alignnone wp-image-182\" src=\"https:\/\/sisu.ut.ee\/wp-content\/uploads\/sites\/598\/uued_moisted-1024x1024.png\" alt=\"\" width=\"40\" height=\"40\" srcset=\"https:\/\/sisu.ut.ee\/wp-content\/uploads\/sites\/598\/uued_moisted-1024x1024.png 1024w, https:\/\/sisu.ut.ee\/wp-content\/uploads\/sites\/598\/uued_moisted-300x300.png 300w, https:\/\/sisu.ut.ee\/wp-content\/uploads\/sites\/598\/uued_moisted-150x150.png 150w, https:\/\/sisu.ut.ee\/wp-content\/uploads\/sites\/598\/uued_moisted-768x768.png 768w, https:\/\/sisu.ut.ee\/wp-content\/uploads\/sites\/598\/uued_moisted.png 1080w\" sizes=\"auto, (max-width: 40px) 100vw, 40px\">N\u00c4IDE 6. Kronoloogiline CV (allikas: T\u00f6\u00f6tukassa)[\/acctitle]<img loading=\"lazy\" decoding=\"async\" width=\"710\" height=\"940\" class=\"alignnone wp-image-51\" title=\"cv1.png\" src=\"https:\/\/sisu.ut.ee\/wp-content\/uploads\/sites\/598\/cv1.png\" alt=\"vc\" srcset=\"https:\/\/sisu.ut.ee\/wp-content\/uploads\/sites\/598\/cv1.png 710w, https:\/\/sisu.ut.ee\/wp-content\/uploads\/sites\/598\/cv1-227x300.png 227w\" sizes=\"auto, (max-width: 710px) 100vw, 710px\">[\/accordion]<\/p>\n<p>Kuigi t\u00f6\u00f6andjad eelistavad valdavalt kronoloogilist CV-d, on siiski m\u00f5ned olukorrad, millal kronoloogilise CV kasutamine ei pruugi olla parim valik. N\u00e4iteks:<\/p>\n<ul>\n<li><span style=\"font-weight: var(--bs-body-font-weight); text-align: var(--bs-body-text-align);\">kui ollakse alustamas oma teekonda t\u00f6\u00f6turul, kandideerijal on v\u00e4he t\u00f6\u00f6kogemusi ja kronoloogiliste faktide read j\u00e4\u00e4vad h\u00f5redaks. Sellisel juhul v\u00f5iks kasutada pigem oskustele keskendunud CV-d.<\/span><\/li>\n<li>kui on soov liikuda teise t\u00f6\u00f6valdkonda v\u00f5i planeeritakse karj\u00e4\u00e4rip\u00f6\u00f6ret. Kuna sellisel juhul ei ole kandidaadil ette n\u00e4idata oodatavat sobivat t\u00f6\u00f6kogemust, tasub kaaluda samuti panustamist oskustel baseeruvale funktsionaalsele CV-le, et tuua v\u00e4lja oma tugevused \u00fclekantavate \u00fcldoskuste n\u00e4ol.<\/li>\n<li>kui t\u00f6\u00f6elus on tekkinud pausid, siis on vahel m\u00f5istlikum kaaluda oskustel p\u00f5hineva CV kasutamist, et t\u00f6\u00f6elupausid teravalt silma ei torkaks.<\/li>\n<li>kui on liiga tihti vahetatud t\u00f6\u00f6kohti, siis tasub samuti kaaluda CV formaati, kus keskendutakse rohkem oskustele ja tihedatest t\u00f6\u00f6kohtade vahetusest saadud kogemuse v\u00e4ljatoomisele teise nurga alt.<\/li>\n<\/ul>\n<p>Alternatiivvariant kronoloogilisele CV-le ongi funktsionaalne CV, mis keskendub oskustele ja kogemustele ning kandideerija saavutustele, sageli esitatakse selline CV infograafilises vormis. Sellist CV tasub kasutada, kui oled tegemas karj\u00e4\u00e4rip\u00f6\u00f6ret v\u00f5i otsid t\u00f6\u00f6d m\u00f5nes uues valdkonnas, kus saad oma seniseid kogemusi rakendada. Funktsionaalne CV annab hea v\u00f5imaluse esile tuua just need oskused, omadused ja saavutused v\u00f5i kombinatsioonid, mis on omandatud erinevate t\u00f6\u00f6kogemuste k\u00e4igus.<\/p>\n<p><\/p><div class=\"accordion mb-3\">\n        <div class=\"accordion-item accordion-item--white\">\n        <h2 class=\"accordion-header\" id=\"accordion-69df7397cc52e-heading\">\n            <button class=\"accordion-button collapsed\" type=\"button\" data-bs-toggle=\"collapse\" data-bs-target=\"#accordion-69df7397cc52e-collapse\" aria-expanded=\"true\" aria-controls=\"accordion-69df7397cc52e-collapse\"><img loading=\"lazy\" decoding=\"async\" class=\"alignnone wp-image-182\" src=\"https:\/\/sisu.ut.ee\/wp-content\/uploads\/sites\/598\/uued_moisted-1024x1024.png\" alt=\"\" width=\"40\" height=\"40\" srcset=\"https:\/\/sisu.ut.ee\/wp-content\/uploads\/sites\/598\/uued_moisted-1024x1024.png 1024w, https:\/\/sisu.ut.ee\/wp-content\/uploads\/sites\/598\/uued_moisted-300x300.png 300w, https:\/\/sisu.ut.ee\/wp-content\/uploads\/sites\/598\/uued_moisted-150x150.png 150w, https:\/\/sisu.ut.ee\/wp-content\/uploads\/sites\/598\/uued_moisted-768x768.png 768w, https:\/\/sisu.ut.ee\/wp-content\/uploads\/sites\/598\/uued_moisted.png 1080w\" sizes=\"auto, (max-width: 40px) 100vw, 40px\">N\u00c4IDE 7. Funktsionaalne ehk oskustel p\u00f5hinev CV (allikas: T\u00f6\u00f6tukassa)<\/button>\n        <\/h2>\n        <div id=\"accordion-69df7397cc52e-collapse\" class=\"accordion-collapse collapse\" aria-labelledby=\"accordion-69df7397cc52e-heading\">\n            <div class=\"accordion-body\"> <img loading=\"lazy\" decoding=\"async\" width=\"637\" height=\"909\" class=\"alignnone wp-image-52\" title=\"cv2.png\" src=\"https:\/\/sisu.ut.ee\/wp-content\/uploads\/sites\/598\/cv2.png\" alt=\"f\" srcset=\"https:\/\/sisu.ut.ee\/wp-content\/uploads\/sites\/598\/cv2.png 637w, https:\/\/sisu.ut.ee\/wp-content\/uploads\/sites\/598\/cv2-210x300.png 210w\" sizes=\"auto, (max-width: 637px) 100vw, 637px\"> <\/div>\n        <\/div>\n        <\/div>\n    <\/div>\n<p dir=\"ltr\"><img loading=\"lazy\" decoding=\"async\" class=\"alignnone wp-image-183\" src=\"https:\/\/sisu.ut.ee\/wp-content\/uploads\/sites\/598\/ulesanne-1024x1024.png\" alt=\"\" width=\"40\" height=\"40\" srcset=\"https:\/\/sisu.ut.ee\/wp-content\/uploads\/sites\/598\/ulesanne-1024x1024.png 1024w, https:\/\/sisu.ut.ee\/wp-content\/uploads\/sites\/598\/ulesanne-300x300.png 300w, https:\/\/sisu.ut.ee\/wp-content\/uploads\/sites\/598\/ulesanne-150x150.png 150w, https:\/\/sisu.ut.ee\/wp-content\/uploads\/sites\/598\/ulesanne-768x768.png 768w, https:\/\/sisu.ut.ee\/wp-content\/uploads\/sites\/598\/ulesanne.png 1080w\" sizes=\"auto, (max-width: 40px) 100vw, 40px\">\u00a0HARJUTUS 6<\/p>\n<\/div>\n\n<div class=\"h5p-iframe-wrapper\"><div class=\"video-placeholder-wrapper video-placeholder-wrapper--fixed\" style=\"height: 366px;\">\n\t\t\t    <div class=\"video-placeholder d-flex justify-content-center align-items-center\">\n\t\t\t        <div class=\"overlay text-white p-2 w-100 text-center d-block justify-content-center align-items-center\">\n\t\t\t            <div>Kolmandate osapoolte sisu n\u00e4gemiseks palun n\u00f5ustu k\u00fcpsistega.<\/div>\n\t\t\t            <button class=\"btn btn-secondary btn-sm mt-1 consent-change\">Muuda n\u00f5usolekut<\/button>\n\t\t\t        <\/div>\n\t\t\t    <\/div>\n\t\t\t<\/div>\n<\/div>\n\n\n\n<p><\/p>\n\n\n<p><\/p><div class=\"accordion mb-3\">\n        <div class=\"accordion-item accordion-item--white\">\n        <h2 class=\"accordion-header\" id=\"accordion-69df7397cc53d-heading\">\n            <button class=\"accordion-button collapsed\" type=\"button\" data-bs-toggle=\"collapse\" data-bs-target=\"#accordion-69df7397cc53d-collapse\" aria-expanded=\"true\" aria-controls=\"accordion-69df7397cc53d-collapse\">Kontrolli<\/button>\n        <\/h2>\n        <div id=\"accordion-69df7397cc53d-collapse\" class=\"accordion-collapse collapse\" aria-labelledby=\"accordion-69df7397cc53d-heading\">\n            <div class=\"accordion-body\"><img loading=\"lazy\" decoding=\"async\" width=\"1010\" height=\"706\" class=\"alignnone wp-image-53\" style=\"width: 500px; height: 350px;\" title=\"capture22.png\" src=\"https:\/\/sisu.ut.ee\/wp-content\/uploads\/sites\/598\/capture22.png\" alt=\"sdfg\" srcset=\"https:\/\/sisu.ut.ee\/wp-content\/uploads\/sites\/598\/capture22.png 1010w, https:\/\/sisu.ut.ee\/wp-content\/uploads\/sites\/598\/capture22-300x210.png 300w, https:\/\/sisu.ut.ee\/wp-content\/uploads\/sites\/598\/capture22-768x537.png 768w\" sizes=\"auto, (max-width: 1010px) 100vw, 1010px\">\n<p dir=\"ltr\" style=\"margin-top: 0pt; margin-bottom: 0pt;\"><span style=\"line-height: 1.38;\"><span style=\"font-weight: bold;\"><span style=\"vertical-align: baseline;\">CV.ee<\/span><\/span><span style=\"vertical-align: baseline;\"> keskkonna n\u00e4itel oleks erinevate CV osade j\u00e4rjestus j\u00e4rgmine:<\/span><\/span><\/p>\n<ol style=\"margin-top: 0; margin-bottom: 0; padding-inline-start: 48px;\">\n<li dir=\"ltr\" style=\"list-style-type: decimal; vertical-align: baseline;\">\n<p dir=\"ltr\" style=\"margin-top: 0pt; margin-bottom: 0pt;\" role=\"presentation\"><span style=\"line-height: 1.38;\"><span style=\"vertical-align: baseline;\">Isikuandmed<\/span><\/span><\/p>\n<\/li>\n<li dir=\"ltr\" style=\"list-style-type: decimal; vertical-align: baseline;\">\n<p dir=\"ltr\" style=\"margin-top: 0pt; margin-bottom: 0pt;\" role=\"presentation\"><span style=\"line-height: 1.38;\"><span style=\"vertical-align: baseline;\">T\u00f6\u00f6kogemus<\/span><\/span><\/p>\n<\/li>\n<li dir=\"ltr\" style=\"list-style-type: decimal; vertical-align: baseline;\">\n<p dir=\"ltr\" style=\"margin-top: 0pt; margin-bottom: 0pt;\" role=\"presentation\"><span style=\"line-height: 1.38;\"><span style=\"vertical-align: baseline;\">Haridus<\/span><\/span><\/p>\n<\/li>\n<li dir=\"ltr\" style=\"list-style-type: decimal; vertical-align: baseline;\">\n<p dir=\"ltr\" style=\"margin-top: 0pt; margin-bottom: 0pt;\" role=\"presentation\"><span style=\"line-height: 1.38;\"><span style=\"vertical-align: baseline;\">Litsentsid ja tunnistused<\/span><\/span><\/p>\n<\/li>\n<li dir=\"ltr\" style=\"list-style-type: decimal; vertical-align: baseline;\">\n<p dir=\"ltr\" style=\"margin-top: 0pt; margin-bottom: 0pt;\" role=\"presentation\"><span style=\"line-height: 1.38;\"><span style=\"vertical-align: baseline;\">Keeled<\/span><\/span><\/p>\n<\/li>\n<li dir=\"ltr\" style=\"list-style-type: decimal; vertical-align: baseline;\">\n<p dir=\"ltr\" style=\"margin-top: 0pt; margin-bottom: 0pt;\" role=\"presentation\"><span style=\"line-height: 1.38;\"><span style=\"vertical-align: baseline;\">Oskused<\/span><\/span><\/p>\n<\/li>\n<li dir=\"ltr\" style=\"list-style-type: decimal; vertical-align: baseline;\">\n<p dir=\"ltr\" style=\"margin-top: 0pt; margin-bottom: 0pt;\" role=\"presentation\"><span style=\"line-height: 1.38;\"><span style=\"vertical-align: baseline;\">Lisainfo<\/span><\/span><\/p>\n<\/li>\n<\/ol>\n<p>\u00a0<\/p>\n<p dir=\"ltr\" style=\"margin-top: 0pt; margin-bottom: 0pt;\"><span style=\"line-height: 1.38;\"><span style=\"font-weight: bold;\"><span style=\"vertical-align: baseline;\">E-t\u00f6\u00f6tukassas <\/span><\/span><span style=\"vertical-align: baseline;\">koostatava CV alajaotus on j\u00e4rgmine:<\/span><\/span><\/p>\n<ol style=\"margin-top: 0; margin-bottom: 0; padding-inline-start: 48px;\">\n<li dir=\"ltr\" style=\"list-style-type: decimal; vertical-align: baseline;\">\n<p dir=\"ltr\" style=\"margin-top: 0pt; margin-bottom: 0pt;\" role=\"presentation\"><span style=\"line-height: 1.38;\"><span style=\"vertical-align: baseline;\">Isikuandmed<\/span><\/span><\/p>\n<\/li>\n<li dir=\"ltr\" style=\"list-style-type: decimal; vertical-align: baseline;\">\n<p dir=\"ltr\" style=\"margin-top: 0pt; margin-bottom: 0pt;\" role=\"presentation\"><span style=\"line-height: 1.38;\"><span style=\"vertical-align: baseline;\">L\u00fchitutvustus<\/span><\/span><\/p>\n<\/li>\n<li dir=\"ltr\" style=\"list-style-type: decimal; vertical-align: baseline;\">\n<p dir=\"ltr\" style=\"margin-top: 0pt; margin-bottom: 0pt;\" role=\"presentation\"><span style=\"line-height: 1.38;\"><span style=\"vertical-align: baseline;\">Haridusk\u00e4ik<\/span><\/span><\/p>\n<\/li>\n<li dir=\"ltr\" style=\"list-style-type: decimal; vertical-align: baseline;\">\n<p dir=\"ltr\" style=\"margin-top: 0pt; margin-bottom: 0pt;\" role=\"presentation\"><span style=\"line-height: 1.38;\"><span style=\"vertical-align: baseline;\">T\u00e4iendkoolitused<\/span><\/span><\/p>\n<\/li>\n<li dir=\"ltr\" style=\"list-style-type: decimal; vertical-align: baseline;\">\n<p dir=\"ltr\" style=\"margin-top: 0pt; margin-bottom: 0pt;\" role=\"presentation\"><span style=\"line-height: 1.38;\"><span style=\"vertical-align: baseline;\">T\u00f6\u00f6kogemus<\/span><\/span><\/p>\n<\/li>\n<li dir=\"ltr\" style=\"list-style-type: decimal; vertical-align: baseline;\">\n<p dir=\"ltr\" style=\"margin-top: 0pt; margin-bottom: 0pt;\" role=\"presentation\"><span style=\"line-height: 1.38;\"><span style=\"vertical-align: baseline;\">Keeleoskus<\/span><\/span><\/p>\n<\/li>\n<li dir=\"ltr\" style=\"list-style-type: decimal; vertical-align: baseline;\">\n<p dir=\"ltr\" style=\"margin-top: 0pt; margin-bottom: 0pt;\" role=\"presentation\"><span style=\"line-height: 1.38;\"><span style=\"vertical-align: baseline;\">Arvutioskus<\/span><\/span><\/p>\n<\/li>\n<li dir=\"ltr\" style=\"list-style-type: decimal; vertical-align: baseline;\">\n<p dir=\"ltr\" style=\"margin-top: 0pt; margin-bottom: 0pt;\" role=\"presentation\"><span style=\"line-height: 1.38;\"><span style=\"vertical-align: baseline;\">Huvialad<\/span><\/span><\/p>\n<\/li>\n<li dir=\"ltr\" style=\"list-style-type: decimal; vertical-align: baseline;\">\n<p dir=\"ltr\" style=\"margin-top: 0pt; margin-bottom: 0pt;\" role=\"presentation\"><span style=\"line-height: 1.38;\"><span style=\"vertical-align: baseline;\">Kuulumine organisatsioonidesse<\/span><\/span><\/p>\n<\/li>\n<li dir=\"ltr\" style=\"list-style-type: decimal; vertical-align: baseline;\">\n<p dir=\"ltr\" style=\"margin-top: 0pt; margin-bottom: 0pt;\" role=\"presentation\"><span style=\"line-height: 1.38;\"><span style=\"vertical-align: baseline;\">Isikuomadused<\/span><\/span><\/p>\n<\/li>\n<li dir=\"ltr\" style=\"list-style-type: decimal; vertical-align: baseline;\">\n<p dir=\"ltr\" style=\"margin-top: 0pt; margin-bottom: 0pt;\" role=\"presentation\"><span style=\"line-height: 1.38;\"><span style=\"vertical-align: baseline;\">Muu info<\/span><\/span><\/p>\n<\/li>\n<li dir=\"ltr\" style=\"list-style-type: decimal; vertical-align: baseline;\">\n<p dir=\"ltr\" style=\"margin-top: 0pt; margin-bottom: 0pt;\" role=\"presentation\"><span style=\"line-height: 1.38;\"><span style=\"vertical-align: baseline;\">Soovitajad<\/span><\/span><span style=\"font-size: revert; text-align: justify; font-weight: var(--bs-body-font-weight);\"><\/span><\/p><\/li><\/ol><\/div>\n        <\/div>\n        <\/div>\n    <\/div>\n\n\n<hr>\n<p dir=\"ltr\" style=\"text-align: justify; margin-top: 0pt; margin-bottom: 0pt;\"><img loading=\"lazy\" decoding=\"async\" title=\"\" src=\"https:\/\/sisu.ut.ee\/wp-content\/uploads\/sites\/598\/motlemiseks.png\" alt=\"fhg\" width=\"32\" height=\"32\" data-file_info=\"%7B%22fid%22:%2274976%22,%22view_mode%22:%22default%22,%22type%22:%22media%22%7D\">\u00a0<span style=\"line-height: 1.38;\"><span style=\"background-color: #ffffff;\"><span style=\"vertical-align: baseline;\">K\u00dcSIMUS PRAKTIKUTELE (2): <\/span><\/span><span style=\"font-weight: bold;\"><span style=\"vertical-align: baseline;\">Mis komponendid on Teie organisatsiooni kandideerimisel CVs k\u00f5ige olulisemad? Millistel asjaoludel t\u00f5state kandidaadi CV k\u00f5rvale? <\/span><\/span><\/span><\/p>\n<ul style=\"margin-top: 0; margin-bottom: 0; padding-inline-start: 48px;\">\n<li dir=\"ltr\" style=\"list-style-type: disc; font-style: italic; vertical-align: baseline;\">\n<p dir=\"ltr\" style=\"text-align: justify; margin-top: 0pt; margin-bottom: 0pt;\" role=\"presentation\"><span style=\"line-height: 1.38;\"><span style=\"vertical-align: baseline;\">\u201cKahtlemata on elulookirjeldus tihti nn esimene s\u00f5el, mille pinnalt t\u00f6\u00f6andja oma esmase valiku teeb. Seega tasub kandidaadil kindlasti panustada oma aega korraliku CV koostamisse.\u201d<\/span><\/span><\/p>\n<\/li>\n<\/ul>\n<ul style=\"margin-top: 0; margin-bottom: 0; padding-inline-start: 48px;\">\n<li dir=\"ltr\" style=\"list-style-type: disc; font-style: italic; vertical-align: baseline;\">\n<p dir=\"ltr\" style=\"text-align: justify; margin-top: 0pt; margin-bottom: 0pt;\" role=\"presentation\"><span style=\"line-height: 1.38;\"><span style=\"vertical-align: baseline;\">\u201cCVd tuleb vaadata ametikoha p\u00f5hiselt, isegi \u00fche organisatsiooni siseselt v\u00f5ivad erinevad komponendid olla erineva olulisusega. Samuti m\u00e4ngib rolli, kas otsime inimest juuniori rolli v\u00f5i ametikohale, kus on vajalik juba eelnev t\u00f6\u00f6kogemus. N\u00e4iteks meie p\u00f5hitegevuse (ehituse peat\u00f6\u00f6v\u00f5tt) personali valikul on v\u00e4ga oluline erialane haridus ja teatud ametikoha tasemest (n\u00e4iteks ehituse projektijuht) alates ka p\u00e4devustase ja kutsetunnistuse olemasolu.\u201d<\/span><\/span><\/p>\n<\/li>\n<li dir=\"ltr\" style=\"list-style-type: disc; font-style: italic; vertical-align: baseline;\">\n<p dir=\"ltr\" style=\"text-align: justify; margin-top: 0pt; margin-bottom: 0pt;\" role=\"presentation\"><span style=\"line-height: 1.38;\"><span style=\"vertical-align: baseline;\">\u201cCV t\u00f5stan \u00fcldjuhul k\u00f5rvale ikkagi siis, kui kandidaadi eelnev t\u00f6\u00f6kogemus ja\/v\u00f5i haridus ei vasta antud ametikoha n\u00f5uetele. Minu jaoks tekitab paratamatult k\u00fcsim\u00e4rgi ka kandidaadi v\u00e4ga tihedad t\u00f6\u00f6kohtade vahetused.\u201d <\/span><\/span><\/p>\n<\/li>\n<li dir=\"ltr\" style=\"list-style-type: disc; font-style: italic; vertical-align: baseline;\">\n<p dir=\"ltr\" style=\"text-align: justify; margin-top: 0pt; margin-bottom: 0pt;\" role=\"presentation\"><span style=\"line-height: 1.284;\"><span style=\"vertical-align: baseline;\">\u201cCV koostamise puhul on t\u00e4htis keel. Kui meil on kirjas, et kandideerimisi ootame eesti v\u00f5i inglise keeles, siis vene keeles koostatud CV t\u00f5stame k\u00f5rvale.\u201d<\/span><\/span><\/p>\n<\/li>\n<li dir=\"ltr\" style=\"list-style-type: disc; font-style: italic; vertical-align: baseline;\">\n<p dir=\"ltr\" style=\"text-align: justify; margin-top: 0pt; margin-bottom: 0pt;\" role=\"presentation\"><span style=\"line-height: 1.284;\"><span style=\"vertical-align: baseline;\">\u201cM\u00e4rks\u00f5nadega CV, mis kirjeldab t\u00f6\u00f6kogemust on samuti t\u00e4htis. Pikk lugu pigem siinkohal kasuks ei tule.\u201d<\/span><\/span><\/p>\n<\/li>\n<li dir=\"ltr\" style=\"list-style-type: disc; font-style: italic; vertical-align: baseline;\">\n<p dir=\"ltr\" style=\"text-align: justify; margin-top: 0pt; margin-bottom: 0pt;\" role=\"presentation\"><span style=\"line-height: 1.284;\"><span style=\"vertical-align: baseline;\">\u201cCV, millel on eraldi v\u00e4lja toodud ametikoht ning ei vasta meie poolt pakutavale t\u00f6\u00f6kohale, on samuti k\u00fcsimusi tekitav. Kogemuse puhul v\u00e4lja toodud oskused, mis \u00fchtivad pakutava ametikohaga on samuti plussiks.\u201d<\/span><\/span><\/p>\n<\/li>\n<li dir=\"ltr\" style=\"list-style-type: disc; font-style: italic; vertical-align: baseline;\">\n<p dir=\"ltr\" style=\"text-align: justify; margin-top: 0pt; margin-bottom: 0pt;\" role=\"presentation\"><span style=\"line-height: 1.38;\"><span style=\"vertical-align: baseline;\">\u201cLiiga pikk CV, mis annab \u00fclevaate ka 15 aasta tagusest kogemusest ei ole t\u00e4na enam vajalik. Samuti p\u00f5hi- v\u00f5i keskkooli l\u00f5petamise aasta, kui inimene on \u00f5ppinud \u00fclikoolis. CVs tekib liiga palju m\u00fcra.\u201d <\/span><\/span><\/p>\n<hr>\n<p>\u00a0<\/p>\n<\/li>\n<\/ul>\n<p dir=\"ltr\" style=\"text-align: justify; margin-top: 0pt; margin-bottom: 0pt;\">\u00a0<\/p>\n<div>\u00a0<\/div>\n<div>\u00a0<\/div>","protected":false},"excerpt":{"rendered":"<p>2.1. CURRICULUM VITAE EHK CV Leonardo da Vinci on andnud maailmale palju h\u00e4id asju. On alust arvata, et ka esimese CV tegi just tema. T\u00f6\u00f6 otsimise k\u00e4igus koostas ta 1482. aastal enda oskustest nimekirja Milano hertsogile. Illustratsioon da Vinci CV-st. &#8230;<\/p>\n","protected":false},"author":263,"featured_media":0,"parent":0,"menu_order":0,"comment_status":"closed","ping_status":"closed","template":"","meta":{"_acf_changed":false,"inline_featured_image":false,"footnotes":""},"class_list":["post-12","page","type-page","status-publish","hentry"],"acf":[],"_links":{"self":[{"href":"https:\/\/sisu.ut.ee\/edujategu20\/wp-json\/wp\/v2\/pages\/12","targetHints":{"allow":["GET"]}}],"collection":[{"href":"https:\/\/sisu.ut.ee\/edujategu20\/wp-json\/wp\/v2\/pages"}],"about":[{"href":"https:\/\/sisu.ut.ee\/edujategu20\/wp-json\/wp\/v2\/types\/page"}],"author":[{"embeddable":true,"href":"https:\/\/sisu.ut.ee\/edujategu20\/wp-json\/wp\/v2\/users\/263"}],"replies":[{"embeddable":true,"href":"https:\/\/sisu.ut.ee\/edujategu20\/wp-json\/wp\/v2\/comments?post=12"}],"version-history":[{"count":20,"href":"https:\/\/sisu.ut.ee\/edujategu20\/wp-json\/wp\/v2\/pages\/12\/revisions"}],"predecessor-version":[{"id":282,"href":"https:\/\/sisu.ut.ee\/edujategu20\/wp-json\/wp\/v2\/pages\/12\/revisions\/282"}],"wp:attachment":[{"href":"https:\/\/sisu.ut.ee\/edujategu20\/wp-json\/wp\/v2\/media?parent=12"}],"curies":[{"name":"wp","href":"https:\/\/api.w.org\/{rel}","templated":true}]}}