{"id":8,"date":"2024-04-04T07:18:31","date_gmt":"2024-04-04T04:18:31","guid":{"rendered":"https:\/\/sisu.ut.ee\/edujategu2\/p6hit6ed\/"},"modified":"2024-04-16T13:23:29","modified_gmt":"2024-04-16T10:23:29","slug":"p6hit6ed","status":"publish","type":"page","link":"https:\/\/sisu.ut.ee\/edujategu2\/p6hit6ed\/","title":{"rendered":"Kuidas k\u00fcsida?"},"content":{"rendered":"<h1><img loading=\"lazy\" decoding=\"async\" class=\"alignnone wp-image-21\" title=\"sissejuhatus_01.png\" src=\"https:\/\/sisu.ut.ee\/wp-content\/uploads\/sites\/507\/sissejuhatus_01.png\" alt=\"sissejuhatus\" width=\"40\" height=\"40\" srcset=\"https:\/\/sisu.ut.ee\/wp-content\/uploads\/sites\/507\/sissejuhatus_01.png 1080w, https:\/\/sisu.ut.ee\/wp-content\/uploads\/sites\/507\/sissejuhatus_01-300x300.png 300w, https:\/\/sisu.ut.ee\/wp-content\/uploads\/sites\/507\/sissejuhatus_01-1024x1024.png 1024w, https:\/\/sisu.ut.ee\/wp-content\/uploads\/sites\/507\/sissejuhatus_01-150x150.png 150w, https:\/\/sisu.ut.ee\/wp-content\/uploads\/sites\/507\/sissejuhatus_01-768x768.png 768w\" sizes=\"auto, (max-width: 40px) 100vw, 40px\"> Kuidas k\u00fcsida?<\/h1>\n<h3><span style=\"color: #ffd700;\"><img loading=\"lazy\" decoding=\"async\" class=\"alignnone wp-image-20\" title=\"uued_moisted.png\" src=\"https:\/\/sisu.ut.ee\/wp-content\/uploads\/sites\/507\/uued_moisted.png\" alt=\"moiste\" width=\"40\" height=\"40\" srcset=\"https:\/\/sisu.ut.ee\/wp-content\/uploads\/sites\/507\/uued_moisted.png 1080w, https:\/\/sisu.ut.ee\/wp-content\/uploads\/sites\/507\/uued_moisted-300x300.png 300w, https:\/\/sisu.ut.ee\/wp-content\/uploads\/sites\/507\/uued_moisted-1024x1024.png 1024w, https:\/\/sisu.ut.ee\/wp-content\/uploads\/sites\/507\/uued_moisted-150x150.png 150w, https:\/\/sisu.ut.ee\/wp-content\/uploads\/sites\/507\/uued_moisted-768x768.png 768w\" sizes=\"auto, (max-width: 40px) 100vw, 40px\"> <strong>T\u00f5husad intervjueerimisv\u00f5tted\u00a0<\/strong><\/span><span style=\"font-size: 12px;\">(Bolton, 2007; Davis, &amp; Fanning, 2000; Kutsar, 1996; McCornack &amp; Morrison\u00a02019; McKay, Davis, &amp; Fanning, 2007)<span style=\"color: #ffd700;\">\u00a0<\/span><\/span><\/h3>\n<ul>\n<li>M\u00f5tle alati, mida soovid k\u00fcsimusega saavutada. Kui oskad vastust ette aimata, pole sageli vaja k\u00fcsida.<\/li>\n<li>Pea meeles! Teine inimene on meeldiv, normaalne, ohutu, vajalik ja huvipakkuv. Suhtlemine on pingevaba siis, kui \u00fcksteist tajutakse v\u00f5rdsena. Kui n\u00e4idata end t\u00e4htsama, v\u00f5imsama v\u00f5i targemana, siis head kontakti sageli ei teki.<\/li>\n<li>Oluline on kuulamise ajal anda kaaslasele m\u00e4rku, et oled kohal ja kuulad.<\/li>\n<li>J\u00e4lgi silmsidet. Pane t\u00e4hele, kuiv\u00f5rd sa teisele inimesele r\u00e4\u00e4kimise ja kuulamise ajal otsa vaatad. Silmside edastab selge s\u00f5numi, et oled intensiivselt kaasatud. Samas tuleb v\u00e4ltida \u00fcksisilmi \u201ej\u00f5llitamist,\u201c sest see v\u00f5i tekitada teistele ebamugavust. \u00dcldiselt on silmsidet rohkem siis, kui vestluspartnerid tunnevad end mugavalt ja kui oled parasjagu kuulaja rollis.<\/li>\n<li>Hinda distantsi ja m\u00f5tle, missuguses asendis ning asukohas tunned end mugavalt. V\u00f5imalusel v\u00f5iks vestluskaaslastel olla valikuvariante (nt. kohvikulaua taga on rohkem kui 2 tooli, mille vahelt valida).<\/li>\n<li>K\u00fcsi \u00fcks k\u00fcsimus korraga. Nii saad tervele k\u00fcsimusele vastuse, teemad ei l\u00e4he sassi ja vastaja ei j\u00e4ta (ebameeldivamat?) osa vastamata.<\/li>\n<li>Anna vastajale vastuse v\u00e4lja m\u00f5tlemiseks aega. K\u00fcsimuste kiire \u201etulistamine\u201c loob mulje \u00fclekuulamisest.<\/li>\n<li>M\u00f5tle l\u00e4bi, <u><a title=\"\" href=\"https:\/\/sisu.ut.ee\/edujategu2\/k%C3%BCsimuste-liigid?admin_panel=1\" target=\"_blank\" rel=\"noopener\" data-url=\"https:\/\/sisu.ut.ee\/edujategu2\/k%C3%BCsimuste-liigid?admin_panel=1\">millist t\u00fc\u00fcpi k\u00fcsimusi<\/a><\/u> \u00a0kasutad. Alusta iga uut teemat avatud k\u00fcsimustega. Kui oled saanud \u00fclevaate, v\u00f5id minna\u00a0 konkreetsemaks ja kasutada ka suletud k\u00fcsimusi.<\/li>\n<li>Kasuta <u><a title=\"\" href=\"https:\/\/sisu.ut.ee\/edujategu2\/kuidas-kuulata\" target=\"_blank\" rel=\"noopener\" data-url=\"https:\/\/sisu.ut.ee\/edujategu2\/kuidas-kuulata\">aktiivset kuulamist<\/a><\/u>.<\/li>\n<\/ul>\n<h3><img loading=\"lazy\" decoding=\"async\" class=\"alignnone wp-image-20\" title=\"uued_moisted.png\" src=\"https:\/\/sisu.ut.ee\/wp-content\/uploads\/sites\/507\/uued_moisted.png\" alt=\"moiste\" width=\"40\" height=\"40\" srcset=\"https:\/\/sisu.ut.ee\/wp-content\/uploads\/sites\/507\/uued_moisted.png 1080w, https:\/\/sisu.ut.ee\/wp-content\/uploads\/sites\/507\/uued_moisted-300x300.png 300w, https:\/\/sisu.ut.ee\/wp-content\/uploads\/sites\/507\/uued_moisted-1024x1024.png 1024w, https:\/\/sisu.ut.ee\/wp-content\/uploads\/sites\/507\/uued_moisted-150x150.png 150w, https:\/\/sisu.ut.ee\/wp-content\/uploads\/sites\/507\/uued_moisted-768x768.png 768w\" sizes=\"auto, (max-width: 40px) 100vw, 40px\"><strong>\u00a0<span style=\"color: #ffd700;\">V<span style=\"font-family: Arial,Helvetica,sans-serif;\"><span style=\"vertical-align: baseline;\"><span lang=\"ET\"><span style=\"line-height: 115%;\">\u00e4ldi\u00a0ebat\u00f5husaid intervjueerimisv\u00f5tteid!<\/span><\/span><\/span><\/span><\/span><\/strong><\/h3>\n<ul>\n<li><span lang=\"ET\">Mitmeosalised<\/span> <span lang=\"ET\">ja keerulised k\u00fcsimused on hirmutavad ning vastaja v\u00f5ib osa k\u00fcsimusest m\u00e4rkamata ja\/v\u00f5i\u00a0 vastamata j\u00e4tta.<\/span><\/li>\n<\/ul>\n<hr>\n<h3><img loading=\"lazy\" decoding=\"async\" class=\"alignnone wp-image-23\" title=\"ulesanne.png\" src=\"https:\/\/sisu.ut.ee\/wp-content\/uploads\/sites\/507\/ulesanne.png\" alt=\"ylesanne\" width=\"40\" height=\"40\" srcset=\"https:\/\/sisu.ut.ee\/wp-content\/uploads\/sites\/507\/ulesanne.png 1080w, https:\/\/sisu.ut.ee\/wp-content\/uploads\/sites\/507\/ulesanne-300x300.png 300w, https:\/\/sisu.ut.ee\/wp-content\/uploads\/sites\/507\/ulesanne-1024x1024.png 1024w, https:\/\/sisu.ut.ee\/wp-content\/uploads\/sites\/507\/ulesanne-150x150.png 150w, https:\/\/sisu.ut.ee\/wp-content\/uploads\/sites\/507\/ulesanne-768x768.png 768w\" sizes=\"auto, (max-width: 40px) 100vw, 40px\"> <span style=\"color: #e31c79;\"><span lang=\"ET\">M\u00f5tle ja anal\u00fc\u00fcsi<\/span> <strong><span style=\"font-size: 24px;\"><span style=\"font-family: Arial,Helvetica,sans-serif;\"><span lang=\"ET\"><span style=\"line-height: 115%;\">l\u00fchiharjutus<\/span><\/span><\/span><\/span><\/strong><\/span><\/h3>\n<p><span lang=\"ET\">Kuidas vastaksid, kui Sinu k\u00e4est k\u00fcsitakse j\u00e4rgmine k\u00fcsimus: \u201eKas edu saavutamiseks on oluline praktilise \u00f5pi- ja t\u00f6\u00f6kogemuse omandamine ning tegevuste kohandamine?\u201c Mida t\u00e4hendavad vastused \u201ejah\u201c v\u00f5i \u201eei?\u201c<\/span><\/p>\n<p><span lang=\"ET\">Proovi<\/span><span lang=\"ET\">\u00a0n\u00e4ites esitatud mitmeosaline k\u00fcsimus \u00fcmber s\u00f5nastada!<\/span><\/p>\n<p style=\"margin-left: 36.0pt;\"><span style=\"font-family: Arial,Helvetica,sans-serif;\"><span lang=\"ET\"><span style=\"line-height: 115%;\"><div class=\"accordion mb-3\">\n        <div class=\"accordion-item accordion-item--white\">\n        <h2 class=\"accordion-header\" id=\"accordion-69e1e997392bf-heading\">\n            <button class=\"accordion-button collapsed\" type=\"button\" data-bs-toggle=\"collapse\" data-bs-target=\"#accordion-69e1e997392bf-collapse\" aria-expanded=\"true\" aria-controls=\"accordion-69e1e997392bf-collapse\"><span lang=\"ET\">N\u00e4idisvastus<\/span><span style=\"font-family: Arial,Helvetica,sans-serif;\"><span lang=\"ET\"><span style=\"line-height: 115%;\"><\/span><\/span><\/span><\/button>\n        <\/h2>\n        <div id=\"accordion-69e1e997392bf-collapse\" class=\"accordion-collapse collapse\" aria-labelledby=\"accordion-69e1e997392bf-heading\">\n            <div class=\"accordion-body\"><span lang=\"ET\">Kas edu saavutamiseks on oluline praktilise \u00f5pikogemuse omandamine?<\/span><span lang=\"ET\"><br>\nKas edu saavutamiseks on oluline praktilise t\u00f6\u00f6kogemuse omandamine?<br>\n<\/span><span lang=\"ET\">Kas edu saavutamiseks on vajalik osata oma tegevusplaane ringi teha?<\/span><span style=\"font-family: Arial,Helvetica,sans-serif;\"><span lang=\"ET\"><span style=\"line-height: 115%;\"><br>\n<\/span><\/span><\/span><\/div>\n        <\/div>\n        <\/div>\n    <\/div><\/span><\/span><\/span><\/p>\n<ul>\n<li>V\u00e4ldi pikka sissejuhatust (Lees 2016, viidatud Knight, 2016). Oluline on rohkem ise kuulata ja v\u00e4hem r\u00e4\u00e4kida.<\/li>\n<li>Hoidu suunavatest k\u00fcsimustest, sest nii t\u00f5useb t\u00f5en\u00e4osus, et saame soovitud vastuse.<\/li>\n<\/ul>\n<p>Suunatud k\u00fcsimus\u00a0 annab v\u00e4ga piiratud infot ja on tugevalt m\u00f5jutatud sellest, kuiv\u00f5rd valmis on vestluskaaslane meiega n\u00f5ustuma v\u00f5i vaidlema.<\/p>\n<h3><img loading=\"lazy\" decoding=\"async\" class=\"alignnone wp-image-23\" title=\"ulesanne.png\" src=\"https:\/\/sisu.ut.ee\/wp-content\/uploads\/sites\/507\/ulesanne.png\" alt=\"ylesanne\" width=\"40\" height=\"40\" srcset=\"https:\/\/sisu.ut.ee\/wp-content\/uploads\/sites\/507\/ulesanne.png 1080w, https:\/\/sisu.ut.ee\/wp-content\/uploads\/sites\/507\/ulesanne-300x300.png 300w, https:\/\/sisu.ut.ee\/wp-content\/uploads\/sites\/507\/ulesanne-1024x1024.png 1024w, https:\/\/sisu.ut.ee\/wp-content\/uploads\/sites\/507\/ulesanne-150x150.png 150w, https:\/\/sisu.ut.ee\/wp-content\/uploads\/sites\/507\/ulesanne-768x768.png 768w\" sizes=\"auto, (max-width: 40px) 100vw, 40px\"> <span style=\"color: #e31c79;\"><span lang=\"ET\"><span style=\"line-height: 115%;\">M\u00f5tle ja anal\u00fc\u00fcsi<\/span><\/span><span lang=\"ET\"> l\u00fchiharjutus<\/span><\/span><\/h3>\n<p style=\"margin-left: 36.0pt;\"><span lang=\"ET\"><span style=\"line-height: 115%;\">Kuidas vastaksid, kui Sinu k\u00e4est k\u00fcsitakse j\u00e4rgmine k\u00fcsimus: \u201eOlete ju n\u00f5us, et nutikus ja intelligents on edu saavutamiseks vajalik?\u201d\u00a0<\/span><\/span><\/p>\n<p style=\"margin-left: 36.0pt;\"><span lang=\"ET\"><span style=\"line-height: 115%;\">Proovi\u00a0n\u00e4ites esitatud suunav k\u00fcsimus \u00fcmber s\u00f5nastada!<\/span><\/span><\/p>\n<p style=\"margin-left: 36.0pt;\"><span lang=\"ET\"><span style=\"line-height: 115%;\"><div class=\"accordion mb-3\">\n        <div class=\"accordion-item accordion-item--white\">\n        <h2 class=\"accordion-header\" id=\"accordion-69e1e997392c5-heading\">\n            <button class=\"accordion-button collapsed\" type=\"button\" data-bs-toggle=\"collapse\" data-bs-target=\"#accordion-69e1e997392c5-collapse\" aria-expanded=\"true\" aria-controls=\"accordion-69e1e997392c5-collapse\">N\u00e4idisvastus<\/button>\n        <\/h2>\n        <div id=\"accordion-69e1e997392c5-collapse\" class=\"accordion-collapse collapse\" aria-labelledby=\"accordion-69e1e997392c5-heading\">\n            <div class=\"accordion-body\">Kuiv\u00f5rd olulised on edu saavutamisel vaimsed v\u00f5imed?<br>\n<\/div>\n        <\/div>\n        <\/div>\n    <\/div><\/span><\/span><\/p>\n<ul>\n<li>\u00c4ra vasta enda k\u00fcsimustele, sest nii v\u00f5ib kuulajale j\u00e4\u00e4da mulje, et tema arvamus on ebaoluline ja igav.<\/li>\n<li>\u00c4ra v\u00e4ljenda suhtumist ega anna hinnanguid, sest need v\u00f5ivad vestluskaaslase \u201elukku\u201c panna.<\/li>\n<\/ul>\n<h3><img loading=\"lazy\" decoding=\"async\" class=\"alignnone wp-image-23\" title=\"ulesanne.png\" src=\"https:\/\/sisu.ut.ee\/wp-content\/uploads\/sites\/507\/ulesanne.png\" alt=\"ylesanne\" width=\"40\" height=\"40\" srcset=\"https:\/\/sisu.ut.ee\/wp-content\/uploads\/sites\/507\/ulesanne.png 1080w, https:\/\/sisu.ut.ee\/wp-content\/uploads\/sites\/507\/ulesanne-300x300.png 300w, https:\/\/sisu.ut.ee\/wp-content\/uploads\/sites\/507\/ulesanne-1024x1024.png 1024w, https:\/\/sisu.ut.ee\/wp-content\/uploads\/sites\/507\/ulesanne-150x150.png 150w, https:\/\/sisu.ut.ee\/wp-content\/uploads\/sites\/507\/ulesanne-768x768.png 768w\" sizes=\"auto, (max-width: 40px) 100vw, 40px\"> <span style=\"color: #e31c79;\">M\u00f5tle ja anal\u00fc\u00fcsi l\u00fchiharjutus<\/span><\/h3>\n<ul>\n<li>Kuidas vastaksid, kui Sinu k\u00e4est k\u00fcsitakse j\u00e4rgmine k\u00fcsimus: \u201eMinu arvates on t\u00e4iesti naeruv\u00e4\u00e4rne muretseda selle p\u00e4rast, mida mu kaast\u00f6\u00f6tajad minust arvavad. Kuidas Teile tundub?\u201c Mis tunde selline k\u00fcsimus Sinus endas tekitaks?<\/li>\n<li>Proovi n\u00e4ites esitatud hinnangut sisaldav k\u00fcsimus \u00fcmber s\u00f5nastada!<div class=\"accordion mb-3\">\n        <div class=\"accordion-item accordion-item--white\">\n        <h2 class=\"accordion-header\" id=\"accordion-69e1e997392c8-heading\">\n            <button class=\"accordion-button collapsed\" type=\"button\" data-bs-toggle=\"collapse\" data-bs-target=\"#accordion-69e1e997392c8-collapse\" aria-expanded=\"true\" aria-controls=\"accordion-69e1e997392c8-collapse\">N\u00e4idisvastus<\/button>\n        <\/h2>\n        <div id=\"accordion-69e1e997392c8-collapse\" class=\"accordion-collapse collapse\" aria-labelledby=\"accordion-69e1e997392c8-heading\">\n            <div class=\"accordion-body\">Kas kaast\u00f6\u00f6tajate hinnangud m\u00f5jutavad Teie t\u00f6\u00f6 tulemust? Mil viisil?<br>\n<\/div>\n        <\/div>\n        <\/div>\n    <\/div><\/li>\n<li>\u00c4ra k\u00fcsi seda, mida juba tead!<\/li>\n<li>\u00c4ra kasuta <a title=\"\" href=\"https:\/\/sisu.ut.ee\/edujategu2\/kuidas-kuulata\" target=\"_blank\" rel=\"noopener\" data-url=\"https:\/\/sisu.ut.ee\/edujategu2\/kuidas-kuulata\">kuulamist\u00f5kkeid ja uksesulgejaid!<\/a><\/li>\n<\/ul>\n<p style=\"text-align: right;\"><span style=\"font-size: 12px;\">\u00a0\u00a0<\/span><\/p>\n","protected":false},"excerpt":{"rendered":"<p>Kuidas k\u00fcsida? T\u00f5husad intervjueerimisv\u00f5tted\u00a0(Bolton, 2007; Davis, &amp; Fanning, 2000; Kutsar, 1996; McCornack &amp; Morrison\u00a02019; McKay, Davis, &amp; Fanning, 2007)\u00a0 M\u00f5tle alati, mida soovid k\u00fcsimusega saavutada. Kui oskad vastust ette aimata, pole sageli vaja k\u00fcsida. Pea meeles! Teine inimene on meeldiv, &#8230;<\/p>\n","protected":false},"author":263,"featured_media":0,"parent":0,"menu_order":0,"comment_status":"closed","ping_status":"closed","template":"","meta":{"_acf_changed":false,"inline_featured_image":false,"footnotes":""},"class_list":["post-8","page","type-page","status-publish","hentry"],"acf":[],"_links":{"self":[{"href":"https:\/\/sisu.ut.ee\/edujategu2\/wp-json\/wp\/v2\/pages\/8","targetHints":{"allow":["GET"]}}],"collection":[{"href":"https:\/\/sisu.ut.ee\/edujategu2\/wp-json\/wp\/v2\/pages"}],"about":[{"href":"https:\/\/sisu.ut.ee\/edujategu2\/wp-json\/wp\/v2\/types\/page"}],"author":[{"embeddable":true,"href":"https:\/\/sisu.ut.ee\/edujategu2\/wp-json\/wp\/v2\/users\/263"}],"replies":[{"embeddable":true,"href":"https:\/\/sisu.ut.ee\/edujategu2\/wp-json\/wp\/v2\/comments?post=8"}],"version-history":[{"count":10,"href":"https:\/\/sisu.ut.ee\/edujategu2\/wp-json\/wp\/v2\/pages\/8\/revisions"}],"predecessor-version":[{"id":131,"href":"https:\/\/sisu.ut.ee\/edujategu2\/wp-json\/wp\/v2\/pages\/8\/revisions\/131"}],"wp:attachment":[{"href":"https:\/\/sisu.ut.ee\/edujategu2\/wp-json\/wp\/v2\/media?parent=8"}],"curies":[{"name":"wp","href":"https:\/\/api.w.org\/{rel}","templated":true}]}}