{"id":7,"date":"2024-04-04T07:18:31","date_gmt":"2024-04-04T04:18:31","guid":{"rendered":"https:\/\/sisu.ut.ee\/edujategu2\/kuidas\/"},"modified":"2024-05-03T15:18:02","modified_gmt":"2024-05-03T12:18:02","slug":"kuidas","status":"publish","type":"page","link":"https:\/\/sisu.ut.ee\/edujategu2\/kuidas\/","title":{"rendered":"Kuidas informatsioonilist intervjuud l\u00e4bi viia?"},"content":{"rendered":"<h1 class=\"wp-block-heading\" id=\"page-title\"><img loading=\"lazy\" decoding=\"async\" class=\"alignnone wp-image-21\" src=\"https:\/\/sisu.ut.ee\/wp-content\/uploads\/sites\/507\/sissejuhatus_01-1024x1024.png\" alt=\"sissejuhatus\" width=\"50\" height=\"50\" srcset=\"https:\/\/sisu.ut.ee\/wp-content\/uploads\/sites\/507\/sissejuhatus_01-1024x1024.png 1024w, https:\/\/sisu.ut.ee\/wp-content\/uploads\/sites\/507\/sissejuhatus_01-300x300.png 300w, https:\/\/sisu.ut.ee\/wp-content\/uploads\/sites\/507\/sissejuhatus_01-150x150.png 150w, https:\/\/sisu.ut.ee\/wp-content\/uploads\/sites\/507\/sissejuhatus_01-768x768.png 768w, https:\/\/sisu.ut.ee\/wp-content\/uploads\/sites\/507\/sissejuhatus_01.png 1080w\" sizes=\"auto, (max-width: 50px) 100vw, 50px\"> <span style=\"color: #28aae1;\">KUIDAS INFORMATSIOONILIST INTERVJUUD L\u00c4BI VIIA?<\/span><\/h1>\n\n\n\n<p><img loading=\"lazy\" decoding=\"async\" title=\"sissejuhatus_01.png\" width=\"40\" height=\"40\" class=\"alignnone wp-image-21\" src=\"https:\/\/sisu.ut.ee\/wp-content\/uploads\/sites\/507\/sissejuhatus_01.png\" alt=\"sissejuhatus\" srcset=\"https:\/\/sisu.ut.ee\/wp-content\/uploads\/sites\/507\/sissejuhatus_01.png 1080w, https:\/\/sisu.ut.ee\/wp-content\/uploads\/sites\/507\/sissejuhatus_01-300x300.png 300w, https:\/\/sisu.ut.ee\/wp-content\/uploads\/sites\/507\/sissejuhatus_01-1024x1024.png 1024w, https:\/\/sisu.ut.ee\/wp-content\/uploads\/sites\/507\/sissejuhatus_01-150x150.png 150w, https:\/\/sisu.ut.ee\/wp-content\/uploads\/sites\/507\/sissejuhatus_01-768x768.png 768w\" sizes=\"auto, (max-width: 40px) 100vw, 40px\">\u00a0 <span style=\"font-size: 20px;\"><strong><span style=\"color: #ffd700;\">Esimene samm \u2013 intervjueeritava leidmine<\/span> <\/strong><\/span><span style=\"font-size: 16px;\">(Gramberg, Luik, Rebas, Kivir\u00fc\u00fct, 2021).<\/span><\/p>\n\n\n\n<p><span style=\"font-size: 16px;\">K\u00f5ige vabamalt voolab vestlus ikka siis, kui huvi on s\u00fcgav ja siiras. Seega tulebki intervjueerimist alustada huvipakkuva eriala esindaja leidmisest. Sul tuleb l\u00e4bida neli sammu:<\/span><\/p>\n\n\n\n<ol class=\"wp-block-list\">\n<li><span style=\"font-size: 16px;\">M\u00f5tle sellele,\u00a0milliseid valdkondi on \u00fcldse olemas. Selleks v\u00f5id m\u00f5elda koolis \u00f5pitud ainetele v\u00f5i tutvuda valdkondi tutvustava infoga n\u00e4iteks <\/span><a title=\"Haridusportaal\" data-url=\"https:\/\/haridusportaal.edu.ee\/valdkonnad\" href=\"https:\/\/haridusportaal.edu.ee\/valdkonnad\" target=\"_blank\" rel=\"noopener\">SIIN<\/a>.\u00a0 Otsusta, milline valdkond sulle enim huvi pakub.<\/li>\n\n\n\n<li>Kui huvipakkuv\u00a0valdkond\u00a0on paigas, pane\u00a0kirja kuni kolm elukutset v\u00f5i eriala, mille kohta tahaksid rohkem teada saada.<\/li>\n\n\n\n<li>Otsi \u00fcks konkreetne asutus, kus selle eriala esindajaid t\u00f6\u00f6l on.<\/li>\n\n\n\n<li>V\u00f5ta asutusega\u00a0\u00fchendust. V\u00f5id p\u00f6\u00f6rduda nii asutuse \u00fcldinfosse kui ka otse t\u00f6\u00f6taja enda poole.\u00a0\u00a0Pea\u00a0meeles, et intervjuus osalemise ettepaneku tegemine ja n\u00f5usoleku saamine on \u00fcks oluline osa protsessist ja seda ei tohi kellegi teise \u00fclesandeks j\u00e4tta!<\/li>\n<\/ol>\n\n\n\n<p>Kuigi v\u00f5ib tunduda kummaline kutsuda v\u00f5\u00f5ras inimene endaga kohtuma, on enamuse inimeste jaoks iseendast ja oma saavutustest r\u00e4\u00e4kimine nauditav kogemus.<ins cite=\"mailto:Triin%20Peitel\" datetime=\"2021-12-18T16:17\">\u00a0Seega ei tasu \u00fcleliia muretseda, kas ikka <\/ins><ins cite=\"mailto:Triin%20Peitel\" datetime=\"2021-12-18T16:18\">k\u00fcsida h\u00e4rra X<\/ins><ins cite=\"mailto:Triin%20Peitel\" datetime=\"2021-12-18T16:19\">-i<\/ins><ins cite=\"mailto:Triin%20Peitel\" datetime=\"2021-12-18T16:18\"> v\u00f5i proua Y-i n\u00f5usolekut <\/ins><ins cite=\"mailto:Triin%20Peitel\" datetime=\"2021-12-18T16:19\">informatsiooniliseks intervjuuks. K\u00fcsida tasub alati ning hea ettevalmistuse ja l\u00e4bim\u00f5eldud k\u00fcsimuste korral on kogemus \u00fcldiselt m\u00f5lemale osapoolele nauditav.<\/ins><\/p>\n\n\n\n<p>Loomulikult v\u00f5id\u00a0intervjuu l\u00e4bi viia ka m\u00f5ne pereliikme v\u00f5i tuttavaga, aga ennek\u00f5ike tasub seda teha v\u00f5\u00f5ra inimesega Sulle t\u00f5eliselt huvi pakkuvast valdkonnast. L\u00e4bi aastate on \u00f5ppijad l\u00e4bi viinud hulgaliselt intervjuusid ja esitanud kogemuste kohta anal\u00fc\u00fcsi. Nende kogemuste p\u00f5hjal v\u00f5ime \u00f6elda, et protsessi kogemine tuttavaga on \u00fcldjuhul samuti silmaringi avardav ja t\u00e4idab eesm\u00e4rki. Aga ei saa \u00fcle ega \u00fcmber sellest vaimustusest, mis paistab nende t\u00f6\u00f6des, kes on julguse rindu v\u00f5tnud ja endaga r\u00e4\u00e4kima kutsunud enda jaoks v\u00f5\u00f5ra oma valdkonna (tipp)spetsialisti. Saadud inspiratsioon ja motivatsioon, r\u00e4\u00e4kimata n\u00f5uannetest ja teejuhistest karj\u00e4\u00e4ri kujundamiseks, on selgesti tajutav ka l\u00e4bi kirja pandud reflektsiooni.<\/p>\n\n\n\n<p><img loading=\"lazy\" decoding=\"async\" class=\"alignnone wp-image-21\" title=\"sissejuhatus_01.png\" src=\"https:\/\/sisu.ut.ee\/wp-content\/uploads\/sites\/507\/sissejuhatus_01.png\" alt=\"sissejuhatus\" width=\"40\" height=\"40\" srcset=\"https:\/\/sisu.ut.ee\/wp-content\/uploads\/sites\/507\/sissejuhatus_01.png 1080w, https:\/\/sisu.ut.ee\/wp-content\/uploads\/sites\/507\/sissejuhatus_01-300x300.png 300w, https:\/\/sisu.ut.ee\/wp-content\/uploads\/sites\/507\/sissejuhatus_01-1024x1024.png 1024w, https:\/\/sisu.ut.ee\/wp-content\/uploads\/sites\/507\/sissejuhatus_01-150x150.png 150w, https:\/\/sisu.ut.ee\/wp-content\/uploads\/sites\/507\/sissejuhatus_01-768x768.png 768w\" sizes=\"auto, (max-width: 40px) 100vw, 40px\">\u00a0 <span style=\"color: #ffd700;\"><span style=\"font-size: 20px;\"><strong>Teine samm \u2013 kokkuleppe s\u00f5lmine.<\/strong><\/span><\/span><\/p>\n\n\n\n<p><span style=\"background: white;\"><span style=\"line-height: normal;\"><span lang=\"ET\">Kuigi informatsioonilise intervjuuga ei kaasne seda pinget ja \u00e4revust, mis tavap\u00e4rase t\u00f6\u00f6intervjuuga, tuleb kohtumisest maksimaalse kasu saamiseks siiski ette valmistuda. Ennek\u00f5ike tasub meeles pidada, et nii Sinu enda kui ka intervjueeritavate aeg on v\u00e4ga v\u00e4\u00e4rtuslik ressurss ja selle optimaalne kasutamine on k\u00f5igi osapoolte huvides. Seega t\u00e4psusta\u00a0juba oma soovi v\u00e4ljendamise ajal intervjuu formaat (silmast silma, telefonitsi, online) ja intervjuuks kuluv aeg (ideaalis v\u00f5iks see j\u00e4\u00e4da kuskile\u00a0 poole tunni kuni tunni kanti, kuigi on juhtumeid ka edukatest 2-tunnistest intervjuudest). Pea\u00a0sellest kokkuleppest ka intervjuu ajal kinni! <\/span><\/span><\/span><\/p>\n\n\n\n<p><span style=\"background: white;\"><span style=\"line-height: normal;\"><span lang=\"ET\">Intervjuu osas kokkuleppe saamine s\u00f5ltub suuresti ka sellest, kuidas Sa end tutvustad\u00a0ning mil viisil oma palvet p\u00f5hjendad. Veenvamad on ennek\u00f5ike need selgitused, mis n\u00e4itavad, et oled\u00a0nii huvipakkuva t\u00f6\u00f6 kui ka konkreetse intervjueeritava taustaga eelnevalt tutvunud. Kasuks tuleb ka see, kui oled\u00a0lugenud m\u00f5nda erialast teksti ning oled\u00a0kursis erialaterminite ja v\u00f5imaliku \u017eargooniga (Knight, 2016). <\/span><\/span><\/span><\/p>\n\n\n\n<p><span style=\"background: white;\"><span style=\"line-height: normal;\"><span lang=\"ET\">\u00c4ra loobu\u00a0intervjuust kui esimene huvitav inimene ei leia aega intervjuule tulemiseks. Pea meeles, et k\u00f5igil on kiireid aegu, isiklikke ja sadu muid p\u00f5hjuseid, miks ei ole v\u00f5imalik sel hetkel intervjuul osaleda.\u00a0 Ka \u00e4ra\u00fctleva vastuse korral tuleb\u00a0<\/span><\/span><\/span>t\u00e4nada ning soovi korral v\u00f5id uurida,\u00a0kas keelduja oskab kedagi teist soovitada v\u00f5i\u00a0teab, kuhu v\u00f5iksid veel p\u00f6\u00f6rduda.\u00a0Kindlasti leia\u00a0<span style=\"background: white;\"><span style=\"line-height: normal;\"><span lang=\"ET\">m\u00f5ni teine huvipakkuv professionaal ja proovi uuesti.<\/span><\/span><\/span><\/p>\n\n\n\n<p><img loading=\"lazy\" decoding=\"async\" class=\"alignnone wp-image-21\" title=\"sissejuhatus_01.png\" src=\"https:\/\/sisu.ut.ee\/wp-content\/uploads\/sites\/507\/sissejuhatus_01.png\" alt=\"sissejuhatus\" width=\"40\" height=\"40\" srcset=\"https:\/\/sisu.ut.ee\/wp-content\/uploads\/sites\/507\/sissejuhatus_01.png 1080w, https:\/\/sisu.ut.ee\/wp-content\/uploads\/sites\/507\/sissejuhatus_01-300x300.png 300w, https:\/\/sisu.ut.ee\/wp-content\/uploads\/sites\/507\/sissejuhatus_01-1024x1024.png 1024w, https:\/\/sisu.ut.ee\/wp-content\/uploads\/sites\/507\/sissejuhatus_01-150x150.png 150w, https:\/\/sisu.ut.ee\/wp-content\/uploads\/sites\/507\/sissejuhatus_01-768x768.png 768w\" sizes=\"auto, (max-width: 40px) 100vw, 40px\"><span style=\"font-size: 20px;\">\u00a0<span style=\"color: #ffd700;\"><strong>Kolmas samm \u2013 intervjuuks valmistumine.<\/strong><\/span><\/span><\/p>\n\n\n\n<p><img loading=\"lazy\" decoding=\"async\" class=\"alignnone wp-image-20\" style=\"float: left;\" title=\"uued_moisted.png\" src=\"https:\/\/sisu.ut.ee\/wp-content\/uploads\/sites\/507\/uued_moisted.png\" alt=\"moiste\" width=\"40\" height=\"40\" srcset=\"https:\/\/sisu.ut.ee\/wp-content\/uploads\/sites\/507\/uued_moisted.png 1080w, https:\/\/sisu.ut.ee\/wp-content\/uploads\/sites\/507\/uued_moisted-300x300.png 300w, https:\/\/sisu.ut.ee\/wp-content\/uploads\/sites\/507\/uued_moisted-1024x1024.png 1024w, https:\/\/sisu.ut.ee\/wp-content\/uploads\/sites\/507\/uued_moisted-150x150.png 150w, https:\/\/sisu.ut.ee\/wp-content\/uploads\/sites\/507\/uued_moisted-768x768.png 768w\" sizes=\"auto, (max-width: 40px) 100vw, 40px\"> Intervjuuks valmistudes tasub end\u00a0<span style=\"font-family: Arial,Helvetica,sans-serif;\"><span style=\"background: white;\"><span style=\"line-height: normal;\"><span lang=\"ET\">kurssi viia\u00a0<\/span><\/span><\/span><\/span><span style=\"background: white;\"><span style=\"line-height: normal;\"><span lang=\"ET\">soovitustega sellest, <\/span><\/span><\/span><u><a title=\"\" href=\"https:\/\/sisu.ut.ee\/edujategu2\/kuidas-j%C3%A4tta-endast-intervjuul-hea-mulje\" data-url=\"https:\/\/sisu.ut.ee\/edujategu2\/kuidas-j%C3%A4tta-endast-intervjuul-hea-mulje\">kuidas endast head muljet j\u00e4tta<\/a>\u00a0<\/u><span style=\"font-family: Arial,Helvetica,sans-serif;\"><span style=\"background: white;\"><span style=\"line-height: normal;\"><span lang=\"ET\">\u00a0ja <\/span><\/span><\/span><\/span><u><a title=\"\" href=\"https:\/\/sisu.ut.ee\/edujategu2\/p6hit6ed\" data-url=\"https:\/\/sisu.ut.ee\/edujategu2\/p6hit6ed\">intervjueerimise p\u00f5hit\u00f5dedega<\/a><\/u><span style=\"font-family: Arial,Helvetica,sans-serif;\"><span style=\"background: white;\"><span style=\"line-height: normal;\"><span lang=\"ET\">. Kindlasti tasub \u00a0vaadata informatsioonilise\u00a0<\/span><\/span><\/span><u><a title=\"\" href=\"https:\/\/sisu.ut.ee\/edujategu2\/informatsioonilise-intervjuu-n%C3%A4idisk%C3%BCsimused\" data-url=\"https:\/\/sisu.ut.ee\/edujategu2\/informatsioonilise-intervjuu-n%C3%A4idisk%C3%BCsimused\">intervjuu <\/a><\/u><\/span><span style=\"font-family: Arial,Helvetica,sans-serif;\"><u><a title=\"\" href=\"https:\/\/sisu.ut.ee\/edujategu2\/informatsioonilise-intervjuu-n%C3%A4idisk%C3%BCsimused\" data-url=\"https:\/\/sisu.ut.ee\/edujategu2\/informatsioonilise-intervjuu-n%C3%A4idisk%C3%BCsimused\">n\u00e4idisk\u00fcsimusi<\/a><\/u><span style=\"background: white;\"><span style=\"line-height: normal;\"><span lang=\"ET\"><u>\u00a0<\/u>ja <\/span><\/span><\/span><u><a title=\"\" href=\"https:\/\/sisu.ut.ee\/edujategu2\/informatsioonilise-intervjuu-n%C3%A4idisvideo\" data-url=\"https:\/\/sisu.ut.ee\/edujategu2\/informatsioonilise-intervjuu-n%C3%A4idisvideo\">n\u00e4idisvideoi<\/a>d<\/u><span style=\"background: white;\"><span style=\"line-height: normal;\"><span lang=\"ET\"><u>.<\/u><\/span><\/span><\/span><\/span><\/p>\n\n\n\n<p><span style=\"font-family: Arial,Helvetica,sans-serif;\"><span style=\"background: white;\"><span style=\"line-height: normal;\"><span lang=\"ET\">Enne intervjuu l\u00e4biviimist tuleb m\u00f5elda l\u00e4bi teemad, mida vestluse k\u00e4igus kindlasti puudutada ja koostada sellele tuginedes intervjuu kava.\u00a0<\/span><\/span><\/span><\/span><span style=\"background: white;\"><span style=\"line-height: normal;\"><span lang=\"ET\">On omamoodi kunst p\u00fc\u00fcda leida taskaal ettevalmistatud k\u00fcsimuste ja hetkes tekkinud teemadel vestlemise vahel.\u00a0Pea kava koostades meeles, et see ei ole koht t\u00f6\u00f6 k\u00fcsimiseks, vaid informatsiooni hankimiseks!!!<\/span><\/span><\/span><\/p>\n\n\n\n<p><span style=\"font-family: Arial,Helvetica,sans-serif;\"><span style=\"background: white;\"><span style=\"line-height: normal;\"><span lang=\"ET\"><span style=\"color: #ff0000;\"><strong>NB! <\/strong><\/span>Varasemad kogemused on n\u00e4idanud, et liiga spetsiifilised teemad v\u00f5i liiga palju k\u00fcsimusi v\u00f5ib h\u00e4irida vaba vestluse kulgu. N\u00e4iteks 30 minutit kestva vestluse jooksul j\u00f5uab tagavaliselt k\u00e4sitleda kun 8\u00a0suuremat k\u00fcsimust v\u00f5i teemat.<\/span><\/span><\/span><\/span><\/p>\n\n\n\n<p><span style=\"font-family: Arial,Helvetica,sans-serif;\"><span style=\"background: white;\"><span style=\"line-height: normal;\"><span lang=\"ET\"><span style=\"color: #ff0000;\">! <\/span>Kui kipud v\u00f5\u00f5rastega suheldes n\u00e4rvitsema, v\u00f5id oma intervjuud eelnevalt s\u00f5prade v\u00f5i pereliikmete peal harjutada \u2013 saad julgust juurde ja ka nende vastused v\u00f5ivad tulevikus kasulikuks osutuda (Knight, 2016).<\/span><\/span><\/span><\/span><\/p>\n\n\n\n<p><img loading=\"lazy\" decoding=\"async\" class=\"alignnone wp-image-18\" title=\"motlemiseks.png\" src=\"https:\/\/sisu.ut.ee\/wp-content\/uploads\/sites\/507\/motlemiseks.png\" alt=\"motle\" width=\"40\" height=\"40\" srcset=\"https:\/\/sisu.ut.ee\/wp-content\/uploads\/sites\/507\/motlemiseks.png 1080w, https:\/\/sisu.ut.ee\/wp-content\/uploads\/sites\/507\/motlemiseks-300x300.png 300w, https:\/\/sisu.ut.ee\/wp-content\/uploads\/sites\/507\/motlemiseks-1024x1024.png 1024w, https:\/\/sisu.ut.ee\/wp-content\/uploads\/sites\/507\/motlemiseks-150x150.png 150w, https:\/\/sisu.ut.ee\/wp-content\/uploads\/sites\/507\/motlemiseks-768x768.png 768w\" sizes=\"auto, (max-width: 40px) 100vw, 40px\">\u00a0<span style=\"color: #e31c79;\">M\u00f5tlemiseks<\/span><\/p>\n\n\n<p><\/p><div class=\"accordion mb-3\">\n        <div class=\"accordion-item accordion-item--white\">\n        <h2 class=\"accordion-header\" id=\"accordion-69e1e997a6518-heading\">\n            <button class=\"accordion-button collapsed\" type=\"button\" data-bs-toggle=\"collapse\" data-bs-target=\"#accordion-69e1e997a6518-collapse\" aria-expanded=\"true\" aria-controls=\"accordion-69e1e997a6518-collapse\">Millistest etappidest koosneb informatsiooniline intervjuu? Kontrolli, kas k\u00f5ik vajalikud eelt\u00f6\u00f6d on tehtud?<\/button>\n        <\/h2>\n        <div id=\"accordion-69e1e997a6518-collapse\" class=\"accordion-collapse collapse\" aria-labelledby=\"accordion-69e1e997a6518-heading\">\n            <div class=\"accordion-body\">\u2022\u00a0\u00a0 \u00a0Koosta enda l\u00fchi(!)tutvustus ja s\u00f5nasta oma ootused intervjuule.\n<ul>\n<li>Leia huvipakkuv valdkond ja spetsialist.<\/li>\n<li>Kogu asutuse ja intervjueeritava kohta taustainfot.<\/li>\n<li>Tutvu k\u00fcsimuste koostamise p\u00f5him\u00f5tetega.<\/li>\n<li>\u00d5pi erialast s\u00f5navara.<\/li>\n<li>Koost intervjuu kava, kus on kirjas peamised (avatud) k\u00fcsimused, millele loodad vastused leida.<\/li>\n<li>V\u00f5ta \u00fchendust huvi pakkuva inimesega.<\/li>\n<li>Kui esimesel katsel kontakti saada ei \u00f5nnestu, proovi veel v\u00f5i leia alternatiiv.<\/li>\n<\/ul>\n<p><strong>Kui k\u00f5ik eenevad punktid saavad vastuseks jah, siis toimi j\u00e4rmiselt:<\/strong><\/p>\n<ul>\n<li>Vii l\u00e4bi informatsiooniline intervjuu.\u00a0<\/li><\/ul><\/div>\n        <\/div>\n        <\/div>\n    <\/div><br>\n\n\n\n<p><img loading=\"lazy\" decoding=\"async\" class=\"alignnone wp-image-21\" title=\"sissejuhatus_01.png\" src=\"https:\/\/sisu.ut.ee\/wp-content\/uploads\/sites\/507\/sissejuhatus_01.png\" alt=\"sissejuhatus\" width=\"40\" height=\"40\" srcset=\"https:\/\/sisu.ut.ee\/wp-content\/uploads\/sites\/507\/sissejuhatus_01.png 1080w, https:\/\/sisu.ut.ee\/wp-content\/uploads\/sites\/507\/sissejuhatus_01-300x300.png 300w, https:\/\/sisu.ut.ee\/wp-content\/uploads\/sites\/507\/sissejuhatus_01-1024x1024.png 1024w, https:\/\/sisu.ut.ee\/wp-content\/uploads\/sites\/507\/sissejuhatus_01-150x150.png 150w, https:\/\/sisu.ut.ee\/wp-content\/uploads\/sites\/507\/sissejuhatus_01-768x768.png 768w\" sizes=\"auto, (max-width: 40px) 100vw, 40px\"><span style=\"color: #ffd700;\"><span style=\"font-size: 20px;\"><strong>\u00a0Neljas samm \u2013 intervjuu l\u00e4bi viimine.<\/strong><\/span><\/span><\/p>\n\n\n\n<p>Vii intervjuu l\u00e4bi. See saab olema vahva!<\/p>\n\n\n\n<p><span style=\"color: #ffd700;\"><img loading=\"lazy\" decoding=\"async\" class=\"alignnone wp-image-21\" title=\"sissejuhatus_01.png\" src=\"https:\/\/sisu.ut.ee\/wp-content\/uploads\/sites\/507\/sissejuhatus_01.png\" alt=\"sissejuhatus\" width=\"40\" height=\"40\" srcset=\"https:\/\/sisu.ut.ee\/wp-content\/uploads\/sites\/507\/sissejuhatus_01.png 1080w, https:\/\/sisu.ut.ee\/wp-content\/uploads\/sites\/507\/sissejuhatus_01-300x300.png 300w, https:\/\/sisu.ut.ee\/wp-content\/uploads\/sites\/507\/sissejuhatus_01-1024x1024.png 1024w, https:\/\/sisu.ut.ee\/wp-content\/uploads\/sites\/507\/sissejuhatus_01-150x150.png 150w, https:\/\/sisu.ut.ee\/wp-content\/uploads\/sites\/507\/sissejuhatus_01-768x768.png 768w\" sizes=\"auto, (max-width: 40px) 100vw, 40px\">\u00a0<span style=\"font-size: 20px;\"><strong>Viies samm \u2013\u00a0 kokkuv\u00f5tted kogemusest.<\/strong><\/span><\/span><\/p>\n\n\n\n<p>Peale intervjuu l\u00e4bi viimist tuleb toimunule tagasi vaadata ja koostada <strong>refleksioon<\/strong> toimunud intervjuu kohta. <\/p>\n\n\n<div class=\"accordion-block mb-3\">\n\t\t<div class=\"accordion accordion--limited-width\" id=\"accordion-accordion-69e1e997a616c\">\n\t\t\t\t\t\t\t<div class=\"accordion-item accordion-item--blue\">\n\t\t\t\t\t<h2 class=\"accordion-header\" id=\"accordion-69e1e997a616c-heading-1\">\n\t\t\t\t\t\t<button class=\"accordion-button collapsed\" type=\"button\" data-bs-toggle=\"collapse\" data-bs-target=\"#accordion-69e1e997a616c-collapse-1\" aria-expanded=\"true\" aria-controls=\"accordion-69e1e997a616c-collapse-1\">\n\t\t\t\t\t\t\tRefleksiooni n\u00e4idisk\u00fcsimused\n\t\t\t\t\t\t<\/button>\n\t\t\t\t\t<\/h2>\n\t\t\t\t\t<div id=\"accordion-69e1e997a616c-collapse-1\" class=\"accordion-collapse collapse \" aria-labelledby=\"accordion-69e1e997a616c-heading-1\">\n\t\t\t\t\t\t<div class=\"accordion-body\">\n\t\t\t\t\t\t\t<p>M\u00f5tle l\u00e4bi viidud intervjuule tagasi ja vasta esitatud k\u00fcsimustele.<br>\nNB! Kirjuta\u00a0vastused v\u00e4lja ja n\u00e4ita\u00a0\u00fchele inimesele, keda usaldad\u00a0ja kellega oled\u00a0valmis oma tulevikust r\u00e4\u00e4kima. Plaanidest r\u00e4\u00e4kimine t\u00f5stab oluliselt nende ellu viimise t\u00f5en\u00e4osust.<br>\n1.\u00a0\u00a0 \u00a0Mis on k\u00f5ige olulisem, mida Sa intervjuu k\u00e4igus teada said<br>\n2.\u00a0\u00a0 \u00a0Mis on see, mis l\u00e4ks h\u00e4sti?<br>\n3.\u00a0\u00a0 \u00a0Kas oli midagi, millega Sa rahule ei j\u00e4\u00e4nud? Mis v\u00f5is olla p\u00f5hjuseks?<br>\n4.\u00a0\u00a0 \u00a0Millises olukorras tasuks Sul informatsioonilist intervjuud j\u00e4lle kasutada?<br>\n5.\u00a0\u00a0 \u00a0Kuidas seostub saadud info sinu tulevikuplaanidega?<br>\n6.\u00a0\u00a0 \u00a0Pane kirja v\u00e4hemalt kolm j\u00e4rgmist sammu, mida kogutud info p\u00f5hjal teed, et oma tulevikku paremini juhtida.<br>\n7.\u00a0\u00a0 \u00a0Kui tekkis t\u00e4iendavaid k\u00fcsimusi, pane need kirja ja t\u00e4psusta, mida peaksid\u00a0vastuste saamiseks tegema.<\/p>\n\n\t\t\t\t\t\t<\/div>\n\t\t\t\t\t<\/div>\n\t\t\t\t<\/div>\n\t\t\t\t\t<\/div>\n\t<\/div>\n\n\n\n\n\n<p>Refleksioonis ei tule esitada konkreetseid k\u00fcsimusi ja neile saadud vastused, vaid anal\u00fc\u00fcs sellest, mis l\u00e4ks h\u00e4sti, mis oleks v\u00f5inud paremini minna. See on koht, kus tuleks hinnata saadud kogemuse kasulikkust ning m\u00f5elda selle \u00fcle, mida uut \u00f5ppisid. Kindlasti pane kirja see, kuidas kavatsed saadud infot oma karj\u00e4\u00e4ri planeerimisel kasutada. V\u00f5imalik, et m\u00f5ne vastuse saamisega tuli uusi k\u00fcsimusi hoopis juurde \u2013 pane need kirja ja koosta\u00a0tegevusplaan ka nendele vastuse saamiseks.<\/p>\n\n\n\n<p><ins cite=\"mailto:Triin%20Peitel\" datetime=\"2021-12-18T16:28\">Ideaalis tasuks pidada karj\u00e4\u00e4rip\u00e4evikut \u2013 kirjalikku <\/ins><ins cite=\"mailto:Triin%20Peitel\" datetime=\"2021-12-18T16:29\">ideede<\/ins><ins cite=\"mailto:Triin%20Peitel\" datetime=\"2021-12-18T16:28\">, anal\u00fc\u00fcside, testitulemuste jms kogumit, mis aitab oma<\/ins><ins cite=\"mailto:Triin%20Peitel\" datetime=\"2021-12-18T16:29\"> m\u00f5tteid korrastada ja karj\u00e4\u00e4riteed teadlikult planeerida. Nii refleksioon kui ka tekkinud k\u00fcsimused v\u00f5iksid samuti sinna kirja minna.<\/ins><\/p>\n\n\n\n<p><u><ins cite=\"mailto:Triin%20Peitel\" datetime=\"2021-12-18T16:29\">Kui oled oma kogemust anal\u00fc\u00fcsinud, saada\u00a0intervjueeritavale t\u00e4nukiri. Kui leppisite intervjueeritavaga nii kokku, v\u00f5id edastada ka kogemuse kokkuv\u00f5tte ja\/v\u00f5i esitada t\u00e4iendavaid k\u00fcsimusi.<\/ins><\/u><\/p>\n","protected":false},"excerpt":{"rendered":"<p>KUIDAS INFORMATSIOONILIST INTERVJUUD L\u00c4BI VIIA? \u00a0 Esimene samm \u2013 intervjueeritava leidmine (Gramberg, Luik, Rebas, Kivir\u00fc\u00fct, 2021). K\u00f5ige vabamalt voolab vestlus ikka siis, kui huvi on s\u00fcgav ja siiras. Seega tulebki intervjueerimist alustada huvipakkuva eriala esindaja leidmisest. Sul tuleb l\u00e4bida neli &#8230;<\/p>\n","protected":false},"author":263,"featured_media":0,"parent":0,"menu_order":0,"comment_status":"closed","ping_status":"closed","template":"","meta":{"_acf_changed":false,"inline_featured_image":false,"footnotes":""},"class_list":["post-7","page","type-page","status-publish","hentry"],"acf":[],"_links":{"self":[{"href":"https:\/\/sisu.ut.ee\/edujategu2\/wp-json\/wp\/v2\/pages\/7","targetHints":{"allow":["GET"]}}],"collection":[{"href":"https:\/\/sisu.ut.ee\/edujategu2\/wp-json\/wp\/v2\/pages"}],"about":[{"href":"https:\/\/sisu.ut.ee\/edujategu2\/wp-json\/wp\/v2\/types\/page"}],"author":[{"embeddable":true,"href":"https:\/\/sisu.ut.ee\/edujategu2\/wp-json\/wp\/v2\/users\/263"}],"replies":[{"embeddable":true,"href":"https:\/\/sisu.ut.ee\/edujategu2\/wp-json\/wp\/v2\/comments?post=7"}],"version-history":[{"count":13,"href":"https:\/\/sisu.ut.ee\/edujategu2\/wp-json\/wp\/v2\/pages\/7\/revisions"}],"predecessor-version":[{"id":165,"href":"https:\/\/sisu.ut.ee\/edujategu2\/wp-json\/wp\/v2\/pages\/7\/revisions\/165"}],"wp:attachment":[{"href":"https:\/\/sisu.ut.ee\/edujategu2\/wp-json\/wp\/v2\/media?parent=7"}],"curies":[{"name":"wp","href":"https:\/\/api.w.org\/{rel}","templated":true}]}}