{"id":5,"date":"2024-04-04T07:18:31","date_gmt":"2024-04-04T04:18:31","guid":{"rendered":"https:\/\/sisu.ut.ee\/edujategu2\/sissejuhatus-teemassed\/"},"modified":"2024-04-16T13:25:50","modified_gmt":"2024-04-16T10:25:50","slug":"sissejuhatus-teemassed","status":"publish","type":"page","link":"https:\/\/sisu.ut.ee\/edujategu2\/sissejuhatus-teemassed\/","title":{"rendered":"Mis on informatsiooniline intervjuu?"},"content":{"rendered":"<h1 id=\"page-title\"><img loading=\"lazy\" decoding=\"async\" class=\"alignnone wp-image-21\" title=\"sissejuhatus_01.png\" src=\"https:\/\/sisu.ut.ee\/wp-content\/uploads\/sites\/507\/sissejuhatus_01.png\" alt=\"sissejuhatus\" width=\"40\" height=\"40\" srcset=\"https:\/\/sisu.ut.ee\/wp-content\/uploads\/sites\/507\/sissejuhatus_01.png 1080w, https:\/\/sisu.ut.ee\/wp-content\/uploads\/sites\/507\/sissejuhatus_01-300x300.png 300w, https:\/\/sisu.ut.ee\/wp-content\/uploads\/sites\/507\/sissejuhatus_01-1024x1024.png 1024w, https:\/\/sisu.ut.ee\/wp-content\/uploads\/sites\/507\/sissejuhatus_01-150x150.png 150w, https:\/\/sisu.ut.ee\/wp-content\/uploads\/sites\/507\/sissejuhatus_01-768x768.png 768w\" sizes=\"auto, (max-width: 40px) 100vw, 40px\"> <span style=\"color: #28aae1;\">MIS ON INFORMATSIOONILINE INTERVJUU?<\/span><\/h1>\n<p><img loading=\"lazy\" decoding=\"async\" class=\"alignnone wp-image-20\" title=\"uued_moisted.png\" src=\"https:\/\/sisu.ut.ee\/wp-content\/uploads\/sites\/507\/uued_moisted.png\" alt=\"moiste\" width=\"40\" height=\"40\" srcset=\"https:\/\/sisu.ut.ee\/wp-content\/uploads\/sites\/507\/uued_moisted.png 1080w, https:\/\/sisu.ut.ee\/wp-content\/uploads\/sites\/507\/uued_moisted-300x300.png 300w, https:\/\/sisu.ut.ee\/wp-content\/uploads\/sites\/507\/uued_moisted-1024x1024.png 1024w, https:\/\/sisu.ut.ee\/wp-content\/uploads\/sites\/507\/uued_moisted-150x150.png 150w, https:\/\/sisu.ut.ee\/wp-content\/uploads\/sites\/507\/uued_moisted-768x768.png 768w\" sizes=\"auto, (max-width: 40px) 100vw, 40px\"><span style=\"font-size: 16px;\"><span style=\"font-family: Arial,Helvetica,sans-serif;\">\u00a0Informatsiooniline intervjuu on t\u00f6\u00f6maailma uurimise meetod, mille k\u00e4igus viiakse l\u00e4bi vaba vestlus inimesega, kes t\u00f6\u00f6tab Sulle huvipakkuvas valdkonnas. Vestluse eesm\u00e4rk on saada parem ettekujutus huvipakkuva valdkonna v\u00f5imalustest ja seal t\u00f6\u00f6tamisest, mis omakorda aitab Sul teha karj\u00e4\u00e4riotsuseid (<\/span><\/span>Gramberg,\u00a0<span style=\"font-size: 16px;\"><span style=\"font-family: Arial,Helvetica,sans-serif;\">Luik, Rebas, &amp; Kivir\u00fc\u00fct, 2021). <\/span><\/span><\/p>\n<p><span style=\"font-size: 16px;\"><span style=\"font-family: Arial,Helvetica,sans-serif;\">Informatsioonilist intervjuud tasub kasutada, kui Sinu puhul kehtib v\u00e4hemalt \u00fcks allj\u00e4rgnevatest:<\/span><\/span><\/p>\n<ul>\n<li><span style=\"font-size: 16px;\"><span style=\"font-family: Arial,Helvetica,sans-serif;\">Sul puudub selge arusaam enda eelistustest ja tahad lisainfot,<\/span><\/span><\/li>\n<li><span style=\"font-size: 16px;\"><span style=\"font-family: Arial,Helvetica,sans-serif;\">Sa soovid t\u00f6\u00f6maailma kohta rohkem teada saada,<\/span><\/span><\/li>\n<li><span style=\"font-size: 16px;\"><span style=\"font-family: Arial,Helvetica,sans-serif;\">Sa tahad konkreetse elukutse kohta rohkem infot saada,<\/span><\/span><\/li>\n<li><span style=\"font-size: 16px;\"><span style=\"font-family: Arial,Helvetica,sans-serif;\">Sa soovid anal\u00fc\u00fcsida enda sobivust t\u00f6\u00f6ks mingis valdkonnas,<\/span><\/span><\/li>\n<li><span style=\"font-size: 16px;\"><span style=\"font-family: Arial,Helvetica,sans-serif;\">Sa soovid leida ja luua kontakte Sind huvitava valdkonna inimestega,\u00a0<\/span><\/span><\/li>\n<li><span style=\"font-size: 16px;\"><span style=\"font-family: Arial,Helvetica,sans-serif;\">Sa oled juba m\u00f5nes valdkonnas tegev ja tahaksid midagi muuta.<\/span><\/span><\/li>\n<\/ul>\n<p><img loading=\"lazy\" decoding=\"async\" class=\"alignnone wp-image-20\" title=\"uued_moisted.png\" src=\"https:\/\/sisu.ut.ee\/wp-content\/uploads\/sites\/507\/uued_moisted.png\" alt=\"moiste\" width=\"40\" height=\"40\" srcset=\"https:\/\/sisu.ut.ee\/wp-content\/uploads\/sites\/507\/uued_moisted.png 1080w, https:\/\/sisu.ut.ee\/wp-content\/uploads\/sites\/507\/uued_moisted-300x300.png 300w, https:\/\/sisu.ut.ee\/wp-content\/uploads\/sites\/507\/uued_moisted-1024x1024.png 1024w, https:\/\/sisu.ut.ee\/wp-content\/uploads\/sites\/507\/uued_moisted-150x150.png 150w, https:\/\/sisu.ut.ee\/wp-content\/uploads\/sites\/507\/uued_moisted-768x768.png 768w\" sizes=\"auto, (max-width: 40px) 100vw, 40px\">\u00a0Pane t\u00e4hele\u00a0 \u2013 tegemist ei ole t\u00f6\u00f6intervjuuga! T\u00f6\u00f6intervjuul on olemas v\u00e4line hindaja, kes juhib vestluse kulgu ja kujundab arvamuse sinu sobilikkusest ametikohale v\u00f5i valdkonda. Infovestlusel oled hindajaks ennek\u00f5ike Sina ise ja kogemuse kasulikkus s\u00f5ltub ennek\u00f5ike Sinu panusest.<\/p>\n<p><span style=\"font-size: 16px;\"><span style=\"font-family: Arial,Helvetica,sans-serif;\">Millist kasu Sa informatsioonilisest intervjuust saad?<\/span><\/span><\/p>\n<ul>\n<li>Saad vahetut aja- ja asjakohast infot sind huvitava valdkonna kohta<\/li>\n<li>v\u00f5ib avada potentsiaalseid vaikimisi kehtivaid eelduseid vastavale karj\u00e4\u00e4riteele sisenemiseks.<\/li>\n<li>Omandada erilise oskuste komplekti\u00a0mis on vajalik, et peale hariduse omandamist edukalt hakkama saada (suhtlemisoskus, infot\u00f6\u00f6tlus, probleemilahendus, positiivise mulje kujundamine, vastutusv\u00f5ime, kohanemisv\u00f5ime, elukestev \u00f5ppimine, koost\u00f6\u00f6 ja \u00fchist\u00f6\u00f6) (Decarie, 2010).<\/li>\n<li>Omandatud \u201esotsiaalne kirjaoskus\u201c tuleb kasuks paljudes suhtlemisolukordades, kus on oluline endast positiivne mulje j\u00e4tta (n\u00e4iteks t\u00f6\u00f6intervjuud,\u00a0palved \u00f5petajale v\u00f5i lapsevanemale, ettepanekud \u00fclemusele) (Decarie, 2010).<\/li>\n<\/ul>\n<div>On mitmeid juhtumeid, kus intervjuu l\u00e4biviija on endast nii s\u00fcgava mulje j\u00e4tnud, et kuid v\u00f5i isegi aastaid hiljem pakutakse talle intervjueeritava poolt t\u00f6\u00f6d. Positiivse mulje kujunemiseks on vajalik vestluse pingevaba \u00f5hkkond, mille eeltingimuseks on see, et vestluse ajal ei ole intervjuu algataja eesm\u00e4rgiks leida t\u00f6\u00f6d. Ehk siis \u2013 informatsioonilise intervjuu ajal v\u00f5ib k\u00fcll k\u00fcsida soovitusi, kuidas h\u00fcpoteetiliselt oma v\u00e4ljavaateid valdkonnas kandideerimiseks parandada, aga ei tohi m\u00f5ista anda, et intervjuu ajendiks on soov leida intervjueeritava kaudu t\u00f6\u00f6d.<\/div>\n<div><\/div>\n<div><img loading=\"lazy\" decoding=\"async\" class=\"\" title=\"\" src=\"https:\/\/sisu.ut.ee\/wp-content\/uploads\/sites\/507\/motlemiseks.png\" alt=\"motle\" width=\"40\" height=\"40\" data-file_info=\"%7B%22fid%22:65769,%22view_mode%22:%22default%22,%22type%22:%22media%22%7D\">\u00a0<span style=\"font-size: 20px;\"><strong><span style=\"color: #ff0099;\">M\u00f5tlemiseks<\/span><\/strong><\/span><\/div>\n<p><\/p><div class=\"accordion mb-3\">\n        <div class=\"accordion-item accordion-item--white\">\n        <h2 class=\"accordion-header\" id=\"accordion-69e1ff88f1d77-heading\">\n            <button class=\"accordion-button collapsed\" type=\"button\" data-bs-toggle=\"collapse\" data-bs-target=\"#accordion-69e1ff88f1d77-collapse\" aria-expanded=\"true\" aria-controls=\"accordion-69e1ff88f1d77-collapse\"> Miks ei tohi infovestluse k\u00e4igus t\u00f6\u00f6d k\u00fcsida? Pane oma m\u00f5tted kirja ja vaata\u00a0mida teised samale k\u00fcsimusele on vastanud.<\/button>\n        <\/h2>\n        <div id=\"accordion-69e1ff88f1d77-collapse\" class=\"accordion-collapse collapse\" aria-labelledby=\"accordion-69e1ff88f1d77-heading\">\n            <div class=\"accordion-body\">\n<ul>\n<li>Infovestlus toimub vabas \u00f5hkkonnas, kus osapooled ei pea hindama teise sobilikkust erialale. T\u00f6\u00f6 k\u00fcsimine toob vestlusesse ebavajaliku pinge.<\/li>\n<li>T\u00f6\u00f6 k\u00fcsimine paneb fookuse k\u00fcsija omadustele ja nende hindamisele, infovestluse eesm\u00e4rgiks on aga hoopiski valdkonnaga v\u00f5i erialaga tutvumine.<\/li>\n<li>T\u00f6\u00f6otsijat v\u00f5idakse n\u00e4ha konkurendina, kellele ei avaldata konkurentsieelist andvat infot.<\/li>\n<li>T\u00f6\u00f6vestlusel on t\u00f6\u00f6andja aktiivsemaks pooleks ja k\u00fcsib just teda huvitavat infot, infovestlusel saab selle algataja otsustada, milliseid teemasid k\u00e4sitletakse.<\/li>\n<li>T\u00f6\u00f6 k\u00fcsimine v\u00f5ib vestluse koheselt l\u00f5petada kui intervjueeritaval pole t\u00f6\u00f6d pakkuda.<\/li>\n<\/ul>\n<p><\/p><\/div>\n        <\/div>\n        <\/div>\n    <\/div>\n","protected":false},"excerpt":{"rendered":"<p>MIS ON INFORMATSIOONILINE INTERVJUU? \u00a0Informatsiooniline intervjuu on t\u00f6\u00f6maailma uurimise meetod, mille k\u00e4igus viiakse l\u00e4bi vaba vestlus inimesega, kes t\u00f6\u00f6tab Sulle huvipakkuvas valdkonnas. Vestluse eesm\u00e4rk on saada parem ettekujutus huvipakkuva valdkonna v\u00f5imalustest ja seal t\u00f6\u00f6tamisest, mis omakorda aitab Sul teha karj\u00e4\u00e4riotsuseid &#8230;<\/p>\n","protected":false},"author":263,"featured_media":0,"parent":0,"menu_order":0,"comment_status":"closed","ping_status":"closed","template":"","meta":{"_acf_changed":false,"inline_featured_image":false,"footnotes":""},"class_list":["post-5","page","type-page","status-publish","hentry"],"acf":[],"_links":{"self":[{"href":"https:\/\/sisu.ut.ee\/edujategu2\/wp-json\/wp\/v2\/pages\/5","targetHints":{"allow":["GET"]}}],"collection":[{"href":"https:\/\/sisu.ut.ee\/edujategu2\/wp-json\/wp\/v2\/pages"}],"about":[{"href":"https:\/\/sisu.ut.ee\/edujategu2\/wp-json\/wp\/v2\/types\/page"}],"author":[{"embeddable":true,"href":"https:\/\/sisu.ut.ee\/edujategu2\/wp-json\/wp\/v2\/users\/263"}],"replies":[{"embeddable":true,"href":"https:\/\/sisu.ut.ee\/edujategu2\/wp-json\/wp\/v2\/comments?post=5"}],"version-history":[{"count":6,"href":"https:\/\/sisu.ut.ee\/edujategu2\/wp-json\/wp\/v2\/pages\/5\/revisions"}],"predecessor-version":[{"id":130,"href":"https:\/\/sisu.ut.ee\/edujategu2\/wp-json\/wp\/v2\/pages\/5\/revisions\/130"}],"wp:attachment":[{"href":"https:\/\/sisu.ut.ee\/edujategu2\/wp-json\/wp\/v2\/media?parent=5"}],"curies":[{"name":"wp","href":"https:\/\/api.w.org\/{rel}","templated":true}]}}