{"id":4,"date":"2024-04-04T07:18:31","date_gmt":"2024-04-04T04:18:31","guid":{"rendered":"https:\/\/sisu.ut.ee\/edujategu2\/kuidas-intervjuul-kaituma-peaks\/"},"modified":"2024-05-03T15:16:49","modified_gmt":"2024-05-03T12:16:49","slug":"kuidas-intervjuul-kaituma-peaks","status":"publish","type":"page","link":"https:\/\/sisu.ut.ee\/edujategu2\/kuidas-intervjuul-kaituma-peaks\/","title":{"rendered":"KUIDAS INTERVJUUL K\u00c4ITUMA PEAKS?"},"content":{"rendered":"<h1 id=\"page-title\"><img loading=\"lazy\" decoding=\"async\" class=\"alignnone wp-image-21\" src=\"https:\/\/sisu.ut.ee\/wp-content\/uploads\/sites\/507\/sissejuhatus_01-1024x1024.png\" alt=\"sissejuhatus\" width=\"50\" height=\"50\" srcset=\"https:\/\/sisu.ut.ee\/wp-content\/uploads\/sites\/507\/sissejuhatus_01-1024x1024.png 1024w, https:\/\/sisu.ut.ee\/wp-content\/uploads\/sites\/507\/sissejuhatus_01-300x300.png 300w, https:\/\/sisu.ut.ee\/wp-content\/uploads\/sites\/507\/sissejuhatus_01-150x150.png 150w, https:\/\/sisu.ut.ee\/wp-content\/uploads\/sites\/507\/sissejuhatus_01-768x768.png 768w, https:\/\/sisu.ut.ee\/wp-content\/uploads\/sites\/507\/sissejuhatus_01.png 1080w\" sizes=\"auto, (max-width: 50px) 100vw, 50px\"> <span style=\"color: #28aae1;\">KUIDAS INTERVJUUL K\u00c4ITUMA PEAKS?<\/span><\/h1>\n<p><img loading=\"lazy\" decoding=\"async\" title=\"\" src=\"https:\/\/sisu.ut.ee\/wp-content\/uploads\/sites\/507\/lisalugemine.png\" alt=\"lisa\" width=\"32\" height=\"32\" data-file_info=\"%7B%22fid%22:%2265768%22,%22view_mode%22:%22default%22,%22type%22:%22media%22%7D\">\u00a0Intervjuuks valmistudes<\/p>\n<ul>\n<li>Avaldad head muljet, kui oled teinud kodut\u00f6\u00f6d<\/li>\n<li>Kui sa ei ole veel uurinud ettev\u00f5tte iseloomustust, siis tee seda n\u00fc\u00fcd.<\/li>\n<li>Leia firma kohta niipalju infot, kui v\u00f5imalik. Kasuta selleks ajakirjandust, internetti ja kui v\u00f5imalik, r\u00e4\u00e4gi m\u00f5ne inimesega, kes t\u00f6\u00f6tab selles ettev\u00f5ttes.<\/li>\n<li>V\u00f5tmeinformatsioon: asukoht, tooted ja teenused, kliendid, konkurendid, strateegiad, ajalugu, viimased uudised, majandustulemused<\/li>\n<li>Kui kipud\u00a0v\u00f5\u00f5rastega r\u00e4\u00e4kides \u00e4revaks minema, harjuta oma v\u00f5imalikku intervjuu k\u00e4iku n\u00e4iteks s\u00f5braga.<\/li>\n<\/ul>\n<p><img loading=\"lazy\" decoding=\"async\" title=\"\" src=\"https:\/\/sisu.ut.ee\/wp-content\/uploads\/sites\/507\/motlemiseks.png\" alt=\"motle\" width=\"32\" height=\"32\" data-file_info=\"%7B%22fid%22:%2265769%22,%22view_mode%22:%22default%22,%22type%22:%22media%22%7D\">\u00a0M\u00f5tle oma kuvandile:<\/p>\n<ol>\n<li>Enne, kui l\u00e4hed intervjuule, valmista ette dokumentide mapp, mida sul vaja l\u00e4heb (korralik dokumentatsioon loob oluliselt asjalikuma \u00f5hkkonna kui kortsunud paberileht k\u00fcsimustega).<\/li>\n<li>Riietus olgu professionaalne ja mugav. Sinu riietust m\u00e4rgatakse p\u00e4ris kindlasti. Kui kahtled, siis vali alati konservatiivne.<\/li>\n<li>M\u00f5tle oma enesev\u00e4ljendusele \u2013 mida ja kuidas \u00fctled?<\/li>\n<li>Selgita kohe alguses v\u00e4lja, kui palju aega intervjuu jaoks v\u00f5imaldatakse ja hoia kohtudes kokkuleppest kinni.<\/li>\n<\/ol>\n<p><img loading=\"lazy\" decoding=\"async\" title=\"\" src=\"https:\/\/sisu.ut.ee\/wp-content\/uploads\/sites\/507\/lisalugemine.png\" alt=\"lisa\" width=\"32\" height=\"32\" data-file_info=\"%7B%22fid%22:%2265768%22,%22view_mode%22:%22default%22,%22type%22:%22media%22%7D\">\u00a0Intervjuu ajal<\/p>\n<ul>\n<li>J\u00e4\u00e4 alati viisakaks!<\/li>\n<li>Ole t\u00e4pselt kohal. See n\u00e4itab sinu professionaalsust, kohusetundlikust ja t\u00e4psust.<\/li>\n<li>Ole avatud ja \u00e4ra unusta andmast tervitusk\u00e4tt koos naeratusega.<\/li>\n<li>V\u00e4ljenda oma t\u00e4nulikkust nii intervjuu alguses kui l\u00f5pus.<\/li>\n<li>J\u00e4ta meelde, et ka intervjueeritavad \u00fcritavad j\u00e4tta head muljet endast, ehk nad on samas situatsioonis sinuga.<\/li>\n<li>Ole enesekindel. Loo silmside intervjueeritavaga ja vasta tema k\u00fcsimustele selge h\u00e4\u00e4lega.<\/li>\n<li>Proovi panna teised tundma end mugavalt. M\u00e4rka, kas vestluskaaslane k\u00e4itub sinuga ametlikult v\u00f5i vabalt, nagu s\u00f5braga? Kas ta r\u00e4\u00e4gib valjuh\u00e4\u00e4lselt?\u00a0 Sellest l\u00e4htuvalt v\u00f5id oma suhtlusviisi kohandada, ent v\u00e4ldi \u00fcle pingutamist, et ei tekiks muljet parodeerimisest v\u00f5i m\u00f5nitamisest.<\/li>\n<li>Kuula hoolega, mis sulle r\u00e4\u00e4gitakse. Intervjuu ei ole ainult \u00fche osapoole r\u00e4\u00e4kimise koht, see on kahepoolne suhtlemine. Unustades ennast r\u00e4\u00e4kima, paned sa vastaspoole end ebamugavalt tundma, kaotad v\u00e4\u00e4rtuslikku aega ja infot.<\/li>\n<li>Ole rahulik. Intervjuu on vaid jutuajamine mitte \u00fclekuulamine.<\/li>\n<li>M\u00f5tle hoolikalt s\u00f5nastusele, kui esitad raskeid k\u00fcsimusi. Intervjueeritava jutus p\u00f6\u00f6ra t\u00e4helepanu m\u00e4rks\u00f5nadele, millele sa peaksid reageerima.\u00a0 M\u00e4rka, missugust informatsiooni annab teine vabatahtlikult ja mida soovib pigem v\u00e4ltida. Kuna sinu eesm\u00e4rgiks ei ole \u00fcle kuulamine, siis ei tasu kangekaelselt klammerduda teemadesse, millega teine kaasa ei tule. Isegi, kui info ei vasta sinu ootusele, siis v\u00f5ta seda kui j\u00e4rjekordset \u00f5ppetundi teel professionaalsusele.<\/li>\n<li>J\u00e4ta meelde m\u00e4rks\u00f5nad: s\u00e4ilita rahu ja suhtle professionaalselt.<\/li>\n<\/ul>\n<p><img loading=\"lazy\" decoding=\"async\" class=\"\" title=\"\" src=\"https:\/\/sisu.ut.ee\/wp-content\/uploads\/sites\/507\/lisalugemine.png\" alt=\"lisa\" width=\"32\" height=\"32\" data-file_info=\"%7B%22fid%22:%2265768%22,%22view_mode%22:%22default%22,%22type%22:%22media%22%7D\">\u00a0P\u00e4rast intervjuud<\/p>\n<ul>\n<li>K\u00e4epigistus h\u00fcvastij\u00e4tuks ja t\u00e4na vastaspoolt selle eest, et nad leidsid aega sinuga kohtumiseks.<\/li>\n<li>K\u00fcsi, kas intervjueeritav tahab saada ka kokkuv\u00f5tet\u00a0t\u00e4nasest vestlusest. Pea sellest kokkuleppest kindlasti kinni!<\/li>\n<li>Kasulik on intervjuult saadud m\u00f5tted hiljem enda jaoks kirja panna. Isegi kui oled intervjuu salvestamises kokku leppinud, tasub ikkagi teha ka kirjalik l\u00fchikokkuv\u00f5te.<\/li>\n<li>Saada kiri v\u00f5i e-mail teemal \u201cT\u00e4nan teid intervjuu eest\u201d. Proovi see saata enne, kui intervjuu on juba ununenud. See tuletab sind meelde, pakub head v\u00f5imalust meenutada jutuajamise sisu sinuga ja kujundab soodsa\u00a0\u00fcldmulje.<\/li>\n<\/ul>\n","protected":false},"excerpt":{"rendered":"<p>KUIDAS INTERVJUUL K\u00c4ITUMA PEAKS? \u00a0Intervjuuks valmistudes Avaldad head muljet, kui oled teinud kodut\u00f6\u00f6d Kui sa ei ole veel uurinud ettev\u00f5tte iseloomustust, siis tee seda n\u00fc\u00fcd. Leia firma kohta niipalju infot, kui v\u00f5imalik. Kasuta selleks ajakirjandust, internetti ja kui v\u00f5imalik, r\u00e4\u00e4gi &#8230;<\/p>\n","protected":false},"author":263,"featured_media":0,"parent":0,"menu_order":0,"comment_status":"closed","ping_status":"closed","template":"","meta":{"_acf_changed":false,"inline_featured_image":false,"footnotes":""},"class_list":["post-4","page","type-page","status-publish","hentry"],"acf":[],"_links":{"self":[{"href":"https:\/\/sisu.ut.ee\/edujategu2\/wp-json\/wp\/v2\/pages\/4","targetHints":{"allow":["GET"]}}],"collection":[{"href":"https:\/\/sisu.ut.ee\/edujategu2\/wp-json\/wp\/v2\/pages"}],"about":[{"href":"https:\/\/sisu.ut.ee\/edujategu2\/wp-json\/wp\/v2\/types\/page"}],"author":[{"embeddable":true,"href":"https:\/\/sisu.ut.ee\/edujategu2\/wp-json\/wp\/v2\/users\/263"}],"replies":[{"embeddable":true,"href":"https:\/\/sisu.ut.ee\/edujategu2\/wp-json\/wp\/v2\/comments?post=4"}],"version-history":[{"count":4,"href":"https:\/\/sisu.ut.ee\/edujategu2\/wp-json\/wp\/v2\/pages\/4\/revisions"}],"predecessor-version":[{"id":164,"href":"https:\/\/sisu.ut.ee\/edujategu2\/wp-json\/wp\/v2\/pages\/4\/revisions\/164"}],"wp:attachment":[{"href":"https:\/\/sisu.ut.ee\/edujategu2\/wp-json\/wp\/v2\/media?parent=4"}],"curies":[{"name":"wp","href":"https:\/\/api.w.org\/{rel}","templated":true}]}}