{"id":11,"date":"2024-04-04T07:18:31","date_gmt":"2024-04-04T04:18:31","guid":{"rendered":"https:\/\/sisu.ut.ee\/edujategu2\/informatsioonilise-intervjuu-naidisvideo\/"},"modified":"2024-04-17T15:50:10","modified_gmt":"2024-04-17T12:50:10","slug":"informatsioonilise-intervjuu-naidisvideo","status":"publish","type":"page","link":"https:\/\/sisu.ut.ee\/edujategu2\/informatsioonilise-intervjuu-naidisvideo\/","title":{"rendered":"Informatsioonilise intervjuu n\u00e4idisvideod"},"content":{"rendered":"<h1><span style=\"color: #28aae1;\"><img loading=\"lazy\" decoding=\"async\" class=\"alignnone wp-image-21\" title=\"sissejuhatus_01.png\" src=\"https:\/\/sisu.ut.ee\/wp-content\/uploads\/sites\/507\/sissejuhatus_01.png\" alt=\"sissejuhatus\" width=\"40\" height=\"40\" srcset=\"https:\/\/sisu.ut.ee\/wp-content\/uploads\/sites\/507\/sissejuhatus_01.png 1080w, https:\/\/sisu.ut.ee\/wp-content\/uploads\/sites\/507\/sissejuhatus_01-300x300.png 300w, https:\/\/sisu.ut.ee\/wp-content\/uploads\/sites\/507\/sissejuhatus_01-1024x1024.png 1024w, https:\/\/sisu.ut.ee\/wp-content\/uploads\/sites\/507\/sissejuhatus_01-150x150.png 150w, https:\/\/sisu.ut.ee\/wp-content\/uploads\/sites\/507\/sissejuhatus_01-768x768.png 768w\" sizes=\"auto, (max-width: 40px) 100vw, 40px\"> Informatsioonilise intervjuu n\u00e4idisvideod<\/span><\/h1>\n<p><img loading=\"lazy\" decoding=\"async\" title=\"video.png\" src=\"https:\/\/sisu.ut.ee\/wp-content\/uploads\/sites\/507\/video.png\" alt=\"video\" width=\"40\" height=\"40\">\u00a0Informatsioonilise intervjuu <a title=\"\" href=\"https:\/\/www.youtube.com\/watch?v=DJ_yPCmpJm0\" target=\"_blank\" rel=\"noopener\" data-url=\"https:\/\/www.youtube.com\/watch?v=DJ_yPCmpJm0\">n\u00e4ide<\/a>. NB! Video on inglise keeles.<\/p>\n<p><img loading=\"lazy\" decoding=\"async\" class=\"alignnone wp-image-24\" title=\"video.png\" src=\"https:\/\/sisu.ut.ee\/wp-content\/uploads\/sites\/507\/video.png\" alt=\"video\" width=\"40\" height=\"40\" srcset=\"https:\/\/sisu.ut.ee\/wp-content\/uploads\/sites\/507\/video.png 1080w, https:\/\/sisu.ut.ee\/wp-content\/uploads\/sites\/507\/video-300x300.png 300w, https:\/\/sisu.ut.ee\/wp-content\/uploads\/sites\/507\/video-1024x1024.png 1024w, https:\/\/sisu.ut.ee\/wp-content\/uploads\/sites\/507\/video-150x150.png 150w, https:\/\/sisu.ut.ee\/wp-content\/uploads\/sites\/507\/video-768x768.png 768w\" sizes=\"auto, (max-width: 40px) 100vw, 40px\">\u00a0Mitteformaalse \u00fclesehitusega\u00a0infovestluse n\u00e4ide\u00a0\u2013 vestlus peatoimetajaga sellest kuidas valmib ajakiri \u201cReaktor\u201d<\/p>\n<p>Allj\u00e4rgneva n\u00e4ite puhul ei olnud eesm\u00e4rgiks korraldada informatsioonilist intervjuud, ent sellest hoolimata on k\u00f5ik olulised aspektid kaetud. K\u00fcsitleja on teinud eelt\u00f6\u00f6d, m\u00f5elnud l\u00e4bi vestluse eesm\u00e4rgi (anda kuulajatele \u00fclevaade \u00fche konkreetse inimese t\u00f6istest tegemistest)\u00a0ja koostanud eesm\u00e4rki toetavad\u00a0k\u00fcsimused.\u00a0 K\u00fcsija reageerib paindlikult t\u00f5statuvatele teemadele, vestlus kulgeb m\u00f5nusalt ja samas ei j\u00e4\u00e4 \u00fckski oluline teema katmata.<\/p>\n<p>Ennek\u00f5ike tasubki antud video puhul p\u00f6\u00f6rata t\u00e4helepanu k\u00fcsimuste j\u00e4rgnevusele, jooksvalt t\u00f5statundu teemade k\u00e4sitlemisele ja sellele, missugust eelt\u00f6\u00f6d on tehtud.<\/p>\n<p>Video alguses on \u00fclevaade teemast ja taustainfo vaatajale. <u>Intervjuu osa algab video viiendast minutist<\/u>.<\/p>\n<p><\/p><div class=\"ratio ratio-16x9 mb-3\"><div class=\"video-placeholder-wrapper video-placeholder-wrapper--16x9\">\n\t\t\t    <div class=\"video-placeholder d-flex justify-content-center align-items-center\">\n\t\t\t        <div class=\"overlay text-white p-2 w-100 text-center d-block justify-content-center align-items-center\">\n\t\t\t            <div>Kolmandate osapoolte sisu n\u00e4gemiseks palun n\u00f5ustu k\u00fcpsistega.<\/div>\n\t\t\t            <button class=\"btn btn-secondary btn-sm mt-1 consent-change\">Muuda n\u00f5usolekut<\/button>\n\t\t\t        <\/div>\n\t\t\t    <\/div>\n\t\t\t<\/div>\n<\/div>\n","protected":false},"excerpt":{"rendered":"<p>Informatsioonilise intervjuu n\u00e4idisvideod \u00a0Informatsioonilise intervjuu n\u00e4ide. NB! Video on inglise keeles. \u00a0Mitteformaalse \u00fclesehitusega\u00a0infovestluse n\u00e4ide\u00a0\u2013 vestlus peatoimetajaga sellest kuidas valmib ajakiri \u201cReaktor\u201d Allj\u00e4rgneva n\u00e4ite puhul ei olnud eesm\u00e4rgiks korraldada informatsioonilist intervjuud, ent sellest hoolimata on k\u00f5ik olulised aspektid kaetud. K\u00fcsitleja on &#8230;<\/p>\n","protected":false},"author":263,"featured_media":0,"parent":0,"menu_order":0,"comment_status":"closed","ping_status":"closed","template":"","meta":{"_acf_changed":false,"inline_featured_image":false,"footnotes":""},"class_list":["post-11","page","type-page","status-publish","hentry"],"acf":[],"_links":{"self":[{"href":"https:\/\/sisu.ut.ee\/edujategu2\/wp-json\/wp\/v2\/pages\/11","targetHints":{"allow":["GET"]}}],"collection":[{"href":"https:\/\/sisu.ut.ee\/edujategu2\/wp-json\/wp\/v2\/pages"}],"about":[{"href":"https:\/\/sisu.ut.ee\/edujategu2\/wp-json\/wp\/v2\/types\/page"}],"author":[{"embeddable":true,"href":"https:\/\/sisu.ut.ee\/edujategu2\/wp-json\/wp\/v2\/users\/263"}],"replies":[{"embeddable":true,"href":"https:\/\/sisu.ut.ee\/edujategu2\/wp-json\/wp\/v2\/comments?post=11"}],"version-history":[{"count":6,"href":"https:\/\/sisu.ut.ee\/edujategu2\/wp-json\/wp\/v2\/pages\/11\/revisions"}],"predecessor-version":[{"id":158,"href":"https:\/\/sisu.ut.ee\/edujategu2\/wp-json\/wp\/v2\/pages\/11\/revisions\/158"}],"wp:attachment":[{"href":"https:\/\/sisu.ut.ee\/edujategu2\/wp-json\/wp\/v2\/media?parent=11"}],"curies":[{"name":"wp","href":"https:\/\/api.w.org\/{rel}","templated":true}]}}