{"id":6,"date":"2024-04-04T08:16:31","date_gmt":"2024-04-04T05:16:31","guid":{"rendered":"https:\/\/sisu.ut.ee\/edujategu19\/proov-1\/"},"modified":"2024-04-04T08:17:01","modified_gmt":"2024-04-04T05:17:01","slug":"proov-1","status":"publish","type":"page","link":"https:\/\/sisu.ut.ee\/edujategu19\/proov-1\/","title":{"rendered":"To-do list"},"content":{"rendered":"<p>\n\t<\/p><div class=\"ratio ratio-16x9 mb-3\"><div class=\"video-placeholder-wrapper video-placeholder-wrapper--16x9\">\n\t\t\t    <div class=\"video-placeholder d-flex justify-content-center align-items-center\">\n\t\t\t        <div class=\"overlay text-white p-2 w-100 text-center d-block justify-content-center align-items-center\">\n\t\t\t            <div>Kolmandate osapoolte sisu n\u00e4gemiseks palun n\u00f5ustu k\u00fcpsistega.<\/div>\n\t\t\t            <button class=\"btn btn-secondary btn-sm mt-1 consent-change\">Muuda n\u00f5usolekut<\/button>\n\t\t\t        <\/div>\n\t\t\t    <\/div>\n\t\t\t<\/div>\n<\/div>\n\n<h4>\n\t\u00a0<br>\n<\/h4>\n<h4>\n\t<span style=\"color:#535b8c\"><strong>Tegevuste ehk to-do listi loomine<\/strong><\/span><br>\n<\/h4>\n<p>\n\tTegevused ehk to-do list on sinu j\u00e4rgmiste sammude nimekiri, kuhu l\u00e4hevad k\u00f5ik projektidega seotud v\u00f5i \u00fcksikud tegevused, mis on vaja j\u00e4rgnevate p\u00e4evade jooksul \u00e4ra teha.\n<\/p>\n<ol>\n<li>\n\t\tSee <strong>annab sulle \u00fclevaate k\u00f5igist j\u00e4rgmisest tegevustest<\/strong>, mis omakorda v\u00f5imaldab <strong>planeerida kalendrisse vajalikud ajad,<\/strong> et need p\u00e4riselt \u00e4ra teha.\n\t<\/li>\n<li>\n\t\tSee <strong>aitab sul koondada sarnased tegevused kokku<\/strong>, et neid <strong>saaks j\u00e4rjest teha<\/strong>, mis on efektiivsem.\n\t<\/li>\n<li>\n\t\tSee aitab sul <strong>leida \u00fclesanded, mis on tegelikult sinu jaoks olulised<\/strong> ja viivad sind eesm\u00e4rkidele l\u00e4hemale. Vastasel juhul v\u00f5ivad p\u00e4evad m\u00f6\u00f6duda lihtsalt nii, et sa reageerid sissetulevale infole ja tegeled\u00a0v\u00e4ikeste ja mitte eriti oluliste \u00fclesannetega.\n\t<\/li>\n<\/ol>\n<h4>\n\t\u00a0<br>\n<\/h4>\n<h4>\n\t<span style=\"color:#535b8c\"><strong>Iseseisev \u00fclesanne<\/strong><\/span><br>\n<\/h4>\n<p>\n\t\u2714\ufe0f Loo v\u00e4ljavalitud rakendusse v\u00f5i m\u00e4rkmikku to-do list ja too m\u00f5ttekastist to-do listi \u00fclesanded ja tegevused, mida sa reaalselt teha saad. Soovitame kasutada sama rakendust v\u00f5i m\u00e4rkmikku\u00a0mida m\u00f5ttekasti jaokski. Nii on lihtne infot \u00fchest kohast teise liigutada.\n<\/p>\n<p>\n\t\u2714\ufe0f Loo struktuur ehk alajaotused ja pane tegevused \u00f5igesse alajaotusesse. Kui tegevuste nimekirjas on korraga mitmeid erinevaid asju, siis v\u00f5ib olla raske kohe aru saada, mida oleks \u00f5ige ikkagi mingis olukorras teha. Alajaotusi v\u00f5id muuta ja oluline on, et see vastaks sinu vajadustele. N\u00e4iteks v\u00f5ib alajaotus olla:\n<\/p>\n<ul style=\"margin-left: 40px\">\n<li>\n\t\tKoolis\n\t<\/li>\n<li>\n\t\tT\u00f6\u00f6l\n\t<\/li>\n<li>\n\t\tKodus\n\t<\/li>\n<li>\n\t\tLinnas\n\t<\/li>\n<li>\n\t\tOotamised\n\t<\/li>\n<\/ul>\n<p>\n\t\u2714\ufe0f Vaata \u00fcle, kas sinu tegevused on selgelt lahti kirjutatud. Kui kirjutame tegevuse \u00fche m\u00e4rks\u00f5nana v\u00f5ib hiljem vaadates juhtuda, et ei m\u00e4leta ka ise, mida selle all m\u00f5tlesime. Kasuta tegevuse kirja panemisel tegus\u00f5na, siis on kohe selge, milles \u00fclesanne seisneb.\n<\/p>\n<ul style=\"margin-left: 40px\">\n<li>\n\t\tHalvasti kirjutatud: \u201cReis\u201d\n\t<\/li>\n<li>\n\t\tH\u00e4sti kirjutatud: \u201cTeha Br\u00fcsseli reisi jaoks reisikindlustus\u201d\n\t<\/li>\n<\/ul>\n<p>\n\t\u2714\ufe0f Too v\u00e4lja j\u00e4rgmise p\u00e4eva 2-3 prioriteeti.\n<\/p>\n<p>\n\t\u00a0\n<\/p>\n<p>\n\t<\/p><div class=\"accordion mb-3\">\n        <div class=\"accordion-item accordion-item--white\">\n        <h2 class=\"accordion-header\" id=\"accordion-69dfa9c1de63b-heading\">\n            <button class=\"accordion-button collapsed\" type=\"button\" data-bs-toggle=\"collapse\" data-bs-target=\"#accordion-69dfa9c1de63b-collapse\" aria-expanded=\"true\" aria-controls=\"accordion-69dfa9c1de63b-collapse\"><span style=\"color:#f9bf06\"><strong>Kuidas luua toimivat to-do listi?<\/strong><\/span><\/button>\n        <\/h2>\n        <div id=\"accordion-69dfa9c1de63b-collapse\" class=\"accordion-collapse collapse\" aria-labelledby=\"accordion-69dfa9c1de63b-heading\">\n            <div class=\"accordion-body\">1. Hoia oma to-do list (nagu m\u00f5ttekastki) \u00fches kohas.<br>2. Lisa to-do listi ainult need tegevused, mida\u00a0reaalselt teha saad.<br>3. Kirjuta tegevused korralikult lahti.\u00a0<br>4. Jaota to-do list vastavalt kontekstile.<br>5. Leia eelmisel \u00f5htul 2-3 prioriteeti.<\/div>\n        <\/div>\n        <\/div>\n    <\/div>\n","protected":false},"excerpt":{"rendered":"<p>Kolmandate osapoolte sisu n\u00e4gemiseks palun n\u00f5ustu k\u00fcpsistega. Muuda n\u00f5usolekut \u00a0 Tegevuste ehk to-do listi loomine Tegevused ehk to-do list on sinu j\u00e4rgmiste sammude nimekiri, kuhu l\u00e4hevad k\u00f5ik projektidega seotud v\u00f5i \u00fcksikud tegevused, mis on vaja j\u00e4rgnevate p\u00e4evade jooksul \u00e4ra teha. &#8230;<\/p>\n","protected":false},"author":263,"featured_media":0,"parent":0,"menu_order":0,"comment_status":"closed","ping_status":"closed","template":"","meta":{"_acf_changed":false,"inline_featured_image":false,"footnotes":""},"class_list":["post-6","page","type-page","status-publish","hentry"],"acf":[],"_links":{"self":[{"href":"https:\/\/sisu.ut.ee\/edujategu19\/wp-json\/wp\/v2\/pages\/6","targetHints":{"allow":["GET"]}}],"collection":[{"href":"https:\/\/sisu.ut.ee\/edujategu19\/wp-json\/wp\/v2\/pages"}],"about":[{"href":"https:\/\/sisu.ut.ee\/edujategu19\/wp-json\/wp\/v2\/types\/page"}],"author":[{"embeddable":true,"href":"https:\/\/sisu.ut.ee\/edujategu19\/wp-json\/wp\/v2\/users\/263"}],"replies":[{"embeddable":true,"href":"https:\/\/sisu.ut.ee\/edujategu19\/wp-json\/wp\/v2\/comments?post=6"}],"version-history":[{"count":1,"href":"https:\/\/sisu.ut.ee\/edujategu19\/wp-json\/wp\/v2\/pages\/6\/revisions"}],"predecessor-version":[{"id":51,"href":"https:\/\/sisu.ut.ee\/edujategu19\/wp-json\/wp\/v2\/pages\/6\/revisions\/51"}],"wp:attachment":[{"href":"https:\/\/sisu.ut.ee\/edujategu19\/wp-json\/wp\/v2\/media?parent=6"}],"curies":[{"name":"wp","href":"https:\/\/api.w.org\/{rel}","templated":true}]}}