{"id":11,"date":"2024-04-04T08:16:31","date_gmt":"2024-04-04T05:16:31","guid":{"rendered":"https:\/\/sisu.ut.ee\/edujategu19\/avaleht\/"},"modified":"2024-04-24T14:49:01","modified_gmt":"2024-04-24T11:49:01","slug":"avaleht","status":"publish","type":"page","link":"https:\/\/sisu.ut.ee\/edujategu19\/","title":{"rendered":"Avaleht"},"content":{"rendered":"<h2>\n\t<span style=\"font-size:28px\"><span style=\"color:#30375a\">Kuidas olla produktiivne?<\/span><\/span><br>\n<\/h2>\n<p>\n\t\u00a0\n<\/p>\n<p>\n\tOled j\u00f5udnud Produktiivsusklubi e-kursusele \u201cKuidas olla produktiivne?\u201d. Meie kursus on siin selleks, et aidata sul saada \u00fclevaade enda kohustustest ja tegevustest, paremini prioritiseerida oma \u00fclesandeid ning olulised tegevused efektiivsemalt ja stressivabamalt tehtud saada. Kursus on \u00fcles ehitatud nii, et juba selle l\u00e4bimise jooksul saad sa valmis ehitada ja koheselt kasutama hakata enda ajaplaneerimise s\u00fcsteemi. Me ei paku sulle teoreetilisi harjutusi, vaid saad ausalt tegeleda enda \u00fclesannete, projektide ja eesm\u00e4rkidega.\u00a0\n<\/p>\n<p>\n\t\u00a0\n<\/p>\n<h4>\n\t<span style=\"color:#535b8c\"><b>Kursusest l\u00e4hemalt<\/b><\/span><br>\n<\/h4>\n<p>\n\tTegemist on praktilise kursusega, kus iga osa l\u00f5pus on \u00fclesanne ja peat\u00fckid on omavahel seotud. Oma produktiivsuse s\u00fcsteemi loomiseks tuleks kursus lineaarselt l\u00e4bida ja praktilised \u00fclesanded kaasa teha. Kui m\u00f5tled, kas see kursus on ikka sinule, siis loe l\u00e4bi need k\u00fcsimused ja kui sa v\u00e4hemalt \u00fchele neist vastad jaatavalt, siis v\u00f5id kindel olla, et see kursus on sulle.\n<\/p>\n<ul>\n<li>\n\t\tKas tunned tihti, et sul pidevalt kiire, p\u00e4evad m\u00f6\u00f6duvad reageerides ja sa ei j\u00f5ua k\u00f5ige olulisema t\u00f6\u00f6ni?\n\t<\/li>\n<li>\n\t\tKas vahel unustad olulisi detaile?\n\t<\/li>\n<li>\n\t\tKas oled liigsest \u00f5ppimisest ja t\u00f6\u00f6tamisest \u00fclekoormatud ja tunned m\u00f5nikord \u00e4revust?\n\t<\/li>\n<li>\n\t\tKas vabal ajal m\u00f5tled ja tegeled ikka kooli- v\u00f5i t\u00f6\u00f6\u00fclesannetega, selle asemel, et p\u00e4riselt puhata?\n\t<\/li>\n<li>\n\t\tKas tunned, et asjad on sassis ja pole p\u00e4ris kindel, millega \u00fcldse parasjagu tegelema peaks?\n\t<\/li>\n<\/ul>\n<p>\n\t\u00a0\n<\/p>\n<p>\n\tSiin kursusel on fookus\u00a0just sinu ajaplaneerimise s\u00fcsteemi loomisel. Kui oled k\u00f5ik praktilised \u00fclesanded kaasa teinud, siis p\u00e4rast kursuse l\u00e4bimist:\n<\/p>\n<ul>\n<li>\n\t\ton loodud s\u00fcsteem enda \u00fclesannete ja m\u00f5tete haldamiseks\n\t<\/li>\n<li>\n\t\tkasutad m\u00f5ttekasti enda m\u00f5tete, \u00fclesannete ja info kirjapanemiseks\n\t<\/li>\n<li>\n\t\torganiseerid enda tegevused ja \u00fclesanded\n\t<\/li>\n<li>\n\t\toskad luua keskendumiseks sobiva keskkonna\n\t<\/li>\n<li>\n\t\ttunned \u00e4ra enda rohelise ja punase tsooni.\n\t<\/li>\n<\/ul>\n<h4>\n\t\u00a0<br>\n<\/h4>\n<h4>\n\t<span style=\"color:#535b8c\"><strong>Produktiivsusklubist<\/strong><\/span><br>\n<\/h4>\n<p>\n\tMeie missioon on aidata sul p\u00e4riselt produktiivsemaks saada.\u00a0Miks see meie jaoks nii t\u00e4htis on?\n<\/p>\n<p>\n\tMeil tekkis enda elus olukord, kus k\u00f5ike oli liiga palju, l\u00e4ks kiireks \u00e4ra ja tihti j\u00e4id tahaplaanile just k\u00f5ige t\u00e4htsamad valdkonnad elus nagu suhted, olulised isiklikud eesm\u00e4rgid ja enda eest hoolitsemine.\u00a0Hakkasime s\u00f5pradega kokku saama, et koos produktiivsuse teemasid l\u00e4bi arutada. \u00dcks autor, kellelt inspiratsiooni saime oli David Allen, kes \u00f5petas, kuidas luua terviklik produktiivsuse s\u00fcsteem. N\u00e4gime, et kui me mitte ainult ei r\u00e4\u00e4kinud, vaid p\u00e4riselt rakendasime neid p\u00f5him\u00f5tteid enda ellu, siis see aitas meid v\u00e4ga palju.\n<\/p>\n<p>\n\tSellest kasvas v\u00e4lja ka idee aidata teistel neid muutusi enda ellu tuua ja s\u00fcndis Produktiivsusklubi. Praegu on meie tiim kasvanud viieliikmeliseks. Uuri rohkem <a data-url=\"https:\/\/produktiivsusklubi.ee\/\" href=\"https:\/\/produktiivsusklubi.ee\/\" target=\"_blank\" title=\"\" rel=\"noopener\">Produktiivsusklubi kodulehelt<\/a>.\u00a0\n<\/p>\n<p>\n\t\u00a0\n<\/p>\n<p>\n\t<img loading=\"lazy\" decoding=\"async\" width=\"2048\" height=\"1365\" class=\"alignnone wp-image-18\" style=\"float: left;width: 819px;height: 516px\" src=\"https:\/\/sisu.ut.ee\/wp-content\/uploads\/sites\/592\/produktiivsusklubi_tiim_006.jpeg\" title=\"Vasakult: Valdur Rosenvald, Arno Lehtsaar, Merily Heinalo, Sander Tammesoo, Jakob Gill\" alt=\"Produktiivsusklubi tiim\" srcset=\"https:\/\/sisu.ut.ee\/wp-content\/uploads\/sites\/592\/produktiivsusklubi_tiim_006.jpeg 2048w, https:\/\/sisu.ut.ee\/wp-content\/uploads\/sites\/592\/produktiivsusklubi_tiim_006-300x200.jpeg 300w, https:\/\/sisu.ut.ee\/wp-content\/uploads\/sites\/592\/produktiivsusklubi_tiim_006-1024x683.jpeg 1024w, https:\/\/sisu.ut.ee\/wp-content\/uploads\/sites\/592\/produktiivsusklubi_tiim_006-768x512.jpeg 768w, https:\/\/sisu.ut.ee\/wp-content\/uploads\/sites\/592\/produktiivsusklubi_tiim_006-1536x1024.jpeg 1536w, https:\/\/sisu.ut.ee\/wp-content\/uploads\/sites\/592\/produktiivsusklubi_tiim_006-1920x1280.jpeg 1920w\" sizes=\"auto, (max-width: 2048px) 100vw, 2048px\"><\/p>\n","protected":false},"excerpt":{"rendered":"<p>Kuidas olla produktiivne? \u00a0 Oled j\u00f5udnud Produktiivsusklubi e-kursusele \u201cKuidas olla produktiivne?\u201d. Meie kursus on siin selleks, et aidata sul saada \u00fclevaade enda kohustustest ja tegevustest, paremini prioritiseerida oma \u00fclesandeid ning olulised tegevused efektiivsemalt ja stressivabamalt tehtud saada. Kursus on \u00fcles &#8230;<\/p>\n","protected":false},"author":263,"featured_media":0,"parent":0,"menu_order":0,"comment_status":"closed","ping_status":"closed","template":"","meta":{"_acf_changed":false,"inline_featured_image":false,"footnotes":""},"class_list":["post-11","page","type-page","status-publish","hentry"],"acf":[],"_links":{"self":[{"href":"https:\/\/sisu.ut.ee\/edujategu19\/wp-json\/wp\/v2\/pages\/11","targetHints":{"allow":["GET"]}}],"collection":[{"href":"https:\/\/sisu.ut.ee\/edujategu19\/wp-json\/wp\/v2\/pages"}],"about":[{"href":"https:\/\/sisu.ut.ee\/edujategu19\/wp-json\/wp\/v2\/types\/page"}],"author":[{"embeddable":true,"href":"https:\/\/sisu.ut.ee\/edujategu19\/wp-json\/wp\/v2\/users\/263"}],"replies":[{"embeddable":true,"href":"https:\/\/sisu.ut.ee\/edujategu19\/wp-json\/wp\/v2\/comments?post=11"}],"version-history":[{"count":2,"href":"https:\/\/sisu.ut.ee\/edujategu19\/wp-json\/wp\/v2\/pages\/11\/revisions"}],"predecessor-version":[{"id":62,"href":"https:\/\/sisu.ut.ee\/edujategu19\/wp-json\/wp\/v2\/pages\/11\/revisions\/62"}],"wp:attachment":[{"href":"https:\/\/sisu.ut.ee\/edujategu19\/wp-json\/wp\/v2\/media?parent=11"}],"curies":[{"name":"wp","href":"https:\/\/api.w.org\/{rel}","templated":true}]}}