{"id":8,"date":"2024-04-04T08:24:09","date_gmt":"2024-04-04T05:24:09","guid":{"rendered":"https:\/\/sisu.ut.ee\/edujategu18\/oskuste-arendamise-maatriks\/"},"modified":"2024-05-13T09:47:31","modified_gmt":"2024-05-13T06:47:31","slug":"oskuste-arendamise-maatriks","status":"publish","type":"page","link":"https:\/\/sisu.ut.ee\/edujategu18\/oskuste-arendamise-maatriks\/","title":{"rendered":"Oskuste arendamise maatriks"},"content":{"rendered":"<p style=\"margin-bottom: 11.0pt;\">\n<\/p><p style=\"margin-bottom: 11.0pt;\"><span style=\"font-size: 16px;\"><span style=\"line-height: normal;\"><span lang=\"ET\"><span style=\"color: black;\">Vahel on meil juba oskusi, millega t\u00f6\u00f6d teha. Teisalt ei pruugi me soovida teha m\u00f5nda t\u00f6\u00f6d, mida h\u00e4sti oskame, kui me tegevust ennast ei naudi. M\u00f5nikord tundub m\u00f5ni valdkond v\u00e4ga huvitav, kuid pole olnud tegevusega kunagi l\u00e4hemat kokkupuudet.<\/span><\/span><\/span><\/span><\/p>\n<p style=\"margin-bottom: 11.0pt;\"><span style=\"font-size: 16px;\"><span style=\"line-height: normal;\"><span lang=\"ET\"><span style=\"color: black;\">J\u00e4rgnev \u00fclesanne aitabki selliseid tegevusi ja oskusi kaardistada:<\/span><\/span><\/span><\/span><\/p>\n<p style=\"margin-top: 0cm; margin-right: 0cm; margin-bottom: 0cm;\"><span style=\"font-size: 16px;\"><span style=\"line-height: normal;\"><span style=\"vertical-align: baseline;\"><span lang=\"ET\"><span style=\"color: black;\">1. <\/span><\/span><\/span><\/span><\/span><img loading=\"lazy\" decoding=\"async\" width=\"1080\" height=\"1080\" class=\"alignnone wp-image-21\" style=\"width: 32px; height: 32px;\" title=\"video.png\" src=\"https:\/\/sisu.ut.ee\/wp-content\/uploads\/sites\/602\/video.png\" alt=\"video\" srcset=\"https:\/\/sisu.ut.ee\/wp-content\/uploads\/sites\/602\/video.png 1080w, https:\/\/sisu.ut.ee\/wp-content\/uploads\/sites\/602\/video-300x300.png 300w, https:\/\/sisu.ut.ee\/wp-content\/uploads\/sites\/602\/video-1024x1024.png 1024w, https:\/\/sisu.ut.ee\/wp-content\/uploads\/sites\/602\/video-150x150.png 150w, https:\/\/sisu.ut.ee\/wp-content\/uploads\/sites\/602\/video-768x768.png 768w\" sizes=\"auto, (max-width: 1080px) 100vw, 1080px\"><span style=\"font-size: 16px;\"><span style=\"line-height: normal;\"><span style=\"vertical-align: baseline;\"><span lang=\"ET\"><span style=\"color: black;\">Vaata videot: <a href=\"https:\/\/youtu.be\/cVptL1WOoqs\" target=\"_blank\" rel=\"noopener\"><span style=\"color: #1155cc;\">https:\/\/youtu.be\/cVptL1WOoqs<\/span><\/a> <\/span><\/span><\/span><\/span><\/span><\/p>\n<p style=\"margin-top: 0cm; margin-right: 0cm; margin-bottom: 0cm;\"><span style=\"font-size: 16px;\"><span style=\"line-height: normal;\"><span style=\"vertical-align: baseline;\"><span lang=\"ET\"><span style=\"background: white;\"><span style=\"color: black;\">2. Leia endale suur (soovitatavalt v\u00e4hemalt A3) paberileht v\u00f5i ava joonistusprogramm. Paiguta oskusi ja soove m\u00e4rkivad vektorid joonisele nii, et tekib oskuste ja soovide maatriks. Maatriksi vasakpoolne alumine nurk m\u00e4rgib piirkonda, kus oskused ja soovid puuduvad, keskosas paiknevad need tegevused, mida natukene oskan ja natukene ka soovin osata ja \u00fclal paremal nurgas asuvad tegevused, mida ma h\u00e4sti oskan ja millest olen ka huvitatud (vt j\u00e4rgnevat joonist).<\/span><\/span><\/span><\/span><\/span><\/span><\/p>\n<p style=\"margin-top: 0cm; margin-right: 0cm; margin-bottom: 0cm;\">\n<\/p><p style=\"margin-top: 0cm; margin-right: 0cm; margin-bottom: 0cm;\"><span style=\"font-size: 16px;\"><img loading=\"lazy\" decoding=\"async\" width=\"3072\" height=\"1920\" class=\"alignnone wp-image-18\" style=\"width: 900px; height: 563px;\" title=\"maatriks1.png\" src=\"https:\/\/sisu.ut.ee\/wp-content\/uploads\/sites\/602\/maatriks1.png\" alt=\"maatriks1\" srcset=\"https:\/\/sisu.ut.ee\/wp-content\/uploads\/sites\/602\/maatriks1.png 3072w, https:\/\/sisu.ut.ee\/wp-content\/uploads\/sites\/602\/maatriks1-300x188.png 300w, https:\/\/sisu.ut.ee\/wp-content\/uploads\/sites\/602\/maatriks1-1024x640.png 1024w, https:\/\/sisu.ut.ee\/wp-content\/uploads\/sites\/602\/maatriks1-768x480.png 768w, https:\/\/sisu.ut.ee\/wp-content\/uploads\/sites\/602\/maatriks1-1536x960.png 1536w, https:\/\/sisu.ut.ee\/wp-content\/uploads\/sites\/602\/maatriks1-2048x1280.png 2048w, https:\/\/sisu.ut.ee\/wp-content\/uploads\/sites\/602\/maatriks1-1920x1200.png 1920w\" sizes=\"auto, (max-width: 3072px) 100vw, 3072px\"><\/span><\/p>\n<p><span style=\"font-size: 16px;\"><span style=\"background: white;\"><span style=\"line-height: normal;\"><span lang=\"ET\"><span style=\"color: black;\">3. Kanna joonisele k\u00f5ik oskused, tegevused, ametid, valdkonnad, mis sulle huvi pakuvad. Paiguta need vastavalt sellele, kuiv\u00f5rd neid juba oskad ja kuiv\u00f5rd neid soovid osata (vt j\u00e4rgnevaid jooniseid).<\/span><\/span><\/span><\/span><\/span><\/p>\n<p><span style=\"font-size: 16px;\"><span style=\"background: white;\"><span style=\"line-height: normal;\"><span lang=\"ET\"><span style=\"color: black;\">NB! K\u00f5iki lahtreid skaalal t\u00e4itma ei pea, aga m\u00f5tle kindlasti mitmete tegevuste ja\/v\u00f5i ametite peale, mida teed v\u00f5i soovid teha. Seega v\u00f5ib \u00fches lahtris olla ka mitu tegevust. Pane t\u00e4hele \u2013 \u00fcht tegevust v\u00f5ib kohata mitmes ametis ja seega tasub ennek\u00f5ike keskenduda just tegevuste leidmisele!<\/span><\/span><\/span><\/span><\/span><\/p>\n<p><span style=\"font-size: 16px;\"><img loading=\"lazy\" decoding=\"async\" width=\"3072\" height=\"1920\" class=\"alignnone wp-image-19\" style=\"width: 900px; height: 563px;\" title=\"maatriks2.png\" src=\"https:\/\/sisu.ut.ee\/wp-content\/uploads\/sites\/602\/maatriks2.png\" alt=\"maatriks2\" srcset=\"https:\/\/sisu.ut.ee\/wp-content\/uploads\/sites\/602\/maatriks2.png 3072w, https:\/\/sisu.ut.ee\/wp-content\/uploads\/sites\/602\/maatriks2-300x188.png 300w, https:\/\/sisu.ut.ee\/wp-content\/uploads\/sites\/602\/maatriks2-1024x640.png 1024w, https:\/\/sisu.ut.ee\/wp-content\/uploads\/sites\/602\/maatriks2-768x480.png 768w, https:\/\/sisu.ut.ee\/wp-content\/uploads\/sites\/602\/maatriks2-1536x960.png 1536w, https:\/\/sisu.ut.ee\/wp-content\/uploads\/sites\/602\/maatriks2-2048x1280.png 2048w, https:\/\/sisu.ut.ee\/wp-content\/uploads\/sites\/602\/maatriks2-1920x1200.png 1920w\" sizes=\"auto, (max-width: 3072px) 100vw, 3072px\"><\/span><\/p>\n<p><span style=\"font-size: 16px;\"><img loading=\"lazy\" decoding=\"async\" width=\"3072\" height=\"1920\" class=\"alignnone wp-image-20\" style=\"width: 900px; height: 563px;\" title=\"maatriks3.png\" src=\"https:\/\/sisu.ut.ee\/wp-content\/uploads\/sites\/602\/maatriks3.png\" alt=\"maatriks3\" srcset=\"https:\/\/sisu.ut.ee\/wp-content\/uploads\/sites\/602\/maatriks3.png 3072w, https:\/\/sisu.ut.ee\/wp-content\/uploads\/sites\/602\/maatriks3-300x188.png 300w, https:\/\/sisu.ut.ee\/wp-content\/uploads\/sites\/602\/maatriks3-1024x640.png 1024w, https:\/\/sisu.ut.ee\/wp-content\/uploads\/sites\/602\/maatriks3-768x480.png 768w, https:\/\/sisu.ut.ee\/wp-content\/uploads\/sites\/602\/maatriks3-1536x960.png 1536w, https:\/\/sisu.ut.ee\/wp-content\/uploads\/sites\/602\/maatriks3-2048x1280.png 2048w, https:\/\/sisu.ut.ee\/wp-content\/uploads\/sites\/602\/maatriks3-1920x1200.png 1920w\" sizes=\"auto, (max-width: 3072px) 100vw, 3072px\"><\/span><\/p>\n<p><span style=\"font-size: 16px;\"><span style=\"background: white;\"><span style=\"line-height: normal;\"><span lang=\"ET\"><span style=\"color: black;\">4. <\/span><\/span><\/span><\/span><\/span><img loading=\"lazy\" decoding=\"async\" width=\"1080\" height=\"1080\" class=\"alignnone wp-image-22\" style=\"width: 32px; height: 32px;\" title=\"motlemiseks_-_copy.png\" src=\"https:\/\/sisu.ut.ee\/wp-content\/uploads\/sites\/602\/motlemiseks_-_copy.png\" alt=\"m\u00f5tle\" srcset=\"https:\/\/sisu.ut.ee\/wp-content\/uploads\/sites\/602\/motlemiseks_-_copy.png 1080w, https:\/\/sisu.ut.ee\/wp-content\/uploads\/sites\/602\/motlemiseks_-_copy-300x300.png 300w, https:\/\/sisu.ut.ee\/wp-content\/uploads\/sites\/602\/motlemiseks_-_copy-1024x1024.png 1024w, https:\/\/sisu.ut.ee\/wp-content\/uploads\/sites\/602\/motlemiseks_-_copy-150x150.png 150w, https:\/\/sisu.ut.ee\/wp-content\/uploads\/sites\/602\/motlemiseks_-_copy-768x768.png 768w\" sizes=\"auto, (max-width: 1080px) 100vw, 1080px\"><span style=\"font-size: 16px;\"><span style=\"background: white;\"><span style=\"line-height: normal;\"><span lang=\"ET\"><span style=\"color: black;\">Peale t\u00e4itmist,<\/span><\/span><\/span><\/span><\/span><\/p>\n<ul>\n<li style=\"margin-bottom: 0cm;\"><span style=\"font-size: 16px;\"><span style=\"line-height: normal;\"><span style=\"vertical-align: baseline;\"><span lang=\"ET\"><span style=\"background: white;\"><span style=\"color: black;\">vaata, kas Sinu jaoks hakkab valminud maatriksi puhul silma mingeid seadusp\u00e4rasusi selle kohta, mis Sulle meeldib ja mis ei meeldi ning m\u00f5tle, kuidas on eelistuste paiknemine seotud Sinu oskustega. <\/span><\/span><\/span><\/span><\/span><\/span><\/li>\n<li style=\"margin-bottom: 0cm;\"><span style=\"font-size: 16px;\"><span style=\"line-height: normal;\"><span style=\"vertical-align: baseline;\"><span lang=\"ET\"><span style=\"background: white;\"><span style=\"color: #2d2d2d;\">vaata \u00fcle tegevused ja oskused, ja m\u00f5tle, kas m\u00f5nda oskust tahaksid Sa tulevikus n\u00e4ha mujal lahtris? Mis on k\u00f5ige esimene samm, mida pead tegema, et sinna suunas liikuda? Millal on esimene v\u00f5imalus selle sammu tegemiseks?<\/span><\/span><\/span><\/span><\/span><\/span><\/li>\n<li style=\"margin-bottom: 0cm;\"><span style=\"font-size: 16px;\"><span style=\"color: #2d2d2d;\"><span style=\"line-height: normal;\"><span style=\"vertical-align: baseline;\"><span lang=\"ET\"><span style=\"background: white;\">vaata maatriksit ja m\u00f5tle, mis ametid v\u00f5iksid sobida just Sulle? Millised on v\u00e4listatud? Millised meeldivad, aga vajaksid lisa oskuseid?<\/span><\/span><\/span><\/span><\/span><\/span><\/li>\n<li style=\"margin-bottom: 0cm;\"><span style=\"font-size: 16px;\"><span style=\"color: #2d2d2d;\"><span style=\"line-height: normal;\"><span style=\"vertical-align: baseline;\"><span lang=\"ET\"><span style=\"background: white;\"><span style=\"color: black;\">v\u00f5id soovi korral tervet valminud maatriksit arutada ka m\u00f5ne l\u00e4hedase inimesega ning miks ka mitte spetsialistiga (nt n\u00f5ustaja, ps\u00fchholoog, karj\u00e4\u00e4rispetsialist) \u2013 j\u00e4llegi v\u00f5ivad teised m\u00e4rgata seadusp\u00e4rasid, mille peale ise ei tulekski.<\/span><\/span><\/span><\/span><\/span><\/span><\/span><\/li>\n<\/ul>\n","protected":false},"excerpt":{"rendered":"<p>Vahel on meil juba oskusi, millega t\u00f6\u00f6d teha. Teisalt ei pruugi me soovida teha m\u00f5nda t\u00f6\u00f6d, mida h\u00e4sti oskame, kui me tegevust ennast ei naudi. M\u00f5nikord tundub m\u00f5ni valdkond v\u00e4ga huvitav, kuid pole olnud tegevusega kunagi l\u00e4hemat kokkupuudet. J\u00e4rgnev \u00fclesanne &#8230;<\/p>\n","protected":false},"author":295,"featured_media":0,"parent":0,"menu_order":0,"comment_status":"closed","ping_status":"closed","template":"","meta":{"_acf_changed":false,"inline_featured_image":false,"footnotes":""},"class_list":["post-8","page","type-page","status-publish","hentry"],"acf":[],"_links":{"self":[{"href":"https:\/\/sisu.ut.ee\/edujategu18\/wp-json\/wp\/v2\/pages\/8","targetHints":{"allow":["GET"]}}],"collection":[{"href":"https:\/\/sisu.ut.ee\/edujategu18\/wp-json\/wp\/v2\/pages"}],"about":[{"href":"https:\/\/sisu.ut.ee\/edujategu18\/wp-json\/wp\/v2\/types\/page"}],"author":[{"embeddable":true,"href":"https:\/\/sisu.ut.ee\/edujategu18\/wp-json\/wp\/v2\/users\/295"}],"replies":[{"embeddable":true,"href":"https:\/\/sisu.ut.ee\/edujategu18\/wp-json\/wp\/v2\/comments?post=8"}],"version-history":[{"count":2,"href":"https:\/\/sisu.ut.ee\/edujategu18\/wp-json\/wp\/v2\/pages\/8\/revisions"}],"predecessor-version":[{"id":50,"href":"https:\/\/sisu.ut.ee\/edujategu18\/wp-json\/wp\/v2\/pages\/8\/revisions\/50"}],"wp:attachment":[{"href":"https:\/\/sisu.ut.ee\/edujategu18\/wp-json\/wp\/v2\/media?parent=8"}],"curies":[{"name":"wp","href":"https:\/\/api.w.org\/{rel}","templated":true}]}}