{"id":7,"date":"2024-04-04T08:24:08","date_gmt":"2024-04-04T05:24:08","guid":{"rendered":"https:\/\/sisu.ut.ee\/edujategu18\/voimaluste-analuus\/"},"modified":"2024-04-04T08:24:24","modified_gmt":"2024-04-04T05:24:24","slug":"voimaluste-analuus","status":"publish","type":"page","link":"https:\/\/sisu.ut.ee\/edujategu18\/voimaluste-analuus\/","title":{"rendered":"V\u00f5imaluste anal\u00fc\u00fcs"},"content":{"rendered":"<p>\n\t\u00a0\n<\/p>\n<p style=\"margin-top:0cm;margin-right:0cm;margin-bottom:11.0pt;margin-left:0cm\">\n\t<span style=\"font-size:16px\"><span lang=\"ET\"><span style=\"color:black\">T\u00f6\u00f6turg on pidevas muutumises. Oma eluea jooksul koged Sa ilmselt veel mitmeid majanduslanguseid ja -t\u00f5use. Kuidas saad t\u00f6\u00f6turul olla valmis, kui saabub majanduslangus? T\u00f6\u00f6turg on <\/span><\/span><span><span lang=\"ET\"><span style=\"color:#2d2d2d\">s\u00fcsteem, kus \u00fched pakuvad t\u00f6\u00f6j\u00f5udu ehk oskusi ja teadmisi ning teised pakuvad t\u00f6\u00f6kohti. Majanduslanguse puhul t\u00f6\u00f6kohti pakkuvaid t\u00f6\u00f6andjaid on v\u00e4hem kui t\u00f6\u00f6tajaid\/t\u00f6\u00f6 otsijaid. Seet\u00f5ttu t\u00f6\u00f6taja jaoks on konkurents suurem ja on oluline majanduslanguse eel k\u00e4ia \u00fcle oma CV, vajadusel v\u00e4rskendada seda. Kui Sul on olnud p\u00fcsiv t\u00f6\u00f6koht juba aastaid, siis alati on soovitus k\u00e4ia v\u00e4hemalt korra aastas t\u00f6\u00f6vestlusel, et hoida end v\u00e4rskena ja olla kursis, mida ja kui palju teised pakuvad. See aitab ka ennetada l\u00e4bip\u00f5lemist ja annab suurema kindlustunde, kui pole senise t\u00f6\u00f6ga enam rahul.<\/span><\/span><\/span><\/span>\n<\/p>\n<p>\n\t<span style=\"font-size:16px\"><span><span lang=\"ET\"><span style=\"line-height:107%\"><span style=\"color:black\">See \u00fclesanne v\u00f5imaldab Sul enda tegevusi ja oskusi seostada konkreetsete ametitega. K\u00f5igepealt tuleb Sul eelmise \u00fclesande p\u00f5hjal v\u00e4lja valida tegevused ja m\u00e4rks\u00f5nad, mis seostuvad Su huvide ja soovidega. Seej\u00e4rel tuleb Sul Haridusportaalist nende tegevustega seonduvate t\u00f6\u00f6- ja \u00f5ppimisv\u00f5imaluste kohta uurida.<\/span><\/span><\/span> <span lang=\"ET\"><span style=\"line-height:107%\">\u00dclesannete tegemiseks v\u00f5id kasutada <\/span><\/span><\/span><\/span><span class=\"file media-element file-os-files-link\" data-file_info=\"%7B%22fid%22:74724,%22view_mode%22:%22os_files_link%22,%22type%22:%22media%22%7D\"><img decoding=\"async\" alt=\"\" class=\"file-icon\" src=\"\/profiles\/openscholar\/modules\/os\/modules\/os_files\/icons\/x-office-document.svg\"> <a href=\"https:\/\/sisu.ut.ee\/wp-content\/uploads\/sites\/602\/voimaluste_analuusi_tooleht.docx\">voimaluste_analuusi_tooleht.docx<\/a><\/span><span style=\"font-size:16px\"><span><span lang=\"ET\"><span style=\"line-height:107%\">. <\/span><\/span><\/span><\/span>\n<\/p>\n<p>\n\t\u00a0\n<\/p>\n<p>\n\t<span style=\"font-size:18px\"><strong><div class=\"accordion mb-3\">\n        <div class=\"accordion-item accordion-item--white\">\n        <h2 class=\"accordion-header\" id=\"accordion-69d9b67e36524-heading\">\n            <button class=\"accordion-button collapsed\" type=\"button\" data-bs-toggle=\"collapse\" data-bs-target=\"#accordion-69d9b67e36524-collapse\" aria-expanded=\"true\" aria-controls=\"accordion-69d9b67e36524-collapse\"><img loading=\"lazy\" decoding=\"async\" width=\"1080\" height=\"1080\" class=\"alignnone wp-image-12\" style=\"width: 32px;height: 32px\" src=\"https:\/\/sisu.ut.ee\/wp-content\/uploads\/sites\/602\/sissejuhatus_01.png\" title=\"sissejuhatus_01.png\" alt=\"t\u00f6\u00f6leht\" srcset=\"https:\/\/sisu.ut.ee\/wp-content\/uploads\/sites\/602\/sissejuhatus_01.png 1080w, https:\/\/sisu.ut.ee\/wp-content\/uploads\/sites\/602\/sissejuhatus_01-300x300.png 300w, https:\/\/sisu.ut.ee\/wp-content\/uploads\/sites\/602\/sissejuhatus_01-1024x1024.png 1024w, https:\/\/sisu.ut.ee\/wp-content\/uploads\/sites\/602\/sissejuhatus_01-150x150.png 150w, https:\/\/sisu.ut.ee\/wp-content\/uploads\/sites\/602\/sissejuhatus_01-768x768.png 768w\" sizes=\"auto, (max-width: 1080px) 100vw, 1080px\"><span style=\"font-size:18px\"><span style=\"color:#00afd7\"><b><span lang=\"ET\">\u00dclesande esimene osa: otsitavate m\u00e4rks\u00f5nade leidmine<\/span><\/b><\/span><strong><\/strong><\/span><\/button>\n        <\/h2>\n        <div id=\"accordion-69d9b67e36524-collapse\" class=\"accordion-collapse collapse\" aria-labelledby=\"accordion-69d9b67e36524-heading\">\n            <div class=\"accordion-body\">\n\n<p>\n\t<span style=\"font-size:16px\"><strong>Juhis<\/strong><\/span>\n<\/p>\n<p>\n\t<span style=\"font-size:16px\"><span lang=\"ET\"><span style=\"color:black\">1. Otsi \u00fcles \u00fclesandes \u201cTegevuste ja oskuste leidmine\u201d v\u00e4lja toodud tegevusi ja oskusi t\u00e4histavad m\u00e4rks\u00f5nad, mille kohta tahtsid rohkem teada.\u00a0 <\/span><\/span><\/span>\n<\/p>\n<p style=\"margin-top:0cm;margin-right:0cm;margin-bottom:11.0pt;margin-left:0cm\">\n\t<span style=\"font-size:16px\"><span lang=\"ET\"><span style=\"color:black\">2. Koosta endale kirjalikult selgitus, miks need tegevused ja oskused Sinu karj\u00e4\u00e4rivalikute seisukohalt Sinu jaoks olulised on (vaata n\u00e4idet allpool).<\/span><\/span><\/span>\n<\/p>\n<p style=\"margin-top:0cm;margin-right:0cm;margin-bottom:11.0pt;margin-left:0cm\">\n\t<span style=\"font-size:16px\"><span lang=\"ET\"><span style=\"color:black\">3. M\u00e4rgi selgituses \u00e4ra v\u00f5i kirjuta selgitusest v\u00e4lja erinevad m\u00e4rks\u00f5nad, mis iseloomustavad Su huvisid ja soove.<\/span><\/span><\/span>\n<\/p>\n<p style=\"margin-top:0cm;margin-right:0cm;margin-bottom:11.0pt;margin-left:0cm\">\n\t<span style=\"font-size:16px\"><span lang=\"ET\"><span style=\"color:black\">4. Pane m\u00e4rks\u00f5nadena kirja tegevused, mis seostuvad Su v\u00e4ljatoodud huvide ja soovidega.<\/span><\/span><\/span>\n<\/p>\n<p style=\"margin-top:0cm;margin-right:0cm;margin-bottom:11.0pt;margin-left:0cm\">\n\t\u00a0\n<\/p>\n<div style=\"border-width:4px;border-style:dashed;border-color:#00afd7;padding: 1em\">\n<p>\n\t\t<span style=\"font-size:16px\"><span style=\"line-height:normal\"><b><span lang=\"ET\">N\u00e4ide <\/span><\/b><span lang=\"ET\">(eelmise harjutuse n\u00e4idislahendus): <\/span><\/span><\/span>\n\t<\/p>\n<p>\n\t\t<span style=\"font-size:16px\"><span style=\"line-height:normal\"><i><span lang=\"ET\">Juba lasteaias meeldis mulle <b>esineda <\/b>ning tegelesin <b>n\u00e4itlemisega <\/b>ka p\u00f5hikoolis. Eeskujuks oli ilmselt vend, kes samuti n\u00e4itlemisega tegeles. Seet\u00f5ttu olen n\u00e4iteks <b>grupit\u00f6\u00f6des ettekannete tegemise<\/b> sageli enda peale v\u00f5tnud. Edasises elus on see viinud mind selleni, et olen <b>\u00f5petanud <\/b>ja l\u00e4bi viinud erinevaid <b>koolitusi<\/b>. <\/span><\/i><\/span><\/span>\n\t<\/p>\n<p>\n\t\t<span style=\"font-size:16px\"><i><span lang=\"ET\"><span style=\"line-height:107%\">Olen p\u00fc\u00fcdnud erinevaid <b>keeli <\/b>ja <b>pillim\u00e4ngu <\/b>ise <b>\u00f5ppida<\/b>, kuid need on j\u00e4\u00e4nud pooleli. P\u00f5hjuseks on olnud j\u00e4rjepidevuse puudumine, st olen hobid lihtsalt \u00e4ra unustanud. <b>Tennisetrennis <\/b>k\u00e4isin ainult seni kuni algajate kursus kestis ning uut kursust ei v\u00f5tnud. J\u00e4relikult on oskuste \u00f5ppimisel toeks mulle n\u00e4iteks \u00f5ppekava.<\/span><\/span><\/i><\/span><\/p>\n<p>Olen harrastanud <b>koorilaulu<\/b>, <b>jalgpalli <\/b>ja <b>korvpalli<\/b>. Olen teinud neid ilma et l\u00e4hedased s\u00f5brad sama alaga tegeleksid. Pooleli on asjad j\u00e4\u00e4nud kas vigastuse, elukorralduse muutuse v\u00f5i eesm\u00e4rgi saavutamise t\u00f5ttu. J\u00e4relikult on enesearendamise jaoks oluline seada eesm\u00e4rgid nii, et eesm\u00e4rgi saavutamisele l\u00e4hedal olles juba tean, mis on j\u00e4rgmine eesm\u00e4rk, et end edasi arendada.\n\t<\/p>\n<p>\n\t\t<span style=\"font-size:16px\">Tekstis esinesid j\u00e4rgmised tegevustele ja oskustele viitavad m\u00e4rks\u00f5nad<i>:\u00a0<\/i>esinemine, n\u00e4itlemine, grupit\u00f6\u00f6, ettekannete tegemine, \u00f5petamine, koolitamine, keel, pillim\u00e4ng, tennis, laulmine, jalgpall, korvpall.<\/span>\n\t<\/p>\n<\/div>\n<div style=\"border-width:4px;border-style:solid;border-color:#00afd7;padding: 1em\">\n<p>\n\t\t<span style=\"font-size:16px\"><b>Selle \u00fclesande n\u00e4ide:\u00a0<i>oskuste anal\u00fc\u00fcsil valitud m\u00e4rks\u00f5nade <\/i><\/b><strong><em>selgitus<\/em><\/strong><\/span>\n\t<\/p>\n<p>\n\t\t<span style=\"font-size:16px\"><span style=\"line-height:normal\"><i><span lang=\"ET\">Seni l\u00e4bitud \u00fclesannete kaudu on selgunud, et mulle meeldib <u>t\u00f6\u00f6tada inimestega<\/u>, ei meeldiks teha paberit\u00f6\u00f6d, paremini sobib <u>vaimne ja uuriv t\u00f6\u00f6<\/u> kui f\u00fc\u00fcsiline ja praktiline. Samuti v\u00f5iks t\u00f6\u00f6 olla <u>loov<\/u>. Vajan t\u00f6\u00f6 tegemisel iseseisvust, soovin olla meisterlik ja tunnustatud. <\/span><\/i><\/span><\/span>\n\t<\/p>\n<p style=\"margin-bottom:0cm\">\n\t\t<span style=\"font-size:16px\"><span style=\"line-height:normal\"><i><u><span lang=\"ET\">Huvid ja soovid<\/span><\/u><\/i><i><span lang=\"ET\">: t\u00f6\u00f6 inimestega, vaimne, uuriv, loov<\/span><\/i><\/span><\/span>\n\t<\/p>\n<p>\n\t\t<span style=\"font-size:16px\"><i><u><span lang=\"ET\"><span style=\"line-height:107%\">M\u00e4rks\u00f5nad<\/span><\/span><\/u><span lang=\"ET\"><span style=\"line-height:107%\">: valin tegevusteks \u201c<u>\u00f5petamine<\/u>\u201d ja \u201c<u>koolitamine<\/u>\u201c, sest need tunduvad minu huvide ja soovidega k\u00f5ige paremini haakuvat<\/span><\/span><\/i><\/span>\n\t<\/p>\n<\/div>\n<p>\n\t<span style=\"font-size:16px\"><strong><\/strong><\/span><\/p><\/div>\n        <\/div>\n        <\/div>\n    <\/div><\/strong>\u00a0<\/span>\n<\/p>\n<p>\n\t<span style=\"font-size:18px\"><strong><div class=\"accordion mb-3\">\n        <div class=\"accordion-item accordion-item--white\">\n        <h2 class=\"accordion-header\" id=\"accordion-69d9b67e36534-heading\">\n            <button class=\"accordion-button collapsed\" type=\"button\" data-bs-toggle=\"collapse\" data-bs-target=\"#accordion-69d9b67e36534-collapse\" aria-expanded=\"true\" aria-controls=\"accordion-69d9b67e36534-collapse\"><img loading=\"lazy\" decoding=\"async\" width=\"1080\" height=\"1080\" class=\"alignnone wp-image-12\" style=\"width: 32px;height: 32px\" src=\"https:\/\/sisu.ut.ee\/wp-content\/uploads\/sites\/602\/sissejuhatus_01.png\" title=\"sissejuhatus_01.png\" alt=\"t\u00f6\u00f6leht\" srcset=\"https:\/\/sisu.ut.ee\/wp-content\/uploads\/sites\/602\/sissejuhatus_01.png 1080w, https:\/\/sisu.ut.ee\/wp-content\/uploads\/sites\/602\/sissejuhatus_01-300x300.png 300w, https:\/\/sisu.ut.ee\/wp-content\/uploads\/sites\/602\/sissejuhatus_01-1024x1024.png 1024w, https:\/\/sisu.ut.ee\/wp-content\/uploads\/sites\/602\/sissejuhatus_01-150x150.png 150w, https:\/\/sisu.ut.ee\/wp-content\/uploads\/sites\/602\/sissejuhatus_01-768x768.png 768w\" sizes=\"auto, (max-width: 1080px) 100vw, 1080px\"><span style=\"font-size:18px\"><span style=\"color:#00afd7\"><b><span lang=\"ET\">\u00dclesande teine osa: t\u00f6\u00f6 Haridusportaaliga<\/span><\/b><\/span><strong><\/strong><\/span><\/button>\n        <\/h2>\n        <div id=\"accordion-69d9b67e36534-collapse\" class=\"accordion-collapse collapse\" aria-labelledby=\"accordion-69d9b67e36534-heading\">\n            <div class=\"accordion-body\">\n\n<p>\n\t<span style=\"font-size:16px\"><strong><span lang=\"ET\"><span style=\"line-height:107%\">Juhis<\/span><\/span><\/strong><\/span>\n<\/p>\n<p style=\"margin-bottom: 0cm\">\n\t<span style=\"font-size:16px\"><span style=\"line-height:normal\"><span lang=\"ET\"><span style=\"background:white\"><span style=\"color:black\">1. Uuri <\/span><\/span><\/span><\/span><u><strong><a data-url=\"https:\/\/haridusportaal.edu.ee\/karj%C3%A4%C3%A4r\" href=\"https:\/\/haridusportaal.edu.ee\/karj%C3%A4%C3%A4r\" target=\"_blank\" title=\"\" rel=\"noopener\"><span style=\"color:#3366ff\">Haridusportaalist <\/span><\/a><\/strong><\/u><span style=\"line-height:normal\"><span lang=\"ET\"><span style=\"background:white\"><span style=\"color:black\">valitud m\u00e4rks\u00f5nadega seonduvate t\u00f6\u00f6- ja \u00f5ppimisv\u00f5imaluste kohta. <\/span><\/span><\/span><span lang=\"ET\">Haridusportaali kasutamise <\/span><\/span><a data-url=\"https:\/\/youtu.be\/oCcFSu3S5vw\" href=\"https:\/\/youtu.be\/oCcFSu3S5vw\" target=\"_blank\" title=\"\" rel=\"noopener\"><span style=\"color:#3366ff\">videojuhises <\/span><\/a><\/span><span style=\"font-size:16px\"><span style=\"line-height:normal\"><span lang=\"ET\">olevad k\u00fcsimused aitavad Sul portaalis orienteeruda. <b>Kasuta neid k\u00fcsimusi ka oma anal\u00fc\u00fcsis.<\/b><\/span><\/span><\/span>\n<\/p>\n<p style=\"margin-top: 0cm;margin-right: 0cm;margin-bottom: 12pt\">\n\t<span style=\"font-size:16px\"><span style=\"vertical-align:baseline\"><span lang=\"ET\"><span style=\"color:black\">2. Kasutades enda kirjutatud tegevusi ja m\u00e4rks\u00f5nu, seosta need konkreetsete ametitega (nt esinemine-&gt; \u00f5petaja\/n\u00e4itleja\/koolitaja; loovus-&gt; kunstnik\/keraamik; inimestega t\u00f6\u00f6-&gt; m\u00fc\u00fcgikorraldaja\/hooldaja\/kommunikatsioonispetsialist).<\/span><\/span><\/span><\/span>\n<\/p>\n<ul style=\"margin-left: 40px\">\n<li style=\"margin-top: 0cm;margin-right: 0cm;margin-bottom: 12pt\">\n\t\t<span style=\"font-size:16px\"><span style=\"vertical-align:baseline\"><span lang=\"ET\"><span style=\"color:black\">Koosta loetelu ametitest ja valdkondadest, mida Haridusportaali otsingu abil leidsid.<\/span><\/span><\/span><\/span>\n\t<\/li>\n<\/ul>\n<p style=\"margin-top: 0cm;margin-right: 0cm;margin-bottom: 12pt\">\n\t<span style=\"font-size:16px\"><span style=\"vertical-align:baseline\"><span lang=\"ET\">3. Tutvu nende ametite ja valdkondade kirjeldustega. Anal\u00fc\u00fcsi, mis tundus Sinu jaoks huvitav, mil m\u00e4\u00e4ral oled nendega tegelemiseks kvalifitseeritud ja mida pead juurde \u00f5ppima. \u00a0<\/span><\/span><\/span>\n<\/p>\n<ul style=\"margin-left: 40px\">\n<li style=\"margin-top:0cm;margin-right:0cm;margin-bottom:0cm\">\n\t\t<span style=\"font-size:16px\"><span style=\"vertical-align:baseline\"><span lang=\"ET\"><span style=\"color:black\">Millised kirjeldustest j\u00e4id silma, tundusid huvitavad?<\/span><\/span><\/span><\/span>\n\t<\/li>\n<li style=\"margin-top:0cm;margin-right:0cm;margin-bottom:0cm\">\n\t\t<span style=\"font-size:16px\"><span style=\"vertical-align:baseline\"><span lang=\"ET\"><span style=\"color:black\">Kuiv\u00f5rd oled juba praegu leitud ametiteks v\u00f5i valdkonnas t\u00f6\u00f6tamiseks kvalifitseeritud? <\/span><\/span><\/span><\/span>\n\t<\/li>\n<li style=\"margin-top:0cm;margin-right:0cm;margin-bottom:0cm\">\n\t\t<span style=\"font-size:16px\"><span style=\"vertical-align:baseline\"><span lang=\"ET\"><span style=\"color:black\">Mida ja kus on vaja juurde \u00f5ppida (vt haridustee soovitusi)?<\/span><\/span><\/span><\/span>\n\t<\/li>\n<\/ul>\n<p>\n\t<span style=\"font-size:16px\"><strong><\/strong><\/span><\/p><\/div>\n        <\/div>\n        <\/div>\n    <\/div><\/strong>\u00a0<\/span><\/p>\n","protected":false},"excerpt":{"rendered":"<p>\u00a0 T\u00f6\u00f6turg on pidevas muutumises. Oma eluea jooksul koged Sa ilmselt veel mitmeid majanduslanguseid ja -t\u00f5use. Kuidas saad t\u00f6\u00f6turul olla valmis, kui saabub majanduslangus? T\u00f6\u00f6turg on s\u00fcsteem, kus \u00fched pakuvad t\u00f6\u00f6j\u00f5udu ehk oskusi ja teadmisi ning teised pakuvad t\u00f6\u00f6kohti. Majanduslanguse &#8230;<\/p>\n","protected":false},"author":295,"featured_media":0,"parent":0,"menu_order":0,"comment_status":"closed","ping_status":"closed","template":"","meta":{"_acf_changed":false,"inline_featured_image":false,"footnotes":""},"class_list":["post-7","page","type-page","status-publish","hentry"],"acf":[],"_links":{"self":[{"href":"https:\/\/sisu.ut.ee\/edujategu18\/wp-json\/wp\/v2\/pages\/7","targetHints":{"allow":["GET"]}}],"collection":[{"href":"https:\/\/sisu.ut.ee\/edujategu18\/wp-json\/wp\/v2\/pages"}],"about":[{"href":"https:\/\/sisu.ut.ee\/edujategu18\/wp-json\/wp\/v2\/types\/page"}],"author":[{"embeddable":true,"href":"https:\/\/sisu.ut.ee\/edujategu18\/wp-json\/wp\/v2\/users\/295"}],"replies":[{"embeddable":true,"href":"https:\/\/sisu.ut.ee\/edujategu18\/wp-json\/wp\/v2\/comments?post=7"}],"version-history":[{"count":1,"href":"https:\/\/sisu.ut.ee\/edujategu18\/wp-json\/wp\/v2\/pages\/7\/revisions"}],"predecessor-version":[{"id":32,"href":"https:\/\/sisu.ut.ee\/edujategu18\/wp-json\/wp\/v2\/pages\/7\/revisions\/32"}],"wp:attachment":[{"href":"https:\/\/sisu.ut.ee\/edujategu18\/wp-json\/wp\/v2\/media?parent=7"}],"curies":[{"name":"wp","href":"https:\/\/api.w.org\/{rel}","templated":true}]}}