{"id":6,"date":"2024-04-04T08:24:08","date_gmt":"2024-04-04T05:24:08","guid":{"rendered":"https:\/\/sisu.ut.ee\/edujategu18\/tegevuste-ja-oskuste-leidmine\/"},"modified":"2024-04-04T08:24:24","modified_gmt":"2024-04-04T05:24:24","slug":"tegevuste-ja-oskuste-leidmine","status":"publish","type":"page","link":"https:\/\/sisu.ut.ee\/edujategu18\/tegevuste-ja-oskuste-leidmine\/","title":{"rendered":"Tegevuste ja oskuste leidmine"},"content":{"rendered":"<p>\n\t\u00a0\n<\/p>\n<p>\n\t<span style=\"font-size:16px\"><span style=\"background:white\"><span style=\"line-height:normal\"><span style=\"color:black\">See \u00fclesanne v\u00f5imaldab Sul tuvastada tegevused ja oskused, mis on Sinu jaoks olulised v\u00f5i mida oled v\u00e4\u00e4rtustanud. Selleks on Sul vaja leida eelmises \u00fclesandes koostatud anal\u00fc\u00fcsist <b>tegevused <\/b>ja<b> oskused<\/b> ning l\u00e4htuvalt nendest v\u00e4lja valida 1-2 teemat, mille kohta t\u00e4psemalt edasi uurid.<\/span><\/span><\/span><\/span>\n<\/p>\n<p>\n\t<span style=\"font-size:16px\"><strong><span style=\"background:white\"><span style=\"line-height:normal\"><span style=\"color:black\">Juhis<\/span><\/span><\/span><\/strong><\/span>\n<\/p>\n<ol>\n<li>\n\t\t<span style=\"font-size:16px\"><span style=\"background:white\"><span style=\"line-height:normal\"><span style=\"color:black\">Palun v\u00f5ta ette \u00fclesandes \u201d Seni l\u00e4bitud haridustee anal\u00fc\u00fcs\u201d koostatud tekst. M\u00e4rgi tekstis \u00e4ra k\u00f5ik s\u00f5nad, mis viitavad Sinu tehtud tegevustele ja\/v\u00f5i Sinu oskustele (vaata allj\u00e4rgnevat n\u00e4idet).\u00a0Kui k\u00f5hkled, kas k\u00f5ik tegevused said m\u00e4rgitud, v\u00f5id oma teksti n\u00e4idata usaldusv\u00e4\u00e4rsele inimesele ja paluda tal kontrollida, kas leidsid k\u00f5ik tegevused ja oskused. <\/span><\/span><\/span><\/span>\n\t<\/li>\n<li>\n\t\t<span style=\"font-size:16px\"><span style=\"background:white\"><span style=\"line-height:normal\"><span style=\"color:black\">Kirjuta m\u00e4rks\u00f5nade loetelu ka eraldi v\u00e4lja (vaata n\u00e4idet).<\/span><\/span><\/span><\/span>\n\t<\/li>\n<\/ol>\n<p>\n\t\u00a0\n<\/p>\n<div style=\"border-width:4px;border-style:solid;border-color:#00afd7;padding: 0.5em\">\n<p>\n\t\t<span style=\"font-size:16px\"><span style=\"line-height:normal\"><b><span style=\"color:black\">N\u00e4ide<\/span><\/b><span style=\"color:black\"> (eelmise harjutuse n\u00e4idistekstis on tegevustele ja oskustele viitavad s\u00f5nad m\u00e4rgitud tumedas kirjas)<\/span><\/span><\/span>\n\t<\/p>\n<p style=\"margin-bottom:11.0pt\">\n\t\t<span style=\"font-size:16px\"><img loading=\"lazy\" decoding=\"async\" width=\"1379\" height=\"777\" class=\"alignnone wp-image-15\" style=\"width: 1000px;height: 563px\" src=\"https:\/\/sisu.ut.ee\/wp-content\/uploads\/sites\/602\/tegevusedjaoskused1.png\" title=\"tegevusedjaoskused1.png\" alt=\"Tegevused ja oskused 1\" srcset=\"https:\/\/sisu.ut.ee\/wp-content\/uploads\/sites\/602\/tegevusedjaoskused1.png 1379w, https:\/\/sisu.ut.ee\/wp-content\/uploads\/sites\/602\/tegevusedjaoskused1-300x169.png 300w, https:\/\/sisu.ut.ee\/wp-content\/uploads\/sites\/602\/tegevusedjaoskused1-1024x577.png 1024w, https:\/\/sisu.ut.ee\/wp-content\/uploads\/sites\/602\/tegevusedjaoskused1-768x433.png 768w\" sizes=\"auto, (max-width: 1379px) 100vw, 1379px\"><img loading=\"lazy\" decoding=\"async\" width=\"1379\" height=\"777\" class=\"alignnone wp-image-14\" style=\"width: 1000px;height: 563px\" src=\"https:\/\/sisu.ut.ee\/wp-content\/uploads\/sites\/602\/tegevusedjaoskused2.jpg\" title=\"tegevusedjaoskused2.jpg\" alt=\"Tegevused ja oskused 2\" srcset=\"https:\/\/sisu.ut.ee\/wp-content\/uploads\/sites\/602\/tegevusedjaoskused2.jpg 1379w, https:\/\/sisu.ut.ee\/wp-content\/uploads\/sites\/602\/tegevusedjaoskused2-300x169.jpg 300w, https:\/\/sisu.ut.ee\/wp-content\/uploads\/sites\/602\/tegevusedjaoskused2-1024x577.jpg 1024w, https:\/\/sisu.ut.ee\/wp-content\/uploads\/sites\/602\/tegevusedjaoskused2-768x433.jpg 768w\" sizes=\"auto, (max-width: 1379px) 100vw, 1379px\"><img loading=\"lazy\" decoding=\"async\" width=\"1379\" height=\"777\" class=\"alignnone wp-image-16\" style=\"width: 1000px;height: 563px\" src=\"https:\/\/sisu.ut.ee\/wp-content\/uploads\/sites\/602\/tegevusedjaoskused3.jpg\" title=\"tegevusedjaoskused3.jpg\" alt=\"Tegevused ja oskused 3\" srcset=\"https:\/\/sisu.ut.ee\/wp-content\/uploads\/sites\/602\/tegevusedjaoskused3.jpg 1379w, https:\/\/sisu.ut.ee\/wp-content\/uploads\/sites\/602\/tegevusedjaoskused3-300x169.jpg 300w, https:\/\/sisu.ut.ee\/wp-content\/uploads\/sites\/602\/tegevusedjaoskused3-1024x577.jpg 1024w, https:\/\/sisu.ut.ee\/wp-content\/uploads\/sites\/602\/tegevusedjaoskused3-768x433.jpg 768w\" sizes=\"auto, (max-width: 1379px) 100vw, 1379px\"><\/span>\n\t<\/p>\n<p style=\"margin-bottom:11.0pt\">\n\t\t<span style=\"line-height:normal\"><span><span style=\"color:black\"><span style=\"font-size:16px\">Tekstis esinesid j\u00e4rgmised tegevustele ja oskustele viitavad m\u00e4rks\u00f5nad:<\/span><i><span style=\"font-size:16px\"> esinemine, n\u00e4itlemine, ettekannete tegemine, \u00f5petamine, koolitamine, keel, pillim\u00e4ng, tennis, laulmine, jalgpall, korvpall.<\/span> <\/i><\/span><\/span><\/span>\n\t<\/p>\n<\/div>\n<p style=\"margin-bottom:11.0pt\">\n\t\u00a0\n<\/p>\n<p style=\"margin-bottom:11.0pt\">\n\t<img loading=\"lazy\" decoding=\"async\" width=\"1080\" height=\"1080\" class=\"alignnone wp-image-12\" style=\"width: 32px;height: 32px\" src=\"https:\/\/sisu.ut.ee\/wp-content\/uploads\/sites\/602\/sissejuhatus_01.png\" title=\"sissejuhatus_01.png\" alt=\"t\u00f6\u00f6leht\" srcset=\"https:\/\/sisu.ut.ee\/wp-content\/uploads\/sites\/602\/sissejuhatus_01.png 1080w, https:\/\/sisu.ut.ee\/wp-content\/uploads\/sites\/602\/sissejuhatus_01-300x300.png 300w, https:\/\/sisu.ut.ee\/wp-content\/uploads\/sites\/602\/sissejuhatus_01-1024x1024.png 1024w, https:\/\/sisu.ut.ee\/wp-content\/uploads\/sites\/602\/sissejuhatus_01-150x150.png 150w, https:\/\/sisu.ut.ee\/wp-content\/uploads\/sites\/602\/sissejuhatus_01-768x768.png 768w\" sizes=\"auto, (max-width: 1080px) 100vw, 1080px\"><span style=\"font-size:16px\"><span style=\"line-height:normal\"><b><span style=\"color:black\">Pane endale kirja Sinu tegevused ja oskused, mis eelmise \u00fclesande anal\u00fc\u00fcsist v\u00e4lja tulid!<\/span><\/b><\/span><\/span>\n<\/p>\n<p style=\"margin-bottom:11.0pt\">\n\t\u00a0<\/p>\n","protected":false},"excerpt":{"rendered":"<p>\u00a0 See \u00fclesanne v\u00f5imaldab Sul tuvastada tegevused ja oskused, mis on Sinu jaoks olulised v\u00f5i mida oled v\u00e4\u00e4rtustanud. Selleks on Sul vaja leida eelmises \u00fclesandes koostatud anal\u00fc\u00fcsist tegevused ja oskused ning l\u00e4htuvalt nendest v\u00e4lja valida 1-2 teemat, mille kohta t\u00e4psemalt &#8230;<\/p>\n","protected":false},"author":295,"featured_media":0,"parent":0,"menu_order":0,"comment_status":"closed","ping_status":"closed","template":"","meta":{"_acf_changed":false,"inline_featured_image":false,"footnotes":""},"class_list":["post-6","page","type-page","status-publish","hentry"],"acf":[],"_links":{"self":[{"href":"https:\/\/sisu.ut.ee\/edujategu18\/wp-json\/wp\/v2\/pages\/6","targetHints":{"allow":["GET"]}}],"collection":[{"href":"https:\/\/sisu.ut.ee\/edujategu18\/wp-json\/wp\/v2\/pages"}],"about":[{"href":"https:\/\/sisu.ut.ee\/edujategu18\/wp-json\/wp\/v2\/types\/page"}],"author":[{"embeddable":true,"href":"https:\/\/sisu.ut.ee\/edujategu18\/wp-json\/wp\/v2\/users\/295"}],"replies":[{"embeddable":true,"href":"https:\/\/sisu.ut.ee\/edujategu18\/wp-json\/wp\/v2\/comments?post=6"}],"version-history":[{"count":1,"href":"https:\/\/sisu.ut.ee\/edujategu18\/wp-json\/wp\/v2\/pages\/6\/revisions"}],"predecessor-version":[{"id":33,"href":"https:\/\/sisu.ut.ee\/edujategu18\/wp-json\/wp\/v2\/pages\/6\/revisions\/33"}],"wp:attachment":[{"href":"https:\/\/sisu.ut.ee\/edujategu18\/wp-json\/wp\/v2\/media?parent=6"}],"curies":[{"name":"wp","href":"https:\/\/api.w.org\/{rel}","templated":true}]}}