{"id":9,"date":"2024-04-04T08:17:03","date_gmt":"2024-04-04T05:17:03","guid":{"rendered":"https:\/\/sisu.ut.ee\/edujategu17\/karjaari-kujundamine-ja-vaartused\/"},"modified":"2024-04-04T08:17:12","modified_gmt":"2024-04-04T05:17:12","slug":"karjaari-kujundamine-ja-vaartused","status":"publish","type":"page","link":"https:\/\/sisu.ut.ee\/edujategu17\/karjaari-kujundamine-ja-vaartused\/","title":{"rendered":"Karj\u00e4\u00e4ri kujundamine ja v\u00e4\u00e4rtused"},"content":{"rendered":"<p style=\"text-align:justify\">\n\t\u00a0\n<\/p>\n<p style=\"text-align:justify\">\n\t<span style=\"font-size:16px\"><span style=\"color:black\">V\u00e4\u00e4rtused on inimese sisemised t\u00f5ekspidamised, mis n\u00e4itavad, mida inimene hindab ja peab t\u00e4htsaks. <\/span>V\u00e4\u00e4rtushinnangud panevad meid \u00fchtesid asju ja seisundeid eelistama teistele ja juhivad nii meie tegevust ja otsuseid. <span style=\"color:black\">V\u00e4\u00e4rtushinnangud kujunevad keskkonna ja kasvatuse m\u00f5jul, kuid l\u00f5plikult valime nad ise. <\/span>Oma v\u00e4\u00e4rtushinnangutest juhindume me iga p\u00e4ev, igas elusituatsioonis, iga \u00fclesande puhul, igasugusel suhtlemisel teise inimesega. <span style=\"color:black\">Need on meile t\u00e4htsad ja avaldavad meie elule m\u00f5ju.<\/span><\/span>\n<\/p>\n<p style=\"text-align:justify\">\n\t\u00a0\n<\/p>\n<p style=\"text-align:justify\">\n\t<span style=\"font-size:16px\"><img loading=\"lazy\" decoding=\"async\" width=\"1080\" height=\"1080\" class=\"alignnone wp-image-21\" style=\"width:32px;height:32px\" src=\"https:\/\/sisu.ut.ee\/wp-content\/uploads\/sites\/593\/motlemiseks.png\" title=\"motlemiseks.png\" alt=\"m\u00f5tlemiseks\" srcset=\"https:\/\/sisu.ut.ee\/wp-content\/uploads\/sites\/593\/motlemiseks.png 1080w, https:\/\/sisu.ut.ee\/wp-content\/uploads\/sites\/593\/motlemiseks-300x300.png 300w, https:\/\/sisu.ut.ee\/wp-content\/uploads\/sites\/593\/motlemiseks-1024x1024.png 1024w, https:\/\/sisu.ut.ee\/wp-content\/uploads\/sites\/593\/motlemiseks-150x150.png 150w, https:\/\/sisu.ut.ee\/wp-content\/uploads\/sites\/593\/motlemiseks-768x768.png 768w\" sizes=\"auto, (max-width: 1080px) 100vw, 1080px\"><span style=\"color:#e71071\"><strong>M\u00d5TISKLE<\/strong><\/span><\/span>\n<\/p>\n<p style=\"text-align:justify\">\n\t<span style=\"font-size:16px\"><b>Millised on Sinu jaoks olulised t\u00f6\u00f6ga seotud v\u00e4\u00e4rtused? M\u00e4rgi need endale \u00e4ra. <\/b><\/span>\n<\/p>\n<ul>\n<li class=\"Default\">\n\t\t<span style=\"font-size:16px\"><span lang=\"ET\"><span style=\"color:#17365d\">Aidata \u00fchiskonda ja anda oma panus maailma parandamiseks \u00a0<\/span><\/span><\/span>\n\t<\/li>\n<li class=\"Default\">\n\t\t<span style=\"font-size:16px\"><span lang=\"ET\"><span style=\"color:#17365d\">Aidata ja toetada teisi inimesi\u00a0 <\/span><\/span>\u00a0<\/span>\n\t<\/li>\n<li class=\"Default\">\n\t\t<span style=\"font-size:16px\"><span lang=\"ET\"><span style=\"color:#17365d\">Palju suhelda ja t\u00f6\u00f6tada koos erinevate inimestega \u00a0<\/span><\/span><\/span>\n\t<\/li>\n<li class=\"Default\">\n\t\t<span style=\"font-size:16px\"><span lang=\"ET\"><span style=\"color:#17365d\">V\u00f5tta vastutust ja teha otsuseid <\/span><\/span><\/span>\n\t<\/li>\n<li class=\"Default\">\n\t\t<span style=\"font-size:16px\"><span lang=\"ET\"><span style=\"color:#17365d\">T\u00f6\u00f6tada paraja tempo ja pingega, et ei oleks igav\u00a0 <\/span><\/span>\u00a0\u00a0<\/span>\n\t<\/li>\n<li class=\"Default\">\n\t\t<span style=\"font-size:16px\"><span lang=\"ET\"><span style=\"color:#17365d\">T\u00f6\u00f6tada iseseisvalt, s\u00f5ltumatult \u00a0ja ise otsustada oma t\u00f6iste tegevuste \u00fcle <\/span><\/span>\u00a0<\/span>\n\t<\/li>\n<li class=\"Default\">\n\t\t<span style=\"font-size:16px\"><span lang=\"ET\"><span style=\"color:#17365d\">\u00d5ppida, kasutada, anal\u00fc\u00fcsida ja luua teadmisi <\/span><\/span><\/span>\n\t<\/li>\n<li class=\"Default\">\n\t\t<span style=\"font-size:16px\"><span lang=\"ET\"><span style=\"color:#17365d\">Teha t\u00f6\u00f6d, mis on stabiilne ja sisaldab \u00fchetaolisi, ette antud tegevusi\u00a0 <\/span><\/span><\/span>\n\t<\/li>\n<li class=\"Default\">\n\t\t<span style=\"font-size:16px\"><span lang=\"ET\"><span style=\"color:#17365d\">Teha f\u00fc\u00fcsilist t\u00f6\u00f6d<\/span><\/span><\/span>\n\t<\/li>\n<li class=\"Default\">\n\t\t<span style=\"font-size:16px\"><span lang=\"ET\"><span style=\"color:#17365d\">Kasutada oma loovust ja leidlikkust <\/span><\/span><\/span>\n\t<\/li>\n<li class=\"Default\">\n\t\t<span style=\"font-size:16px\"><span lang=\"ET\"><span style=\"color:#17365d\">Saada tunnustatud hea t\u00f6\u00f6 eest <\/span><\/span><\/span>\n\t<\/li>\n<li class=\"Default\">\n\t\t<span style=\"font-size:16px\"><span lang=\"ET\"><span style=\"color:#17365d\">Tunda t\u00f6\u00f6st r\u00f5\u00f5mu<\/span><\/span><\/span>\n\t<\/li>\n<li class=\"Default\">\n\t\t<span style=\"font-size:16px\"><span lang=\"ET\"><span style=\"color:#17365d\">V\u00f5tta riske ja teha v\u00e4ljakutseid pakkuvat t\u00f6\u00f6d \u00a0\u00a0<\/span><\/span><\/span>\n\t<\/li>\n<li class=\"Default\">\n\t\t<span style=\"font-size:16px\"><span lang=\"ET\"><span style=\"color:#17365d\">Saada omal erialal meisterlikuks <\/span><\/span><\/span>\n\t<\/li>\n<li class=\"Default\">\n\t\t<span style=\"font-size:16px\"><span lang=\"ET\"><span style=\"color:#17365d\">Algatada, organiseerida ja olla ettev\u00f5tlik <\/span><\/span><\/span>\n\t<\/li>\n<li class=\"Default\">\n\t\t<span style=\"font-size:16px\"><span lang=\"ET\"><span style=\"color:#17365d\">Teha t\u00f6\u00f6d, mis on muutuv ja mitmekesine <\/span><\/span><\/span>\n\t<\/li>\n<\/ul>\n","protected":false},"excerpt":{"rendered":"<p>\u00a0 V\u00e4\u00e4rtused on inimese sisemised t\u00f5ekspidamised, mis n\u00e4itavad, mida inimene hindab ja peab t\u00e4htsaks. V\u00e4\u00e4rtushinnangud panevad meid \u00fchtesid asju ja seisundeid eelistama teistele ja juhivad nii meie tegevust ja otsuseid. V\u00e4\u00e4rtushinnangud kujunevad keskkonna ja kasvatuse m\u00f5jul, kuid l\u00f5plikult valime nad &#8230;<\/p>\n","protected":false},"author":295,"featured_media":0,"parent":0,"menu_order":0,"comment_status":"closed","ping_status":"closed","template":"","meta":{"_acf_changed":false,"inline_featured_image":false,"footnotes":""},"class_list":["post-9","page","type-page","status-publish","hentry"],"acf":[],"_links":{"self":[{"href":"https:\/\/sisu.ut.ee\/edujategu17\/wp-json\/wp\/v2\/pages\/9","targetHints":{"allow":["GET"]}}],"collection":[{"href":"https:\/\/sisu.ut.ee\/edujategu17\/wp-json\/wp\/v2\/pages"}],"about":[{"href":"https:\/\/sisu.ut.ee\/edujategu17\/wp-json\/wp\/v2\/types\/page"}],"author":[{"embeddable":true,"href":"https:\/\/sisu.ut.ee\/edujategu17\/wp-json\/wp\/v2\/users\/295"}],"replies":[{"embeddable":true,"href":"https:\/\/sisu.ut.ee\/edujategu17\/wp-json\/wp\/v2\/comments?post=9"}],"version-history":[{"count":1,"href":"https:\/\/sisu.ut.ee\/edujategu17\/wp-json\/wp\/v2\/pages\/9\/revisions"}],"predecessor-version":[{"id":53,"href":"https:\/\/sisu.ut.ee\/edujategu17\/wp-json\/wp\/v2\/pages\/9\/revisions\/53"}],"wp:attachment":[{"href":"https:\/\/sisu.ut.ee\/edujategu17\/wp-json\/wp\/v2\/media?parent=9"}],"curies":[{"name":"wp","href":"https:\/\/api.w.org\/{rel}","templated":true}]}}