{"id":8,"date":"2024-04-04T08:17:03","date_gmt":"2024-04-04T05:17:03","guid":{"rendered":"https:\/\/sisu.ut.ee\/edujategu17\/harjutus-enese-avastamine-labi-kogemuste\/"},"modified":"2024-04-04T08:17:12","modified_gmt":"2024-04-04T05:17:12","slug":"harjutus-enese-avastamine-labi-kogemuste","status":"publish","type":"page","link":"https:\/\/sisu.ut.ee\/edujategu17\/harjutus-enese-avastamine-labi-kogemuste\/","title":{"rendered":"Harjutus: Enese avastamine l\u00e4bi kogemuste"},"content":{"rendered":"<p style=\"text-align:justify\">\n\t\u00a0\n<\/p>\n<p style=\"text-align:justify\">\n\t<span style=\"font-size:16px\">Kogemus on inimese enda poolt l\u00e4bi elatud realistlik \u00f5ppetund.<\/span>\n<\/p>\n<p style=\"text-align:justify\">\n\t<span style=\"font-size:16px\">Meil k\u00f5igil on OMA kogemused \u2013 \u00f5ppimise kogemused, t\u00f6\u00f6kogemused, elukogemused jt. Kogemused on v\u00e4ga v\u00e4\u00e4rtuslikud, sest l\u00e4bi tegutsemisel saadud kogemuste \u00f5pime tundma enda v\u00f5imeid ja tugevusi, \u00f5pime ning arendame ka enda oskusi.<b>\u00a0<\/b>L\u00e4bi tegutsemise ja kogemuste \u00f5pime tundma ka enda isiksuseomadusi ning samas ka arendame neid.<\/span>\n<\/p>\n<p style=\"text-align:justify\">\n\t\u00a0\n<\/p>\n<p>\n\t<span style=\"font-size:16px\"><img loading=\"lazy\" decoding=\"async\" width=\"1080\" height=\"1080\" class=\"alignnone wp-image-24\" style=\"width: 32px;height: 32px\" src=\"https:\/\/sisu.ut.ee\/wp-content\/uploads\/sites\/593\/sissejuhatus.png\" title=\"sissejuhatus.png\" alt=\"t\u00f6\u00f6leht\" srcset=\"https:\/\/sisu.ut.ee\/wp-content\/uploads\/sites\/593\/sissejuhatus.png 1080w, https:\/\/sisu.ut.ee\/wp-content\/uploads\/sites\/593\/sissejuhatus-300x300.png 300w, https:\/\/sisu.ut.ee\/wp-content\/uploads\/sites\/593\/sissejuhatus-1024x1024.png 1024w, https:\/\/sisu.ut.ee\/wp-content\/uploads\/sites\/593\/sissejuhatus-150x150.png 150w, https:\/\/sisu.ut.ee\/wp-content\/uploads\/sites\/593\/sissejuhatus-768x768.png 768w\" sizes=\"auto, (max-width: 1080px) 100vw, 1080px\"><strong>Lae endale arvutisse <a data-url=\"https:\/\/e-koolikott.ee\/et\/oppematerjal\/31384-Edu-ja-Tegu-ettevotlus-ja-karjaar-Opitee-ja-too-muutuvas-keskkonnas-Karjaari-ja-ettevotlusoppe-toolehed-kutsekoolidele\/291867#291869-TOOLEHT-Enese-avastamine-labi-kogemuste\" href=\"https:\/\/e-koolikott.ee\/et\/oppematerjal\/31384-Edu-ja-Tegu-ettevotlus-ja-karjaar-Opitee-ja-too-muutuvas-keskkonnas-Karjaari-ja-ettevotlusoppe-toolehed-kutsekoolidele\/291867#291869-TOOLEHT-Enese-avastamine-labi-kogemuste\" target=\"_blank\" title=\"\" rel=\"noopener\">see t\u00f6\u00f6leht<\/a>\u00a0(\u201cEnese avastamine l\u00e4bi kogemuste\u201d) ja t\u00e4ida see.<\/strong><\/span><\/p>\n","protected":false},"excerpt":{"rendered":"<p>\u00a0 Kogemus on inimese enda poolt l\u00e4bi elatud realistlik \u00f5ppetund. Meil k\u00f5igil on OMA kogemused \u2013 \u00f5ppimise kogemused, t\u00f6\u00f6kogemused, elukogemused jt. Kogemused on v\u00e4ga v\u00e4\u00e4rtuslikud, sest l\u00e4bi tegutsemisel saadud kogemuste \u00f5pime tundma enda v\u00f5imeid ja tugevusi, \u00f5pime ning arendame ka &#8230;<\/p>\n","protected":false},"author":295,"featured_media":0,"parent":0,"menu_order":0,"comment_status":"closed","ping_status":"closed","template":"","meta":{"_acf_changed":false,"inline_featured_image":false,"footnotes":""},"class_list":["post-8","page","type-page","status-publish","hentry"],"acf":[],"_links":{"self":[{"href":"https:\/\/sisu.ut.ee\/edujategu17\/wp-json\/wp\/v2\/pages\/8","targetHints":{"allow":["GET"]}}],"collection":[{"href":"https:\/\/sisu.ut.ee\/edujategu17\/wp-json\/wp\/v2\/pages"}],"about":[{"href":"https:\/\/sisu.ut.ee\/edujategu17\/wp-json\/wp\/v2\/types\/page"}],"author":[{"embeddable":true,"href":"https:\/\/sisu.ut.ee\/edujategu17\/wp-json\/wp\/v2\/users\/295"}],"replies":[{"embeddable":true,"href":"https:\/\/sisu.ut.ee\/edujategu17\/wp-json\/wp\/v2\/comments?post=8"}],"version-history":[{"count":1,"href":"https:\/\/sisu.ut.ee\/edujategu17\/wp-json\/wp\/v2\/pages\/8\/revisions"}],"predecessor-version":[{"id":52,"href":"https:\/\/sisu.ut.ee\/edujategu17\/wp-json\/wp\/v2\/pages\/8\/revisions\/52"}],"wp:attachment":[{"href":"https:\/\/sisu.ut.ee\/edujategu17\/wp-json\/wp\/v2\/media?parent=8"}],"curies":[{"name":"wp","href":"https:\/\/api.w.org\/{rel}","templated":true}]}}