{"id":7,"date":"2024-04-04T08:17:03","date_gmt":"2024-04-04T05:17:03","guid":{"rendered":"https:\/\/sisu.ut.ee\/edujategu17\/6-miniharjutust-kes-ma-olen\/"},"modified":"2024-04-05T11:13:59","modified_gmt":"2024-04-05T08:13:59","slug":"6-miniharjutust-kes-ma-olen","status":"publish","type":"page","link":"https:\/\/sisu.ut.ee\/edujategu17\/6-miniharjutust-kes-ma-olen\/","title":{"rendered":"6 miniharjutust: Kes ma olen?"},"content":{"rendered":"<p style=\"text-align:justify\">\r\n\t\u00a0\r\n<\/p>\r\n\r\n<p style=\"text-align:justify\">\r\n\t<span style=\"font-size:16px\"><img loading=\"lazy\" decoding=\"async\" width=\"1080\" height=\"1080\" class=\"alignnone wp-image-23\" style=\"width: 32px;height: 32px\" src=\"https:\/\/sisu.ut.ee\/wp-content\/uploads\/sites\/593\/ulesanne.png\" title=\"ulesanne.png\" alt=\"ulesanne\" srcset=\"https:\/\/sisu.ut.ee\/wp-content\/uploads\/sites\/593\/ulesanne.png 1080w, https:\/\/sisu.ut.ee\/wp-content\/uploads\/sites\/593\/ulesanne-300x300.png 300w, https:\/\/sisu.ut.ee\/wp-content\/uploads\/sites\/593\/ulesanne-1024x1024.png 1024w, https:\/\/sisu.ut.ee\/wp-content\/uploads\/sites\/593\/ulesanne-150x150.png 150w, https:\/\/sisu.ut.ee\/wp-content\/uploads\/sites\/593\/ulesanne-768x768.png 768w\" sizes=\"auto, (max-width: 1080px) 100vw, 1080px\"><span lang=\"ET\"><span style=\"color:#17400c\">Oma unikaalsuse avastamiseks tee l\u00e4bi need 6 miniharjutust.<\/span><\/span><\/span>\r\n<\/p>\r\n\r\n<p style=\"text-align:justify\">\r\n\t<span style=\"font-size:16px\"><strong><div class=\"accordion mb-3\">\n        <div class=\"accordion-item accordion-item--white\">\n        <h2 class=\"accordion-header\" id=\"accordion-69e2d7e86e327-heading\">\n            <button class=\"accordion-button collapsed\" type=\"button\" data-bs-toggle=\"collapse\" data-bs-target=\"#accordion-69e2d7e86e327-collapse\" aria-expanded=\"true\" aria-controls=\"accordion-69e2d7e86e327-collapse\"><span style=\"color:#55bf92\">HARJUTUS 1<\/span><\/button>\n        <\/h2>\n        <div id=\"accordion-69e2d7e86e327-collapse\" class=\"accordion-collapse collapse\" aria-labelledby=\"accordion-69e2d7e86e327-heading\">\n            <div class=\"accordion-body\">\r\n\r\n\r\n<p style=\"text-align:justify\">\r\n\t<span style=\"font-size:16px\"><b>K\u00fcsi oma s\u00f5pradelt, miks neile meeldib Sinuga koos aega veeta?<\/b><\/span>\r\n<\/p>\r\n\r\n<p style=\"text-align:justify\">\r\n\t<span style=\"font-size:16px\"><span lang=\"ET\"><span style=\"color:#1a1a1a\">Kas see v\u00f5ib olla Sinu s\u00fctitav energia, head kuulamisoskused, hea huumorimeel, l\u00e4bim\u00f5eldud arvamused, p\u00f5nev hobi v\u00f5i kuidas Sa oskad m\u00e4rgata k\u00f5iges head? Milliseid Sinu oskuseid nad v\u00e4\u00e4rtustavad?<\/span><\/span><\/span>\r\n<\/p>\r\n\r\n<p style=\"text-align:justify\">\r\n\t<span style=\"font-size:16px\"><span style=\"color:#1a1a1a\">Kui s\u00f5pradelt k\u00fcsimine tundub hirmutav, siis kirjuta \u00fcles oma kolme s\u00f5bra nimed. M\u00f5tle, miks Sina nendega s\u00f5brustad. N\u00fc\u00fcd \u00fcrita astuda s\u00f5bra kingadesse ja k\u00fcsi endalt ning kirjuta \u00fcles, mida Sa nende ellu tood? Kuidas Sa nende elu rikastad?<\/span><\/span>\r\n<\/p>\r\n\r\n<p style=\"text-align:justify\">\r\n\t<span style=\"font-size:16px\"><strong><\/strong><\/span><\/p><\/div>\n        <\/div>\n        <\/div>\n    <\/div><\/strong><\/span>\r\n<\/p>\r\n\r\n<p style=\"text-align:justify\">\r\n\t<span style=\"font-size:16px\"><strong><div class=\"accordion mb-3\">\n        <div class=\"accordion-item accordion-item--white\">\n        <h2 class=\"accordion-header\" id=\"accordion-69e2d7e86e360-heading\">\n            <button class=\"accordion-button collapsed\" type=\"button\" data-bs-toggle=\"collapse\" data-bs-target=\"#accordion-69e2d7e86e360-collapse\" aria-expanded=\"true\" aria-controls=\"accordion-69e2d7e86e360-collapse\"><span style=\"color:#55bf92\">HARJUTUS 2<\/span><\/button>\n        <\/h2>\n        <div id=\"accordion-69e2d7e86e360-collapse\" class=\"accordion-collapse collapse\" aria-labelledby=\"accordion-69e2d7e86e360-heading\">\n            <div class=\"accordion-body\">\r\n\r\n\r\n<p style=\"text-align:justify\">\r\n\t<span style=\"font-size:16px\"><b><span lang=\"ET\"><span style=\"color:black\">Meenuta ja pane ka igap\u00e4evaselt t\u00e4hele, milliseid omadusi teised Sinus v\u00e4lja toovad<\/span><\/span><\/b><span lang=\"ET\"><span style=\"color:#1a1a1a\">.<\/span><\/span><\/span>\r\n<\/p>\r\n\r\n<p style=\"text-align:justify\">\r\n\t<span style=\"font-size:16px\"><span lang=\"ET\"><span style=\"color:#1a1a1a\">Meenuta, mille eest Sind on t\u00e4natud, esile toodud v\u00f5i tunnustatud? Meenuta jutuajamisi s\u00f5pradega \u2013 milliseid omadusi on v\u00e4lja toodud?<\/span><\/span><\/span>\r\n<\/p>\r\n\r\n<p style=\"text-align:justify\">\r\n\t<span style=\"font-size:16px\"><strong><\/strong><\/span><\/p><\/div>\n        <\/div>\n        <\/div>\n    <\/div><\/strong><\/span>\r\n<\/p>\r\n\r\n<p style=\"text-align:justify\">\r\n\t<span style=\"font-size:16px\"><strong><div class=\"accordion mb-3\">\n        <div class=\"accordion-item accordion-item--white\">\n        <h2 class=\"accordion-header\" id=\"accordion-69e2d7e86e364-heading\">\n            <button class=\"accordion-button collapsed\" type=\"button\" data-bs-toggle=\"collapse\" data-bs-target=\"#accordion-69e2d7e86e364-collapse\" aria-expanded=\"true\" aria-controls=\"accordion-69e2d7e86e364-collapse\"><span style=\"color:#55bf92\">HARJUTUS 3<\/span><\/button>\n        <\/h2>\n        <div id=\"accordion-69e2d7e86e364-collapse\" class=\"accordion-collapse collapse\" aria-labelledby=\"accordion-69e2d7e86e364-heading\">\n            <div class=\"accordion-body\">\r\n\r\n\r\n<p style=\"text-align:justify\">\r\n\t<span style=\"font-size:16px\"><b><span lang=\"ET\"><span style=\"color:black\">Kirjuta \u00fcles tegevusi, mida Sulle meeldib teha. Milliseid oskusi meeldib Sulle rakendada?<\/span><\/span><\/b><\/span>\r\n<\/p>\r\n\r\n<p style=\"text-align:justify\">\r\n\t<span style=\"font-size:16px\"><span lang=\"ET\"><span style=\"color:#1a1a1a\">Kas need on suhtlemine, organiseerimine, algatamine, anal\u00fc\u00fcsimine, loomine, k\u00e4tega meisterdamine v\u00f5i t\u00e4psust n\u00f5udvad tegevused v\u00f5i f\u00fc\u00fcsilised tegevused? Need olukorrad ja tegevused m\u00e4\u00e4ratlevad ja vormivad Sind ja annavad\u00a0ka vihjeid Sinu autentsuse kohta. P\u00f6\u00f6ra neile t\u00e4helepanu ja \u00fcrita tuua neid rohkem oma ellu.<\/span><\/span><\/span>\r\n<\/p>\r\n\r\n<p style=\"text-align:justify\">\r\n\t<span style=\"font-size:16px\"><strong><\/strong><\/span><\/p><\/div>\n        <\/div>\n        <\/div>\n    <\/div><\/strong><\/span>\r\n<\/p>\r\n\r\n<p style=\"text-align:justify\">\r\n\t<span style=\"font-size:16px\"><strong><div class=\"accordion mb-3\">\n        <div class=\"accordion-item accordion-item--white\">\n        <h2 class=\"accordion-header\" id=\"accordion-69e2d7e86e367-heading\">\n            <button class=\"accordion-button collapsed\" type=\"button\" data-bs-toggle=\"collapse\" data-bs-target=\"#accordion-69e2d7e86e367-collapse\" aria-expanded=\"true\" aria-controls=\"accordion-69e2d7e86e367-collapse\"><span style=\"color:#55bf92\">HARJUTUS 4<\/span><\/button>\n        <\/h2>\n        <div id=\"accordion-69e2d7e86e367-collapse\" class=\"accordion-collapse collapse\" aria-labelledby=\"accordion-69e2d7e86e367-heading\">\n            <div class=\"accordion-body\">\r\n\r\n\r\n<p style=\"text-align:justify\">\r\n\t<span style=\"font-size:16px\"><b><span lang=\"ET\"><span style=\"color:black\">Pane igap\u00e4evaselt t\u00e4hele, mis paneb Sind tundma iseendana. Milliste tegevuste juures ja millistes olukordades Sa tunned, et toimid koosk\u00f5las iseendaga? <\/span><\/span><\/b><\/span>\r\n<\/p>\r\n\r\n<p style=\"text-align:justify\">\r\n\t<span style=\"font-size:16px\"><span lang=\"ET\"><span style=\"color:#1a1a1a\">Pane n\u00e4dala jooksul need tegemised ja olukorrad endale lehele v\u00f5i arvutisse kirja. Milliseid oskuseid v\u00f5i teadmisi Sa neil hetkedel rakendasid? Mis pakkus Sulle huvi? Kas neis hetkedes peegeldusid Sinu v\u00e4\u00e4rtushinnangud? Millised?<\/span><\/span><\/span>\r\n<\/p>\r\n\r\n<p style=\"text-align:justify\">\r\n\t<span style=\"font-size:16px\"><strong><\/strong><\/span><\/p><\/div>\n        <\/div>\n        <\/div>\n    <\/div><\/strong><\/span>\r\n<\/p>\r\n\r\n<p style=\"text-align:justify\">\r\n\t<span style=\"font-size:16px\"><strong><div class=\"accordion mb-3\">\n        <div class=\"accordion-item accordion-item--white\">\n        <h2 class=\"accordion-header\" id=\"accordion-69e2d7e86e36a-heading\">\n            <button class=\"accordion-button collapsed\" type=\"button\" data-bs-toggle=\"collapse\" data-bs-target=\"#accordion-69e2d7e86e36a-collapse\" aria-expanded=\"true\" aria-controls=\"accordion-69e2d7e86e36a-collapse\"><span style=\"color:#55bf92\">HARJUTUS 5<\/span><\/button>\n        <\/h2>\n        <div id=\"accordion-69e2d7e86e36a-collapse\" class=\"accordion-collapse collapse\" aria-labelledby=\"accordion-69e2d7e86e36a-heading\">\n            <div class=\"accordion-body\">\r\n\r\n\r\n<p style=\"text-align:justify\">\r\n\t<span style=\"font-size:16px\"><b><span lang=\"ET\"><span style=\"color:black\">Vii end 30 minutiks m\u00f5ttematkale \u2013 kujuta ette oma t\u00e4iuslikku t\u00f6\u00f6p\u00e4eva.<\/span><\/span><\/b><\/span>\r\n<\/p>\r\n\r\n<p style=\"text-align:justify\">\r\n\t<span style=\"font-size:16px\"><span lang=\"ET\"><span style=\"color:#1a1a1a\">Kus Sa oleksid? Kes oleks Sinuga? Mida Sa teeksid? Milliseid oskuseid ja teadmisi rakendaksid? Millist v\u00e4\u00e4rtust looksid? Kui midagi p\u00e4he tulemas ei ole, sulge silmad ja v\u00f5ta endalt surve maha. L\u00f5\u00f5gastu. Lihtsalt oota veidi seda. Kui see tuleb m\u00f5tetesse piltide v\u00f5i filmiklipina, siis kirjuta see \u00fcles v\u00f5i joonista v\u00f5i maali v\u00f5i tee sellest koomiks.<\/span><\/span><\/span>\r\n<\/p>\r\n\r\n<p style=\"text-align:justify\">\r\n\t<span style=\"font-size:16px\"><strong><\/strong><\/span><\/p><\/div>\n        <\/div>\n        <\/div>\n    <\/div><\/strong><\/span>\r\n<\/p>\r\n\r\n<p style=\"text-align:justify\">\r\n\t<span style=\"font-size:16px\"><strong><div class=\"accordion mb-3\">\n        <div class=\"accordion-item accordion-item--white\">\n        <h2 class=\"accordion-header\" id=\"accordion-69e2d7e86e370-heading\">\n            <button class=\"accordion-button collapsed\" type=\"button\" data-bs-toggle=\"collapse\" data-bs-target=\"#accordion-69e2d7e86e370-collapse\" aria-expanded=\"true\" aria-controls=\"accordion-69e2d7e86e370-collapse\"><span style=\"color:#55bf92\">HARJUTUS 6<\/span><\/button>\n        <\/h2>\n        <div id=\"accordion-69e2d7e86e370-collapse\" class=\"accordion-collapse collapse\" aria-labelledby=\"accordion-69e2d7e86e370-heading\">\n            <div class=\"accordion-body\">\r\n\r\n\r\n<p style=\"text-align:justify\">\r\n\t<span style=\"font-size:16px\"><b>Vali neist isiksuseomadustest 10, mis Sinu arvates on Sinu k\u00f5ige tugevamad k\u00fcljed. <\/b><\/span>\r\n<\/p>\r\n\r\n<ul>\r\n\t<li>\r\n\t\t<span style=\"font-size:16px\">abivalmis <\/span>\r\n\t<\/li>\r\n\t<li>\r\n\t\t<span style=\"font-size:16px\">anal\u00fc\u00fctiline <\/span>\r\n\t<\/li>\r\n\t<li>\r\n\t\t<span style=\"font-size:16px\">auahne <\/span>\r\n\t<\/li>\r\n\t<li>\r\n\t\t<span style=\"font-size:16px\">aus <\/span>\r\n\t<\/li>\r\n\t<li>\r\n\t\t<span style=\"font-size:16px\">eelarvamustevaba <\/span>\r\n\t<\/li>\r\n\t<li>\r\n\t\t<span style=\"font-size:16px\">emotsionaalne <\/span>\r\n\t<\/li>\r\n\t<li>\r\n\t\t<span style=\"font-size:16px\">empaatiline<\/span>\r\n\t<\/li>\r\n\t<li>\r\n\t\t<span style=\"font-size:16px\">energiline<\/span>\r\n\t<\/li>\r\n\t<li>\r\n\t\t<span style=\"font-size:16px\">enesekindel<\/span>\r\n\t<\/li>\r\n\t<li>\r\n\t\t<span style=\"font-size:16px\">ennastvalitsev<\/span>\r\n\t<\/li>\r\n\t<li>\r\n\t\t<span style=\"font-size:16px\">hea kujutlusv\u00f5imega <\/span>\r\n\t<\/li>\r\n\t<li>\r\n\t\t<span style=\"font-size:16px\">hoolitsev <\/span>\r\n\t<\/li>\r\n\t<li>\r\n\t\t<span style=\"font-size:16px\">hooliv <\/span>\r\n\t<\/li>\r\n\t<li>\r\n\t\t<span style=\"font-size:16px\">humoorikas <\/span>\r\n\t<\/li>\r\n\t<li>\r\n\t\t<span style=\"font-size:16px\">intelligentne <\/span>\r\n\t<\/li>\r\n\t<li>\r\n\t\t<span style=\"font-size:16px\">iseseisev <\/span>\r\n\t<\/li>\r\n\t<li>\r\n\t\t<span style=\"font-size:16px\">jutukas <\/span>\r\n\t<\/li>\r\n\t<li>\r\n\t\t<span style=\"font-size:16px\">j\u00e4rjekindel <\/span>\r\n\t<\/li>\r\n\t<li>\r\n\t\t<span style=\"font-size:16px\">kaalutlev <\/span>\r\n\t<\/li>\r\n\t<li>\r\n\t\t<span style=\"font-size:16px\">kannatlik <\/span>\r\n\t<\/li>\r\n\t<li>\r\n\t\t<span style=\"font-size:16px\">kohanev <\/span>\r\n\t<\/li>\r\n\t<li>\r\n\t\t<span style=\"font-size:16px\">kohusetundlik <\/span>\r\n\t<\/li>\r\n\t<li>\r\n\t\t<span style=\"font-size:16px\">leidlik <\/span>\r\n\t<\/li>\r\n\t<li>\r\n\t\t<span style=\"font-size:16px\">lojaalne <\/span>\r\n\t<\/li>\r\n\t<li>\r\n\t\t<span style=\"font-size:16px\">loov <\/span>\r\n\t<\/li>\r\n\t<li>\r\n\t\t<span style=\"font-size:16px\">mitmek\u00fclgne<\/span>\r\n\t<\/li>\r\n\t<li>\r\n\t\t<span style=\"font-size:16px\">m\u00f5istev<\/span>\r\n\t<\/li>\r\n\t<li>\r\n\t\t<span style=\"font-size:16px\">m\u00f5tiskleja<\/span>\r\n\t<\/li>\r\n\t<li>\r\n\t\t<span style=\"font-size:16px\">optimistlik <\/span>\r\n\t<\/li>\r\n\t<li>\r\n\t\t<span style=\"font-size:16px\">p\u00f5hjalik <\/span>\r\n\t<\/li>\r\n\t<li>\r\n\t\t<span style=\"font-size:16px\">p\u00fcsiv<\/span>\r\n\t<\/li>\r\n\t<li>\r\n\t\t<span style=\"font-size:16px\">rahulik <\/span>\r\n\t<\/li>\r\n\t<li>\r\n\t\t<span style=\"font-size:16px\">riskialdis<\/span>\r\n\t<\/li>\r\n\t<li>\r\n\t\t<span style=\"font-size:16px\">seltsiv<\/span>\r\n\t<\/li>\r\n\t<li>\r\n\t\t<span style=\"font-size:16px\">sihikindel <\/span>\r\n\t<\/li>\r\n\t<li>\r\n\t\t<span style=\"font-size:16px\">siiras<\/span>\r\n\t<\/li>\r\n\t<li>\r\n\t\t<span style=\"font-size:16px\">s\u00f5bralik <\/span>\r\n\t<\/li>\r\n\t<li>\r\n\t\t<span style=\"font-size:16px\">taibukas <\/span>\r\n\t<\/li>\r\n\t<li>\r\n\t\t<span style=\"font-size:16px\">taktitundeline<\/span>\r\n\t<\/li>\r\n\t<li>\r\n\t\t<span style=\"font-size:16px\">tasakaalukas <\/span>\r\n\t<\/li>\r\n\t<li>\r\n\t\t<span style=\"font-size:16px\">toetav<\/span>\r\n\t<\/li>\r\n\t<li>\r\n\t\t<span style=\"font-size:16px\">tundlik <\/span>\r\n\t<\/li>\r\n\t<li>\r\n\t\t<span style=\"font-size:16px\">t\u00f5hus <\/span>\r\n\t<\/li>\r\n\t<li>\r\n\t\t<span style=\"font-size:16px\">t\u00e4pne <\/span>\r\n\t<\/li>\r\n\t<li>\r\n\t\t<span style=\"font-size:16px\">t\u00f6\u00f6kas<\/span>\r\n\t<\/li>\r\n\t<li>\r\n\t\t<span style=\"font-size:16px\">usaldusv\u00e4\u00e4rne<\/span>\r\n\t<\/li>\r\n\t<li>\r\n\t\t<span style=\"font-size:16px\">uudishimulik <\/span>\r\n\t<\/li>\r\n\t<li>\r\n\t\t<span style=\"font-size:16px\">vaimukas <\/span>\r\n\t<\/li>\r\n\t<li>\r\n\t\t<span style=\"font-size:16px\">vastutulelik <\/span>\r\n\t<\/li>\r\n\t<li>\r\n\t\t<span style=\"font-size:16px\">vastutustundlik<\/span>\r\n\t<\/li>\r\n\t<li>\r\n\t\t<span style=\"font-size:16px\">veenev <\/span>\r\n\t<\/li>\r\n\t<li>\r\n\t\t<span style=\"font-size:16px\">\u00fcksikasjalik<\/span>\r\n\t<\/li>\r\n<\/ul>\r\n\r\n<p>\r\n\t<span style=\"font-size:16px\"><b>Millise ameti v\u00f5i t\u00f6\u00f6 juures need Sinu tugevad k\u00fcljed kasuks tulevad? <\/b><\/span>\r\n<\/p>\r\n\r\n<p style=\"text-align:justify\">\r\n\t<span style=\"font-size:16px\"><strong><\/strong><\/span><\/p><\/div>\n        <\/div>\n        <\/div>\n    <\/div><\/strong><\/span>\r\n<\/p>\r\n\r\n<p style=\"text-align:justify\">\r\n\t\u00a0\r\n<\/p>\r\n\r\n<p style=\"text-align:justify\">\r\n\t<span style=\"font-size:16px\"><img loading=\"lazy\" decoding=\"async\" width=\"512\" height=\"512\" class=\"alignnone wp-image-22\" style=\"width: 32px;height: 32px\" src=\"https:\/\/sisu.ut.ee\/wp-content\/uploads\/sites\/593\/star2.png\" title=\"star2.png\" alt=\"star\" srcset=\"https:\/\/sisu.ut.ee\/wp-content\/uploads\/sites\/593\/star2.png 512w, https:\/\/sisu.ut.ee\/wp-content\/uploads\/sites\/593\/star2-300x300.png 300w, https:\/\/sisu.ut.ee\/wp-content\/uploads\/sites\/593\/star2-150x150.png 150w\" sizes=\"auto, (max-width: 512px) 100vw, 512px\"><span lang=\"ET\"><span style=\"color:black\">Olles m\u00f5elnud enda erakordsusele eelnimetatud kuuel erineval moel, siis n\u00fc\u00fcd m\u00e4rka mustreid: milliseid omadusi nimetasid l\u00e4bi kuue harjutuse mitu korda? Need omadused\u00a0 ilmselt ongi osa Sinust.<\/span><\/span><\/span>\r\n<\/p>\r\n\r\n<p style=\"text-align:justify\">\r\n\t<span style=\"font-size:16px\">\u00dcrita oma erakordsus s\u00f5nastada \ud83d\ude42<span lang=\"ET\"><span style=\"color:black\"> <\/span><\/span><\/span>\r\n<\/p>\r\n\r\n<p style=\"text-align:justify\">\r\n\t\u00a0\r\n<\/p>\r\n\r\n<p style=\"text-align:justify\">\r\n\t<span style=\"font-size:16px\"><img loading=\"lazy\" decoding=\"async\" width=\"512\" height=\"512\" class=\"alignnone wp-image-20\" style=\"width: 32px;height: 32px\" src=\"https:\/\/sisu.ut.ee\/wp-content\/uploads\/sites\/593\/task_icon_144088.png\" title=\"task_icon_144088.png\" alt=\"task\" srcset=\"https:\/\/sisu.ut.ee\/wp-content\/uploads\/sites\/593\/task_icon_144088.png 512w, https:\/\/sisu.ut.ee\/wp-content\/uploads\/sites\/593\/task_icon_144088-300x300.png 300w, https:\/\/sisu.ut.ee\/wp-content\/uploads\/sites\/593\/task_icon_144088-150x150.png 150w\" sizes=\"auto, (max-width: 512px) 100vw, 512px\"><span style=\"color:#674fa0\"><strong>TEEMA L\u00dcHIKOKKUV\u00d5TE\u00a0<\/strong><\/span><\/span>\r\n<\/p>\r\n\r\n<p style=\"text-align:justify\">\r\n\t<span style=\"font-size:16px\"><div class=\"h5p-iframe-wrapper\"><div class=\"video-placeholder-wrapper video-placeholder-wrapper--fixed\" style=\"height: 366px;\">\n\t\t\t    <div class=\"video-placeholder d-flex justify-content-center align-items-center\">\n\t\t\t        <div class=\"overlay text-white p-2 w-100 text-center d-block justify-content-center align-items-center\">\n\t\t\t            <div>Kolmandate osapoolte sisu n\u00e4gemiseks palun n\u00f5ustu k\u00fcpsistega.<\/div>\n\t\t\t            <button class=\"btn btn-secondary btn-sm mt-1 consent-change\">Muuda n\u00f5usolekut<\/button>\n\t\t\t        <\/div>\n\t\t\t    <\/div>\n\t\t\t<\/div>\n<\/div><\/span>\r\n<\/p>\r\n","protected":false},"excerpt":{"rendered":"<p>\u00a0 Oma unikaalsuse avastamiseks tee l\u00e4bi need 6 miniharjutust. HARJUTUS 1 K\u00fcsi oma s\u00f5pradelt, miks neile meeldib Sinuga koos aega veeta? Kas see v\u00f5ib olla Sinu s\u00fctitav energia, head kuulamisoskused, hea huumorimeel, l\u00e4bim\u00f5eldud arvamused, p\u00f5nev hobi v\u00f5i kuidas Sa oskad &#8230;<\/p>\n","protected":false},"author":295,"featured_media":0,"parent":0,"menu_order":0,"comment_status":"closed","ping_status":"closed","template":"","meta":{"_acf_changed":false,"inline_featured_image":false,"footnotes":""},"class_list":["post-7","page","type-page","status-publish","hentry"],"acf":[],"_links":{"self":[{"href":"https:\/\/sisu.ut.ee\/edujategu17\/wp-json\/wp\/v2\/pages\/7","targetHints":{"allow":["GET"]}}],"collection":[{"href":"https:\/\/sisu.ut.ee\/edujategu17\/wp-json\/wp\/v2\/pages"}],"about":[{"href":"https:\/\/sisu.ut.ee\/edujategu17\/wp-json\/wp\/v2\/types\/page"}],"author":[{"embeddable":true,"href":"https:\/\/sisu.ut.ee\/edujategu17\/wp-json\/wp\/v2\/users\/295"}],"replies":[{"embeddable":true,"href":"https:\/\/sisu.ut.ee\/edujategu17\/wp-json\/wp\/v2\/comments?post=7"}],"version-history":[{"count":3,"href":"https:\/\/sisu.ut.ee\/edujategu17\/wp-json\/wp\/v2\/pages\/7\/revisions"}],"predecessor-version":[{"id":65,"href":"https:\/\/sisu.ut.ee\/edujategu17\/wp-json\/wp\/v2\/pages\/7\/revisions\/65"}],"wp:attachment":[{"href":"https:\/\/sisu.ut.ee\/edujategu17\/wp-json\/wp\/v2\/media?parent=7"}],"curies":[{"name":"wp","href":"https:\/\/api.w.org\/{rel}","templated":true}]}}