{"id":6,"date":"2024-04-04T08:17:03","date_gmt":"2024-04-04T05:17:03","guid":{"rendered":"https:\/\/sisu.ut.ee\/edujategu17\/enese-tundmaoppimine-kui-karjaari-kujundamise-voti\/"},"modified":"2024-04-04T08:17:12","modified_gmt":"2024-04-04T05:17:12","slug":"enese-tundmaoppimine-kui-karjaari-kujundamise-voti","status":"publish","type":"page","link":"https:\/\/sisu.ut.ee\/edujategu17\/enese-tundmaoppimine-kui-karjaari-kujundamise-voti\/","title":{"rendered":"Enese tundma\u00f5ppimine kui karj\u00e4\u00e4ri kujundamise \u201ev\u00f5ti\u201c"},"content":{"rendered":"<p>\n\t\u00a0\n<\/p>\n<p>\n\t<span style=\"font-size:16px\">Iga\u00fchel meist on oma iseloom, olemise laad ja erip\u00e4ra. Nii ka Sinul. See teeb Sind erakordseks ja huvitavaks. Sinu unikaalsus on see, millega teised suhestuvad. Sinu unikaalsus on see, mis toob Sulle t\u00f6\u00f6, kliendid v\u00f5i m\u00fc\u00fcgiedu. Sinu unikaalsus on see, miks inimesed tahavad Sinuga koost\u00f6\u00f6d teha, Sinuga koos aega veeta. Sinu ainulaadsus \u2013 see oled Sina.<\/span>\n<\/p>\n<p>\n\t<span style=\"font-size:16px\">Enese tundma\u00f5ppimine on karj\u00e4\u00e4rikujundamise \u201cv\u00f5ti\u201d. V\u00e4ga oluline on tunda enda isiksuseomadusi. Enesetundmine aitab otsustada, mida oma ellu soovid, milline tegevus Sulle sobib, mida suudad h\u00e4sti teha ja milles tuleb end arendada. Enese tundma\u00f5ppimisel on oluline eneseanal\u00fc\u00fcs. Samas aga tuleb leppida teadmisega, et me ei tea endast kunagi absoluutselt k\u00f5ike.<\/span>\n<\/p>\n<p>\n\t<span style=\"font-size:16px\">Oma potentsiaali avastades ja seda ellu rakendades k\u00fcpseb ka inimese isiksus. Kui oled avatud k\u00f5igele uuele ja soovid areneda, n\u00e4ed ka uusi v\u00e4ljakutseid, mille abil areneda.<\/span>\n<\/p>\n<p>\n\t<span style=\"font-size:16px\">Seda, kes Sa praegu oled ehk Sinu isiksust on kujundanud ja m\u00f5jutanud suuresti Sinu geneetiline pagas, aga ka keskkond \u2013 vanemate ja s\u00f5prade hoiakud, v\u00e4\u00e4rtushinnangud ja elamisviis. Isiksus ei ole aga kunagi valmis \u2013 vaimne arenemine ja muutumine on elukestev protsess. Seega soovi korral saad oma isiksust arendada selliseks nagu soovid. Isiksuse kujunemisel m\u00e4ngib suurt rolli, millised eesm\u00e4rgid endale rahulolu ja \u00f5nne saavutamiseks seatakse. Tugevat isiksust iseloomustavad tahtej\u00f5ud, p\u00f5him\u00f5ttekindlus, v\u00f5ime end ise juhtida, allumatus hetkeahvatlustele ja sisemine tasakaal. Selle saavutamiseks on vaja tegeleda eneseanal\u00fc\u00fcsiga ja enese arendamisega.<\/span>\n<\/p>\n<p><span style=\"font-size:16px\">Sellest, kui palju ja mida inimene endast teab ning kuidas ta sellesse ise suhtub, s\u00f5ltub tema enesekindlus. Ka enesekindlust saab endas arendada. Sisemine enesekindlus t\u00e4hendab, et Sina kui isik tead, kes Sa oled, ja annad endast parima. Keegi ei saa Sinult enamat n\u00f5uda. See t\u00e4hendab, et julged seista oma mina ja oma tegude eest. Kui tead, kes Sa oled, on v\u00f5imalik muuta asju, mis tunduvad Su elus valed. Enesekindlus annab sisemise turvatunde \u2013 Sa tead, kes Sa oled ja meeldid endale sellisena. Enesekindlana tunned, et oled tubli. Nii usud endasse, julged proovida uusi asju, suudad astuda vastu raskustele ning oled rahulolev, avatud, r\u00f5\u00f5mus ja s\u00f5bralik.<\/span><\/p>\n","protected":false},"excerpt":{"rendered":"<p>\u00a0 Iga\u00fchel meist on oma iseloom, olemise laad ja erip\u00e4ra. Nii ka Sinul. See teeb Sind erakordseks ja huvitavaks. Sinu unikaalsus on see, millega teised suhestuvad. Sinu unikaalsus on see, mis toob Sulle t\u00f6\u00f6, kliendid v\u00f5i m\u00fc\u00fcgiedu. Sinu unikaalsus on &#8230;<\/p>\n","protected":false},"author":295,"featured_media":0,"parent":0,"menu_order":0,"comment_status":"closed","ping_status":"closed","template":"","meta":{"_acf_changed":false,"inline_featured_image":false,"footnotes":""},"class_list":["post-6","page","type-page","status-publish","hentry"],"acf":[],"_links":{"self":[{"href":"https:\/\/sisu.ut.ee\/edujategu17\/wp-json\/wp\/v2\/pages\/6","targetHints":{"allow":["GET"]}}],"collection":[{"href":"https:\/\/sisu.ut.ee\/edujategu17\/wp-json\/wp\/v2\/pages"}],"about":[{"href":"https:\/\/sisu.ut.ee\/edujategu17\/wp-json\/wp\/v2\/types\/page"}],"author":[{"embeddable":true,"href":"https:\/\/sisu.ut.ee\/edujategu17\/wp-json\/wp\/v2\/users\/295"}],"replies":[{"embeddable":true,"href":"https:\/\/sisu.ut.ee\/edujategu17\/wp-json\/wp\/v2\/comments?post=6"}],"version-history":[{"count":1,"href":"https:\/\/sisu.ut.ee\/edujategu17\/wp-json\/wp\/v2\/pages\/6\/revisions"}],"predecessor-version":[{"id":50,"href":"https:\/\/sisu.ut.ee\/edujategu17\/wp-json\/wp\/v2\/pages\/6\/revisions\/50"}],"wp:attachment":[{"href":"https:\/\/sisu.ut.ee\/edujategu17\/wp-json\/wp\/v2\/media?parent=6"}],"curies":[{"name":"wp","href":"https:\/\/api.w.org\/{rel}","templated":true}]}}