{"id":5,"date":"2024-04-04T08:17:03","date_gmt":"2024-04-04T05:17:03","guid":{"rendered":"https:\/\/sisu.ut.ee\/edujategu17\/karjaari-kujundamine\/"},"modified":"2024-04-05T11:14:00","modified_gmt":"2024-04-05T08:14:00","slug":"karjaari-kujundamine","status":"publish","type":"page","link":"https:\/\/sisu.ut.ee\/edujategu17\/karjaari-kujundamine\/","title":{"rendered":"Karj\u00e4\u00e4ri kujundamine"},"content":{"rendered":"<p>\r\n\t\u00a0\r\n<\/p>\r\n\r\n<p style=\"text-align:justify\">\r\n\t<span style=\"font-size:16px\"><b>Karj\u00e4\u00e4r \u2013 see on inimese elukestev haridus- ja t\u00f6\u00f6alane areng k\u00f5igi tema elu rollide omavahelises koosk\u00f5las. <\/b><span style=\"background:white\">See on teekond, mis kujuneb l\u00e4bi erinevate haridus- ja t\u00f6\u00f6alaste valikute terve elu jooksul. Oma igap\u00e4evaste valikute tegemisega me kujundamegi oma elu ja karj\u00e4\u00e4ri, loome ja ehitame iseenda tulevikku. Sellist aktiivset ja eesm\u00e4rgip\u00e4rast tegutsemist nimetatakse karj\u00e4\u00e4ri kujundamiseks.<\/span><\/span>\r\n<\/p>\r\n\r\n<p style=\"text-align:justify\">\r\n\t<span style=\"font-size:16px\"><span style=\"background:white\">Meist iga\u00fcks ise on enda elu juht ja kujundaja. Seejuures on oluline ennast ja oma soove tundma \u00f5ppida, teada t\u00f6\u00f6maailmas peituvaid v\u00f5imalusi, osata endale eesm\u00e4rke seada ja nende t\u00e4itmiseks koostada plaane ning r\u00f5\u00f5msalt tegutseda enda soovide, eesm\u00e4rkide ja plaanide elluviimisel. <\/span><\/span>\r\n<\/p>\r\n\r\n<p style=\"text-align:justify\">\r\n\t<span style=\"font-size:16px\"><b>Enda tundma\u00f5ppimine<\/b> on esmat\u00e4htis <span lang=\"ET\">oma soovide t\u00e4itmisel, tulevikuvalikute tegemisel ja endale rahuldustpakkuva elu loomisel.\u00a0\u00d5nneotsingud ja enda tundmine on omavahel lahutamatult seotud \u2013 ilma teiseta ei tule esimesest midagi v\u00e4lja. Kui ennast ei tunne, kuidas siis teada, mis \u00f5nnelikuks teeb? Enesetundmine aitab otsustada, milline tegevus sobib, mis Sind huvitab, mida Sa suudad h\u00e4sti teha ja milles tuleb end arendada. Eelk\u00f5ige \u00f5pime end tundma l\u00e4bi tegutsemise ja erinevate kogemuste omandamise. Seega tuleb ennast proovile panna katsetades erinevaid tegevusi l\u00e4bi noorteprojektide, vabatahtliku t\u00f6\u00f6, praktika, \u00f5pilasfirma, suviste ajutiste t\u00f6\u00f6de jms. <\/span><\/span>\r\n<\/p>\r\n\r\n<p style=\"text-align:justify\">\r\n\t\u00a0\r\n<\/p>\r\n\r\n<p style=\"text-align:justify\">\r\n\t<span style=\"font-size:16px\"><strong><div class=\"accordion mb-3\">\n        <div class=\"accordion-item accordion-item--white\">\n        <h2 class=\"accordion-header\" id=\"accordion-69d9d8564cb56-heading\">\n            <button class=\"accordion-button collapsed\" type=\"button\" data-bs-toggle=\"collapse\" data-bs-target=\"#accordion-69d9d8564cb56-collapse\" aria-expanded=\"true\" aria-controls=\"accordion-69d9d8564cb56-collapse\"><img loading=\"lazy\" decoding=\"async\" width=\"512\" height=\"512\" class=\"alignnone wp-image-20\" style=\"width: 32px;height: 32px\" src=\"https:\/\/sisu.ut.ee\/wp-content\/uploads\/sites\/593\/task_icon_144088.png\" title=\"task_icon_144088.png\" alt=\"task\" srcset=\"https:\/\/sisu.ut.ee\/wp-content\/uploads\/sites\/593\/task_icon_144088.png 512w, https:\/\/sisu.ut.ee\/wp-content\/uploads\/sites\/593\/task_icon_144088-300x300.png 300w, https:\/\/sisu.ut.ee\/wp-content\/uploads\/sites\/593\/task_icon_144088-150x150.png 150w\" sizes=\"auto, (max-width: 512px) 100vw, 512px\"><strong><span style=\"color:#55bf92\">\u00dcLESANNE<\/span><\/strong><\/button>\n        <\/h2>\n        <div id=\"accordion-69d9d8564cb56-collapse\" class=\"accordion-collapse collapse\" aria-labelledby=\"accordion-69d9d8564cb56-heading\">\n            <div class=\"accordion-body\">\r\n\r\n\r\n<p style=\"text-align:justify\">\r\n\t<span style=\"font-size:16px\"><span lang=\"ET\">Lisaks enesetundmisele on veel suur hulk tegureid, mis m\u00f5jutavad elu ja karj\u00e4\u00e4ri.<\/span><\/span>\r\n<\/p>\r\n\r\n<p style=\"text-align:justify\">\r\n\t<span style=\"font-size:16px\"><div class=\"h5p-iframe-wrapper\"><div class=\"video-placeholder-wrapper video-placeholder-wrapper--fixed\" style=\"height: 366px;\">\n\t\t\t    <div class=\"video-placeholder d-flex justify-content-center align-items-center\">\n\t\t\t        <div class=\"overlay text-white p-2 w-100 text-center d-block justify-content-center align-items-center\">\n\t\t\t            <div>Kolmandate osapoolte sisu n\u00e4gemiseks palun n\u00f5ustu k\u00fcpsistega.<\/div>\n\t\t\t            <button class=\"btn btn-secondary btn-sm mt-1 consent-change\">Muuda n\u00f5usolekut<\/button>\n\t\t\t        <\/div>\n\t\t\t    <\/div>\n\t\t\t<\/div>\n<\/div><\/span>\r\n<\/p>\r\n\r\n<p>\r\n\t<span style=\"font-size:16px\"><strong><\/strong><\/span><\/p><\/div>\n        <\/div>\n        <\/div>\n    <\/div><\/strong><\/span>\r\n<\/p>\r\n\r\n<p style=\"text-align:justify\">\r\n\t\u00a0\r\n<\/p>\r\n\r\n<p style=\"text-align:justify\">\r\n\t<span style=\"font-size:16px\">T\u00f5en\u00e4oliselt t\u00f5desid, et k\u00f5ik nimetatud tegurid m\u00f5jutavad inimeste karj\u00e4\u00e4ri mingil moel. Karj\u00e4\u00e4ri m\u00f5jutavaid tegureid on v\u00e4ga palju. Need tegurid m\u00f5jutavad meid, meie endi tundeid ja m\u00f5tteid ning neidki on meil l\u00f5putult. Lisaks see k\u00f5ik on pidevas muutumises \u2013 muutub maailm ja koos sellega ka me ise. Olukord, kus maailm muutub, me ise muutume ja meie soovid muutuvad, teeb karj\u00e4\u00e4rivalikud t\u00e4nap\u00e4eval keeruliseks. Pidevalt muutuvas maailmas ei saa r\u00e4\u00e4kida karj\u00e4\u00e4rivalikust kui \u00fchekordsest otsusest vaid karj\u00e4\u00e4rikujundamisest kui pidevast ja elukestvast protsessist, kus inimene avastab ennast, uurib t\u00f6\u00f6maailma v\u00f5imalusi, seab eesm\u00e4rke ja tegutseb, arendab ja loob iseennast ning enda jaoks t\u00e4henduslikke v\u00e4\u00e4rtuseid. <\/span>\r\n<\/p>\r\n\r\n<p style=\"text-align:justify\">\r\n\t\u00a0\r\n<\/p>\r\n\r\n<p style=\"text-align:justify\">\r\n\t<span style=\"font-size:16px\"><strong><div class=\"accordion mb-3\">\n        <div class=\"accordion-item accordion-item--white\">\n        <h2 class=\"accordion-header\" id=\"accordion-69d9d8564cb60-heading\">\n            <button class=\"accordion-button collapsed\" type=\"button\" data-bs-toggle=\"collapse\" data-bs-target=\"#accordion-69d9d8564cb60-collapse\" aria-expanded=\"true\" aria-controls=\"accordion-69d9d8564cb60-collapse\"><img loading=\"lazy\" decoding=\"async\" width=\"512\" height=\"512\" class=\"alignnone wp-image-20\" style=\"width: 32px;height: 32px\" src=\"https:\/\/sisu.ut.ee\/wp-content\/uploads\/sites\/593\/task_icon_144088.png\" title=\"task_icon_144088.png\" alt=\"task\" srcset=\"https:\/\/sisu.ut.ee\/wp-content\/uploads\/sites\/593\/task_icon_144088.png 512w, https:\/\/sisu.ut.ee\/wp-content\/uploads\/sites\/593\/task_icon_144088-300x300.png 300w, https:\/\/sisu.ut.ee\/wp-content\/uploads\/sites\/593\/task_icon_144088-150x150.png 150w\" sizes=\"auto, (max-width: 512px) 100vw, 512px\"><strong><span style=\"color:#55bf92\">\u00dcLESANNE<\/span><\/strong><\/button>\n        <\/h2>\n        <div id=\"accordion-69d9d8564cb60-collapse\" class=\"accordion-collapse collapse\" aria-labelledby=\"accordion-69d9d8564cb60-heading\">\n            <div class=\"accordion-body\">\r\n\r\n\r\n<p style=\"text-align:justify\">\r\n\t<span style=\"font-size:16px\"><span lang=\"ET\">Kuidas t\u00e4nap\u00e4eva kiiresti ja pidevalt muutuvas maailmas kujundada ja juhtida oma elu, sealhulgas oma t\u00f6ist elu ehk karj\u00e4\u00e4ri? <\/span><\/span>\r\n<\/p>\r\n\r\n<p>\r\n\t<span style=\"font-size:16px\"><div class=\"h5p-iframe-wrapper\"><div class=\"video-placeholder-wrapper video-placeholder-wrapper--fixed\" style=\"height: 366px;\">\n\t\t\t    <div class=\"video-placeholder d-flex justify-content-center align-items-center\">\n\t\t\t        <div class=\"overlay text-white p-2 w-100 text-center d-block justify-content-center align-items-center\">\n\t\t\t            <div>Kolmandate osapoolte sisu n\u00e4gemiseks palun n\u00f5ustu k\u00fcpsistega.<\/div>\n\t\t\t            <button class=\"btn btn-secondary btn-sm mt-1 consent-change\">Muuda n\u00f5usolekut<\/button>\n\t\t\t        <\/div>\n\t\t\t    <\/div>\n\t\t\t<\/div>\n<\/div><\/span>\r\n<\/p>\r\n\r\n<p>\r\n\t<span style=\"font-size:16px\"><strong><\/strong><\/span><\/p><\/div>\n        <\/div>\n        <\/div>\n    <\/div><\/strong><\/span>\r\n<\/p>\r\n\r\n<p>\r\n\t\u00a0\r\n<\/p>\r\n\r\n<p>\r\n\t<span style=\"font-size:16px\"><span style=\"background:white\"><span lang=\"ET\">Siiski ei ole olemas \u00fchte kindlat \u201eretsepti\u201c, kuidas elu elada tuleks. Inimesed on erinevad, meid m\u00f5jutavad tegurid on erinevad ja seega ka meie karj\u00e4\u00e4riteed on erinevad. Maailmas on l\u00e4bi viidud palju uuringuid selgitamaks, mida silmas pidada enda karj\u00e4\u00e4ri kujundamisel. Neist karj\u00e4\u00e4riteooriatest tulenevad 5 peamist teemat, millele keskenduda ja neist l\u00e4htuvad oskused, mida tasub endal arendada, et t\u00e4nap\u00e4eval t\u00f6\u00f6turul tegus ja r\u00f5\u00f5mus olla. <\/span><\/span><\/span>\r\n<\/p>\r\n\r\n<p>\r\n\t\u00a0\r\n<\/p>\r\n\r\n<p>\r\n\t<span style=\"font-size:16px\"><strong><div class=\"accordion mb-3\">\n        <div class=\"accordion-item accordion-item--white\">\n        <h2 class=\"accordion-header\" id=\"accordion-69d9d8564cb66-heading\">\n            <button class=\"accordion-button collapsed\" type=\"button\" data-bs-toggle=\"collapse\" data-bs-target=\"#accordion-69d9d8564cb66-collapse\" aria-expanded=\"true\" aria-controls=\"accordion-69d9d8564cb66-collapse\"><img loading=\"lazy\" decoding=\"async\" width=\"1080\" height=\"1080\" class=\"alignnone wp-image-21\" style=\"width: 32px;height: 32px\" src=\"https:\/\/sisu.ut.ee\/wp-content\/uploads\/sites\/593\/motlemiseks.png\" title=\"motlemiseks.png\" alt=\"m\u00f5tlemiseks\" srcset=\"https:\/\/sisu.ut.ee\/wp-content\/uploads\/sites\/593\/motlemiseks.png 1080w, https:\/\/sisu.ut.ee\/wp-content\/uploads\/sites\/593\/motlemiseks-300x300.png 300w, https:\/\/sisu.ut.ee\/wp-content\/uploads\/sites\/593\/motlemiseks-1024x1024.png 1024w, https:\/\/sisu.ut.ee\/wp-content\/uploads\/sites\/593\/motlemiseks-150x150.png 150w, https:\/\/sisu.ut.ee\/wp-content\/uploads\/sites\/593\/motlemiseks-768x768.png 768w\" sizes=\"auto, (max-width: 1080px) 100vw, 1080px\"><strong><span style=\"color:#e71071\">M\u00d5TLE JA ARUTLE<\/span><\/strong><\/button>\n        <\/h2>\n        <div id=\"accordion-69d9d8564cb66-collapse\" class=\"accordion-collapse collapse\" aria-labelledby=\"accordion-69d9d8564cb66-heading\">\n            <div class=\"accordion-body\">\r\n\r\n\r\n<p>\r\n\t<span style=\"font-size:16px\"><span style=\"background:white\"><span lang=\"ET\"><span style=\"color:#585858\">Kaartidel on kirjas need 5 peamist teemat, mis tulenevad karj\u00e4\u00e4riteooriatest. <strong>M\u00f5tle ja r\u00e4\u00e4gi oma s\u00f5nadega, mida need Sinu jaoks t\u00e4hendavad, millised oskused nende taga peituvad, et edukalt enda karj\u00e4\u00e4ri kujudada?<\/strong> Kui oled juba m\u00f5elnud ja enda jaoks neid selgitanud, siis kl\u00f5psa kaardil ja loe vajalike oskuste kohta, mis tulenevad karj\u00e4\u00e4riteooriatest.<\/span><\/span><strong><span lang=\"ET\"><span style=\"color:#585858\"> <\/span><\/span><\/strong><\/span><\/span>\r\n<\/p>\r\n\r\n<p>\r\n\t<span style=\"font-size:16px\"><div class=\"h5p-iframe-wrapper\"><div class=\"video-placeholder-wrapper video-placeholder-wrapper--fixed\" style=\"height: 366px;\">\n\t\t\t    <div class=\"video-placeholder d-flex justify-content-center align-items-center\">\n\t\t\t        <div class=\"overlay text-white p-2 w-100 text-center d-block justify-content-center align-items-center\">\n\t\t\t            <div>Kolmandate osapoolte sisu n\u00e4gemiseks palun n\u00f5ustu k\u00fcpsistega.<\/div>\n\t\t\t            <button class=\"btn btn-secondary btn-sm mt-1 consent-change\">Muuda n\u00f5usolekut<\/button>\n\t\t\t        <\/div>\n\t\t\t    <\/div>\n\t\t\t<\/div>\n<\/div><\/span>\r\n<\/p>\r\n\r\n<p>\r\n\t<span style=\"font-size:16px\"><strong><\/strong><\/span><\/p><\/div>\n        <\/div>\n        <\/div>\n    <\/div><\/strong><\/span>\r\n<\/p>\r\n\r\n<p>\r\n\t\u00a0\r\n<\/p>\r\n\r\n<hr>\r\n<p>\r\n\t<span style=\"font-size:16px\"><img loading=\"lazy\" decoding=\"async\" width=\"512\" height=\"512\" class=\"alignnone wp-image-22\" style=\"width: 32px;height: 32px\" src=\"https:\/\/sisu.ut.ee\/wp-content\/uploads\/sites\/593\/star2.png\" title=\"star2.png\" alt=\"star\" srcset=\"https:\/\/sisu.ut.ee\/wp-content\/uploads\/sites\/593\/star2.png 512w, https:\/\/sisu.ut.ee\/wp-content\/uploads\/sites\/593\/star2-300x300.png 300w, https:\/\/sisu.ut.ee\/wp-content\/uploads\/sites\/593\/star2-150x150.png 150w\" sizes=\"auto, (max-width: 512px) 100vw, 512px\"><span style=\"background:white\"><span lang=\"ET\"><span style=\"color:#585858\">Ei olegi oluline, kust t\u00e4pselt alustada v\u00f5i kas tegeleda teemadega paralleelselt, oluline on alustada ja edasi liikuda. V\u00f5ib alustada eneseanal\u00fc\u00fcsiga, v\u00f5i hoopis l\u00e4bi tegutsemise uute kogemuste saamisega ning l\u00e4bi selle uute suhete loomisega ja enese tundma\u00f5ppimisega. \u00dcks asi viib teiseni. K\u00fcll aga alati tasub hoida r\u00f5\u00f5msat meelt, lootuse tunnet ja optimismi. V\u00f5imalused on k\u00f5ikjal meie \u00fcmber. Alustada v\u00f5ib ka t\u00f6\u00f6tamis- v\u00f5i \u00f5ppimisv\u00f5imaluste tutvumisega. Kuid alustada v\u00f5ib ka karj\u00e4\u00e4rin\u00f5ustajaga vestlemisest v\u00f5i hoopis jalutusk\u00e4iguga metsa, et \u00fcles leida oma sisemine r\u00f5\u00f5m. <\/span><\/span><\/span><\/span>\r\n<\/p>\r\n","protected":false},"excerpt":{"rendered":"<p>\u00a0 Karj\u00e4\u00e4r \u2013 see on inimese elukestev haridus- ja t\u00f6\u00f6alane areng k\u00f5igi tema elu rollide omavahelises koosk\u00f5las. See on teekond, mis kujuneb l\u00e4bi erinevate haridus- ja t\u00f6\u00f6alaste valikute terve elu jooksul. Oma igap\u00e4evaste valikute tegemisega me kujundamegi oma elu ja &#8230;<\/p>\n","protected":false},"author":295,"featured_media":0,"parent":0,"menu_order":0,"comment_status":"closed","ping_status":"closed","template":"","meta":{"_acf_changed":false,"inline_featured_image":false,"footnotes":""},"class_list":["post-5","page","type-page","status-publish","hentry"],"acf":[],"_links":{"self":[{"href":"https:\/\/sisu.ut.ee\/edujategu17\/wp-json\/wp\/v2\/pages\/5","targetHints":{"allow":["GET"]}}],"collection":[{"href":"https:\/\/sisu.ut.ee\/edujategu17\/wp-json\/wp\/v2\/pages"}],"about":[{"href":"https:\/\/sisu.ut.ee\/edujategu17\/wp-json\/wp\/v2\/types\/page"}],"author":[{"embeddable":true,"href":"https:\/\/sisu.ut.ee\/edujategu17\/wp-json\/wp\/v2\/users\/295"}],"replies":[{"embeddable":true,"href":"https:\/\/sisu.ut.ee\/edujategu17\/wp-json\/wp\/v2\/comments?post=5"}],"version-history":[{"count":5,"href":"https:\/\/sisu.ut.ee\/edujategu17\/wp-json\/wp\/v2\/pages\/5\/revisions"}],"predecessor-version":[{"id":68,"href":"https:\/\/sisu.ut.ee\/edujategu17\/wp-json\/wp\/v2\/pages\/5\/revisions\/68"}],"wp:attachment":[{"href":"https:\/\/sisu.ut.ee\/edujategu17\/wp-json\/wp\/v2\/media?parent=5"}],"curies":[{"name":"wp","href":"https:\/\/api.w.org\/{rel}","templated":true}]}}