{"id":4,"date":"2024-04-04T08:17:02","date_gmt":"2024-04-04T05:17:02","guid":{"rendered":"https:\/\/sisu.ut.ee\/edujategu17\/sissejuhatus\/"},"modified":"2024-05-13T09:27:37","modified_gmt":"2024-05-13T06:27:37","slug":"sissejuhatus","status":"publish","type":"page","link":"https:\/\/sisu.ut.ee\/edujategu17\/sissejuhatus\/","title":{"rendered":"Sissejuhatus"},"content":{"rendered":"<p><span style=\"font-size: 16px;\"><span style=\"background: white;\"><span style=\"color: black;\">\u00d5ppematerjal \u201e<b>Karj\u00e4\u00e4ri kujundamine ja karj\u00e4\u00e4riplaan\u201c <\/b>tutvustab Sulle, kuidas endale sobivat ja r\u00f5\u00f5mu pakkuvat karj\u00e4\u00e4ri kujundada, sellel teel endale eesm\u00e4rke seada,\u00a0 karj\u00e4\u00e4riplaani koostada ja selle alusel edukalt ning r\u00f5\u00f5msalt toimetada. \u00a0<\/span><\/span><\/span><\/p>\n<p><span style=\"font-size: 16px;\"><span style=\"color: black;\">Materjal on m\u00f5eldud iseseisvaks \u00f5ppimiseks eelk\u00f5ige Sulle, p\u00f5hikooli ja g\u00fcmnaasiumi \u00f5pilane, et m\u00f5ista, mis on karj\u00e4\u00e4rikujundamine, miks see on vajalik ning kuidas endas karj\u00e4\u00e4ri kujundamiseks vajalikke oskusi arendada. \u00a0Lisaks saab teadmisi, kuidas \u00f5ppida tundma iseennast ja oma v\u00f5imalusi t\u00f6\u00f6turul, kuidas seada eesm\u00e4rke ja teha plaane oma unistuste poole liikumiseks. \u00a0<\/span>Selle tulemusena t\u00f5en\u00e4oliselt suureneb Sinu karj\u00e4\u00e4riteadlikkus ning Sa oskad teadlikumalt liikuda enda unistuste t\u00e4itmise suunas.<\/span><\/p>\n<p><span style=\"font-size: 16px;\"><span style=\"background: white;\"><span style=\"color: black;\">Materjal on kasutatav ka k\u00f5igil teistel, kes soovivad luua endale rahuldust pakkuvat karj\u00e4\u00e4ri ning teha selleks karj\u00e4\u00e4riplaani. \u00d5ppimine toimub 100% veebip\u00f5hiselt. Materjali l\u00e4bimiseks kulub umbes 7 tundi. Soovituslik on seda teha osade kaupa. <\/span><\/span><\/span><\/p>\n<p><span style=\"font-size: 16px;\"><span style=\"background: white;\"><span style=\"color: black;\">Materjali omandamise edukuse hindamiseks ja eneseanal\u00fc\u00fcsiks on loodud harjutusi ja t\u00f6\u00f6leht. T\u00f6\u00f6lehe t\u00e4itmiseks lae see endale arvutisse. Allalaetult saad seda endale salvestada ja soovi korral printida v\u00e4lja. Samuti leiad \u00f5ppematerjalist video, mida vaadates saad m\u00f5elda enda t\u00f6\u00f6\u00f5nne loomise peale.<\/span><\/span><\/span><\/p>\n<p><span style=\"font-size: 16px;\"><span style=\"background: white;\"><span style=\"color: black;\">Koostatud \u00f5ppematerjal toetub mitmele allikale, mille loetelu leiad materjali l\u00f5pust. <\/span><\/span><\/span><\/p>\n<p><span style=\"font-size: 16px;\"><span style=\"color: #674fa0;\"><strong><span style=\"background: white;\">R\u00f5\u00f5msat karj\u00e4\u00e4riplaani loomist ja tegutsemist!<\/span><\/strong><\/span><\/span><\/p>\n<p><span style=\"font-size: 16px;\"><span style=\"background: white;\"><span style=\"color: black;\">\u00d5piobjekti autor: Marju P\u00f5ld<\/span><\/span><br>\n<span style=\"background: white;\"><span style=\"color: black;\">Karj\u00e4\u00e4rip\u00f5ld O\u00dc<\/span><\/span><br>\n<span style=\"background: white;\"><span style=\"color: black;\">karj\u00e4\u00e4rin\u00f5ustaja ja koolitaja<\/span><\/span><\/span><\/p>\n<p><span style=\"font-size: 16px;\"><img loading=\"lazy\" decoding=\"async\" class=\"alignnone wp-image-18 size-medium\" title=\"mp.jpg\" src=\"https:\/\/sisu.ut.ee\/wp-content\/uploads\/sites\/593\/mp-264x300.jpg\" alt=\"MarjuP\u00f5ld\" width=\"264\" height=\"300\" srcset=\"https:\/\/sisu.ut.ee\/wp-content\/uploads\/sites\/593\/mp-264x300.jpg 264w, https:\/\/sisu.ut.ee\/wp-content\/uploads\/sites\/593\/mp.jpg 488w\" sizes=\"auto, (max-width: 264px) 100vw, 264px\"><img loading=\"lazy\" decoding=\"async\" width=\"700\" height=\"560\" class=\"alignnone wp-image-19\" style=\"width: 201px; height: 161px;\" title=\"karjaaripold.png\" src=\"https:\/\/sisu.ut.ee\/wp-content\/uploads\/sites\/593\/karjaaripold.png\" alt=\"Karj\u00e4\u00e4rip\u00f5ld\" srcset=\"https:\/\/sisu.ut.ee\/wp-content\/uploads\/sites\/593\/karjaaripold.png 700w, https:\/\/sisu.ut.ee\/wp-content\/uploads\/sites\/593\/karjaaripold-300x240.png 300w\" sizes=\"auto, (max-width: 700px) 100vw, 700px\"><\/span><\/p>\n","protected":false},"excerpt":{"rendered":"<p>\u00d5ppematerjal \u201eKarj\u00e4\u00e4ri kujundamine ja karj\u00e4\u00e4riplaan\u201c tutvustab Sulle, kuidas endale sobivat ja r\u00f5\u00f5mu pakkuvat karj\u00e4\u00e4ri kujundada, sellel teel endale eesm\u00e4rke seada,\u00a0 karj\u00e4\u00e4riplaani koostada ja selle alusel edukalt ning r\u00f5\u00f5msalt toimetada. \u00a0 Materjal on m\u00f5eldud iseseisvaks \u00f5ppimiseks eelk\u00f5ige Sulle, p\u00f5hikooli ja g\u00fcmnaasiumi &#8230;<\/p>\n","protected":false},"author":295,"featured_media":0,"parent":0,"menu_order":0,"comment_status":"closed","ping_status":"closed","template":"","meta":{"_acf_changed":false,"inline_featured_image":false,"footnotes":""},"class_list":["post-4","page","type-page","status-publish","hentry"],"acf":[],"_links":{"self":[{"href":"https:\/\/sisu.ut.ee\/edujategu17\/wp-json\/wp\/v2\/pages\/4","targetHints":{"allow":["GET"]}}],"collection":[{"href":"https:\/\/sisu.ut.ee\/edujategu17\/wp-json\/wp\/v2\/pages"}],"about":[{"href":"https:\/\/sisu.ut.ee\/edujategu17\/wp-json\/wp\/v2\/types\/page"}],"author":[{"embeddable":true,"href":"https:\/\/sisu.ut.ee\/edujategu17\/wp-json\/wp\/v2\/users\/295"}],"replies":[{"embeddable":true,"href":"https:\/\/sisu.ut.ee\/edujategu17\/wp-json\/wp\/v2\/comments?post=4"}],"version-history":[{"count":4,"href":"https:\/\/sisu.ut.ee\/edujategu17\/wp-json\/wp\/v2\/pages\/4\/revisions"}],"predecessor-version":[{"id":80,"href":"https:\/\/sisu.ut.ee\/edujategu17\/wp-json\/wp\/v2\/pages\/4\/revisions\/80"}],"wp:attachment":[{"href":"https:\/\/sisu.ut.ee\/edujategu17\/wp-json\/wp\/v2\/media?parent=4"}],"curies":[{"name":"wp","href":"https:\/\/api.w.org\/{rel}","templated":true}]}}