{"id":16,"date":"2024-04-04T08:17:04","date_gmt":"2024-04-04T05:17:04","guid":{"rendered":"https:\/\/sisu.ut.ee\/edujategu17\/kasutatud-allikad\/"},"modified":"2024-05-13T09:25:41","modified_gmt":"2024-05-13T06:25:41","slug":"kasutatud-allikad","status":"publish","type":"page","link":"https:\/\/sisu.ut.ee\/edujategu17\/kasutatud-allikad\/","title":{"rendered":"Kasutatud allikad"},"content":{"rendered":"<p><span style=\"font-size: 16px;\"><img loading=\"lazy\" decoding=\"async\" width=\"1080\" height=\"1080\" class=\"alignnone wp-image-28\" style=\"width: 32px; height: 32px;\" title=\"lisalugemine.png\" src=\"https:\/\/sisu.ut.ee\/wp-content\/uploads\/sites\/593\/lisalugemine.png\" alt=\"kirjandus\" srcset=\"https:\/\/sisu.ut.ee\/wp-content\/uploads\/sites\/593\/lisalugemine.png 1080w, https:\/\/sisu.ut.ee\/wp-content\/uploads\/sites\/593\/lisalugemine-300x300.png 300w, https:\/\/sisu.ut.ee\/wp-content\/uploads\/sites\/593\/lisalugemine-1024x1024.png 1024w, https:\/\/sisu.ut.ee\/wp-content\/uploads\/sites\/593\/lisalugemine-150x150.png 150w, https:\/\/sisu.ut.ee\/wp-content\/uploads\/sites\/593\/lisalugemine-768x768.png 768w\" sizes=\"auto, (max-width: 1080px) 100vw, 1080px\">Siit leiad k\u00f5ik materjalid, mida on \u00f5piobjekti loomisel kasutatud:<\/span><\/p>\n<ul>\n<li><span style=\"font-size: 16px;\">Boniwell, I. Positiivne ps\u00fchholoogia. T\u00f5husa toimimise p\u00f5hit\u00f5ed. \u00c4rip\u00e4ev, 2014 <\/span><\/li>\n<li><span style=\"font-size: 16px;\">Haridus- ja Teadusministeerium, Haridusportaal\u00a0<a href=\"https:\/\/haridusportaal.edu.ee\/artiklid\/karjaari-kujundamine\" target=\"_blank\" rel=\"noopener\">https:\/\/haridusportaal.edu.ee\/artiklid\/karjaari-kujundamine<\/a><\/span><\/li>\n<li><span style=\"font-size: 16px;\">Innove SA.\u00a0Karj\u00e4\u00e4ri kujundamise p\u00e4devuste mudel, 2016 <a href=\"https:\/\/www.innove.ee\/wp-content\/uploads\/2017\/11\/KOM_kirjeldus_29_12_2017-1.pdf\" target=\"_blank\" rel=\"noopener\">https:\/\/www.innove.ee\/wp-content\/uploads\/2017\/11\/KOM_kirjeldus_29_12_2017-1.pdf<\/a><\/span><\/li>\n<li><span style=\"font-size: 16px;\">Karj\u00e4\u00e4rip\u00f5ld O\u00dc blogi <a href=\"http:\/\/www.karjaaripold.ee\/blogi\" target=\"_blank\" rel=\"noopener\">http:\/\/www.karjaaripold.ee\/blogi<\/a><\/span><\/li>\n<li><span style=\"font-size: 16px;\">\u00a0McMahon, M., Tatham, P.\u00a0Career, More Than Just a Job.\u00a02008 <a href=\"https:\/\/cica.org.au\/wp-content\/uploads\/Career-More-than-Just-a-Job-Career-Development-understandings-informing-myfuture.pdf\" target=\"_blank\" rel=\"noopener\">https:\/\/cica.org.au\/wp-content\/uploads\/Career-More-than-Just-a-Job-Career-Development-understandings-informing-myfuture.pdf<\/a><\/span><\/li>\n<li><span style=\"font-size: 16px;\">Neary, S., Dodd, V., &amp; Hooley, T. Understanding career management skills<i>: Findings the First Phase of the CMS Leader Project. Derby: International centre for Guidance Studie,.<\/i> 2015<\/span><\/li>\n<li><span style=\"font-size: 16px;\"><a href=\"https:\/\/derby.openrepository.com\/derby\/bitstream\/10545\/595866\/1\/Understanding+career+management+skills+Final+Feb+20161.pdf\" target=\"_blank\" rel=\"noopener\">https:\/\/derby.openrepository.com\/derby\/bitstream\/10545\/595866\/1\/Understanding+career+management+skills+Final+Feb+20161.pdf<\/a><\/span><\/li>\n<li><span style=\"font-size: 16px;\">Neill. M. \u201eYou Can Have What You Want: Proven Strategies for Inner and Outer Success\u201c The Obstacle Analysis Grid, 2006<\/span><\/li>\n<li><span style=\"font-size: 16px;\">Young, R. A., &amp; Valach, L. Action theory: An integrative paradigm for research and evaluation in career. Athanasou, J. A., &amp; Van Esbroeck, R. <i>International Handbook of Career Guidance <\/i>New York, NY: Springer,\u00a02008<\/span><\/li>\n<li><span style=\"font-size: 16px;\">P\u00f5ld, M. Eesti noore karj\u00e4\u00e4rijuhtimise mudel. Magistrit\u00f6\u00f6, 2017 <\/span><\/li>\n<li><span style=\"font-size: 16px;\">Savickas, M. L. The theory and practice of career construction<i>. Career development and counceling: Puting theory and research to work<\/i>. Hoboken, NJ: Wiley, 2005<\/span><\/li>\n<li><span style=\"font-size: 16px;\"><span style=\"color: blue;\"><a href=\"https:\/\/e-koolikott.ee\/et\/oppematerjal\/31384-Edu-ja-Tegu-ettevotlus-ja-karjaar-Opitee-ja-too-muutuvas-keskkonnas-Karjaari-ja-ettevotlusoppe-toolehed-kutsekoolidele\" target=\"_blank\" rel=\"noopener\">https:\/\/e-koolikott.ee\/et\/oppematerjal\/31384-Edu-ja-Tegu-ettevotlus-ja-karjaar-Opitee-ja-too-muutuvas-keskkonnas-Karjaari-ja-ettevotlusoppe-toolehed-kutsekoolidele<\/a><\/span><\/span><\/li>\n<\/ul>\n","protected":false},"excerpt":{"rendered":"<p>Siit leiad k\u00f5ik materjalid, mida on \u00f5piobjekti loomisel kasutatud: Boniwell, I. Positiivne ps\u00fchholoogia. T\u00f5husa toimimise p\u00f5hit\u00f5ed. \u00c4rip\u00e4ev, 2014 Haridus- ja Teadusministeerium, Haridusportaal\u00a0https:\/\/haridusportaal.edu.ee\/artiklid\/karjaari-kujundamine Innove SA.\u00a0Karj\u00e4\u00e4ri kujundamise p\u00e4devuste mudel, 2016 https:\/\/www.innove.ee\/wp-content\/uploads\/2017\/11\/KOM_kirjeldus_29_12_2017-1.pdf Karj\u00e4\u00e4rip\u00f5ld O\u00dc blogi http:\/\/www.karjaaripold.ee\/blogi \u00a0McMahon, M., Tatham, P.\u00a0Career, More Than Just &#8230;<\/p>\n","protected":false},"author":295,"featured_media":0,"parent":0,"menu_order":0,"comment_status":"closed","ping_status":"closed","template":"","meta":{"_acf_changed":false,"inline_featured_image":false,"footnotes":""},"class_list":["post-16","page","type-page","status-publish","hentry"],"acf":[],"_links":{"self":[{"href":"https:\/\/sisu.ut.ee\/edujategu17\/wp-json\/wp\/v2\/pages\/16","targetHints":{"allow":["GET"]}}],"collection":[{"href":"https:\/\/sisu.ut.ee\/edujategu17\/wp-json\/wp\/v2\/pages"}],"about":[{"href":"https:\/\/sisu.ut.ee\/edujategu17\/wp-json\/wp\/v2\/types\/page"}],"author":[{"embeddable":true,"href":"https:\/\/sisu.ut.ee\/edujategu17\/wp-json\/wp\/v2\/users\/295"}],"replies":[{"embeddable":true,"href":"https:\/\/sisu.ut.ee\/edujategu17\/wp-json\/wp\/v2\/comments?post=16"}],"version-history":[{"count":2,"href":"https:\/\/sisu.ut.ee\/edujategu17\/wp-json\/wp\/v2\/pages\/16\/revisions"}],"predecessor-version":[{"id":77,"href":"https:\/\/sisu.ut.ee\/edujategu17\/wp-json\/wp\/v2\/pages\/16\/revisions\/77"}],"wp:attachment":[{"href":"https:\/\/sisu.ut.ee\/edujategu17\/wp-json\/wp\/v2\/media?parent=16"}],"curies":[{"name":"wp","href":"https:\/\/api.w.org\/{rel}","templated":true}]}}