{"id":15,"date":"2024-04-04T08:17:04","date_gmt":"2024-04-04T05:17:04","guid":{"rendered":"https:\/\/sisu.ut.ee\/edujategu17\/kordamine\/"},"modified":"2024-05-13T09:30:52","modified_gmt":"2024-05-13T06:30:52","slug":"kordamine","status":"publish","type":"page","link":"https:\/\/sisu.ut.ee\/edujategu17\/kordamine\/","title":{"rendered":"Kordamine"},"content":{"rendered":"<p><span style=\"font-size: 16px;\"><img loading=\"lazy\" decoding=\"async\" width=\"1080\" height=\"1080\" class=\"alignnone wp-image-27\" style=\"width: 32px; height: 32px;\" title=\"video.png\" src=\"https:\/\/sisu.ut.ee\/wp-content\/uploads\/sites\/593\/video.png\" alt=\"video\" srcset=\"https:\/\/sisu.ut.ee\/wp-content\/uploads\/sites\/593\/video.png 1080w, https:\/\/sisu.ut.ee\/wp-content\/uploads\/sites\/593\/video-300x300.png 300w, https:\/\/sisu.ut.ee\/wp-content\/uploads\/sites\/593\/video-1024x1024.png 1024w, https:\/\/sisu.ut.ee\/wp-content\/uploads\/sites\/593\/video-150x150.png 150w, https:\/\/sisu.ut.ee\/wp-content\/uploads\/sites\/593\/video-768x768.png 768w\" sizes=\"auto, (max-width: 1080px) 100vw, 1080px\">Vaata Eesti Televisiooni saate <a title=\"\" href=\"https:\/\/etv2.err.ee\/1133374\/plekktrumm\" target=\"_blank\" rel=\"noopener\" data-url=\"https:\/\/etv2.err.ee\/1133374\/plekktrumm\">https:\/\/etv2.err.ee\/1133374\/plekktrumm<\/a>,\u00a0kus saatejuht\u00a0Joonas Hellerma vestluspartneriks on\u00a0karj\u00e4\u00e4rin\u00f5ustaja Tiina Saar-Veelmaa.\u00a0Vaata videost v\u00e4hemalt esimesed 10 minutit.<\/span><\/p>\n<p><span style=\"font-size: 16px;\"><img loading=\"lazy\" decoding=\"async\" width=\"1080\" height=\"1080\" class=\"alignnone wp-image-21\" style=\"width: 32px; height: 32px;\" title=\"motlemiseks.png\" src=\"https:\/\/sisu.ut.ee\/wp-content\/uploads\/sites\/593\/motlemiseks.png\" alt=\"m\u00f5tlemiseks\" srcset=\"https:\/\/sisu.ut.ee\/wp-content\/uploads\/sites\/593\/motlemiseks.png 1080w, https:\/\/sisu.ut.ee\/wp-content\/uploads\/sites\/593\/motlemiseks-300x300.png 300w, https:\/\/sisu.ut.ee\/wp-content\/uploads\/sites\/593\/motlemiseks-1024x1024.png 1024w, https:\/\/sisu.ut.ee\/wp-content\/uploads\/sites\/593\/motlemiseks-150x150.png 150w, https:\/\/sisu.ut.ee\/wp-content\/uploads\/sites\/593\/motlemiseks-768x768.png 768w\" sizes=\"auto, (max-width: 1080px) 100vw, 1080px\">M\u00f5tiskle ja vasta k\u00fcsimustele<\/span><\/p>\n<ul>\n<li><span style=\"font-size: 16px;\">Milliseid t\u00f6\u00f6\u00f5nne elemente intervjuus mainiti?<\/span><\/li>\n<li><span style=\"font-size: 16px;\">Mis on Sinu jaoks t\u00f6\u00f6\u00f5nn?<\/span><\/li>\n<li><span style=\"font-size: 16px;\">Mida saad selle saavutamiseks ise teha?\u00a0<\/span><\/li>\n<\/ul>\n<p><span style=\"font-size: 16px;\"><img loading=\"lazy\" decoding=\"async\" width=\"512\" height=\"512\" class=\"alignnone wp-image-22\" style=\"width: 32px; height: 32px;\" title=\"star2.png\" src=\"https:\/\/sisu.ut.ee\/wp-content\/uploads\/sites\/593\/star2.png\" alt=\"star\" srcset=\"https:\/\/sisu.ut.ee\/wp-content\/uploads\/sites\/593\/star2.png 512w, https:\/\/sisu.ut.ee\/wp-content\/uploads\/sites\/593\/star2-300x300.png 300w, https:\/\/sisu.ut.ee\/wp-content\/uploads\/sites\/593\/star2-150x150.png 150w\" sizes=\"auto, (max-width: 512px) 100vw, 512px\">Kas Sinu t\u00f6\u00f6\u00f5nn ja selle saavutamiseks vajalikud tegevused peegelduvad ka Sinu karj\u00e4\u00e4riplaanist? Soovi korral t\u00e4ienda oma karj\u00e4\u00e4riplaani.<\/span><\/p>\n","protected":false},"excerpt":{"rendered":"<p>Vaata Eesti Televisiooni saate https:\/\/etv2.err.ee\/1133374\/plekktrumm,\u00a0kus saatejuht\u00a0Joonas Hellerma vestluspartneriks on\u00a0karj\u00e4\u00e4rin\u00f5ustaja Tiina Saar-Veelmaa.\u00a0Vaata videost v\u00e4hemalt esimesed 10 minutit. M\u00f5tiskle ja vasta k\u00fcsimustele Milliseid t\u00f6\u00f6\u00f5nne elemente intervjuus mainiti? Mis on Sinu jaoks t\u00f6\u00f6\u00f5nn? Mida saad selle saavutamiseks ise teha?\u00a0 Kas Sinu t\u00f6\u00f6\u00f5nn ja &#8230;<\/p>\n","protected":false},"author":295,"featured_media":0,"parent":0,"menu_order":0,"comment_status":"closed","ping_status":"closed","template":"","meta":{"_acf_changed":false,"inline_featured_image":false,"footnotes":""},"class_list":["post-15","page","type-page","status-publish","hentry"],"acf":[],"_links":{"self":[{"href":"https:\/\/sisu.ut.ee\/edujategu17\/wp-json\/wp\/v2\/pages\/15","targetHints":{"allow":["GET"]}}],"collection":[{"href":"https:\/\/sisu.ut.ee\/edujategu17\/wp-json\/wp\/v2\/pages"}],"about":[{"href":"https:\/\/sisu.ut.ee\/edujategu17\/wp-json\/wp\/v2\/types\/page"}],"author":[{"embeddable":true,"href":"https:\/\/sisu.ut.ee\/edujategu17\/wp-json\/wp\/v2\/users\/295"}],"replies":[{"embeddable":true,"href":"https:\/\/sisu.ut.ee\/edujategu17\/wp-json\/wp\/v2\/comments?post=15"}],"version-history":[{"count":2,"href":"https:\/\/sisu.ut.ee\/edujategu17\/wp-json\/wp\/v2\/pages\/15\/revisions"}],"predecessor-version":[{"id":82,"href":"https:\/\/sisu.ut.ee\/edujategu17\/wp-json\/wp\/v2\/pages\/15\/revisions\/82"}],"wp:attachment":[{"href":"https:\/\/sisu.ut.ee\/edujategu17\/wp-json\/wp\/v2\/media?parent=15"}],"curies":[{"name":"wp","href":"https:\/\/api.w.org\/{rel}","templated":true}]}}