{"id":13,"date":"2024-04-04T08:17:03","date_gmt":"2024-04-04T05:17:03","guid":{"rendered":"https:\/\/sisu.ut.ee\/edujategu17\/karjaariplaan\/"},"modified":"2024-05-13T09:30:21","modified_gmt":"2024-05-13T06:30:21","slug":"karjaariplaan","status":"publish","type":"page","link":"https:\/\/sisu.ut.ee\/edujategu17\/karjaariplaan\/","title":{"rendered":"Karj\u00e4\u00e4riplaan"},"content":{"rendered":"<p><span style=\"font-size: 16px;\">Eesm\u00e4rkide seadmine on t\u00e4htis kuna eesm\u00e4rk annab kindla sihi, kuhu suunas liikuda. Kui enda soovid ja unistused on selgemad, neist l\u00e4htuvad eesm\u00e4rgid endale seatud, siis edasi saab m\u00f5elda, kuidas seda k\u00f5ike saavutada? J\u00e4rgneb karj\u00e4\u00e4riplaani tegemine. See on strateegia ja tegevuste kavandamine, mis aitavad liikuda eesm\u00e4rgi t\u00e4itmise suunas.<\/span><\/p>\n<p><span style=\"font-size: 16px;\"><div class=\"accordion mb-3\">\n        <div class=\"accordion-item accordion-item--white\">\n        <h2 class=\"accordion-header\" id=\"accordion-69d9d8659f3d7-heading\">\n            <button class=\"accordion-button collapsed\" type=\"button\" data-bs-toggle=\"collapse\" data-bs-target=\"#accordion-69d9d8659f3d7-collapse\" aria-expanded=\"true\" aria-controls=\"accordion-69d9d8659f3d7-collapse\"><img loading=\"lazy\" decoding=\"async\" width=\"1080\" height=\"1080\" class=\"alignnone wp-image-23\" style=\"width: 32px; height: 32px;\" title=\"ulesanne.png\" src=\"https:\/\/sisu.ut.ee\/wp-content\/uploads\/sites\/593\/ulesanne.png\" alt=\"ulesanne\" srcset=\"https:\/\/sisu.ut.ee\/wp-content\/uploads\/sites\/593\/ulesanne.png 1080w, https:\/\/sisu.ut.ee\/wp-content\/uploads\/sites\/593\/ulesanne-300x300.png 300w, https:\/\/sisu.ut.ee\/wp-content\/uploads\/sites\/593\/ulesanne-1024x1024.png 1024w, https:\/\/sisu.ut.ee\/wp-content\/uploads\/sites\/593\/ulesanne-150x150.png 150w, https:\/\/sisu.ut.ee\/wp-content\/uploads\/sites\/593\/ulesanne-768x768.png 768w\" sizes=\"auto, (max-width: 1080px) 100vw, 1080px\"><span style=\"color: #e71071;\"><strong>\u00dclesanne: karj\u00e4\u00e4riplaani koostamine<\/strong><\/span><\/button>\n        <\/h2>\n        <div id=\"accordion-69d9d8659f3d7-collapse\" class=\"accordion-collapse collapse\" aria-labelledby=\"accordion-69d9d8659f3d7-heading\">\n            <div class=\"accordion-body\">\n<p><span style=\"font-size: 16px;\"><span lang=\"ET\">Allj\u00e4rgnevalt ongi Sul v\u00f5imalus luua oma karj\u00e4\u00e4riplaan. Selleks <\/span>salvesta endale karj\u00e4\u00e4riplaani koostamise t\u00f6\u00f6leht. Soovi korral v\u00f5id seda t\u00e4ita arvutis v\u00f5i printida see v\u00e4lja ja kasutada hoopiski paberit ja pliiatsit. Oluline on karj\u00e4\u00e4riplaan endale sobival viisil salvestada ja alles j\u00e4tta, et saaksid seda aeg-ajalt uuesti vaadata, vajadusel muuta ja j\u00e4lgida enda eesm\u00e4rgi poole liikumist.<\/span><\/p>\n<p><span style=\"font-size: 16px;\"><img loading=\"lazy\" decoding=\"async\" width=\"1080\" height=\"1080\" class=\"alignnone wp-image-24\" style=\"width: 32px; height: 32px;\" title=\"sissejuhatus.png\" src=\"https:\/\/sisu.ut.ee\/wp-content\/uploads\/sites\/593\/sissejuhatus.png\" alt=\"t\u00f6\u00f6leht\" srcset=\"https:\/\/sisu.ut.ee\/wp-content\/uploads\/sites\/593\/sissejuhatus.png 1080w, https:\/\/sisu.ut.ee\/wp-content\/uploads\/sites\/593\/sissejuhatus-300x300.png 300w, https:\/\/sisu.ut.ee\/wp-content\/uploads\/sites\/593\/sissejuhatus-1024x1024.png 1024w, https:\/\/sisu.ut.ee\/wp-content\/uploads\/sites\/593\/sissejuhatus-150x150.png 150w, https:\/\/sisu.ut.ee\/wp-content\/uploads\/sites\/593\/sissejuhatus-768x768.png 768w\" sizes=\"auto, (max-width: 1080px) 100vw, 1080px\"><strong>Loo oma karj\u00e4\u00e4riplaan, t\u00e4ites \u00e4ra karj\u00e4\u00e4riplaani koostamise t\u00f6\u00f6lehe: <span class=\"file media-element file-os-files-link\" data-file_info=\"%7B%22fid%22:74492,%22view_mode%22:%22os_files_link%22,%22type%22:%22media%22%7D\"><img decoding=\"async\" class=\"file-icon\" src=\"\/profiles\/openscholar\/modules\/os\/modules\/os_files\/icons\/x-office-document.svg\" alt=\"\"> <a href=\"https:\/\/sisu.ut.ee\/wp-content\/uploads\/sites\/593\/karjaariplaani_koostamise_tooleht.docx\">karjaariplaani_koostamise_tooleht.docx<\/a><\/span><\/strong><\/span><\/p>\n<p><span style=\"font-size: 16px;\"><\/span><\/p><\/div>\n        <\/div>\n        <\/div>\n    <\/div><\/span><\/p>\n<p><span style=\"font-size: 16px;\"><img loading=\"lazy\" decoding=\"async\" width=\"512\" height=\"512\" class=\"alignnone wp-image-22\" style=\"width: 32px; height: 32px;\" title=\"star2.png\" src=\"https:\/\/sisu.ut.ee\/wp-content\/uploads\/sites\/593\/star2.png\" alt=\"star\" srcset=\"https:\/\/sisu.ut.ee\/wp-content\/uploads\/sites\/593\/star2.png 512w, https:\/\/sisu.ut.ee\/wp-content\/uploads\/sites\/593\/star2-300x300.png 300w, https:\/\/sisu.ut.ee\/wp-content\/uploads\/sites\/593\/star2-150x150.png 150w\" sizes=\"auto, (max-width: 512px) 100vw, 512px\"><span lang=\"ET\">Ei ole olemas vaid \u00fchte \u00f5iget teed ega plaani. Mitmes suunas m\u00f5tlemine ja e<\/span>rinevate teede leidmine enda eesm\u00e4rkide elluviimisel on oluline, sest \u00fcks ja kindel tee ei pruugi alati olla parim. Sa v\u00f5id alati oma plaani \u00fcmber m\u00f5elda, t\u00e4iendada kui plaan ei t\u00f6\u00f6ta v\u00f5i kui olukorrad, enda huvid v\u00f5i prioriteedid muutusid. Samuti v\u00f5id muuta endale seatud t\u00e4htaegu, kui tundub, et pandud t\u00e4htaeg ei ole siiski realistlik ja vajad n\u00e4iteks rohkem aega.\u00a0See on ju Sinu plaan iseenda jaoks ja Sa saad seda pidevalt t\u00e4iustada ja kohandada rohkem enda vajaduste, muutuvate olude ja soovide j\u00e4rgi.<\/span><\/p>\n","protected":false},"excerpt":{"rendered":"<p>Eesm\u00e4rkide seadmine on t\u00e4htis kuna eesm\u00e4rk annab kindla sihi, kuhu suunas liikuda. Kui enda soovid ja unistused on selgemad, neist l\u00e4htuvad eesm\u00e4rgid endale seatud, siis edasi saab m\u00f5elda, kuidas seda k\u00f5ike saavutada? J\u00e4rgneb karj\u00e4\u00e4riplaani tegemine. See on strateegia ja tegevuste &#8230;<\/p>\n","protected":false},"author":295,"featured_media":0,"parent":0,"menu_order":0,"comment_status":"closed","ping_status":"closed","template":"","meta":{"_acf_changed":false,"inline_featured_image":false,"footnotes":""},"class_list":["post-13","page","type-page","status-publish","hentry"],"acf":[],"_links":{"self":[{"href":"https:\/\/sisu.ut.ee\/edujategu17\/wp-json\/wp\/v2\/pages\/13","targetHints":{"allow":["GET"]}}],"collection":[{"href":"https:\/\/sisu.ut.ee\/edujategu17\/wp-json\/wp\/v2\/pages"}],"about":[{"href":"https:\/\/sisu.ut.ee\/edujategu17\/wp-json\/wp\/v2\/types\/page"}],"author":[{"embeddable":true,"href":"https:\/\/sisu.ut.ee\/edujategu17\/wp-json\/wp\/v2\/users\/295"}],"replies":[{"embeddable":true,"href":"https:\/\/sisu.ut.ee\/edujategu17\/wp-json\/wp\/v2\/comments?post=13"}],"version-history":[{"count":4,"href":"https:\/\/sisu.ut.ee\/edujategu17\/wp-json\/wp\/v2\/pages\/13\/revisions"}],"predecessor-version":[{"id":81,"href":"https:\/\/sisu.ut.ee\/edujategu17\/wp-json\/wp\/v2\/pages\/13\/revisions\/81"}],"wp:attachment":[{"href":"https:\/\/sisu.ut.ee\/edujategu17\/wp-json\/wp\/v2\/media?parent=13"}],"curies":[{"name":"wp","href":"https:\/\/api.w.org\/{rel}","templated":true}]}}