{"id":12,"date":"2024-04-04T08:17:03","date_gmt":"2024-04-04T05:17:03","guid":{"rendered":"https:\/\/sisu.ut.ee\/edujategu17\/karjaarieesmarkide-seadmine\/"},"modified":"2024-05-13T09:23:38","modified_gmt":"2024-05-13T06:23:38","slug":"karjaarieesmarkide-seadmine","status":"publish","type":"page","link":"https:\/\/sisu.ut.ee\/edujategu17\/karjaarieesmarkide-seadmine\/","title":{"rendered":"Karj\u00e4\u00e4rieesm\u00e4rkide seadmine"},"content":{"rendered":"<p><span style=\"font-size: 16px;\">Karj\u00e4\u00e4rieesm\u00e4rk on isiklik siht, p\u00fc\u00fcdlus, \u00fclesanne v\u00f5i tulevikusuund, mis on inimest motiveeriv ja aitab eluk\u00e4iku suunata soovitud suunas. Kui inimene teab, millised on tema eesm\u00e4rgid, miks ta nende poole p\u00fc\u00fcdleb ja need on vastavuses tema v\u00e4\u00e4rtushinnangutega, siis see suurendab elukvaliteeti ja rahulolu eluga. Heaolu ja rahulolu eluga suureneb, kui endale seatud eesm\u00e4rgid on:<\/span><\/p>\n<ul>\n<li><span style=\"font-size: 16px;\">t\u00e4hendusrikkad isiklikus plaanis<\/span><\/li>\n<li><span style=\"font-size: 16px;\">teostatavad ja realistlikud<\/span><\/li>\n<li><span style=\"font-size: 16px;\">tulevikku suunatud<\/span><\/li>\n<li><span style=\"font-size: 16px;\">suunavad arengule<\/span><\/li>\n<li><span style=\"font-size: 16px;\">motiveerivad<\/span><\/li>\n<li><span style=\"font-size: 16px;\">p\u00fchendumist n\u00f5udvad<\/span><\/li>\n<li><span style=\"font-size: 16px;\">r\u00f5\u00f5mu pakkuvad<\/span><\/li>\n<li><span style=\"font-size: 16px;\">\u00fchiskonna ja enda l\u00e4hedastega arvestavad<\/span><\/li>\n<li><span style=\"font-size: 16px;\">kohanduvad ning koosk\u00f5las inimese vajadustega<\/span><\/li>\n<li><span style=\"font-size: 16px;\">kultuuris v\u00e4\u00e4rtustatud<\/span><\/li>\n<li><span style=\"font-size: 16px;\">omavahel koosk\u00f5las.<\/span><\/li>\n<\/ul>\n<p><span style=\"font-size: 16px;\">Enda karj\u00e4\u00e4rialased eesm\u00e4rgid vali eelk\u00f5ige l\u00e4htuvalt iseenda unistustest ja soovidest. Et oma suund selgeks saada, kujutle ennast 10 v\u00f5i 20 aasta p\u00e4rast \u2013 milline on siis Sinu unistuste elu?<\/span><\/p>\n<p><span style=\"font-size: 16px;\"><strong><div class=\"accordion mb-3\">\n        <div class=\"accordion-item accordion-item--white\">\n        <h2 class=\"accordion-header\" id=\"accordion-69d9d86596883-heading\">\n            <button class=\"accordion-button collapsed\" type=\"button\" data-bs-toggle=\"collapse\" data-bs-target=\"#accordion-69d9d86596883-collapse\" aria-expanded=\"true\" aria-controls=\"accordion-69d9d86596883-collapse\"><img decoding=\"async\" style=\"width: 32px; height: 32px;\" title=\"\" src=\"https:\/\/sisu.ut.ee\/wp-content\/uploads\/sites\/593\/motlemiseks.png\" alt=\"m\u00f5tlemiseks\" data-file_info=\"%7B%22fid%22:%2274456%22,%22view_mode%22:%22default%22,%22type%22:%22media%22%7D\"><strong><span style=\"color: #e71071;\">UNISTA JA M\u00d5TISKLE<\/span><\/strong><\/button>\n        <\/h2>\n        <div id=\"accordion-69d9d86596883-collapse\" class=\"accordion-collapse collapse\" aria-labelledby=\"accordion-69d9d86596883-heading\">\n            <div class=\"accordion-body\">\n<ul>\n<li><span style=\"font-size: 16px;\">Milline Sa siis tahaksid olla?<\/span><\/li>\n<li><span style=\"font-size: 16px;\">Millega soovid tegeleda?<\/span><\/li>\n<li><span style=\"font-size: 16px;\">Milliseid v\u00e4\u00e4rtusi soovid luua nii endale kui teistele?<\/span><\/li>\n<li><span style=\"font-size: 16px;\">Milliseid oskusi soovid omada?<\/span><\/li>\n<li><span style=\"font-size: 16px;\">Milles soovid olla meisterlik?<\/span><\/li>\n<li><span style=\"font-size: 16px;\">Kus soovid t\u00f6\u00f6tada?<\/span><\/li>\n<\/ul>\n<p><span style=\"font-size: 16px;\"><img loading=\"lazy\" decoding=\"async\" width=\"1080\" height=\"1080\" class=\"alignnone wp-image-24\" style=\"width: 32px; height: 32px;\" title=\"sissejuhatus.png\" src=\"https:\/\/sisu.ut.ee\/wp-content\/uploads\/sites\/593\/sissejuhatus.png\" alt=\"t\u00f6\u00f6leht\" srcset=\"https:\/\/sisu.ut.ee\/wp-content\/uploads\/sites\/593\/sissejuhatus.png 1080w, https:\/\/sisu.ut.ee\/wp-content\/uploads\/sites\/593\/sissejuhatus-300x300.png 300w, https:\/\/sisu.ut.ee\/wp-content\/uploads\/sites\/593\/sissejuhatus-1024x1024.png 1024w, https:\/\/sisu.ut.ee\/wp-content\/uploads\/sites\/593\/sissejuhatus-150x150.png 150w, https:\/\/sisu.ut.ee\/wp-content\/uploads\/sites\/593\/sissejuhatus-768x768.png 768w\" sizes=\"auto, (max-width: 1080px) 100vw, 1080px\"><strong>Kirjuta paberile \u00fcks enda karj\u00e4\u00e4rialane (\u00f5ppimise- v\u00f5i t\u00f6\u00f6alane) eesm\u00e4rk!<\/strong><\/span><\/p>\n<p><span style=\"font-size: 16px;\"><strong><\/strong><\/span><\/p><\/div>\n        <\/div>\n        <\/div>\n    <\/div><\/strong><\/span><\/p>\n","protected":false},"excerpt":{"rendered":"<p>Karj\u00e4\u00e4rieesm\u00e4rk on isiklik siht, p\u00fc\u00fcdlus, \u00fclesanne v\u00f5i tulevikusuund, mis on inimest motiveeriv ja aitab eluk\u00e4iku suunata soovitud suunas. Kui inimene teab, millised on tema eesm\u00e4rgid, miks ta nende poole p\u00fc\u00fcdleb ja need on vastavuses tema v\u00e4\u00e4rtushinnangutega, siis see suurendab elukvaliteeti &#8230;<\/p>\n","protected":false},"author":295,"featured_media":0,"parent":0,"menu_order":0,"comment_status":"closed","ping_status":"closed","template":"","meta":{"_acf_changed":false,"inline_featured_image":false,"footnotes":""},"class_list":["post-12","page","type-page","status-publish","hentry"],"acf":[],"_links":{"self":[{"href":"https:\/\/sisu.ut.ee\/edujategu17\/wp-json\/wp\/v2\/pages\/12","targetHints":{"allow":["GET"]}}],"collection":[{"href":"https:\/\/sisu.ut.ee\/edujategu17\/wp-json\/wp\/v2\/pages"}],"about":[{"href":"https:\/\/sisu.ut.ee\/edujategu17\/wp-json\/wp\/v2\/types\/page"}],"author":[{"embeddable":true,"href":"https:\/\/sisu.ut.ee\/edujategu17\/wp-json\/wp\/v2\/users\/295"}],"replies":[{"embeddable":true,"href":"https:\/\/sisu.ut.ee\/edujategu17\/wp-json\/wp\/v2\/comments?post=12"}],"version-history":[{"count":2,"href":"https:\/\/sisu.ut.ee\/edujategu17\/wp-json\/wp\/v2\/pages\/12\/revisions"}],"predecessor-version":[{"id":74,"href":"https:\/\/sisu.ut.ee\/edujategu17\/wp-json\/wp\/v2\/pages\/12\/revisions\/74"}],"wp:attachment":[{"href":"https:\/\/sisu.ut.ee\/edujategu17\/wp-json\/wp\/v2\/media?parent=12"}],"curies":[{"name":"wp","href":"https:\/\/api.w.org\/{rel}","templated":true}]}}