{"id":11,"date":"2024-04-04T08:17:03","date_gmt":"2024-04-04T05:17:03","guid":{"rendered":"https:\/\/sisu.ut.ee\/edujategu17\/voimaluste-analuus\/"},"modified":"2024-04-04T08:17:12","modified_gmt":"2024-04-04T05:17:12","slug":"voimaluste-analuus","status":"publish","type":"page","link":"https:\/\/sisu.ut.ee\/edujategu17\/voimaluste-analuus\/","title":{"rendered":"V\u00f5imaluste anal\u00fc\u00fcs"},"content":{"rendered":"<p>\n\t\u00a0\n<\/p>\n<p>\n\t<span style=\"font-size:16px\"><span lang=\"ET\"><span style=\"color:#1a1a1a\">Maailm on t\u00e4is erinevaid \u00f5ppimise ja t\u00f6\u00f6tamisega seotud v\u00f5imalusi. Karj\u00e4\u00e4ri kujundamisel on eelk\u00f5ige vaja leida infot ja tutvuda erinevate koolide ja erialadega, ametite, valdkondade ja organisatsioonidega. V\u00e4ga oluline on anal\u00fc\u00fcsida seda infot. M\u00f5tle kindlasti ka sellele ja uuri v\u00e4lja, kus on v\u00f5imalik \u00f5pitaval \/soovitud erialal rakendust leida. Kas t\u00f6\u00f6kohad on pigem kitsas valdkonnas v\u00f5i annab valitud eriala laiap\u00f5hjalise ettevalmistuse, mille teadmisi saab mitmel pool h\u00e4sti \u00e4ra kasutada? \u00dchelt poolt h\u00f5lmavad elukutsed kitsamat ringi tegevusi kui koolides \u00f5ppekavadega pakutav ainete valik. Teisalt on \u00f5pingute k\u00e4igus omandatud teadmisi v\u00f5imalik \u00e4ra kasutada paljudel erialadel.<\/span><\/span><\/span>\n<\/p>\n<p style=\"text-align:justify\">\n\t<span style=\"font-size:16px\"><span lang=\"ET\"><span style=\"color:#1a1a1a\">Kasuta oma fantaasiat ja p\u00fc\u00fca ette kujutada, mis saab edasi siis, kui eriala on omandatud, l\u00f5pudiplom edukalt k\u00e4tte saadud. Kujutle end tulevikku ja m\u00f5tle, kuidas oleks seda t\u00f6\u00f6d teha, milleks kool Sind ette valmistas. Kujutle ette oma ideaalset elu \u2013 mida see kindlasti peab sisaldama, et v\u00f5iksid olla \u00f5nnelik ja rahul? Kas just selle eriala \u00f5ppimine viib Sind sellele l\u00e4hemale? Kindlasti ei tasu \u00f5ppima minna eriala ja omandama teadmisi, mis \u00fcldse ei huvita ja mida Sa ei kavatse kunagi rakendada.<\/span><\/span><\/span>\n<\/p>\n<p>\n\t<span style=\"font-size:16px\"><span style=\"color:#1a1a1a\">Alati v\u00f5ib k\u00fcsida teistelt inimestelt infot, toetust ja ka arvamusi, kuid seejuures tuleb saadud info siiski enda jaoks l\u00e4bi s\u00f5eluda ning ise teha oma elu puudutavad otsused. Siin saab kindlasti aidata ka karj\u00e4\u00e4rin\u00f5ustaja, kellega koos saab anal\u00fc\u00fcsida iseennast, enda jaoks olulisi v\u00e4\u00e4rtusi, huvisid, motivatsiooni, tugevaid k\u00fclgi, t\u00f6\u00f6maailma v\u00f5imalusi jm ning seel\u00e4bi saada suuremat selgust ja teha teadlikumaid otsuseid.<\/span><\/span>\n<\/p>\n<p>\n\t\u00a0\n<\/p>\n<p>\n\t<span style=\"font-size:16px\"><strong><div class=\"accordion mb-3\">\n        <div class=\"accordion-item accordion-item--white\">\n        <h2 class=\"accordion-header\" id=\"accordion-69d9b6c1366bf-heading\">\n            <button class=\"accordion-button collapsed\" type=\"button\" data-bs-toggle=\"collapse\" data-bs-target=\"#accordion-69d9b6c1366bf-collapse\" aria-expanded=\"true\" aria-controls=\"accordion-69d9b6c1366bf-collapse\"><img decoding=\"async\" alt=\"think\" data-file_info=\"%7B%22fid%22:%2274462%22,%22view_mode%22:%22default%22,%22type%22:%22media%22%7D\" src=\"https:\/\/sisu.ut.ee\/wp-content\/uploads\/sites\/593\/kindpng_339255.png\" style=\"width: 32px;height: 32px\" title=\"\"><strong><span style=\"color:#674fa0\">HARJUTUSED<\/span><\/strong><\/button>\n        <\/h2>\n        <div id=\"accordion-69d9b6c1366bf-collapse\" class=\"accordion-collapse collapse\" aria-labelledby=\"accordion-69d9b6c1366bf-heading\">\n            <div class=\"accordion-body\">\n\n<p>\n\t<span style=\"font-size:16px\"><span style=\"background:white\"><span lang=\"ET\" style=\"color:#17400c\"><span style=\"font-weight:normal\">Tutvu k\u00f5igepealt\u00a0<\/span><\/span><\/span><a data-url=\"https:\/\/haridusportaal.edu.ee\/valdkonnad\" href=\"https:\/\/haridusportaal.edu.ee\/valdkonnad\" target=\"_blank\" title=\"\" rel=\"noopener\">sellel veebilehel<\/a><span style=\"background:white\"><span lang=\"ET\" style=\"color:#17400c\"><span style=\"font-weight:normal\"> <\/span><\/span><span lang=\"ET\" style=\"color:#17400c\"><span style=\"font-weight:normal\"><strong>valdkondadega <\/strong>t\u00f6\u00f6turul. Leia, millises valdkonnas soovid t\u00f6\u00f6tada? <\/span><\/span><\/span><\/span>\n<\/p>\n<p>\n\t<span style=\"font-size:16px\"><img loading=\"lazy\" decoding=\"async\" width=\"1080\" height=\"1080\" class=\"alignnone wp-image-24\" style=\"width: 32px;height: 32px\" src=\"https:\/\/sisu.ut.ee\/wp-content\/uploads\/sites\/593\/sissejuhatus.png\" title=\"sissejuhatus.png\" alt=\"t\u00f6\u00f6leht\" srcset=\"https:\/\/sisu.ut.ee\/wp-content\/uploads\/sites\/593\/sissejuhatus.png 1080w, https:\/\/sisu.ut.ee\/wp-content\/uploads\/sites\/593\/sissejuhatus-300x300.png 300w, https:\/\/sisu.ut.ee\/wp-content\/uploads\/sites\/593\/sissejuhatus-1024x1024.png 1024w, https:\/\/sisu.ut.ee\/wp-content\/uploads\/sites\/593\/sissejuhatus-150x150.png 150w, https:\/\/sisu.ut.ee\/wp-content\/uploads\/sites\/593\/sissejuhatus-768x768.png 768w\" sizes=\"auto, (max-width: 1080px) 100vw, 1080px\">Pane kirja valdkonnad, milles soovid t\u00f6\u00f6tada.<\/span>\n<\/p>\n<p>\n\t\u00a0\n<\/p>\n<p>\n\t<span style=\"font-size:16px\"><span style=\"background:white\"><span lang=\"ET\" style=\"color:#17400c\"><span style=\"font-weight:normal\">Seej\u00e4rel tutvu <\/span><\/span><\/span><a data-url=\"https:\/\/haridusportaal.edu.ee\/ametialad\" href=\"https:\/\/haridusportaal.edu.ee\/ametialad\" target=\"_blank\" title=\"\" rel=\"noopener\">sellel veebilehel<\/a><span style=\"background:white\"><span lang=\"ET\" style=\"color:#17400c\"><span style=\"font-weight:normal\"> erinevate <strong>ametitega<\/strong>. Leia 3 ametit, mis tunduvad Sulle huvitavad. Uuri nende kohta t\u00e4psemalt. <\/span><\/span><\/span><\/span>\n<\/p>\n<p>\n\t<span style=\"font-size:16px\"><img loading=\"lazy\" decoding=\"async\" width=\"1080\" height=\"1080\" class=\"alignnone wp-image-21\" style=\"width: 32px;height: 32px\" src=\"https:\/\/sisu.ut.ee\/wp-content\/uploads\/sites\/593\/motlemiseks.png\" title=\"motlemiseks.png\" alt=\"m\u00f5tlemiseks\" srcset=\"https:\/\/sisu.ut.ee\/wp-content\/uploads\/sites\/593\/motlemiseks.png 1080w, https:\/\/sisu.ut.ee\/wp-content\/uploads\/sites\/593\/motlemiseks-300x300.png 300w, https:\/\/sisu.ut.ee\/wp-content\/uploads\/sites\/593\/motlemiseks-1024x1024.png 1024w, https:\/\/sisu.ut.ee\/wp-content\/uploads\/sites\/593\/motlemiseks-150x150.png 150w, https:\/\/sisu.ut.ee\/wp-content\/uploads\/sites\/593\/motlemiseks-768x768.png 768w\" sizes=\"auto, (max-width: 1080px) 100vw, 1080px\"><span style=\"background:white\"><span lang=\"ET\" style=\"color:#17400c\"><span style=\"font-weight:normal\">M\u00f5tiskle ja kirjuta, millised Sinu isiksuseomadused ja tugevused toetavad Sind nende t\u00f6\u00f6de tegemisel. <\/span><\/span><\/span><\/span>\n<\/p>\n<p>\n\t<span style=\"font-size:16px\"><strong><\/strong><\/span><\/p><\/div>\n        <\/div>\n        <\/div>\n    <\/div><\/strong><\/span><\/p>\n","protected":false},"excerpt":{"rendered":"<p>\u00a0 Maailm on t\u00e4is erinevaid \u00f5ppimise ja t\u00f6\u00f6tamisega seotud v\u00f5imalusi. Karj\u00e4\u00e4ri kujundamisel on eelk\u00f5ige vaja leida infot ja tutvuda erinevate koolide ja erialadega, ametite, valdkondade ja organisatsioonidega. V\u00e4ga oluline on anal\u00fc\u00fcsida seda infot. M\u00f5tle kindlasti ka sellele ja uuri v\u00e4lja, &#8230;<\/p>\n","protected":false},"author":295,"featured_media":0,"parent":0,"menu_order":0,"comment_status":"closed","ping_status":"closed","template":"","meta":{"_acf_changed":false,"inline_featured_image":false,"footnotes":""},"class_list":["post-11","page","type-page","status-publish","hentry"],"acf":[],"_links":{"self":[{"href":"https:\/\/sisu.ut.ee\/edujategu17\/wp-json\/wp\/v2\/pages\/11","targetHints":{"allow":["GET"]}}],"collection":[{"href":"https:\/\/sisu.ut.ee\/edujategu17\/wp-json\/wp\/v2\/pages"}],"about":[{"href":"https:\/\/sisu.ut.ee\/edujategu17\/wp-json\/wp\/v2\/types\/page"}],"author":[{"embeddable":true,"href":"https:\/\/sisu.ut.ee\/edujategu17\/wp-json\/wp\/v2\/users\/295"}],"replies":[{"embeddable":true,"href":"https:\/\/sisu.ut.ee\/edujategu17\/wp-json\/wp\/v2\/comments?post=11"}],"version-history":[{"count":1,"href":"https:\/\/sisu.ut.ee\/edujategu17\/wp-json\/wp\/v2\/pages\/11\/revisions"}],"predecessor-version":[{"id":55,"href":"https:\/\/sisu.ut.ee\/edujategu17\/wp-json\/wp\/v2\/pages\/11\/revisions\/55"}],"wp:attachment":[{"href":"https:\/\/sisu.ut.ee\/edujategu17\/wp-json\/wp\/v2\/media?parent=11"}],"curies":[{"name":"wp","href":"https:\/\/api.w.org\/{rel}","templated":true}]}}