{"id":10,"date":"2024-04-04T08:17:03","date_gmt":"2024-04-04T05:17:03","guid":{"rendered":"https:\/\/sisu.ut.ee\/edujategu17\/karjaari-kujundamine-ja-huvid\/"},"modified":"2024-04-04T08:17:12","modified_gmt":"2024-04-04T05:17:12","slug":"karjaari-kujundamine-ja-huvid","status":"publish","type":"page","link":"https:\/\/sisu.ut.ee\/edujategu17\/karjaari-kujundamine-ja-huvid\/","title":{"rendered":"Karj\u00e4\u00e4ri kujundamine ja huvid"},"content":{"rendered":"<p>\n\t\u00a0\n<\/p>\n<p>\n\t<span style=\"font-size:16px\">Huvi on inimese soov millegi talle t\u00e4htsa ja k\u00f6itvaga tegeleda, midagi tundma \u00f5ppida. Huvide ja harrastustega saab suurep\u00e4raselt tasakaalustada enda igap\u00e4evaseid \u00f5pinguid ja t\u00f6\u00f6elu. Oma huvisid anal\u00fc\u00fcsides v\u00f5id j\u00f5uda ka l\u00e4hemale teadmisele, millist t\u00f6\u00f6d Sulle meeldib teha. Kui Sulle n\u00e4iteks meeldib v\u00e4ga s\u00fc\u00fca teha, siis mis t\u00e4psemalt Sulle selle hobi juures meeldib? Kas uute retseptide otsimine ja katsetamine? Toidu tegemise protsess ise v\u00f5i hoopis s\u00f6\u00f6gi serveerimine ja selle nautimine koos s\u00f5pradega? Ilmselt meeldiksid olemuselt sarnased v\u00e4\u00e4rtused ja tegevused Sulle ka Sinu t\u00f6\u00f6s. <\/span>\n<\/p>\n<p>\n\t\u00a0\n<\/p>\n<p>\n\t<span style=\"font-size:16px\"><strong><div class=\"accordion mb-3\">\n        <div class=\"accordion-item accordion-item--white\">\n        <h2 class=\"accordion-header\" id=\"accordion-69e00a5c22cd2-heading\">\n            <button class=\"accordion-button collapsed\" type=\"button\" data-bs-toggle=\"collapse\" data-bs-target=\"#accordion-69e00a5c22cd2-collapse\" aria-expanded=\"true\" aria-controls=\"accordion-69e00a5c22cd2-collapse\"><img loading=\"lazy\" decoding=\"async\" width=\"876\" height=\"980\" class=\"alignnone wp-image-25\" style=\"width: 32px;height: 36px\" src=\"https:\/\/sisu.ut.ee\/wp-content\/uploads\/sites\/593\/kindpng_339255.png\" title=\"kindpng_339255.png\" alt=\"think\" srcset=\"https:\/\/sisu.ut.ee\/wp-content\/uploads\/sites\/593\/kindpng_339255.png 876w, https:\/\/sisu.ut.ee\/wp-content\/uploads\/sites\/593\/kindpng_339255-268x300.png 268w, https:\/\/sisu.ut.ee\/wp-content\/uploads\/sites\/593\/kindpng_339255-768x859.png 768w\" sizes=\"auto, (max-width: 876px) 100vw, 876px\"><strong><span style=\"color:#674fa0\">HARJUTUSED<\/span><\/strong><\/button>\n        <\/h2>\n        <div id=\"accordion-69e00a5c22cd2-collapse\" class=\"accordion-collapse collapse\" aria-labelledby=\"accordion-69e00a5c22cd2-heading\">\n            <div class=\"accordion-body\">\n\n<p>\n\t<span style=\"font-size:16px\"><strong><img decoding=\"async\" alt=\"m\u00f5tlemiseks\" data-file_info=\"%7B%22fid%22:%2274456%22,%22view_mode%22:%22default%22,%22type%22:%22media%22%7D\" src=\"https:\/\/sisu.ut.ee\/wp-content\/uploads\/sites\/593\/motlemiseks.png\" style=\"width:32px;height:32px\" title=\"\"><\/strong><span style=\"color:#e71071\"><b>M\u00f5tle l\u00e4bi: <\/b><\/span><\/span>\n<\/p>\n<ul>\n<li>\n\t\t<span style=\"font-size:16px\">Millega tegeled vabal ajal? <\/span>\n\t<\/li>\n<li>\n\t\t<span style=\"font-size:16px\">Millistel teemadel \u00a0Sulle meeldib r\u00e4\u00e4kida? <\/span>\n\t<\/li>\n<li>\n\t\t<span style=\"font-size:16px\">Millistel teemadel ajaleheartikleid meeldib Sulle lugeda?<\/span>\n\t<\/li>\n<li>\n\t\t<span style=\"font-size:16px\">Milliseid saateid eelistad vaadata televiisorist? <\/span>\n\t<\/li>\n<li>\n\t\t<span style=\"font-size:16px\">Milliseid raamatuid loed?<\/span>\n\t<\/li>\n<li>\n\t\t<span style=\"font-size:16px\">Milliseid internetilehek\u00fclgi k\u00fclastad?<\/span>\n\t<\/li>\n<li>\n\t\t<span style=\"font-size:16px\">Kus ja kuidas saad neid huvisid t\u00f6\u00f6maailmas rakendada? <\/span>\n\t<\/li>\n<\/ul>\n<p>\n\t\u00a0\n<\/p>\n<p>\n\t<span style=\"font-size:16px\"><strong><span style=\"color:#6e32d2\"><img loading=\"lazy\" decoding=\"async\" width=\"1080\" height=\"1080\" class=\"alignnone wp-image-24\" style=\"width:32px;height:32px\" src=\"https:\/\/sisu.ut.ee\/wp-content\/uploads\/sites\/593\/sissejuhatus.png\" title=\"sissejuhatus.png\" alt=\"t\u00f6\u00f6leht\" srcset=\"https:\/\/sisu.ut.ee\/wp-content\/uploads\/sites\/593\/sissejuhatus.png 1080w, https:\/\/sisu.ut.ee\/wp-content\/uploads\/sites\/593\/sissejuhatus-300x300.png 300w, https:\/\/sisu.ut.ee\/wp-content\/uploads\/sites\/593\/sissejuhatus-1024x1024.png 1024w, https:\/\/sisu.ut.ee\/wp-content\/uploads\/sites\/593\/sissejuhatus-150x150.png 150w, https:\/\/sisu.ut.ee\/wp-content\/uploads\/sites\/593\/sissejuhatus-768x768.png 768w\" sizes=\"auto, (max-width: 1080px) 100vw, 1080px\"><\/span><span style=\"color:#27a9e1\">Pane kirja:<\/span><\/strong>\u00a0millised tegevused, valdkonnad, teemad ja\u00a0l\u00e4bi huvialade omandatud oskused v\u00f5iksid olla osa Sinu t\u00f6\u00f6st?<\/span>\n<\/p>\n<p>\n\t<span style=\"font-size:16px\"><strong><\/strong><\/span><\/p><\/div>\n        <\/div>\n        <\/div>\n    <\/div><\/strong><\/span><\/p>\n","protected":false},"excerpt":{"rendered":"<p>\u00a0 Huvi on inimese soov millegi talle t\u00e4htsa ja k\u00f6itvaga tegeleda, midagi tundma \u00f5ppida. Huvide ja harrastustega saab suurep\u00e4raselt tasakaalustada enda igap\u00e4evaseid \u00f5pinguid ja t\u00f6\u00f6elu. Oma huvisid anal\u00fc\u00fcsides v\u00f5id j\u00f5uda ka l\u00e4hemale teadmisele, millist t\u00f6\u00f6d Sulle meeldib teha. Kui Sulle &#8230;<\/p>\n","protected":false},"author":295,"featured_media":0,"parent":0,"menu_order":0,"comment_status":"closed","ping_status":"closed","template":"","meta":{"_acf_changed":false,"inline_featured_image":false,"footnotes":""},"class_list":["post-10","page","type-page","status-publish","hentry"],"acf":[],"_links":{"self":[{"href":"https:\/\/sisu.ut.ee\/edujategu17\/wp-json\/wp\/v2\/pages\/10","targetHints":{"allow":["GET"]}}],"collection":[{"href":"https:\/\/sisu.ut.ee\/edujategu17\/wp-json\/wp\/v2\/pages"}],"about":[{"href":"https:\/\/sisu.ut.ee\/edujategu17\/wp-json\/wp\/v2\/types\/page"}],"author":[{"embeddable":true,"href":"https:\/\/sisu.ut.ee\/edujategu17\/wp-json\/wp\/v2\/users\/295"}],"replies":[{"embeddable":true,"href":"https:\/\/sisu.ut.ee\/edujategu17\/wp-json\/wp\/v2\/comments?post=10"}],"version-history":[{"count":1,"href":"https:\/\/sisu.ut.ee\/edujategu17\/wp-json\/wp\/v2\/pages\/10\/revisions"}],"predecessor-version":[{"id":54,"href":"https:\/\/sisu.ut.ee\/edujategu17\/wp-json\/wp\/v2\/pages\/10\/revisions\/54"}],"wp:attachment":[{"href":"https:\/\/sisu.ut.ee\/edujategu17\/wp-json\/wp\/v2\/media?parent=10"}],"curies":[{"name":"wp","href":"https:\/\/api.w.org\/{rel}","templated":true}]}}