{"id":8,"date":"2024-04-04T08:05:57","date_gmt":"2024-04-04T05:05:57","guid":{"rendered":"https:\/\/sisu.ut.ee\/edujategu16\/3-eetiline-majanduses-ja-ettevotluses\/"},"modified":"2024-05-10T14:31:27","modified_gmt":"2024-05-10T11:31:27","slug":"3-eetiline-majanduses-ja-ettevotluses","status":"publish","type":"page","link":"https:\/\/sisu.ut.ee\/edujategu16\/3-eetiline-majanduses-ja-ettevotluses\/","title":{"rendered":"3.\u00a0\u00a0 Eetiline majanduses ja ettev\u00f5tluses"},"content":{"rendered":"<h1 id=\"page-title\"><img loading=\"lazy\" decoding=\"async\" class=\"alignnone wp-image-79\" src=\"https:\/\/sisu.ut.ee\/wp-content\/uploads\/sites\/566\/sissejuhatus-1024x1024.png\" alt=\"\" width=\"50\" height=\"50\">\u00a0<span style=\"color: #28aae1;\">3. EETILISUS MAJANDUSES JA ETTEV\u00d5TLUSUSES<\/span><\/h1>\n<p style=\"margin-bottom: 0cm; text-align: justify;\"><span style=\"background: white;\"><span lang=\"ET\"><span style=\"line-height: 115%;\"><span style=\"color: black;\">Adam Smithi raamatu <i>An Inquiry into the Nature and Causes of the Wealth of Nations<\/i> (eesti k. <i>Uurimus riikide rikkuse iseloomust ja p\u00f5hjustest<\/i>) ilmumisega s\u00fcndis uus teadusharu: majandusteadus. Selles raamatus visandas A. Smith turumajandusel rajaneva \u00fchiskonna majanduss\u00fcsteemi. A. Smithi m\u00f5ttek\u00e4ik oli lihtsustatult j\u00e4rgmine. Maa ja rahva kogutoodang v\u00f5ib suureneda kas t\u00f6\u00f6 t\u00f5hustumise v\u00f5i t\u00f6\u00f6hulga suurenemise teel. T\u00f6\u00f6d muudavad t\u00f5husamaks t\u00f6\u00f6lise oskuste ja vilumuste kasv ning t\u00e4iustatud masinad ja seadmed. Pole oluline, kas toodang suureneb <\/span><\/span><\/span><span lang=\"ET\" style=\"color: black;\"><a title=\"P\u00f5llumajandus\" href=\"https:\/\/et.wikipedia.org\/wiki\/P%C3%B5llumajandus\"><span style=\"line-height: 115%;\"><span style=\"color: black;\"><span style=\"text-decoration: none;\">p\u00f5llumajanduses<\/span><\/span><\/span><\/a><\/span><span lang=\"ET\"><span style=\"line-height: 115%;\"><span style=\"color: black;\"> v\u00f5i <\/span><\/span><\/span><span lang=\"ET\" style=\"color: black;\"><a title=\"T\u00f6\u00f6stus\" href=\"https:\/\/et.wikipedia.org\/wiki\/T%C3%B6%C3%B6stus\"><span style=\"line-height: 115%;\"><span style=\"color: black;\"><span style=\"text-decoration: none;\">t\u00f6\u00f6stuses<\/span><\/span><\/span><\/a><\/span><span lang=\"ET\"><span style=\"line-height: 115%;\"><span style=\"color: black;\">. Oluline on see, et \u00fchiskonna rikkus kasvaks. Selles m\u00f5ttes ta parandas <\/span><\/span><\/span><span lang=\"ET\" style=\"color: black;\"><a title=\"F\u00fcsiokraat\" href=\"https:\/\/et.wikipedia.org\/wiki\/F%C3%BCsiokraat\"><span style=\"line-height: 115%;\"><span style=\"color: black;\"><span style=\"text-decoration: none;\">f\u00fcsiokraatide<\/span><\/span><\/span><\/a><\/span><span lang=\"ET\"><span style=\"line-height: 115%;\"><span style=\"color: black;\"> vaateid, kes pidasid p\u00f5llumajandust ainsaks rikkuse loojaks.<\/span><\/span><\/span><\/span><\/p>\n<p style=\"margin-bottom: 0cm; text-align: justify;\"><span style=\"background: white;\"><span lang=\"ET\"><span style=\"line-height: 115%;\"><span style=\"color: black;\">A. Smith r\u00f5hutas, et tootmise ainsaks eesm\u00e4rgiks on tarbimine, seep\u00e4rast tuleb tootjate huvisid arvestada ainult nii palju, kui seda n\u00f5uavad tarbijate huvid. Sageli ohverdatakse tarbijate huvid tootjate omadele. Kui n\u00e4iteks riik rakendab protektsionistlikke meetodeid ega luba neid kaupu sisse vedada, mida kohapeal toodetakse, v\u00f5idavad sellise majanduspoliitika puhul tootjad, sest puudub v\u00f5i on piiratud riigisisene konkurents. Tarbijate huvide arvestamisel peavad tootjad l\u00e4htuma olemasolevatest piiratud ressurssidest. Viimaste kulutamisel tuleb toota ainult neid kaupu, mida tarbijad ostavad. Igal \u00fchiskonnal peaks olema mehhanism, mis muudaks olemasolevad ressursid (vaatamata nende rohkusele) tarbijatele vajalikeks kaupadeks ja teenusteks. Niisugune mehhanism on turg kui isereguleeruv s\u00fcsteem.<\/span><\/span><\/span><\/span><\/p>\n<p style=\"margin-bottom: 0cm; text-align: justify;\"><span style=\"background: white;\"><span lang=\"ET\"><span style=\"line-height: 115%;\"><span style=\"color: black;\">Kapitalistliku majanduss\u00fcsteemi uurimist alustas Smith inimesest kui indiviidist. Ta leidis, et individualism on \u00fchiskonnakorra alus, mis loob omanike sotsiaalse koosluse. Riigi kogu vara peaks olema omanikustatud, ainult siis pole karta, et individualism p\u00f5hjustaks \u00fchiskonnas kaose. (Vikipeedia, Adam Smith, 2022)<\/span><\/span><\/span><\/span><\/p>\n<p style=\"margin-bottom: 0cm; text-align: justify;\"><span style=\"background: white;\"><span lang=\"ET\"><span style=\"line-height: 115%;\"><span style=\"color: black;\">Kapitalistliku s\u00fcsteemi sisulise eetilisuse t\u00f5estas A. Smith 18. sajandil. Oma 1776. a ilmunud teoses \u201cRahvaste rikkusest\u201d leidis ta, et kui k\u00f5ik inimesed ajavad majanduses taga omakasu, siis \u00fchiskondlik heaolu kasvab:<\/span><\/span><\/span><\/span><\/p>\n<p style=\"margin-bottom: 0cm; text-align: justify;\"><span style=\"color: #000000;\"><img loading=\"lazy\" decoding=\"async\" class=\"alignnone wp-image-12\" title=\"uued_moisted.png\" src=\"https:\/\/sisu.ut.ee\/wp-content\/uploads\/sites\/547\/uued_moisted.png\" alt=\"mv\" width=\"40\" height=\"40\"><\/span>\u00a0<span style=\"background: white;\"><i><span lang=\"ET\"><span style=\"line-height: 115%;\"><span style=\"color: black;\">\u201cMitte meie k\u00f5hu t\u00e4itmiseks ei t\u00f6\u00f6ta lihunik, pagar v\u00f5i \u00f5llepruul, vaid nad loodavad saada oma t\u00f6\u00f6st tulu.\u201d<\/span><\/span><\/span><\/i><\/span><\/p>\n<p style=\"margin-bottom: 0cm; text-align: justify;\"><span style=\"background: white;\"><span lang=\"ET\"><span style=\"line-height: 115%;\"><span style=\"color: black;\">Smith leidis, et vaba turumajanduse korral paigutuvad ressursid \u00fchiskonnas nii, et nende kasutamine oleks k\u00f5ige efektiivsem (Vikipeedia. Adam Smith, 2022). Iga\u00fcks m\u00fc\u00fcb seda, mida tema k\u00f5ige \u00f6konoomsemalt teha oskab ning ostab seda, mida ta teha ei oska v\u00f5i mille kasutamine talle k\u00f5ige kulukam oleks. V\u00f5itlus tarbija p\u00e4rast t\u00f5stab tootjate loovust ja efektiivsust ning \u00fchiskonnale v\u00e4hem kasulikud v\u00f5i liiga ahned ettev\u00f5tjad laostuvad (Meel 2003). Protsessi, kus k\u00f5ikide isikute omakasup\u00fc\u00fcdlik tegevus aitab kaasa \u00fcldisele majanduslikule heaolule, nimetas Smith \u201cn\u00e4htamatuks k\u00e4eks.\u201d<\/span><\/span><\/span><\/span><\/p>\n<p style=\"margin-bottom: 0cm; text-align: justify;\"><span style=\"background: white;\"><span lang=\"ET\"><span style=\"line-height: 115%;\"><span style=\"color: black;\">Adam Smithile sekundeerib USA riigimees Benjamin Franklin, kes oma 1748. aastal ilmunud kirjutises \u201cN\u00f5uanded noorele kaupmehele\u201d kinnitas: <\/span><\/span><\/span><\/span><\/p>\n<p style=\"margin-bottom: 0cm; text-align: justify;\"><span style=\"color: #000000;\"><img loading=\"lazy\" decoding=\"async\" class=\"alignnone wp-image-12\" title=\"uued_moisted.png\" src=\"https:\/\/sisu.ut.ee\/wp-content\/uploads\/sites\/547\/uued_moisted.png\" alt=\"mv\" width=\"40\" height=\"40\"><\/span>\u00a0<span style=\"background: white;\"><i><span lang=\"ET\"><span style=\"line-height: 115%;\"><span style=\"color: black;\">\u201cPea meeles, et aeg on raha. Inimene, kes v\u00f5ib oma t\u00f6\u00f6ga teenida k\u00fcmme \u0161illingit p\u00e4evas, kuid selle asemel l\u00e4heb v\u00e4lja v\u00f5i lihtsalt istub kusagil j\u00f5ude, kulutades poole p\u00e4evaga kuus \u0161illingit, peaks arvestama, et lisaks sellele rahale on ta j\u00f5udeoleku v\u00f5i meelelahutuse ajal \u00e4ra kulutanud v\u00f5i pigem minema visanud veel viis \u0161illingit.\u201d<\/span><\/span><\/span><\/i><span lang=\"ET\"><span style=\"line-height: 115%;\"><span style=\"color: black;\"> (Himanen 2003).<\/span><\/span><\/span><\/span><\/p>\n<p style=\"margin-bottom: 0cm; text-align: justify;\"><span style=\"background: white;\"><span lang=\"ET\"><span style=\"line-height: 115%;\"><span style=\"color: black;\">Adam Smithi kirjeldatud turumajandus, kus n\u00f5udluse ja pakkumise vahekorras tekib turuhind, mille tulemusel \u00fchiskonna ressursid efektiivselt rakendatakse, ei ole praktikas siiski pilvitu: kapitalil on kalduvus koonduda nii, et tekivad monopolid, kes saavad ainsa pakkujana tarbijatele hindu dikteerida. Seet\u00f5ttu on liberaalse majanduskorraga riikides kehtestatud seaduslikud vahendid monopolide ning olulise turuj\u00f5uga ettev\u00f5tete tegevuse reguleerimiseks.<\/span><\/span><\/span><\/span><\/p>\n<p style=\"margin-bottom: 0cm; text-align: justify;\"><span style=\"background: white;\"><span lang=\"ET\"><span style=\"line-height: 115%;\"><span style=\"color: black;\">Teiseks probleemiks on see, et majanduse edukust m\u00f5\u00f5detakse majanduskasvus, mis eeldab j\u00e4rjest suuremat tootmist, teenuste pakkumist ning tarbimist. Majandus on edukas siis, kui inimesed j\u00e4rjest suurema kiirusega vahetavad v\u00e4lja oma autosid, mobiiltelefone ning tarbivad k\u00f5ikv\u00f5imalikke teenuseid. Selline majandusmudel eeldab, et loodusressursid maakeral on piiramatud ning majandustegevus ei oma kahjulikku m\u00f5ju \u00fcmbritsevale keskkonnale.<\/span><\/span><\/span><\/span><\/p>\n<p style=\"margin-bottom: 0cm; text-align: justify;\"><span style=\"color: #000000;\"><img loading=\"lazy\" decoding=\"async\" class=\"alignnone wp-image-12\" title=\"uued_moisted.png\" src=\"https:\/\/sisu.ut.ee\/wp-content\/uploads\/sites\/547\/uued_moisted.png\" alt=\"mv\" width=\"40\" height=\"40\"><\/span>\u00a0<span style=\"background: white;\"><i><span lang=\"ET\"><span style=\"line-height: 115%;\"><span style=\"color: black;\">\u201cViimane \u00fclemaailmne masu t\u00f5estas, et mitmete riikide (USA, Saksamaa Prantsusmaa jt) majandus seisabki t\u00f5siasjal, et auto tuleb \u00fcmber vahetada iga paari aasta tagant. Kui \u00fchel hetkel otsustas elanikkond teisiti, oligi kogu mudel k\u00e4puli. Jalule t\u00f5usmiseks riigistati autofirmasid ja loobiti lennukitelt uue auto ostjatele raha\u201d<\/span><\/span><\/span><\/i><span lang=\"ET\"><span style=\"line-height: 115%;\"><span style=\"color: black;\"> (Arrak 2010)<\/span><\/span><\/span><\/span><\/p>\n<p style=\"margin-bottom: 0cm; text-align: justify;\"><span style=\"background: white;\"><span lang=\"ET\"><span style=\"line-height: 115%;\"><span style=\"color: black;\">Majandusteadlane Andres Arraku eelpooltoodud tsitaat n\u00e4itab, kui palju meie heaolu liberaalsest majanduskorrast s\u00f5ltub. Kirjeldatav majanduslangus toimus 2008-2010 ja sellest l\u00f5plik taastumine kestis kuni 2016. aastani. Majanduslanguse p\u00f5hjustena on v\u00e4lja toodud:<\/span><\/span><\/span><\/span><\/p>\n<ul>\n<li style=\"margin-bottom: 0cm; text-align: justify;\"><span style=\"background: white;\"><span lang=\"ET\"><span style=\"line-height: 115%;\"><span style=\"color: black;\">Finantsregulatsioonis levinud puuduseid, sealhulgas f\u00f6deraalreservi suutmatus peatada halbade h\u00fcpoteekide t\u00f5usulaine;<\/span><\/span><\/span><\/span><\/li>\n<li style=\"margin-bottom: 0cm; text-align: justify;\"><span style=\"background: white;\"><span lang=\"ET\"><span style=\"line-height: 115%;\"><span style=\"color: black;\">Liiga paljude finantsettev\u00f5tete hoolimatus ja liiga suure riski v\u00f5tmine;<\/span><\/span><\/span><\/span><\/li>\n<li style=\"margin-bottom: 0cm; text-align: justify;\"><span style=\"background: white;\"><span lang=\"ET\"><span style=\"line-height: 115%;\"><span style=\"color: black;\">Plahvatuslik segu majapidamiste ja Wall Streeti liigsetest laenudest ja riskidest, mis tekitasid kriisiohu finantss\u00fcsteemis;<\/span><\/span><\/span><\/span><\/li>\n<li style=\"margin-bottom: 0cm; text-align: justify;\"><span style=\"background: white;\"><span lang=\"ET\"><span style=\"line-height: 115%;\"><span style=\"color: black;\">Poliitikute teadmatus nende j\u00e4relevalve all olevast finantss\u00fcsteemist ning vastutuse ja eetika rikkumised k\u00f5igil tasanditel (FCIC, 2011)<\/span><\/span><\/span><\/span><\/li>\n<\/ul>\n<p style=\"margin-bottom: 0cm; text-align: justify;\"><span style=\"background: white;\"><span lang=\"ET\"><span style=\"line-height: 115%;\"><span style=\"color: black;\">Ka Friedman ja Weiser Friedman (2010) t\u00f5id oma uuringus v\u00e4lja, et 2008 aasta majanduslangus n\u00e4itas, et stabiilseks ja harmooniliseks arenguks vajab \u00fchiskond moraalset ja j\u00e4tkusuutlikku majandust. Materiaalsetele v\u00e4\u00e4rtustele ja \u00fcletarbimisele suunatud majandus viib turud uue kriisi ja h\u00e4vinguni. Seega saab j\u00e4reldada, et eetiline k\u00e4itumine on aluseks majanduslikule tasakaalule ja toimimisele. <\/span><\/span><\/span><\/span><\/p>\n<p style=\"margin-bottom: 0cm; text-align: justify;\"><span style=\"background: white;\"><span lang=\"ET\"><span style=\"line-height: 115%;\"><span style=\"color: black;\">Uue kriisi p\u00f5hjustas \u00fclemaailmne Covid-19 pandeemia, mis m\u00f5jutab olulisel m\u00e4\u00e4ral maailmamajandust, tuues kaasa tooraine ja tarneprobleemid, majanduslanguse jne. Millist m\u00f5ju avaldab 24. veebruaril 2022 alanud Ukraina s\u00f5da, ei ole veel teada.<\/span><\/span><\/span><\/span><\/p>\n<p style=\"margin-bottom: 0cm; text-align: justify;\"><span style=\"background: white;\"><span lang=\"ET\"><span style=\"line-height: 115%;\"><span style=\"color: black;\">Smithiliku liberaalse majanduskorra probleemiks on ka see, et vaba turg ei ole v\u00f5imeline reguleerima kahjulike toodete v\u00f5i teenuste pakkumist ja tarbimist, nagu sigaretid ning narkootikumid v\u00f5i s\u00f5ltuvust p\u00f5hjustavad hasartm\u00e4ngud. Ka nendes valdkondades on vaba ettev\u00f5tlus suuremal v\u00f5i v\u00e4hemal m\u00e4\u00e4ral reguleeritud.<\/span><\/span><\/span><\/span><\/p>\n<p style=\"margin-bottom: 0cm; text-align: justify;\"><span style=\"background: white;\"><span lang=\"ET\"><span style=\"line-height: 115%;\"><span style=\"color: black;\">Vaba turumajandus eeldab, et k\u00f5ik ressursid sh ka t\u00f6\u00f6j\u00f5ud, saavad vabalt liikuda sinna, kus nende kasutegur on k\u00f5ige suurem. Tegelikkuses see nii ei ole: kui kapital saab liikuda \u00fchest riigi v\u00f5i maailma otsast teise, siis t\u00f6\u00f6tajad on rohkem geograafiliselt seotud, seda nii keeleoskuse, pere jmt t\u00f5ttu.<\/span><\/span><\/span><\/span><\/p>\n<p style=\"margin-bottom: 0cm; text-align: justify;\"><span lang=\"ET\"><span style=\"line-height: 115%;\">Nagu varasemates peat\u00fckkides on toodud, siis j\u00e4tkusuutlikkus ja majanduslik tasakaal on seotud eetilisusega. Eetiliste otsuste tegemiseks on aga oluline selgitada:<\/span><\/span><\/p>\n<ul>\n<li style=\"margin-bottom: 0cm; text-align: justify;\"><span style=\"background: white;\"><span style=\"vertical-align: baseline;\"><span lang=\"ET\"><span style=\"line-height: 115%;\"><span style=\"color: #414141;\">Milline peaks olema \u00e4risektori roll looduskeskkonna kaitsmisel ja hoidmisel?<\/span><\/span><\/span><\/span><\/span><\/li>\n<li style=\"margin-bottom: 0cm; text-align: justify;\"><span style=\"background: white;\"><span style=\"vertical-align: baseline;\"><span lang=\"ET\"><span style=\"line-height: 115%;\"><span style=\"color: #414141;\">Kuidas lahendada vastuolusid, mis v\u00f5ivad tekkida \u00e4rilise eesm\u00e4rgi t\u00e4itmise ja s\u00e4\u00e4stva arengu tagamise vahel?<\/span><\/span><\/span><\/span><\/span><\/li>\n<\/ul>\n<p style=\"margin-bottom: 0cm; text-align: justify;\"><span style=\"background: white;\"><span style=\"vertical-align: baseline;\"><span lang=\"ET\" style=\"border: nonewindowtext1.0pt; padding: 0cm;\"><span style=\"line-height: 115%;\"><span style=\"color: #414141;\">\u00c4ritegevust saavad loodust s\u00e4\u00e4stvas suunas m\u00f5jutada tootja<\/span><\/span><\/span><span lang=\"ET\"><span style=\"line-height: 115%;\"><span style=\"color: #414141;\">, planeerides t\u00f6\u00f6protsesse ja reklaamimist, <span style=\"border: nonewindowtext1.0pt; padding: 0cm;\">ning tarbija<\/span> oma valikutega. Keskkonnas\u00f5bralik ettev\u00f5te v\u00f5tab keskkonnam\u00f5jusid arvesse igal \u00e4ritegevuse etapil \u2013 nii toote\/teenuse loomisel, turustamisel, kasutamisel kui ka hiljem j\u00e4\u00e4tmete ladustamisel.<\/span><\/span><\/span><\/span><\/span><\/p>\n<p style=\"margin-bottom: 0cm; text-align: justify;\"><span style=\"background: white;\"><span style=\"vertical-align: baseline;\"><span lang=\"ET\"><span style=\"line-height: 115%;\"><span style=\"color: #414141;\">Tarbijale annavad keskkonnas\u00e4\u00e4stlike tingimuste t\u00e4itmisest nendel etappidel teada <span style=\"border: nonewindowtext1.0pt; padding: 0cm;\">\u00f6kom\u00e4rgistused<\/span>. Rohelise m\u00f5tteviisi populaarsus on sellest teinud firmade mainekujunduse olulise osa. Maine parandamine keskkonnas\u00e4\u00e4stlikkusele r\u00f5humise abiga v\u00f5ib ahvatleda ka kuritarvitustele (n\u00e4iteks v\u00f5lts-\u00f6kom\u00e4rgistuste kasutamine), kui ettev\u00f5te n\u00e4eb eetilises hoiakus \u00fcksnes tarbija ligimeelitamise ja suurema kasumi teenimise v\u00f5imalust (Eetikaveeb, 2022).<\/span><\/span><\/span><\/span><\/span><\/p>\n<p><\/p><div class=\"accordion mb-3\">\n        <div class=\"accordion-item accordion-item--white\">\n        <h2 class=\"accordion-header\" id=\"accordion-69df7340cd890-heading\">\n            <button class=\"accordion-button collapsed\" type=\"button\" data-bs-toggle=\"collapse\" data-bs-target=\"#accordion-69df7340cd890-collapse\" aria-expanded=\"true\" aria-controls=\"accordion-69df7340cd890-collapse\">\u00dclesanne 3.1.1 Eetilisus majanduses<\/button>\n        <\/h2>\n        <div id=\"accordion-69df7340cd890-collapse\" class=\"accordion-collapse collapse\" aria-labelledby=\"accordion-69df7340cd890-heading\">\n            <div class=\"accordion-body\">\n<p><img loading=\"lazy\" decoding=\"async\" title=\"\" src=\"https:\/\/sisu.ut.ee\/wp-content\/uploads\/sites\/566\/modern_desktop_writing_workshop_google_classroom_header_4.png\" alt=\"arutelu\" width=\"1920\" height=\"480\" data-file_info=\"%7B%22fid%22:%2271867%22,%22view_mode%22:%22default%22,%22type%22:%22media%22%7D\"><\/p>\n<p>Aruteluk\u00fcsimused:<\/p>\n<ol>\n<li>kuidas on seotud eetika ja majandus?<\/li>\n<li>kuidas v\u00f5ib kellegi ebaeetiline k\u00e4itumine m\u00f5jutada kogu majandust?<\/li>\n<li>Vaadeldes 2008. aasta majanduslanguse tagamaid, siis kuidas saaks uut kriisi \u00e4ra hoida just eetiliselt \u00f5igemaid otsuseid tehes?<\/li>\n<\/ol>\n<p><\/p><\/div>\n        <\/div>\n        <\/div>\n    <\/div>\n","protected":false},"excerpt":{"rendered":"<p>\u00a03. EETILISUS MAJANDUSES JA ETTEV\u00d5TLUSUSES Adam Smithi raamatu An Inquiry into the Nature and Causes of the Wealth of Nations (eesti k. Uurimus riikide rikkuse iseloomust ja p\u00f5hjustest) ilmumisega s\u00fcndis uus teadusharu: majandusteadus. Selles raamatus visandas A. Smith turumajandusel rajaneva &#8230;<\/p>\n","protected":false},"author":263,"featured_media":0,"parent":0,"menu_order":0,"comment_status":"closed","ping_status":"closed","template":"","meta":{"_acf_changed":false,"inline_featured_image":false,"footnotes":""},"class_list":["post-8","page","type-page","status-publish","hentry"],"acf":[],"_links":{"self":[{"href":"https:\/\/sisu.ut.ee\/edujategu16\/wp-json\/wp\/v2\/pages\/8","targetHints":{"allow":["GET"]}}],"collection":[{"href":"https:\/\/sisu.ut.ee\/edujategu16\/wp-json\/wp\/v2\/pages"}],"about":[{"href":"https:\/\/sisu.ut.ee\/edujategu16\/wp-json\/wp\/v2\/types\/page"}],"author":[{"embeddable":true,"href":"https:\/\/sisu.ut.ee\/edujategu16\/wp-json\/wp\/v2\/users\/263"}],"replies":[{"embeddable":true,"href":"https:\/\/sisu.ut.ee\/edujategu16\/wp-json\/wp\/v2\/comments?post=8"}],"version-history":[{"count":4,"href":"https:\/\/sisu.ut.ee\/edujategu16\/wp-json\/wp\/v2\/pages\/8\/revisions"}],"predecessor-version":[{"id":278,"href":"https:\/\/sisu.ut.ee\/edujategu16\/wp-json\/wp\/v2\/pages\/8\/revisions\/278"}],"wp:attachment":[{"href":"https:\/\/sisu.ut.ee\/edujategu16\/wp-json\/wp\/v2\/media?parent=8"}],"curies":[{"name":"wp","href":"https:\/\/api.w.org\/{rel}","templated":true}]}}