{"id":7,"date":"2024-04-04T08:05:57","date_gmt":"2024-04-04T05:05:57","guid":{"rendered":"https:\/\/sisu.ut.ee\/edujategu16\/2-jatkusuutlik-ettevotlus\/"},"modified":"2024-05-10T13:41:57","modified_gmt":"2024-05-10T10:41:57","slug":"2-jatkusuutlik-ettevotlus","status":"publish","type":"page","link":"https:\/\/sisu.ut.ee\/edujategu16\/2-jatkusuutlik-ettevotlus\/","title":{"rendered":"2.\u00a0\u00a0 J\u00e4tkusuutlik ettev\u00f5tlus"},"content":{"rendered":"<h1 id=\"page-title\"><img loading=\"lazy\" decoding=\"async\" class=\"alignnone wp-image-79\" src=\"https:\/\/sisu.ut.ee\/wp-content\/uploads\/sites\/566\/sissejuhatus-1024x1024.png\" alt=\"\" width=\"50\" height=\"50\">\u00a0<span style=\"color: #28aae1;\">2. J\u00c4TKUSUUTLIK ETTEV\u00d5TLUS<\/span><\/h1>\n\n\n<p>Selles alateemas k\u00e4sitleme j\u00e4rgmisi teemasid:<\/p>\n\n\n\n<ul class=\"wp-block-list\">\n<li><a href=\"https:\/\/sisu.ut.ee\/edujategu16\/21-jatkusuutlikkus-ja-jatkusuutlik-areng\/\" target=\"_blank\" rel=\"noreferrer noopener\">2.1. J\u00e4tkusuutlikkus ja j\u00e4tkusuutlik areng<\/a><\/li>\n\n\n\n<li>2.2. Ettev\u00f5ltus\n<ul class=\"wp-block-list\">\n<li><a href=\"https:\/\/sisu.ut.ee\/edujategu16\/22-ettevotlus\/\" target=\"_blank\" rel=\"noreferrer noopener\">2.2.1. Ettev\u00f5tluse p\u00f5him\u00f5isted<\/a><\/li>\n\n\n\n<li><a href=\"https:\/\/sisu.ut.ee\/edujategu16\/222-ettevotlusprotsess\/\" target=\"_blank\" rel=\"noreferrer noopener\">2.2.2 Ettev\u00f5tlusprotsess<\/a><\/li>\n<\/ul>\n<\/li>\n\n\n\n<li><a href=\"https:\/\/sisu.ut.ee\/edujategu16\/23-jatkusuutlik-ettevotlus-ja-selle-mootmine-ning-analuusimine\/\" target=\"_blank\" rel=\"noreferrer noopener\">2.3. J\u00e4tkusuutlik ettev\u00f5tlus ja selle m\u00f5\u00f5tmine ning anal\u00fc\u00fcsimine<\/a>\n<ul class=\"wp-block-list\">\n<li><a href=\"https:\/\/sisu.ut.ee\/edujategu16\/231-tulemuste-kolmikmootme-kontseptsioon\/\" target=\"_blank\" rel=\"noreferrer noopener\">2.3.1 Tulemuste kolmikm\u00f5\u00f5tme kontseptsioon<\/a><\/li>\n\n\n\n<li><a href=\"https:\/\/sisu.ut.ee\/edujategu16\/232-pestle-analuus\/\" target=\"_blank\" rel=\"noreferrer noopener\">2.3.2. PESTLE anal\u00fc\u00fcs<\/a><\/li>\n\n\n\n<li><a href=\"https:\/\/sisu.ut.ee\/edujategu16\/233-rohepesu\/\" target=\"_blank\" rel=\"noreferrer noopener\">2.3.3. Rohepesu<\/a><\/li>\n<\/ul>\n<\/li>\n\n\n\n<li><a href=\"https:\/\/sisu.ut.ee\/edujategu16\/24-jatkusuutlikkuse-hindamine-ja-tunnustamine-eestis\/\" target=\"_blank\" rel=\"noreferrer noopener\">2.4. J\u00e4tkusuutlikkuse hindamine ja tunnustamine Eestis<\/a><\/li>\n<\/ul>\n","protected":false},"excerpt":{"rendered":"<p>\u00a02. J\u00c4TKUSUUTLIK ETTEV\u00d5TLUS Selles alateemas k\u00e4sitleme j\u00e4rgmisi teemasid:<\/p>\n","protected":false},"author":263,"featured_media":0,"parent":0,"menu_order":0,"comment_status":"closed","ping_status":"closed","template":"","meta":{"_acf_changed":false,"inline_featured_image":false,"footnotes":""},"class_list":["post-7","page","type-page","status-publish","hentry"],"acf":[],"_links":{"self":[{"href":"https:\/\/sisu.ut.ee\/edujategu16\/wp-json\/wp\/v2\/pages\/7","targetHints":{"allow":["GET"]}}],"collection":[{"href":"https:\/\/sisu.ut.ee\/edujategu16\/wp-json\/wp\/v2\/pages"}],"about":[{"href":"https:\/\/sisu.ut.ee\/edujategu16\/wp-json\/wp\/v2\/types\/page"}],"author":[{"embeddable":true,"href":"https:\/\/sisu.ut.ee\/edujategu16\/wp-json\/wp\/v2\/users\/263"}],"replies":[{"embeddable":true,"href":"https:\/\/sisu.ut.ee\/edujategu16\/wp-json\/wp\/v2\/comments?post=7"}],"version-history":[{"count":5,"href":"https:\/\/sisu.ut.ee\/edujategu16\/wp-json\/wp\/v2\/pages\/7\/revisions"}],"predecessor-version":[{"id":226,"href":"https:\/\/sisu.ut.ee\/edujategu16\/wp-json\/wp\/v2\/pages\/7\/revisions\/226"}],"wp:attachment":[{"href":"https:\/\/sisu.ut.ee\/edujategu16\/wp-json\/wp\/v2\/media?parent=7"}],"curies":[{"name":"wp","href":"https:\/\/api.w.org\/{rel}","templated":true}]}}