{"id":5,"date":"2024-04-04T08:05:57","date_gmt":"2024-04-04T05:05:57","guid":{"rendered":"https:\/\/sisu.ut.ee\/edujategu16\/sissejuhatus\/"},"modified":"2024-04-04T08:06:24","modified_gmt":"2024-04-04T05:06:24","slug":"sissejuhatus","status":"publish","type":"page","link":"https:\/\/sisu.ut.ee\/edujategu16\/sissejuhatus\/","title":{"rendered":"Sissejuhatus"},"content":{"rendered":"<p style=\"margin-bottom:0cm;text-align:justify\">\n\tJ\u00e4tkusuutliku ettev\u00f5tluse \u00fcheks alustalaks on eetiline k\u00e4itumine, mis v\u00f5tab arvesse majanduslikku heaolu, sotsiaalset v\u00f5rdsust ja keskkonna s\u00e4\u00e4stlikku kasutamist. Selleks, et aru saada, mis on \u00e4rieetika ja j\u00e4tkusuutlik ettev\u00f5tlus, avab k\u00e4esolev \u00f5piobjekt eetika ja \u00e4rieetika p\u00f5him\u00f5isted, vaatleb eetikakoodeksi sisu ja m\u00f5juv\u00f5imu ning koodeksi olemasolul ka t\u00e4itmise vajalikkust. J\u00e4tkusuutlikkus ja j\u00e4tkusuutilk areng koos selle m\u00f5\u00f5tmise ja anal\u00fc\u00fcsimise vahenditega pakuvad arusaama, mida j\u00e4tkusuutlikkuse all m\u00f5eldakse, hinnatakse ja kuidas tunnustatakse. Eetilisus majanduses ja ettev\u00f5tluses v\u00f5tab \u00e4rieetika ja j\u00e4tkusuutlikkuse teema kokku, pakkudes ka t\u00e4iendavat infot majandusteaduse ja turumajanduse arenduse kohta.\n<\/p>\n<p style=\"margin-bottom:0cm;text-align:justify\">\n\t\u00a0<\/p>\n","protected":false},"excerpt":{"rendered":"<p>J\u00e4tkusuutliku ettev\u00f5tluse \u00fcheks alustalaks on eetiline k\u00e4itumine, mis v\u00f5tab arvesse majanduslikku heaolu, sotsiaalset v\u00f5rdsust ja keskkonna s\u00e4\u00e4stlikku kasutamist. Selleks, et aru saada, mis on \u00e4rieetika ja j\u00e4tkusuutlik ettev\u00f5tlus, avab k\u00e4esolev \u00f5piobjekt eetika ja \u00e4rieetika p\u00f5him\u00f5isted, vaatleb eetikakoodeksi sisu ja m\u00f5juv\u00f5imu &#8230;<\/p>\n","protected":false},"author":263,"featured_media":0,"parent":0,"menu_order":0,"comment_status":"closed","ping_status":"closed","template":"","meta":{"_acf_changed":false,"inline_featured_image":false,"footnotes":""},"class_list":["post-5","page","type-page","status-publish","hentry"],"acf":[],"_links":{"self":[{"href":"https:\/\/sisu.ut.ee\/edujategu16\/wp-json\/wp\/v2\/pages\/5","targetHints":{"allow":["GET"]}}],"collection":[{"href":"https:\/\/sisu.ut.ee\/edujategu16\/wp-json\/wp\/v2\/pages"}],"about":[{"href":"https:\/\/sisu.ut.ee\/edujategu16\/wp-json\/wp\/v2\/types\/page"}],"author":[{"embeddable":true,"href":"https:\/\/sisu.ut.ee\/edujategu16\/wp-json\/wp\/v2\/users\/263"}],"replies":[{"embeddable":true,"href":"https:\/\/sisu.ut.ee\/edujategu16\/wp-json\/wp\/v2\/comments?post=5"}],"version-history":[{"count":1,"href":"https:\/\/sisu.ut.ee\/edujategu16\/wp-json\/wp\/v2\/pages\/5\/revisions"}],"predecessor-version":[{"id":112,"href":"https:\/\/sisu.ut.ee\/edujategu16\/wp-json\/wp\/v2\/pages\/5\/revisions\/112"}],"wp:attachment":[{"href":"https:\/\/sisu.ut.ee\/edujategu16\/wp-json\/wp\/v2\/media?parent=5"}],"curies":[{"name":"wp","href":"https:\/\/api.w.org\/{rel}","templated":true}]}}